{"id":39010,"date":"2025-10-06T11:28:14","date_gmt":"2025-10-06T11:28:14","guid":{"rendered":"https:\/\/mps.digital-monkey.in\/product\/juego-de-mangueras-hidraulicas-dph-dpr-h-volvo-penta-24299616-recambio-para-21548739-3863347-3863405-3863406-3863407\/"},"modified":"2025-11-02T18:28:12","modified_gmt":"2025-11-02T18:28:12","slug":"juego-de-mangueras-hidraulicas-dph-dpr-h-volvo-penta-24299616-recambio-para-21548739-3863347-3863405-3863406-3863407","status":"publish","type":"product","link":"https:\/\/mps.digital-monkey.in\/es\/producto\/juego-de-mangueras-hidraulicas-dph-dpr-h-volvo-penta-24299616-recambio-para-21548739-3863347-3863405-3863406-3863407\/","title":{"rendered":"Juego de mangueras hidr\u00e1ulicas DPH DPR-H Volvo Penta 24299616 - Recambio para 21548739, 3863347, 3863405, 3863406, 3863407"},"content":{"rendered":"<p data-start=\"0\" data-end=\"84\">\n<h3 data-start=\"91\" data-end=\"197\"><strong data-start=\"95\" data-end=\"197\">  Juego de mangueras hidr\u00e1ulicas DPH DPR-H Volvo Penta 24299616 - Kit de direcci\u00f3n y trimado equivalente al OEM<\/strong><\/h3>\n<p data-start=\"199\" data-end=\"602\">El <strong data-start=\"203\" data-end=\"268\">juego de mangueras hidr\u00e1ulicas de recambio DPH DPR-H Volvo Penta 24299616<\/strong> es un <strong data-start=\"274\" data-end=\"309\">juego de recambio de primera calidad<\/strong> dise\u00f1ado para coincidir con las mangueras originales Volvo Penta utilizadas en <strong data-start=\"369\" data-end=\"409\">los sistemas de propulsi\u00f3n en popa DPH, DPR y DPI<\/strong>. Dise\u00f1ado para <strong data-start=\"424\" data-end=\"457\">un rendimiento hidr\u00e1ulico preciso<\/strong>, este conjunto garantiza un funcionamiento suave de tus <strong data-start=\"501\" data-end=\"530\">sistemas de trimado y direcci\u00f3n<\/strong>, manteniendo la seguridad y fiabilidad en entornos marinos exigentes.<\/p>\n<p data-start=\"604\" data-end=\"926\">Fabricado <strong data-start=\"620\" data-end=\"648\">seg\u00fan normas equivalentes a las de los fabricantes de equipos originales<\/strong>, este <strong data-start=\"655\" data-end=\"679\">juego de mangueras de recambio<\/strong> utiliza <strong data-start=\"685\" data-end=\"716\">caucho sint\u00e9tico reforzado<\/strong>, <strong data-start=\"718\" data-end=\"736\">racores de acero<\/strong> y <strong data-start=\"742\" data-end=\"774\">revestimientos resistentes a la corrosi\u00f3n<\/strong> para una durabilidad excepcional. Proporciona el <strong data-start=\"819\" data-end=\"858\">mismo ajuste, funcionamiento y fiabilidad<\/strong> que las mangueras originales Volvo Penta, a una fracci\u00f3n del precio del fabricante original.<\/p>\n<hr data-start=\"1689\" data-end=\"1692\">\n<h3 data-start=\"1694\" data-end=\"1728\"><strong data-start=\"1698\" data-end=\"1728\">Sustituye a los n\u00fameros de pieza OEM:<\/strong><\/h3>\n<ul data-start=\"1729\" data-end=\"1819\">\n<li data-start=\"1729\" data-end=\"1758\">\n<p data-start=\"1731\" data-end=\"1758\">24299616 (referencia principal)<\/p>\n<\/li>\n<li data-start=\"1759\" data-end=\"1771\">\n<p data-start=\"1761\" data-end=\"1771\">21548739<\/p>\n<\/li>\n<li data-start=\"1772\" data-end=\"1783\">\n<p data-start=\"1774\" data-end=\"1783\">3863347<\/p>\n<\/li>\n<li data-start=\"1784\" data-end=\"1795\">\n<p data-start=\"1786\" data-end=\"1795\">3863405<\/p>\n<\/li>\n<li data-start=\"1796\" data-end=\"1807\">\n<p data-start=\"1798\" data-end=\"1807\">3863406<\/p>\n<\/li>\n<li data-start=\"1808\" data-end=\"1819\">\n<p data-start=\"1810\" data-end=\"1819\">3863407<\/p>\n<\/li>\n<\/ul>\n<p data-start=\"1821\" data-end=\"1843\"><strong data-start=\"1821\" data-end=\"1841\">Compatible con:<\/strong><\/p>\n<ul data-start=\"1844\" data-end=\"1948\">\n<li data-start=\"1844\" data-end=\"1879\">\n<p data-start=\"1846\" data-end=\"1879\">Propulsores de popa Volvo Penta <strong data-start=\"1858\" data-end=\"1865\">DPH<\/strong> <\/p>\n<\/li>\n<li data-start=\"1880\" data-end=\"1917\">\n<p data-start=\"1882\" data-end=\"1917\">Propulsores de popa Volvo Penta <strong data-start=\"1894\" data-end=\"1903\">DPR-H<\/strong> <\/p>\n<\/li>\n<li data-start=\"1918\" data-end=\"1948\">\n<p data-start=\"1920\" data-end=\"1948\">Propulsiones Volvo Penta <strong data-start=\"1932\" data-end=\"1939\">DPI<\/strong> <\/p>\n<\/li>\n<\/ul>\n<hr data-start=\"1950\" data-end=\"1953\">\n<h3 data-start=\"1955\" data-end=\"1988\"><strong data-start=\"1959\" data-end=\"1988\">Especificaciones t\u00e9cnicas:<\/strong><\/h3>\n<ul data-start=\"1989\" data-end=\"2494\">\n<li data-start=\"1989\" data-end=\"2053\">\n<p data-start=\"1991\" data-end=\"2053\"><strong data-start=\"1991\" data-end=\"2000\">Tipo:<\/strong> Juego de mangueras hidr\u00e1ulicas de recambio (trim y direcci\u00f3n)<\/p>\n<\/li>\n<li data-start=\"2054\" data-end=\"2107\">\n<p data-start=\"2056\" data-end=\"2107\"><strong data-start=\"2056\" data-end=\"2072\">Aplicaci\u00f3n:<\/strong> Propulsiones Volvo Penta DPH, DPR, DPI<\/p>\n<\/li>\n<li data-start=\"2108\" data-end=\"2177\">\n<p data-start=\"2110\" data-end=\"2177\"><strong data-start=\"2110\" data-end=\"2123\">Material:<\/strong> Caucho sint\u00e9tico reforzado con terminales de acero<\/p>\n<\/li>\n<li data-start=\"2178\" data-end=\"2229\">\n<p data-start=\"2180\" data-end=\"2229\"><strong data-start=\"2180\" data-end=\"2200\">Presi\u00f3n nominal:<\/strong> Grado marino de alta presi\u00f3n<\/p>\n<\/li>\n<li data-start=\"2230\" data-end=\"2272\">\n<p data-start=\"2232\" data-end=\"2272\"><strong data-start=\"2232\" data-end=\"2254\">Rango de temperatura:<\/strong> -40\u00b0C a +120\u00b0C<\/p>\n<\/li>\n<li data-start=\"2273\" data-end=\"2354\">\n<p data-start=\"2275\" data-end=\"2354\"><strong data-start=\"2275\" data-end=\"2298\">Protecci\u00f3n de la superficie:<\/strong> Accesorios cincados o inoxidables resistentes a la corrosi\u00f3n<\/p>\n<\/li>\n<li data-start=\"2355\" data-end=\"2414\">\n<p data-start=\"2357\" data-end=\"2414\"><strong data-start=\"2357\" data-end=\"2370\">Conectores:<\/strong> Conectores r\u00e1pidos preensamblados estilo OEM<\/p>\n<\/li>\n<li data-start=\"2415\" data-end=\"2494\">\n<p data-start=\"2417\" data-end=\"2494\"><strong data-start=\"2417\" data-end=\"2430\">Incluye:<\/strong> Juego completo de mangueras para los sistemas hidr\u00e1ulicos de direcci\u00f3n y trimado<\/p>\n<\/li>\n<\/ul>\n<hr data-start=\"2496\" data-end=\"2499\">\n<h3 data-start=\"2501\" data-end=\"2529\"><strong data-start=\"2505\" data-end=\"2529\">Caracter\u00edsticas y ventajas:<\/strong><\/h3>\n<p data-start=\"2530\" data-end=\"3010\">\u2705 <strong data-start=\"2532\" data-end=\"2570\">Calidad posventa equivalente a la de los OEM<\/strong>: mismo ajuste y rendimiento que las mangueras originales Volvo Penta<br data-start=\"2627\" data-end=\"2630\">\u2705 <strong data-start=\"2632\" data-end=\"2654\">Sustituci\u00f3n directa<\/strong>: instalaci\u00f3n plug-and-play con racores OEM<br data-start=\"2701\" data-end=\"2704\">\u2705 <strong data-start=\"2706\" data-end=\"2724\">Duraderas y seguras<\/strong>: dise\u00f1o reforzado de alta presi\u00f3n que evita las fugas <strong data-start=\"2706\" data-end=\"2724\">y<\/strong> los fallos. <strong data-start=\"2706\" data-end=\"2724\">Seguro<\/strong> - dise\u00f1o reforzado de alta presi\u00f3n que evita fugas y aver\u00edas<br data-start=\"2786\" data-end=\"2789\">\u2705 <strong data-start=\"2791\" data-end=\"2814\">Resistente a la corrosi\u00f3n<\/strong> - ideal para agua salada y condiciones marinas<br data-start=\"2858\" data-end=\"2861\">\u2705 <strong data-start=\"2863\" data-end=\"2893\">Alternativa rentable<\/strong> - rendimiento fiable a mejor precio<br data-start=\"2934\" data-end=\"2937\">\u2705 <strong data-start=\"2939\" data-end=\"2972\">Probado a temperatura y presi\u00f3n<\/strong> - verificado en cuanto a seguridad y resistencia<\/p>\n<hr data-start=\"3012\" data-end=\"3015\">\n<h3 data-start=\"3017\" data-end=\"3038\"><strong data-start=\"3021\" data-end=\"3038\">Aplicaciones:<\/strong><\/h3>\n<ul data-start=\"3039\" data-end=\"3217\">\n<li data-start=\"3039\" data-end=\"3101\">\n<p data-start=\"3041\" data-end=\"3101\">Sistemas hidr\u00e1ulicos de cola Volvo Penta DPH \/ DPR-H \/ DPI<\/p>\n<\/li>\n<li data-start=\"3102\" data-end=\"3151\">\n<p data-start=\"3104\" data-end=\"3151\">Operaciones hidr\u00e1ulicas de trimado, inclinaci\u00f3n y direcci\u00f3n<\/p>\n<\/li>\n<li data-start=\"3152\" data-end=\"3217\">\n<p data-start=\"3154\" data-end=\"3217\">Adecuado tanto para embarcaciones de recreo como para embarcaciones comerciales ligeras<\/p>\n<\/li>\n<\/ul>\n<hr data-start=\"3219\" data-end=\"3222\">\n<h3 data-start=\"3224\" data-end=\"3279\"><strong data-start=\"3228\" data-end=\"3279\">\u00bfPor qu\u00e9 elegir este juego de mangueras hidr\u00e1ulicas de recambio?<\/strong><\/h3>\n<p data-start=\"3280\" data-end=\"3626\">Cuando tus latiguillos originales muestren signos de desgaste, fugas o corrosi\u00f3n, al sustituirlos por este <strong data-start=\"3371\" data-end=\"3436\">juego de latiguillos hidr\u00e1ulicos de recambio DPH DPR-H Volvo Penta 24299616<\/strong> se restablece el funcionamiento hidr\u00e1ulico completo y la seguridad del sistema. Cada latiguillo est\u00e1 fabricado para soportar las mismas cargas de presi\u00f3n y temperatura que las piezas OEM, garantizando un control hidr\u00e1ulico suave durante a\u00f1os.<\/p>\n<p data-start=\"3628\" data-end=\"3909\">Estas mangueras <strong data-start=\"3644\" data-end=\"3720\">se someten individualmente a pruebas de presi\u00f3n y se preinstalan con conectores de calidad marina<\/strong>, lo que garantiza un ajuste exacto sin modificaciones. Dise\u00f1ados para ofrecer compatibilidad, fiabilidad y durabilidad: una soluci\u00f3n perfecta para mantener los sistemas Volvo Penta sin pagar los precios de los fabricantes de equipos originales.<\/p>\n","protected":false},"excerpt":{"rendered":"<p>Juego de mangueras hidr\u00e1ulicas DPH DPR-H Volvo Penta 24299616 - Kit de direcci\u00f3n y trimado equivalente al OEM El juego de mangueras hidr\u00e1ulicas de recambio DPH DPR-H Volvo Penta 24299616 es un juego de recambio de primera calidad dise\u00f1ado para coincidir con las mangueras originales Volvo Penta utilizadas en los sistemas de propulsi\u00f3n en popa [&hellip;]<\/p>\n","protected":false},"featured_media":39011,"comment_status":"open","ping_status":"closed","template":"","meta":[],"product_brand":[4229],"product_cat":[4486,4495,3599],"product_tag":[],"class_list":{"0":"post-39010","1":"product","2":"type-product","3":"status-publish","4":"has-post-thumbnail","6":"product_brand-volvo-penta","7":"product_cat-necesitas-piezas-volvo-penta","8":"product_cat-comprar-recambios-usados-volvo-penta","9":"product_cat-mangueras-y-racores","10":"pa_condition-nuevo","11":"pa_model-dph","12":"pa_model-dpi","13":"pa_model-dpr","14":"pa_oem-or-aftermarket-posventa","16":"first","17":"onbackorder","18":"taxable","19":"shipping-taxable","20":"purchasable","21":"product-type-simple"},"supplier_id":7294,"supplier_sku":"","barcode":null,"atum_controlled":true,"out_stock_date":"2025-11-04 10:44:06","out_stock_threshold":null,"inheritable":false,"inbound_stock":0,"stock_on_hold":0,"sold_today":0,"sales_last_days":0,"reserved_stock":0,"customer_returns":0,"warehouse_damage":0,"lost_in_post":0,"other_logs":0,"out_stock_days":16,"lost_sales":0,"has_location":false,"update_date":"2025-11-04T10:45:03","atum_locations":[],"atum_stock_status":"onbackorder","restock_status":false,"low_stock_amount":1,"sales_update_date":"2025-10-22T14:30:14","calc_backorders":null,"_links":{"self":[{"href":"https:\/\/mps.digital-monkey.in\/es\/wp-json\/wp\/v2\/product\/39010","targetHints":{"allow":["GET"]}}],"collection":[{"href":"https:\/\/mps.digital-monkey.in\/es\/wp-json\/wp\/v2\/product"}],"about":[{"href":"https:\/\/mps.digital-monkey.in\/es\/wp-json\/wp\/v2\/types\/product"}],"replies":[{"embeddable":true,"href":"https:\/\/mps.digital-monkey.in\/es\/wp-json\/wp\/v2\/comments?post=39010"}],"wp:featuredmedia":[{"embeddable":true,"href":"https:\/\/mps.digital-monkey.in\/es\/wp-json\/wp\/v2\/media\/39011"}],"wp:attachment":[{"href":"https:\/\/mps.digital-monkey.in\/es\/wp-json\/wp\/v2\/media?parent=39010"}],"wp:term":[{"taxonomy":"product_brand","embeddable":true,"href":"https:\/\/mps.digital-monkey.in\/es\/wp-json\/wp\/v2\/product_brand?post=39010"},{"taxonomy":"product_cat","embeddable":true,"href":"https:\/\/mps.digital-monkey.in\/es\/wp-json\/wp\/v2\/product_cat?post=39010"},{"taxonomy":"product_tag","embeddable":true,"href":"https:\/\/mps.digital-monkey.in\/es\/wp-json\/wp\/v2\/product_tag?post=39010"}],"curies":[{"name":"wp","href":"https:\/\/api.w.org\/{rel}","templated":true}]}}