{"id":39052,"date":"2025-10-07T09:51:19","date_gmt":"2025-10-07T09:51:19","guid":{"rendered":"https:\/\/mps.digital-monkey.in\/product\/anodo-de-zinc-para-motores-yanmar-de-las-series-gm-hm-y-qm-27210-200300\/"},"modified":"2025-10-30T12:24:24","modified_gmt":"2025-10-30T12:24:24","slug":"anodo-de-zinc-para-motores-yanmar-de-las-series-gm-hm-y-qm-27210-200300","status":"publish","type":"product","link":"https:\/\/mps.digital-monkey.in\/es\/producto\/anodo-de-zinc-para-motores-yanmar-de-las-series-gm-hm-y-qm-27210-200300\/","title":{"rendered":"\u00c1nodo de zinc para motores Yanmar de las series GM, HM y QM - 27210-200300"},"content":{"rendered":"<h3 data-start=\"76\" data-end=\"156\"><strong data-start=\"80\" data-end=\"156\">\u00c1nodo de zinc para motores Yanmar de las series GM, HM y QM - N\u00ba de pieza 27210-200300<\/strong><\/h3>\n<p data-start=\"158\" data-end=\"553\">Protege tu <strong data-start=\"171\" data-end=\"202\">motor di\u00e9sel marino Yanmar<\/strong> de la <strong data-start=\"208\" data-end=\"230\">corrosi\u00f3n galv\u00e1nica<\/strong> con el <strong data-start=\"240\" data-end=\"267\">\u00e1nodo de zinc 27210-200300<\/strong>, una <strong data-start=\"271\" data-end=\"311\">pieza de recambio original de calidad OEM<\/strong> dise\u00f1ada para <strong data-start=\"325\" data-end=\"365\">los motores Yanmar de las series GM, HM y QM<\/strong>. Este <strong data-start=\"372\" data-end=\"393\">\u00e1nodo de sacrificio<\/strong> garantiza la protecci\u00f3n a largo plazo de tu sistema de refrigeraci\u00f3n y los componentes met\u00e1licos internos, evitando los costosos da\u00f1os causados por la electr\u00f3lisis en entornos de agua salada.<\/p>\n<p data-start=\"555\" data-end=\"878\">Fabricado con <strong data-start=\"573\" data-end=\"606\">zinc de gran pureza de calidad marina<\/strong>, este \u00e1nodo proporciona un control fiable y uniforme de la corrosi\u00f3n para los <strong data-start=\"665\" data-end=\"697\">motores Yanmar de refrigeraci\u00f3n simple<\/strong>, prolongando la vida \u00fatil del motor y manteniendo su rendimiento. Cada \u00e1nodo se <strong data-start=\"764\" data-end=\"785\">vende individualmente<\/strong>, lo que permite un mantenimiento flexible y una sustituci\u00f3n selectiva sin necesidad de comprar un kit completo.<\/p>\n<hr data-start=\"1431\" data-end=\"1434\">\n<h3 data-start=\"1436\" data-end=\"1490\"><strong data-start=\"1440\" data-end=\"1488\">N\u00fameros de pieza Yanmar OEM incluidos \/ sustituidos:<\/strong><\/h3>\n<ul data-start=\"1491\" data-end=\"1583\">\n<li data-start=\"1491\" data-end=\"1524\">\n<p data-start=\"1493\" data-end=\"1524\"><strong data-start=\"1493\" data-end=\"1509\">27210-200300<\/strong> - \u00c1nodo de zinc<\/p>\n<\/li>\n<li data-start=\"1525\" data-end=\"1583\">\n<p data-start=\"1527\" data-end=\"1583\"><strong data-start=\"1527\" data-end=\"1543\">123210-09310<\/strong> - Junta (si es necesaria para la instalaci\u00f3n)<\/p>\n<\/li>\n<\/ul>\n<hr data-start=\"1585\" data-end=\"1588\">\n<h3 data-start=\"1590\" data-end=\"1620\"><strong data-start=\"1594\" data-end=\"1618\">Caracter\u00edsticas y ventajas:<\/strong><\/h3>\n<p data-start=\"1621\" data-end=\"1946\">\u2705 Recambio de calidad OEM para motores Yanmar<br data-start=\"1665\" data-end=\"1668\">\u2705 Protege los componentes del motor de la corrosi\u00f3n galv\u00e1nica<br data-start=\"1720\" data-end=\"1723\">\u2705 Se vende por unidades para una sustituci\u00f3n selectiva<br data-start=\"1768\" data-end=\"1771\">\u2705 F\u00e1cil instalaci\u00f3n con tornillos originales Yanmar<br data-start=\"1819\" data-end=\"1822\">\u2705 Zinc marino duradero para un rendimiento duradero<br data-start=\"1878\" data-end=\"1881\">\u2705 Compatible con una amplia gama de motores de las series GM, HM y QM<\/p>\n<hr data-start=\"1948\" data-end=\"1951\">\n<h3 data-start=\"1953\" data-end=\"1976\"><strong data-start=\"1957\" data-end=\"1974\">Aplicaciones:<\/strong><\/h3>\n<ul data-start=\"1977\" data-end=\"2182\">\n<li data-start=\"1977\" data-end=\"2055\">\n<p data-start=\"1979\" data-end=\"2055\">Motores Yanmar de la serie GM de refrigeraci\u00f3n simple: 2GM, 2GM20, 3GM, 3GM30, 3HM, 3HM35<\/p>\n<\/li>\n<li data-start=\"2056\" data-end=\"2107\">\n<p data-start=\"2058\" data-end=\"2107\">Opcional para motores de la serie QM y la serie YSB\/M<\/p>\n<\/li>\n<li data-start=\"2108\" data-end=\"2182\">\n<p data-start=\"2110\" data-end=\"2182\">Sustituci\u00f3n de mantenimiento de los \u00e1nodos de sacrificio para prolongar la vida \u00fatil del motor<\/p>\n<\/li>\n<\/ul>\n","protected":false},"excerpt":{"rendered":"<p>\u00c1nodo de zinc para motores Yanmar de las series GM, HM y QM - N\u00ba de pieza 27210-200300 Protege tu motor di\u00e9sel marino Yanmar de la corrosi\u00f3n galv\u00e1nica con el \u00e1nodo de zinc 27210-200300, una pieza de recambio original de calidad OEM dise\u00f1ada para los motores Yanmar de las series GM, HM y QM. Este [&hellip;]<\/p>\n","protected":false},"featured_media":39053,"comment_status":"open","ping_status":"closed","template":"","meta":[],"product_brand":[4235],"product_cat":[3182,4450,4451,2497,4472,4302,4462,4448],"product_tag":[],"class_list":{"0":"post-39052","1":"product","2":"type-product","3":"status-publish","4":"has-post-thumbnail","6":"product_brand-yanmar","7":"product_cat-anodos","8":"product_cat-piezas-2gm-2gm20","9":"product_cat-piezas-3gm-3gm30","10":"product_cat-piezas-de-mantenimiento-del-motor","11":"product_cat-recambios-volvo-penta-2003","12":"product_cat-volvo-penta","13":"product_cat-volvo-penta-serie-2000","14":"product_cat-yanmar","15":"pa_condition-nuevo","16":"pa_model-2gm","17":"pa_model-2gm20","18":"pa_model-3gm","19":"pa_model-3gm30","20":"pa_model-3hm","21":"pa_model-3hm35","22":"pa_model-ysb12","23":"pa_model-ysb8","24":"pa_model-yse10","25":"pa_model-yse12","26":"pa_model-yse8","27":"pa_model-ysm10","28":"pa_model-ysm12","29":"pa_model-ysm7","30":"pa_model-ysm8","31":"pa_oem-or-aftermarket-posventa","33":"first","34":"instock","35":"taxable","36":"shipping-taxable","37":"purchasable","38":"product-type-simple"},"supplier_id":7294,"supplier_sku":"TEN01301","barcode":null,"atum_controlled":true,"out_stock_date":null,"out_stock_threshold":null,"inheritable":false,"inbound_stock":0,"stock_on_hold":0,"sold_today":0,"sales_last_days":0,"reserved_stock":0,"customer_returns":0,"warehouse_damage":0,"lost_in_post":0,"other_logs":0,"out_stock_days":0,"lost_sales":0,"has_location":false,"update_date":"2026-01-29T09:10:25","atum_locations":[],"atum_stock_status":"instock","restock_status":false,"low_stock_amount":1,"sales_update_date":"2026-01-29T09:10:25","calc_backorders":null,"_links":{"self":[{"href":"https:\/\/mps.digital-monkey.in\/es\/wp-json\/wp\/v2\/product\/39052","targetHints":{"allow":["GET"]}}],"collection":[{"href":"https:\/\/mps.digital-monkey.in\/es\/wp-json\/wp\/v2\/product"}],"about":[{"href":"https:\/\/mps.digital-monkey.in\/es\/wp-json\/wp\/v2\/types\/product"}],"replies":[{"embeddable":true,"href":"https:\/\/mps.digital-monkey.in\/es\/wp-json\/wp\/v2\/comments?post=39052"}],"wp:featuredmedia":[{"embeddable":true,"href":"https:\/\/mps.digital-monkey.in\/es\/wp-json\/wp\/v2\/media\/39053"}],"wp:attachment":[{"href":"https:\/\/mps.digital-monkey.in\/es\/wp-json\/wp\/v2\/media?parent=39052"}],"wp:term":[{"taxonomy":"product_brand","embeddable":true,"href":"https:\/\/mps.digital-monkey.in\/es\/wp-json\/wp\/v2\/product_brand?post=39052"},{"taxonomy":"product_cat","embeddable":true,"href":"https:\/\/mps.digital-monkey.in\/es\/wp-json\/wp\/v2\/product_cat?post=39052"},{"taxonomy":"product_tag","embeddable":true,"href":"https:\/\/mps.digital-monkey.in\/es\/wp-json\/wp\/v2\/product_tag?post=39052"}],"curies":[{"name":"wp","href":"https:\/\/api.w.org\/{rel}","templated":true}]}}