{"id":39134,"date":"2025-10-08T11:02:50","date_gmt":"2025-10-08T11:02:50","guid":{"rendered":"https:\/\/mps.digital-monkey.in\/product\/volvo-penta-v-belt-966903-correa-de-transmision-para-volvo-penta-2001\/"},"modified":"2025-12-02T10:32:50","modified_gmt":"2025-12-02T10:32:50","slug":"volvo-penta-v-belt-966903-correa-de-transmision-para-volvo-penta-2001","status":"publish","type":"product","link":"https:\/\/mps.digital-monkey.in\/es\/product\/volvo-penta-v-belt-966903-correa-de-transmision-para-volvo-penta-2001\/","title":{"rendered":"Volvo Penta V-Belt 966903 &#8211; Correa de transmisi\u00f3n para Volvo Penta 2001"},"content":{"rendered":"<h2 data-start=\"46\" data-end=\"131\"><strong data-start=\"50\" data-end=\"131\">Volvo Penta V-Belt 966903 &#8211; Correa de transmisi\u00f3n original para motores diesel de la serie 2001<\/strong><\/h2>\n<p data-start=\"133\" data-end=\"524\">La correa trapezoidal Volvo Penta 966903 es una correa de transmisi\u00f3n marina original OEM dise\u00f1ada para motores diesel Volvo Penta de la serie 2001, incluidos los modelos 2001, 2001AG, 2001B y 2001BG. Esta correa trapezoidal de calidad marina proporciona una transmisi\u00f3n de potencia uniforme y eficaz entre el cig\u00fce\u00f1al y el alternador, garantizando un rendimiento \u00f3ptimo del sistema de carga y de los accesorios en todas las condiciones marinas. <\/p>\n<p data-start=\"526\" data-end=\"893\">Dise\u00f1ada para cumplir las especificaciones originales Volvo Penta, esta correa garantiza un ajuste preciso, una tensi\u00f3n estable y un funcionamiento silencioso y suave, evitando el deslizamiento y la p\u00e9rdida de potencia incluso en funcionamiento continuo. Fabricada con caucho reforzado con fibra, resistente al aceite y al calor, est\u00e1 hecha para durar en entornos exigentes de agua salada y altas temperaturas. <\/p>\n<h3 data-start=\"1373\" data-end=\"1408\"><strong data-start=\"1380\" data-end=\"1408\">Especificaciones t\u00e9cnicas<\/strong><\/h3>\n<ul data-start=\"1409\" data-end=\"1785\">\n<li data-start=\"1409\" data-end=\"1436\">\n<p data-start=\"1411\" data-end=\"1436\"><strong data-start=\"1411\" data-end=\"1427\">N\u00famero de pieza:<\/strong> 966903<\/p>\n<\/li>\n<li data-start=\"1437\" data-end=\"1470\">\n<p data-start=\"1439\" data-end=\"1470\"><strong data-start=\"1439\" data-end=\"1448\">Tipo:<\/strong> Correa trapezoidal \/ Correa de transmisi\u00f3n<\/p>\n<\/li>\n<li data-start=\"1471\" data-end=\"1511\">\n<p data-start=\"1473\" data-end=\"1511\"><strong data-start=\"1473\" data-end=\"1497\">Compatibilidad de marcas:<\/strong> Volvo Penta<\/p>\n<\/li>\n<li data-start=\"1512\" data-end=\"1561\">\n<p data-start=\"1514\" data-end=\"1561\"><strong data-start=\"1514\" data-end=\"1530\">Aplicaci\u00f3n:<\/strong> Alternador \/ Accionamiento de accesorios<\/p>\n<\/li>\n<li data-start=\"1562\" data-end=\"1622\">\n<p data-start=\"1564\" data-end=\"1622\"><strong data-start=\"1564\" data-end=\"1577\">Material:<\/strong> Caucho reforzado con refuerzo de fibra<\/p>\n<\/li>\n<li data-start=\"1623\" data-end=\"1687\">\n<p data-start=\"1625\" data-end=\"1687\"><strong data-start=\"1625\" data-end=\"1650\">Compatibilidad de poleas:<\/strong> Configuraci\u00f3n est\u00e1ndar de la serie 2001<\/p>\n<\/li>\n<li data-start=\"1731\" data-end=\"1785\">\n<p data-start=\"1733\" data-end=\"1785\"><strong data-start=\"1733\" data-end=\"1750\">Construcci\u00f3n:<\/strong> Dise\u00f1o suave y silencioso<\/p>\n<\/li>\n<\/ul>\n<h3 data-start=\"1792\" data-end=\"1835\"><strong data-start=\"1799\" data-end=\"1835\">Adecuado para motores Volvo Penta<\/strong><\/h3>\n<ul data-start=\"1836\" data-end=\"1892\">\n<li data-start=\"1836\" data-end=\"1848\">\n<p data-start=\"1838\" data-end=\"1848\"><strong data-start=\"1838\" data-end=\"1846\">2001<\/strong><\/p>\n<\/li>\n<li data-start=\"1849\" data-end=\"1863\">\n<p data-start=\"1851\" data-end=\"1863\"><strong data-start=\"1851\" data-end=\"1861\">2001AG<\/strong><\/p>\n<\/li>\n<li data-start=\"1864\" data-end=\"1877\">\n<p data-start=\"1866\" data-end=\"1877\"><strong data-start=\"1866\" data-end=\"1875\">2001B<\/strong><\/p>\n<\/li>\n<li data-start=\"1878\" data-end=\"1892\">\n<p data-start=\"1880\" data-end=\"1892\"><strong data-start=\"1880\" data-end=\"1890\">2001BG<\/strong><\/p>\n<\/li>\n<\/ul>\n<h3 data-start=\"1990\" data-end=\"2019\"><strong data-start=\"1996\" data-end=\"2019\">Caracter\u00edsticas y ventajas<br \/>\n<\/strong><\/h3>\n<p>Recambio de calidad OEM: Garantiza un ajuste de f\u00e1brica y un rendimiento fiable<br \/>\nConstrucci\u00f3n duradera de calidad marina: Resistente al aceite, al calor y a la corrosi\u00f3n<br \/>\nTensi\u00f3n estable: Mantiene la eficacia de la transmisi\u00f3n de potencia y el rendimiento del alternador<br \/>\nFuncionamiento silencioso: Reduce las vibraciones y el ruido bajo carga<br \/>\nLarga vida \u00fatil: El refuerzo de fibra minimiza el estiramiento y el desgaste<br \/>\nInstalaci\u00f3n sencilla: Se monta directamente con herramientas est\u00e1ndar<\/p>\n<hr data-start=\"2358\" data-end=\"2361\">\n<h3 data-start=\"2363\" data-end=\"2390\"><strong data-start=\"2370\" data-end=\"2390\">Consejos de mantenimiento<\/strong><\/h3>\n<ul data-start=\"2391\" data-end=\"2619\">\n<li data-start=\"2391\" data-end=\"2443\">\n<p data-start=\"2393\" data-end=\"2443\">Inspecciona regularmente la correa para ver si hay grietas o cristales<\/p>\n<\/li>\n<li data-start=\"2444\" data-end=\"2488\">\n<p data-start=\"2446\" data-end=\"2488\">Sustit\u00fayelo si aparecen signos de desgaste o ruido<\/p>\n<\/li>\n<li data-start=\"2489\" data-end=\"2550\">\n<p data-start=\"2491\" data-end=\"2550\">Aseg\u00farate siempre de que la tensi\u00f3n de la correa es la adecuada para un rendimiento \u00f3ptimo<\/p>\n<\/li>\n<li data-start=\"2551\" data-end=\"2619\">\n<p data-start=\"2553\" data-end=\"2619\">Se recomienda comprobar la tensi\u00f3n anualmente o despu\u00e9s de 100 horas de funcionamiento<\/p>\n<\/li>\n<\/ul>\n","protected":false},"excerpt":{"rendered":"<p>Volvo Penta V-Belt 966903 &#8211; Correa de transmisi\u00f3n original para motores diesel de la serie 2001 La correa trapezoidal Volvo Penta 966903 es una correa de transmisi\u00f3n marina original OEM dise\u00f1ada para motores diesel Volvo Penta de la serie 2001, incluidos los modelos 2001, 2001AG, 2001B y 2001BG. Esta correa trapezoidal de calidad marina proporciona [&hellip;]<\/p>\n","protected":false},"featured_media":39135,"comment_status":"open","ping_status":"closed","template":"","meta":[],"product_brand":[4229],"product_cat":[4486,4120,4594,4525,4464,4302,4462],"product_tag":[],"class_list":{"0":"post-39134","1":"product","2":"type-product","3":"status-publish","4":"has-post-thumbnail","6":"product_brand-volvo-penta","7":"product_cat-necesitas-piezas-volvo-penta","8":"product_cat-correas-trapezoidales","9":"product_cat-correas-trapezoidales-volvo-penta","10":"product_cat-recambios-volvo-penta","11":"product_cat-recambios-volvo-penta-2001","12":"product_cat-volvo-penta","13":"product_cat-volvo-penta-serie-2000","14":"pa_condition-nuevo","15":"pa_model-3111","16":"pa_oem-or-aftermarket-posventa","18":"first","19":"instock","20":"taxable","21":"shipping-taxable","22":"purchasable","23":"product-type-simple"},"supplier_id":7294,"supplier_sku":"REC966903","barcode":null,"atum_controlled":true,"out_stock_date":null,"out_stock_threshold":null,"inheritable":false,"inbound_stock":0,"stock_on_hold":0,"sold_today":0,"sales_last_days":0,"reserved_stock":0,"customer_returns":0,"warehouse_damage":0,"lost_in_post":0,"other_logs":0,"out_stock_days":0,"lost_sales":0,"has_location":false,"update_date":"2026-01-29T09:10:25","atum_locations":[],"atum_stock_status":"instock","restock_status":false,"low_stock_amount":1,"sales_update_date":"2026-01-29T09:10:25","calc_backorders":null,"_links":{"self":[{"href":"https:\/\/mps.digital-monkey.in\/es\/wp-json\/wp\/v2\/product\/39134","targetHints":{"allow":["GET"]}}],"collection":[{"href":"https:\/\/mps.digital-monkey.in\/es\/wp-json\/wp\/v2\/product"}],"about":[{"href":"https:\/\/mps.digital-monkey.in\/es\/wp-json\/wp\/v2\/types\/product"}],"replies":[{"embeddable":true,"href":"https:\/\/mps.digital-monkey.in\/es\/wp-json\/wp\/v2\/comments?post=39134"}],"wp:featuredmedia":[{"embeddable":true,"href":"https:\/\/mps.digital-monkey.in\/es\/wp-json\/wp\/v2\/media\/39135"}],"wp:attachment":[{"href":"https:\/\/mps.digital-monkey.in\/es\/wp-json\/wp\/v2\/media?parent=39134"}],"wp:term":[{"taxonomy":"product_brand","embeddable":true,"href":"https:\/\/mps.digital-monkey.in\/es\/wp-json\/wp\/v2\/product_brand?post=39134"},{"taxonomy":"product_cat","embeddable":true,"href":"https:\/\/mps.digital-monkey.in\/es\/wp-json\/wp\/v2\/product_cat?post=39134"},{"taxonomy":"product_tag","embeddable":true,"href":"https:\/\/mps.digital-monkey.in\/es\/wp-json\/wp\/v2\/product_tag?post=39134"}],"curies":[{"name":"wp","href":"https:\/\/api.w.org\/{rel}","templated":true}]}}