{"id":39145,"date":"2025-10-08T11:18:50","date_gmt":"2025-10-08T11:18:50","guid":{"rendered":"https:\/\/mps.digital-monkey.in\/product\/volvo-penta-v-belt-966900-correa-de-transmision-para-motores-md1-md2-md3-2002-y-2003\/"},"modified":"2025-12-02T10:32:56","modified_gmt":"2025-12-02T10:32:56","slug":"volvo-penta-v-belt-966900-correa-de-transmision-para-motores-md1-md2-md3-2002-y-2003","status":"publish","type":"product","link":"https:\/\/mps.digital-monkey.in\/es\/producto\/volvo-penta-v-belt-966900-correa-de-transmision-para-motores-md1-md2-md3-2002-y-2003\/","title":{"rendered":"Volvo Penta V-Belt 966900 - Correa de transmisi\u00f3n para motores MD1, MD2, MD3, 2002 y 2003"},"content":{"rendered":"<h2 data-start=\"698\" data-end=\"782\"><strong data-start=\"701\" data-end=\"782\">Volvo Penta V-Belt 966900 - Correa de transmisi\u00f3n para motores MD1, MD2, MD3, 2002 y 2003<\/strong><\/h2>\n<p data-start=\"784\" data-end=\"1038\">La <strong data-start=\"788\" data-end=\"817\">correa trapezoidal Volvo<\/strong> <strong data-start=\"975\" data-end=\"1035\">Penta<\/strong> <strong data-start=\"788\" data-end=\"817\">966900<\/strong> es una correa de transmisi\u00f3n marina de alta calidad dise\u00f1ada para la transmisi\u00f3n fiable de potencia entre el cig\u00fce\u00f1al y el alternador (u otros accesorios accionados por el motor) en <strong data-start=\"975\" data-end=\"1035\">motores diesel Volvo Penta MD1, MD2, MD3, 2002 y 2003<\/strong>.<\/p>\n<p data-start=\"1040\" data-end=\"1242\">Dise\u00f1ado para cumplir las especificaciones de los fabricantes de equipos originales, garantiza <strong data-start=\"1088\" data-end=\"1103\">un ajuste perfecto<\/strong>, una <strong data-start=\"1105\" data-end=\"1127\">tensi\u00f3n constante<\/strong> y un <strong data-start=\"1133\" data-end=\"1152\">funcionamiento silencioso<\/strong>, proporcionando un rendimiento fiable del alternador y los accesorios en todas las condiciones marinas.<\/p>\n<p data-start=\"1244\" data-end=\"1402\">Fabricada <strong data-start=\"1254\" data-end=\"1300\">con caucho reforzado, resistente al calor y al aceite<\/strong>, esta correa proporciona una larga vida \u00fatil y un rendimiento \u00f3ptimo incluso en entornos agresivos de agua salada.<\/p>\n<hr data-start=\"1404\" data-end=\"1407\">\n<h3 data-start=\"1409\" data-end=\"1444\">\u2699\ufe0f <strong data-start=\"1416\" data-end=\"1444\">Especificaciones t\u00e9cnicas<\/strong><\/h3>\n<ul data-start=\"1445\" data-end=\"1806\">\n<li data-start=\"1445\" data-end=\"1493\">\n<p data-start=\"1447\" data-end=\"1493\"><strong data-start=\"1447\" data-end=\"1464\">N\u00fameros de pieza:<\/strong> 966900 (sustituye al 958303)<\/p>\n<\/li>\n<li data-start=\"1494\" data-end=\"1527\">\n<p data-start=\"1496\" data-end=\"1527\"><strong data-start=\"1496\" data-end=\"1505\">Tipo:<\/strong> Correa trapezoidal \/ Correa de transmisi\u00f3n<\/p>\n<\/li>\n<li data-start=\"1528\" data-end=\"1568\">\n<p data-start=\"1530\" data-end=\"1568\"><strong data-start=\"1530\" data-end=\"1554\">Compatibilidad de marcas:<\/strong> Volvo Penta<\/p>\n<\/li>\n<li data-start=\"1569\" data-end=\"1618\">\n<p data-start=\"1571\" data-end=\"1618\"><strong data-start=\"1571\" data-end=\"1587\">Aplicaci\u00f3n:<\/strong> Alternador \/ Accionamiento de accesorios<\/p>\n<\/li>\n<li data-start=\"1619\" data-end=\"1660\">\n<p data-start=\"1621\" data-end=\"1660\"><strong data-start=\"1621\" data-end=\"1634\">Material:<\/strong> Caucho reforzado con fibra<\/p>\n<\/li>\n<li data-start=\"1706\" data-end=\"1749\">\n<p data-start=\"1708\" data-end=\"1749\"><strong data-start=\"1708\" data-end=\"1729\">Perfil y longitud:<\/strong> Especificaci\u00f3n OEM<\/p>\n<\/li>\n<li data-start=\"1750\" data-end=\"1806\">\n<p data-start=\"1752\" data-end=\"1806\"><strong data-start=\"1752\" data-end=\"1769\">Construcci\u00f3n:<\/strong> Dise\u00f1o de baja elasticidad y marcha suave<\/p>\n<\/li>\n<\/ul>\n<hr data-start=\"1808\" data-end=\"1811\">\n<h3 data-start=\"1813\" data-end=\"1854\">\ud83d\udea4 <strong data-start=\"1820\" data-end=\"1854\">Motores Volvo Penta compatibles<\/strong><\/h3>\n<ul data-start=\"1855\" data-end=\"1916\">\n<li data-start=\"1855\" data-end=\"1866\">\n<p data-start=\"1857\" data-end=\"1866\"><strong data-start=\"1857\" data-end=\"1864\">MD1<\/strong><\/p>\n<\/li>\n<li data-start=\"1867\" data-end=\"1878\">\n<p data-start=\"1869\" data-end=\"1878\"><strong data-start=\"1869\" data-end=\"1876\">MD2<\/strong><\/p>\n<\/li>\n<li data-start=\"1879\" data-end=\"1890\">\n<p data-start=\"1881\" data-end=\"1890\"><strong data-start=\"1881\" data-end=\"1888\">MD3<\/strong><\/p>\n<\/li>\n<li data-start=\"1891\" data-end=\"1903\">\n<p data-start=\"1893\" data-end=\"1903\"><strong data-start=\"1893\" data-end=\"1901\">2002<\/strong><\/p>\n<\/li>\n<li data-start=\"1904\" data-end=\"1916\">\n<p data-start=\"1906\" data-end=\"1916\"><strong data-start=\"1906\" data-end=\"1914\">2003<\/strong><\/p>\n<\/li>\n<\/ul>\n<p data-start=\"1918\" data-end=\"2005\"><em data-start=\"1918\" data-end=\"2003\">(Comprueba siempre la compatibilidad con la placa o el manual de tu motor antes de la instalaci\u00f3n).<\/em><\/p>\n<hr data-start=\"2007\" data-end=\"2010\">\n<h3 data-start=\"2012\" data-end=\"2041\">\u26a1 <strong data-start=\"2018\" data-end=\"2041\">Caracter\u00edsticas y ventajas<\/strong><\/h3>\n<p data-start=\"2042\" data-end=\"2329\">\u2705 Recambio seg\u00fan especificaciones OEM para un ajuste y rendimiento perfectos<br data-start=\"2096\" data-end=\"2099\">\u2705 Caucho reforzado y duradero que resiste el aceite, el calor y las condiciones marinas<br data-start=\"2168\" data-end=\"2171\">\u2705 Proporciona una tensi\u00f3n constante de la correa y un funcionamiento suave<br data-start=\"2226\" data-end=\"2229\">\u2705 Funcionamiento silencioso y sin vibraciones para una fiabilidad a largo plazo<br data-start=\"2286\" data-end=\"2289\">\u2705 F\u00e1cil de instalar con herramientas est\u00e1ndar<\/p>\n<hr data-start=\"2331\" data-end=\"2334\">\n<h3 data-start=\"2336\" data-end=\"2363\">\ud83e\uddf0 <strong data-start=\"2343\" data-end=\"2363\">Consejos de mantenimiento<\/strong><\/h3>\n<ul data-start=\"2364\" data-end=\"2521\">\n<li data-start=\"2364\" data-end=\"2422\">\n<p data-start=\"2366\" data-end=\"2422\">Inspecciona regularmente la correa para ver si hay grietas, deshilachado o vidriado<\/p>\n<\/li>\n<li data-start=\"2423\" data-end=\"2467\">\n<p data-start=\"2425\" data-end=\"2467\">Sustit\u00fayelo si aparecen signos de desgaste o ruido<\/p>\n<\/li>\n<li data-start=\"2468\" data-end=\"2521\">\n<p data-start=\"2470\" data-end=\"2521\">Comprueba la tensi\u00f3n anualmente o despu\u00e9s de 100 horas de funcionamiento<\/p>\n<\/li>\n<\/ul>\n","protected":false},"excerpt":{"rendered":"<p>Volvo Penta V-Belt 966900 - Correa de transmisi\u00f3n para motores MD1, MD2, MD3, 2002 y 2003 La correa trapezoidal Volvo Penta 966900 es una correa de transmisi\u00f3n marina de alta calidad dise\u00f1ada para la transmisi\u00f3n fiable de potencia entre el cig\u00fce\u00f1al y el alternador (u otros accesorios accionados por el motor) en motores diesel Volvo [&hellip;]<\/p>\n","protected":false},"featured_media":39146,"comment_status":"open","ping_status":"closed","template":"","meta":[],"product_brand":[4229],"product_cat":[4486,4120,4594,4724,4525,4469,4472,4302,4462],"product_tag":[],"class_list":{"0":"post-39145","1":"product","2":"type-product","3":"status-publish","4":"has-post-thumbnail","6":"product_brand-volvo-penta","7":"product_cat-necesitas-piezas-volvo-penta","8":"product_cat-correas-trapezoidales","9":"product_cat-correas-trapezoidales-volvo-penta","10":"product_cat-recambios-servicio-volvo-penta-serie-2000","11":"product_cat-recambios-volvo-penta","12":"product_cat-recambios-volvo-penta-2002","13":"product_cat-recambios-volvo-penta-2003","14":"product_cat-volvo-penta","15":"product_cat-volvo-penta-serie-2000","16":"pa_condition-nuevo","17":"pa_model-3112","18":"pa_model-3113","19":"pa_model-md1","20":"pa_model-md1b","21":"pa_model-md2","22":"pa_model-md2b","23":"pa_model-md3","24":"pa_model-md3b","25":"pa_oem-or-aftermarket-posventa","27":"first","28":"instock","29":"taxable","30":"shipping-taxable","31":"purchasable","32":"product-type-simple"},"supplier_id":7294,"supplier_sku":"REC966900 or 6262MC Gates","barcode":null,"atum_controlled":true,"out_stock_date":null,"out_stock_threshold":null,"inheritable":false,"inbound_stock":0,"stock_on_hold":1,"sold_today":0,"sales_last_days":0,"reserved_stock":0,"customer_returns":0,"warehouse_damage":0,"lost_in_post":0,"other_logs":0,"out_stock_days":0,"lost_sales":0,"has_location":false,"update_date":"2026-03-05T15:34:52","atum_locations":[],"atum_stock_status":"instock","restock_status":false,"low_stock_amount":1,"sales_update_date":"2026-03-05T15:34:52","calc_backorders":0,"_links":{"self":[{"href":"https:\/\/mps.digital-monkey.in\/es\/wp-json\/wp\/v2\/product\/39145","targetHints":{"allow":["GET"]}}],"collection":[{"href":"https:\/\/mps.digital-monkey.in\/es\/wp-json\/wp\/v2\/product"}],"about":[{"href":"https:\/\/mps.digital-monkey.in\/es\/wp-json\/wp\/v2\/types\/product"}],"replies":[{"embeddable":true,"href":"https:\/\/mps.digital-monkey.in\/es\/wp-json\/wp\/v2\/comments?post=39145"}],"wp:featuredmedia":[{"embeddable":true,"href":"https:\/\/mps.digital-monkey.in\/es\/wp-json\/wp\/v2\/media\/39146"}],"wp:attachment":[{"href":"https:\/\/mps.digital-monkey.in\/es\/wp-json\/wp\/v2\/media?parent=39145"}],"wp:term":[{"taxonomy":"product_brand","embeddable":true,"href":"https:\/\/mps.digital-monkey.in\/es\/wp-json\/wp\/v2\/product_brand?post=39145"},{"taxonomy":"product_cat","embeddable":true,"href":"https:\/\/mps.digital-monkey.in\/es\/wp-json\/wp\/v2\/product_cat?post=39145"},{"taxonomy":"product_tag","embeddable":true,"href":"https:\/\/mps.digital-monkey.in\/es\/wp-json\/wp\/v2\/product_tag?post=39145"}],"curies":[{"name":"wp","href":"https:\/\/api.w.org\/{rel}","templated":true}]}}