{"id":39358,"date":"2025-10-17T12:09:48","date_gmt":"2025-10-17T12:09:48","guid":{"rendered":"https:\/\/mps.digital-monkey.in\/product\/tapa-de-valvulas-volvo-penta-3580240-para-motores-md2020-md2020-b-md2020-c-md2020-d\/"},"modified":"2025-10-17T12:09:48","modified_gmt":"2025-10-17T12:09:48","slug":"tapa-de-valvulas-volvo-penta-3580240-para-motores-md2020-md2020-b-md2020-c-md2020-d","status":"publish","type":"product","link":"https:\/\/mps.digital-monkey.in\/es\/product\/tapa-de-valvulas-volvo-penta-3580240-para-motores-md2020-md2020-b-md2020-c-md2020-d\/","title":{"rendered":"Tapa de v\u00e1lvulas Volvo Penta 3580240 &#8211; Para motores MD2020, MD2020-B, MD2020-C, MD2020-D"},"content":{"rendered":"<p data-start=\"63\" data-end=\"166\"><strong data-start=\"63\" data-end=\"102\">Tapa de V\u00e1lvulas Volvo Penta 3580240<\/strong><\/p>\n<p data-start=\"63\" data-end=\"166\"><br data-start=\"102\" data-end=\"105\"><strong data-start=\"105\" data-end=\"127\">Modelos compatibles:<\/strong> MD2020, MD2020-B, MD2020-C, MD2020-D<\/p>\n<p data-start=\"168\" data-end=\"421\">Esta <strong data-start=\"173\" data-end=\"235\">tapa de v\u00e1lvula usada original Volvo Penta (n\u00famero de pieza 3580240)<\/strong> est\u00e1 dise\u00f1ada para motores diesel marinos de la serie MD2020. Construida seg\u00fan los altos est\u00e1ndares de fabricaci\u00f3n de Volvo Penta, garantiza un ajuste preciso y un sellado fiable para un rendimiento \u00f3ptimo del motor. <\/p>\n<ul data-start=\"423\" data-end=\"724\">\n<li data-start=\"423\" data-end=\"455\">\n<p data-start=\"425\" data-end=\"455\"><strong data-start=\"425\" data-end=\"445\">N\u00famero de pieza OEM:<\/strong> 3580240<\/p>\n<\/li>\n<li data-start=\"456\" data-end=\"517\">\n<p data-start=\"458\" data-end=\"517\"><strong data-start=\"458\" data-end=\"472\">Estado:<\/strong> Usado, inspeccionado y en buen estado de funcionamiento<\/p>\n<\/li>\n<li data-start=\"640\" data-end=\"724\">\n<p data-start=\"642\" data-end=\"724\"><strong data-start=\"642\" data-end=\"660\">Compatibilidad:<\/strong> Se adapta a los motores Volvo Penta MD2020, MD2020-B, MD2020-C, MD2020-D<\/p>\n<\/li>\n<\/ul>\n<p data-start=\"726\" data-end=\"810\">Ideal para reparaciones o sustituciones en las que se necesita una pieza original rentable.<\/p>\n","protected":false},"excerpt":{"rendered":"<p>Tapa de V\u00e1lvulas Volvo Penta 3580240 Modelos compatibles: MD2020, MD2020-B, MD2020-C, MD2020-D Esta tapa de v\u00e1lvula usada original Volvo Penta (n\u00famero de pieza 3580240) est\u00e1 dise\u00f1ada para motores diesel marinos de la serie MD2020. Construida seg\u00fan los altos est\u00e1ndares de fabricaci\u00f3n de Volvo Penta, garantiza un ajuste preciso y un sellado fiable para un rendimiento [&hellip;]<\/p>\n","protected":false},"featured_media":39359,"comment_status":"open","ping_status":"closed","template":"","meta":[],"product_brand":[],"product_cat":[2914,2518,4311,3584,4302,4304],"product_tag":[],"class_list":{"0":"post-39358","1":"product","2":"type-product","3":"status-publish","4":"has-post-thumbnail","6":"product_cat-bloque-motor","7":"product_cat-piezas-de-motor","8":"product_cat-recambios-volvo-penta-md2020","9":"product_cat-tapas-de-valvulas-y-carteres","10":"product_cat-volvo-penta","11":"product_cat-volvo-penta-serie-md","12":"pa_condition-usado","13":"pa_model-md2020","14":"pa_oem-or-aftermarket-oem","16":"first","17":"instock","18":"taxable","19":"shipping-taxable","20":"purchasable","21":"product-type-simple"},"supplier_id":null,"supplier_sku":"","barcode":null,"atum_controlled":true,"out_stock_date":null,"out_stock_threshold":null,"inheritable":false,"inbound_stock":0,"stock_on_hold":0,"sold_today":0,"sales_last_days":0,"reserved_stock":0,"customer_returns":0,"warehouse_damage":0,"lost_in_post":0,"other_logs":0,"out_stock_days":0,"lost_sales":0,"has_location":false,"update_date":"2025-10-28T18:54:11","atum_locations":[],"atum_stock_status":"instock","restock_status":false,"low_stock_amount":0,"sales_update_date":"2025-10-22T14:30:14","calc_backorders":null,"_links":{"self":[{"href":"https:\/\/mps.digital-monkey.in\/es\/wp-json\/wp\/v2\/product\/39358","targetHints":{"allow":["GET"]}}],"collection":[{"href":"https:\/\/mps.digital-monkey.in\/es\/wp-json\/wp\/v2\/product"}],"about":[{"href":"https:\/\/mps.digital-monkey.in\/es\/wp-json\/wp\/v2\/types\/product"}],"replies":[{"embeddable":true,"href":"https:\/\/mps.digital-monkey.in\/es\/wp-json\/wp\/v2\/comments?post=39358"}],"wp:featuredmedia":[{"embeddable":true,"href":"https:\/\/mps.digital-monkey.in\/es\/wp-json\/wp\/v2\/media\/39359"}],"wp:attachment":[{"href":"https:\/\/mps.digital-monkey.in\/es\/wp-json\/wp\/v2\/media?parent=39358"}],"wp:term":[{"taxonomy":"product_brand","embeddable":true,"href":"https:\/\/mps.digital-monkey.in\/es\/wp-json\/wp\/v2\/product_brand?post=39358"},{"taxonomy":"product_cat","embeddable":true,"href":"https:\/\/mps.digital-monkey.in\/es\/wp-json\/wp\/v2\/product_cat?post=39358"},{"taxonomy":"product_tag","embeddable":true,"href":"https:\/\/mps.digital-monkey.in\/es\/wp-json\/wp\/v2\/product_tag?post=39358"}],"curies":[{"name":"wp","href":"https:\/\/api.w.org\/{rel}","templated":true}]}}