{"id":39398,"date":"2025-10-17T12:49:15","date_gmt":"2025-10-17T12:49:15","guid":{"rendered":"https:\/\/mps.digital-monkey.in\/product\/volvo-penta-saildrive-120s-c-2241-853958\/"},"modified":"2025-10-22T07:35:00","modified_gmt":"2025-10-22T07:35:00","slug":"volvo-penta-saildrive-120s-c-2241-853958","status":"publish","type":"product","link":"https:\/\/mps.digital-monkey.in\/es\/product\/volvo-penta-saildrive-120s-c-2241-853958\/","title":{"rendered":"Volvo Penta Saildrive 120S-C 2,24:1 853958"},"content":{"rendered":"<p data-start=\"686\" data-end=\"974\">Mant\u00e9n tu embarcaci\u00f3n en perfecto funcionamiento con este <strong data-start=\"728\" data-end=\"789\">genuino Saildrive 120S-C 2,24:1 Volvo Penta (pieza 853958)<\/strong>. Fabricado para ofrecer fiabilidad y rendimiento, este saildrive OEM est\u00e1 dise\u00f1ado para soportar las exigencias de la vida marina, garantizando que la potencia de tu motor se transfiera eficazmente a la h\u00e9lice. <\/p>\n<p data-start=\"976\" data-end=\"1196\">Este saildrive usado ha sido <strong data-start=\"1005\" data-end=\"1040\">inspeccionado cuidadosamente<\/strong>, para que puedas comprar con confianza. Se ha comprobado el desgaste o los defectos de todos los componentes para ofrecerte una pieza de repuesto fiable que encaje bien a la primera. <\/p>\n<p data-start=\"1198\" data-end=\"1509\">La <strong data-start=\"1202\" data-end=\"1223\">relaci\u00f3n de transmisi\u00f3n de 2,24:1<\/strong> consigue el equilibrio perfecto entre el r\u00e9gimen del motor y la rotaci\u00f3n de la h\u00e9lice, proporcionando una aceleraci\u00f3n suave, un mejor manejo y una potencia constante a todas las velocidades. Tanto si est\u00e1s navegando, compitiendo o disfrutando de un d\u00eda en el agua, este saildrive mantiene tu embarcaci\u00f3n en movimiento de forma segura y eficiente. <\/p>\n<p data-start=\"1511\" data-end=\"1549\"><strong data-start=\"1511\" data-end=\"1547\">Por qu\u00e9 esta pieza es una gran elecci\u00f3n:<\/strong><\/p>\n<ul data-start=\"1551\" data-end=\"2032\">\n<li data-start=\"1551\" data-end=\"1650\">\n<p data-start=\"1553\" data-end=\"1650\"><strong data-start=\"1553\" data-end=\"1577\">Calidad original OEM:<\/strong> Fabricado por Volvo Penta, por lo que sabes que se ajustar\u00e1 y funcionar\u00e1 como es debido.<\/p>\n<\/li>\n<li data-start=\"1737\" data-end=\"1819\">\n<p data-start=\"1739\" data-end=\"1819\"><strong data-start=\"1739\" data-end=\"1769\">Inspeccionado y listo para funcionar:<\/strong> Limpiado y comprobado profesionalmente para detectar cualquier defecto.<\/p>\n<\/li>\n<\/ul>\n<p data-start=\"2034\" data-end=\"2058\"><strong data-start=\"2034\" data-end=\"2056\">Modelos compatibles:<\/strong><\/p>\n<ul data-start=\"2060\" data-end=\"2082\">\n<li data-start=\"2060\" data-end=\"2082\">\n<p data-start=\"2062\" data-end=\"2082\">Volvo Penta 120S-C<\/p>\n<\/li>\n<\/ul>\n<p data-start=\"2084\" data-end=\"2346\">Esta pieza es ideal para propietarios de embarcaciones, t\u00e9cnicos navales o cualquiera que desee sustituir un saildrive desgastado o da\u00f1ado. El uso de piezas originales OEM como \u00e9sta ayuda a mantener el rendimiento de tu embarcaci\u00f3n, reduce el riesgo de problemas mec\u00e1nicos y protege tu inversi\u00f3n. <\/p>\n<p data-start=\"2348\" data-end=\"2372\"><strong data-start=\"2348\" data-end=\"2370\">Consejos de instalaci\u00f3n:<\/strong><\/p>\n<ul data-start=\"2374\" data-end=\"2561\">\n<li data-start=\"2374\" data-end=\"2438\">\n<p data-start=\"2376\" data-end=\"2438\">Aseg\u00farate de que todas las superficies de contacto est\u00e9n limpias antes de la instalaci\u00f3n.<\/p>\n<\/li>\n<li data-start=\"2439\" data-end=\"2489\">\n<p data-start=\"2441\" data-end=\"2489\">Inspecciona las juntas y los cojinetes durante la sustituci\u00f3n.<\/p>\n<\/li>\n<li data-start=\"2490\" data-end=\"2561\">\n<p data-start=\"2492\" data-end=\"2561\">Sigue las directrices de instalaci\u00f3n de Volvo Penta para un rendimiento \u00f3ptimo.<\/p>\n<\/li>\n<\/ul>\n<p data-start=\"2563\" data-end=\"2791\">Con el <strong data-start=\"2572\" data-end=\"2618\">Volvo Penta Saildrive 120S-C 2,24:1 853958<\/strong>, tendr\u00e1s la tranquilidad de saber que tu saildrive est\u00e1 listo para el agua. Duradera, fiable y totalmente inspeccionada, esta pieza es imprescindible para mantener tu embarcaci\u00f3n en plena forma. <\/p>\n","protected":false},"excerpt":{"rendered":"<p>Mant\u00e9n tu embarcaci\u00f3n en perfecto funcionamiento con este genuino Saildrive 120S-C 2,24:1 Volvo Penta (pieza 853958). Fabricado para ofrecer fiabilidad y rendimiento, este saildrive OEM est\u00e1 dise\u00f1ado para soportar las exigencias de la vida marina, garantizando que la potencia de tu motor se transfiera eficazmente a la h\u00e9lice. Este saildrive usado ha sido inspeccionado cuidadosamente, [&hellip;]<\/p>\n","protected":false},"featured_media":41527,"comment_status":"open","ping_status":"closed","template":"","meta":[],"product_brand":[4229],"product_cat":[4486,4495,2518],"product_tag":[],"class_list":{"0":"post-39398","1":"product","2":"type-product","3":"status-publish","4":"has-post-thumbnail","6":"product_brand-volvo-penta","7":"product_cat-necesitas-piezas-volvo-penta","8":"product_cat-comprar-recambios-usados-volvo-penta","9":"product_cat-piezas-de-motor","10":"pa_condition-usado","11":"pa_model-120s","12":"pa_oem-or-aftermarket-oem","14":"first","15":"instock","16":"taxable","17":"shipping-taxable","18":"purchasable","19":"product-type-simple"},"supplier_id":null,"supplier_sku":"","barcode":null,"atum_controlled":true,"out_stock_date":null,"out_stock_threshold":null,"inheritable":false,"inbound_stock":0,"stock_on_hold":0,"sold_today":0,"sales_last_days":0,"reserved_stock":0,"customer_returns":0,"warehouse_damage":0,"lost_in_post":0,"other_logs":0,"out_stock_days":0,"lost_sales":0,"has_location":false,"update_date":"2025-11-24T09:56:23","atum_locations":[],"atum_stock_status":"instock","restock_status":false,"low_stock_amount":0,"sales_update_date":"2025-11-24T09:56:23","calc_backorders":null,"_links":{"self":[{"href":"https:\/\/mps.digital-monkey.in\/es\/wp-json\/wp\/v2\/product\/39398","targetHints":{"allow":["GET"]}}],"collection":[{"href":"https:\/\/mps.digital-monkey.in\/es\/wp-json\/wp\/v2\/product"}],"about":[{"href":"https:\/\/mps.digital-monkey.in\/es\/wp-json\/wp\/v2\/types\/product"}],"replies":[{"embeddable":true,"href":"https:\/\/mps.digital-monkey.in\/es\/wp-json\/wp\/v2\/comments?post=39398"}],"wp:featuredmedia":[{"embeddable":true,"href":"https:\/\/mps.digital-monkey.in\/es\/wp-json\/wp\/v2\/media\/41527"}],"wp:attachment":[{"href":"https:\/\/mps.digital-monkey.in\/es\/wp-json\/wp\/v2\/media?parent=39398"}],"wp:term":[{"taxonomy":"product_brand","embeddable":true,"href":"https:\/\/mps.digital-monkey.in\/es\/wp-json\/wp\/v2\/product_brand?post=39398"},{"taxonomy":"product_cat","embeddable":true,"href":"https:\/\/mps.digital-monkey.in\/es\/wp-json\/wp\/v2\/product_cat?post=39398"},{"taxonomy":"product_tag","embeddable":true,"href":"https:\/\/mps.digital-monkey.in\/es\/wp-json\/wp\/v2\/product_tag?post=39398"}],"curies":[{"name":"wp","href":"https:\/\/api.w.org\/{rel}","templated":true}]}}