{"id":39439,"date":"2025-10-18T09:38:56","date_gmt":"2025-10-18T09:38:56","guid":{"rendered":"https:\/\/mps.digital-monkey.in\/product\/volvo-penta-3580307-arandela-de-muelle-de-valvula\/"},"modified":"2025-10-18T09:38:56","modified_gmt":"2025-10-18T09:38:56","slug":"volvo-penta-3580307-arandela-de-muelle-de-valvula","status":"publish","type":"product","link":"https:\/\/mps.digital-monkey.in\/es\/product\/volvo-penta-3580307-arandela-de-muelle-de-valvula\/","title":{"rendered":"Volvo Penta 3580307 Arandela de muelle de v\u00e1lvula"},"content":{"rendered":"<p data-start=\"1217\" data-end=\"1393\"><strong>Volvo Penta 3580307 Arandela de muelle de v\u00e1lvula<\/strong><\/p>\n<p data-start=\"1217\" data-end=\"1393\">Cada arandela es <strong data-start=\"1232\" data-end=\"1259\">original Volvo Penta OEM<\/strong>, lo que significa que cumple las mismas normas de fabricaci\u00f3n que las piezas instaladas originalmente en tu motor: sin compromisos, sin conjeturas.<\/p>\n<h3 data-start=\"1395\" data-end=\"1421\"><strong data-start=\"1402\" data-end=\"1421\">Detalles del producto<\/strong><\/h3>\n<ul data-start=\"1422\" data-end=\"1697\">\n<li data-start=\"1422\" data-end=\"1450\">\n<p data-start=\"1424\" data-end=\"1450\"><strong data-start=\"1424\" data-end=\"1440\">N\u00famero de pieza:<\/strong> 3580307<\/p>\n<\/li>\n<li data-start=\"1451\" data-end=\"1484\">\n<p data-start=\"1453\" data-end=\"1484\"><strong data-start=\"1453\" data-end=\"1470\">Fabricante:<\/strong> Volvo Penta<\/p>\n<\/li>\n<li data-start=\"1485\" data-end=\"1523\">\n<p data-start=\"1487\" data-end=\"1523\"><strong data-start=\"1487\" data-end=\"1501\">Tipo de pieza:<\/strong> Arandela de muelle de v\u00e1lvula<\/p>\n<\/li>\n<li data-start=\"1557\" data-end=\"1610\">\n<p data-start=\"1559\" data-end=\"1610\"><strong data-start=\"1559\" data-end=\"1573\">Estado: <\/strong>usado<\/p>\n<\/li>\n<li data-start=\"1611\" data-end=\"1697\">\n<p data-start=\"1613\" data-end=\"1697\"><strong data-start=\"1613\" data-end=\"1626\">Funci\u00f3n:<\/strong> Asegura el muelle de la v\u00e1lvula y mantiene la presi\u00f3n adecuada en el asiento de la v\u00e1lvula<\/p>\n<\/li>\n<\/ul>\n<h3 data-start=\"1784\" data-end=\"1825\"><strong data-start=\"1791\" data-end=\"1825\">Motores Volvo Penta compatibles<\/strong><\/h3>\n<p data-start=\"1827\" data-end=\"1940\">Esta <strong data-start=\"1832\" data-end=\"1875\">arandela de muelle de v\u00e1lvula Volvo Penta 3580307<\/strong> se adapta a una amplia gama de motores de las series D1, D2 y MD, incluidos:<\/p>\n<p data-start=\"1942\" data-end=\"1965\"><strong data-start=\"1942\" data-end=\"1963\">Motores de la Serie D:<\/strong><\/p>\n<ul data-start=\"1966\" data-end=\"2123\">\n<li data-start=\"1966\" data-end=\"1991\">\n<p data-start=\"1968\" data-end=\"1991\">D1-30, D1-30B, D1-30F<\/p>\n<\/li>\n<li data-start=\"1992\" data-end=\"2017\">\n<p data-start=\"1994\" data-end=\"2017\">D2-40, D2-40B, D2-40F<\/p>\n<\/li>\n<li data-start=\"2018\" data-end=\"2028\">\n<p data-start=\"2020\" data-end=\"2028\">D2-50F<\/p>\n<\/li>\n<li data-start=\"2029\" data-end=\"2078\">\n<p data-start=\"2031\" data-end=\"2078\">D2-55, D2-55B, D2-55C, D2-55D, D2-55E, D2-55F<\/p>\n<\/li>\n<li data-start=\"2079\" data-end=\"2089\">\n<p data-start=\"2081\" data-end=\"2089\">D2-60F<\/p>\n<\/li>\n<li data-start=\"2090\" data-end=\"2123\">\n<p data-start=\"2092\" data-end=\"2123\">D2-75, D2-75B, D2-75C, D2-75F<\/p>\n<\/li>\n<\/ul>\n<p data-start=\"2125\" data-end=\"2149\"><strong data-start=\"2125\" data-end=\"2147\">Motores de la serie MD:<\/strong><\/p>\n<ul data-start=\"2150\" data-end=\"2229\">\n<li data-start=\"2150\" data-end=\"2189\">\n<p data-start=\"2152\" data-end=\"2189\">MD2030, MD2030B, MD2030-C, MD2030-D<\/p>\n<\/li>\n<li data-start=\"2190\" data-end=\"2229\">\n<p data-start=\"2192\" data-end=\"2229\">MD2040, MD2040B, MD2040-C, MD2040-D<\/p>\n<\/li>\n<\/ul>\n<p data-start=\"2231\" data-end=\"2424\">Si no est\u00e1s seguro de si esta arandela se adapta a tu motor, comprueba el n\u00famero de serie o consulta el manual de Volvo Penta: es un recambio com\u00fan en muchos motores diesel marinos peque\u00f1os y medianos.<\/p>\n","protected":false},"excerpt":{"rendered":"<p>Volvo Penta 3580307 Arandela de muelle de v\u00e1lvula Cada arandela es original Volvo Penta OEM, lo que significa que cumple las mismas normas de fabricaci\u00f3n que las piezas instaladas originalmente en tu motor: sin compromisos, sin conjeturas. Detalles del producto N\u00famero de pieza: 3580307 Fabricante: Volvo Penta Tipo de pieza: Arandela de muelle de v\u00e1lvula [&hellip;]<\/p>\n","protected":false},"featured_media":39843,"comment_status":"open","ping_status":"closed","template":"","meta":[],"product_brand":[4229],"product_cat":[4486,2914,4495,2518,4287,4330,4333,4492,4314,4317,3157,4302,4329,4304],"product_tag":[],"class_list":{"0":"post-39439","1":"product","2":"type-product","3":"status-publish","4":"has-post-thumbnail","6":"product_brand-volvo-penta","7":"product_cat-necesitas-piezas-volvo-penta","8":"product_cat-bloque-motor","9":"product_cat-comprar-recambios-usados-volvo-penta","10":"product_cat-piezas-de-motor","11":"product_cat-recambios-volvo-penta-d1-30","12":"product_cat-recambios-volvo-penta-d2-40","13":"product_cat-recambios-volvo-penta-d2-55","14":"product_cat-recambios-volvo-penta-d2-75","15":"product_cat-recambios-volvo-penta-md2030","16":"product_cat-recambios-volvo-penta-md2040","17":"product_cat-valvulas-y-accesorios","18":"product_cat-volvo-penta","19":"product_cat-volvo-penta-serie-d2","20":"product_cat-volvo-penta-serie-md","21":"pa_condition-usado","22":"pa_model-d1-30","23":"pa_model-d1-30b","24":"pa_model-d1-30f","25":"pa_model-d2-40","26":"pa_model-d2-40b","27":"pa_model-d2-40f","28":"pa_model-d2-50","29":"pa_model-d2-55","30":"pa_model-d2-60","31":"pa_model-d2-75","32":"pa_model-md2030","33":"pa_model-md2040","34":"pa_oem-or-aftermarket-oem","36":"first","37":"instock","38":"taxable","39":"shipping-taxable","40":"purchasable","41":"product-type-simple"},"supplier_id":null,"supplier_sku":"","barcode":null,"atum_controlled":true,"out_stock_date":null,"out_stock_threshold":null,"inheritable":false,"inbound_stock":0,"stock_on_hold":0,"sold_today":0,"sales_last_days":0,"reserved_stock":0,"customer_returns":0,"warehouse_damage":0,"lost_in_post":0,"other_logs":0,"out_stock_days":0,"lost_sales":0,"has_location":false,"update_date":"2025-11-04T10:45:03","atum_locations":[],"atum_stock_status":"instock","restock_status":false,"low_stock_amount":0,"sales_update_date":"2025-10-22T14:30:14","calc_backorders":null,"_links":{"self":[{"href":"https:\/\/mps.digital-monkey.in\/es\/wp-json\/wp\/v2\/product\/39439","targetHints":{"allow":["GET"]}}],"collection":[{"href":"https:\/\/mps.digital-monkey.in\/es\/wp-json\/wp\/v2\/product"}],"about":[{"href":"https:\/\/mps.digital-monkey.in\/es\/wp-json\/wp\/v2\/types\/product"}],"replies":[{"embeddable":true,"href":"https:\/\/mps.digital-monkey.in\/es\/wp-json\/wp\/v2\/comments?post=39439"}],"wp:featuredmedia":[{"embeddable":true,"href":"https:\/\/mps.digital-monkey.in\/es\/wp-json\/wp\/v2\/media\/39843"}],"wp:attachment":[{"href":"https:\/\/mps.digital-monkey.in\/es\/wp-json\/wp\/v2\/media?parent=39439"}],"wp:term":[{"taxonomy":"product_brand","embeddable":true,"href":"https:\/\/mps.digital-monkey.in\/es\/wp-json\/wp\/v2\/product_brand?post=39439"},{"taxonomy":"product_cat","embeddable":true,"href":"https:\/\/mps.digital-monkey.in\/es\/wp-json\/wp\/v2\/product_cat?post=39439"},{"taxonomy":"product_tag","embeddable":true,"href":"https:\/\/mps.digital-monkey.in\/es\/wp-json\/wp\/v2\/product_tag?post=39439"}],"curies":[{"name":"wp","href":"https:\/\/api.w.org\/{rel}","templated":true}]}}