{"id":39483,"date":"2025-10-21T14:44:29","date_gmt":"2025-10-21T14:44:29","guid":{"rendered":"https:\/\/mps.digital-monkey.in\/product\/motor-de-arranque-para-motores-nanni-2-60he-3-75he-3-90he-no-de-pieza-970497303\/"},"modified":"2025-10-21T14:44:29","modified_gmt":"2025-10-21T14:44:29","slug":"motor-de-arranque-para-motores-nanni-2-60he-3-75he-3-90he-no-de-pieza-970497303","status":"publish","type":"product","link":"https:\/\/mps.digital-monkey.in\/es\/producto\/motor-de-arranque-para-motores-nanni-2-60he-3-75he-3-90he-no-de-pieza-970497303\/","title":{"rendered":"Motor de arranque para motores Nanni 2.60HE, 3.75HE, 3.90HE - N\u00ba de pieza 970497303"},"content":{"rendered":"<p data-start=\"89\" data-end=\"170\"><strong data-start=\"89\" data-end=\"168\">Motor de arranque para motores Nanni 2.60HE, 3.75HE, 3.90HE - N\u00ba de pieza 970497303<\/strong><\/p>\n<p data-start=\"172\" data-end=\"201\"><strong data-start=\"172\" data-end=\"199\">Informaci\u00f3n el\u00e9ctrica:<\/strong><\/p>\n<ul data-start=\"202\" data-end=\"236\">\n<li data-start=\"202\" data-end=\"218\">\n<p data-start=\"204\" data-end=\"218\">Tensi\u00f3n: 12 V<\/p>\n<\/li>\n<li data-start=\"219\" data-end=\"236\">\n<p data-start=\"221\" data-end=\"236\">Potencia: 1,0 kW<\/p>\n<\/li>\n<\/ul>\n<p data-start=\"238\" data-end=\"268\"><strong data-start=\"238\" data-end=\"266\">Especificaciones f\u00edsicas:<\/strong><\/p>\n<ul data-start=\"269\" data-end=\"440\">\n<li data-start=\"269\" data-end=\"295\">\n<p data-start=\"271\" data-end=\"295\">N\u00famero de dientes (H): 9<\/p>\n<\/li>\n<li data-start=\"296\" data-end=\"333\">\n<p data-start=\"298\" data-end=\"333\">Sentido de giro (P): En el sentido de las agujas del reloj<\/p>\n<\/li>\n<li data-start=\"334\" data-end=\"370\">\n<p data-start=\"336\" data-end=\"370\">Tipo de reducci\u00f3n (N): Convencional<\/p>\n<\/li>\n<li data-start=\"371\" data-end=\"413\">\n<p data-start=\"373\" data-end=\"413\">Di\u00e1metro de la brida de montaje (A): 66,00 mm<\/p>\n<\/li>\n<li data-start=\"414\" data-end=\"440\">\n<p data-start=\"416\" data-end=\"440\">Terminal B+ Rosca: M8<\/p>\n<\/li>\n<\/ul>\n<p data-start=\"442\" data-end=\"469\"><strong data-start=\"442\" data-end=\"467\">Informaci\u00f3n de montaje:<\/strong><\/p>\n<ul data-start=\"470\" data-end=\"748\">\n<li data-start=\"470\" data-end=\"501\">\n<p data-start=\"472\" data-end=\"501\">N\u00famero de orificios de montaje: 2<\/p>\n<\/li>\n<li data-start=\"502\" data-end=\"535\">\n<p data-start=\"504\" data-end=\"535\">Distancia Bendix (B): 19,00 mm<\/p>\n<\/li>\n<li data-start=\"536\" data-end=\"565\">\n<p data-start=\"538\" data-end=\"565\">Agujero de montaje E1: 9,00 mm<\/p>\n<\/li>\n<li data-start=\"566\" data-end=\"595\">\n<p data-start=\"568\" data-end=\"595\">Agujero de montaje E2: 9,00 mm<\/p>\n<\/li>\n<li data-start=\"596\" data-end=\"628\">\n<p data-start=\"598\" data-end=\"628\">Distancia trasera (F) 150,50 mm<\/p>\n<\/li>\n<li data-start=\"629\" data-end=\"661\">\n<p data-start=\"631\" data-end=\"661\">Distancia delantera (G): 52,50 mm<\/p>\n<\/li>\n<li data-start=\"662\" data-end=\"690\">\n<p data-start=\"664\" data-end=\"690\">Soporte de montaje (M): No<\/p>\n<\/li>\n<li data-start=\"691\" data-end=\"716\">\n<p data-start=\"693\" data-end=\"716\">Distancia O: 110,00 mm<\/p>\n<\/li>\n<li data-start=\"717\" data-end=\"748\">\n<p data-start=\"719\" data-end=\"748\">Longitud total (R): 213,00 mm<\/p>\n<\/li>\n<\/ul>\n<p data-start=\"750\" data-end=\"804\"><strong data-start=\"750\" data-end=\"773\">Motores compatibles:<\/strong> Nanni 2.60HE, 3.75HE, 3.90HE<\/p>\n","protected":false},"excerpt":{"rendered":"<p>Motor de arranque para motores Nanni 2.60HE, 3.75HE, 3.90HE - N\u00ba de pieza 970497303 Informaci\u00f3n el\u00e9ctrica: Tensi\u00f3n: 12 V Potencia: 1,0 kW Especificaciones f\u00edsicas: N\u00famero de dientes (H): 9 Sentido de giro (P): En el sentido de las agujas del reloj Tipo de reducci\u00f3n (N): Convencional Di\u00e1metro de la brida de montaje (A): 66,00 mm [&hellip;]<\/p>\n","protected":false},"featured_media":39481,"comment_status":"open","ping_status":"closed","template":"","meta":[],"product_brand":[4240],"product_cat":[2723,2518,2519],"product_tag":[],"class_list":{"0":"post-39483","1":"product","2":"type-product","3":"status-publish","4":"has-post-thumbnail","6":"product_brand-nanni","7":"product_cat-motores-de-arranque","8":"product_cat-piezas-de-motor","9":"product_cat-sistemas-electricos","10":"pa_condition-nuevo","11":"pa_model-n2-60he","12":"pa_model-n3-75he","13":"pa_model-n3-90he","14":"pa_oem-or-aftermarket-posventa","16":"first","17":"instock","18":"sale","19":"taxable","20":"shipping-taxable","21":"purchasable","22":"product-type-simple"},"supplier_id":null,"supplier_sku":"228000-7480 YPE","barcode":null,"atum_controlled":true,"out_stock_date":null,"out_stock_threshold":null,"inheritable":false,"inbound_stock":0,"stock_on_hold":1,"sold_today":0,"sales_last_days":1,"reserved_stock":0,"customer_returns":0,"warehouse_damage":0,"lost_in_post":0,"other_logs":0,"out_stock_days":0,"lost_sales":0,"has_location":false,"update_date":"2026-04-07T20:11:56","atum_locations":[],"atum_stock_status":"instock","restock_status":false,"low_stock_amount":"","sales_update_date":"2026-04-07T20:11:56","calc_backorders":null,"_links":{"self":[{"href":"https:\/\/mps.digital-monkey.in\/es\/wp-json\/wp\/v2\/product\/39483","targetHints":{"allow":["GET"]}}],"collection":[{"href":"https:\/\/mps.digital-monkey.in\/es\/wp-json\/wp\/v2\/product"}],"about":[{"href":"https:\/\/mps.digital-monkey.in\/es\/wp-json\/wp\/v2\/types\/product"}],"replies":[{"embeddable":true,"href":"https:\/\/mps.digital-monkey.in\/es\/wp-json\/wp\/v2\/comments?post=39483"}],"wp:featuredmedia":[{"embeddable":true,"href":"https:\/\/mps.digital-monkey.in\/es\/wp-json\/wp\/v2\/media\/39481"}],"wp:attachment":[{"href":"https:\/\/mps.digital-monkey.in\/es\/wp-json\/wp\/v2\/media?parent=39483"}],"wp:term":[{"taxonomy":"product_brand","embeddable":true,"href":"https:\/\/mps.digital-monkey.in\/es\/wp-json\/wp\/v2\/product_brand?post=39483"},{"taxonomy":"product_cat","embeddable":true,"href":"https:\/\/mps.digital-monkey.in\/es\/wp-json\/wp\/v2\/product_cat?post=39483"},{"taxonomy":"product_tag","embeddable":true,"href":"https:\/\/mps.digital-monkey.in\/es\/wp-json\/wp\/v2\/product_tag?post=39483"}],"curies":[{"name":"wp","href":"https:\/\/api.w.org\/{rel}","templated":true}]}}