{"id":39509,"date":"2025-10-22T08:04:54","date_gmt":"2025-10-22T08:04:54","guid":{"rendered":"https:\/\/mps.digital-monkey.in\/product\/tapon-del-enfriador-de-aceite-volvo-penta-829084\/"},"modified":"2025-10-22T08:07:26","modified_gmt":"2025-10-22T08:07:26","slug":"tapon-del-enfriador-de-aceite-volvo-penta-829084","status":"publish","type":"product","link":"https:\/\/mps.digital-monkey.in\/es\/product\/tapon-del-enfriador-de-aceite-volvo-penta-829084\/","title":{"rendered":"Tap\u00f3n del enfriador de aceite Volvo Penta 829084"},"content":{"rendered":"<h3 data-start=\"122\" data-end=\"202\"><strong data-start=\"126\" data-end=\"202\">Tap\u00f3n del enfriador de aceite Volvo Penta (N\u00ba de pieza 829084) &#8211; Usado, limpiado e inspeccionado<\/strong><\/h3>\n<p data-start=\"204\" data-end=\"462\">Mant\u00e9n el rendimiento de tu motor Volvo Penta con este <strong data-start=\"261\" data-end=\"310\">tap\u00f3n del enfriador de aceite original Volvo Penta 829084<\/strong>. Esta <strong data-start=\"317\" data-end=\"339\">pieza original usada<\/strong> ha sido <strong data-start=\"349\" data-end=\"389\">limpiada e inspeccionada profesionalmente<\/strong> para garantizar que cumple las normas de funcionamiento y est\u00e1 lista para su instalaci\u00f3n.<\/p>\n<p data-start=\"464\" data-end=\"486\"><strong data-start=\"464\" data-end=\"484\">Detalles del producto:<\/strong><\/p>\n<ul data-start=\"487\" data-end=\"726\">\n<li data-start=\"487\" data-end=\"558\">\n<p data-start=\"489\" data-end=\"558\"><strong data-start=\"489\" data-end=\"503\">Estado:<\/strong> Usado &#8211; limpiado, inspeccionado y en buen estado de funcionamiento<\/p>\n<\/li>\n<li data-start=\"559\" data-end=\"590\">\n<p data-start=\"561\" data-end=\"590\"><strong data-start=\"561\" data-end=\"581\">N\u00famero de pieza OEM:<\/strong> 829084<\/p>\n<\/li>\n<li data-start=\"591\" data-end=\"619\">\n<p data-start=\"593\" data-end=\"619\"><strong data-start=\"593\" data-end=\"602\">Tipo:<\/strong> Tap\u00f3n del enfriador de aceite<\/p>\n<\/li>\n<li data-start=\"620\" data-end=\"726\">\n<p data-start=\"622\" data-end=\"726\"><strong data-start=\"622\" data-end=\"640\">Compatibilidad:<\/strong> Se adapta a determinados motores marinos Volvo Penta (comprueba el n\u00famero de pieza de tu modelo espec\u00edfico)<\/p>\n<\/li>\n<\/ul>\n<p data-start=\"728\" data-end=\"743\"><strong data-start=\"728\" data-end=\"741\">Caracter\u00edsticas:<\/strong><\/p>\n<ul data-start=\"744\" data-end=\"967\">\n<li data-start=\"744\" data-end=\"793\">\n<p data-start=\"746\" data-end=\"793\">Calidad original Volvo Penta para un ajuste perfecto<\/p>\n<\/li>\n<li data-start=\"932\" data-end=\"967\">\n<p data-start=\"934\" data-end=\"967\">Pieza de recambio econ\u00f3mica<\/p>\n<\/li>\n<\/ul>\n<p>&nbsp;<\/p>\n<p>Se adapta a los motores diesel marinos <strong data-start=\"138\" data-end=\"176\">Volvo Penta MD21, MD21A y MD21B<\/strong>, as\u00ed como a otros modelos que utilizan el tap\u00f3n del enfriador de aceite con el n\u00famero de pieza <strong data-start=\"257\" data-end=\"267\">829084<\/strong>. Comprueba siempre la compatibilidad con el n\u00famero de serie de tu motor antes de comprarlo.<\/p>\n<p data-start=\"969\" data-end=\"1104\"><strong data-start=\"969\" data-end=\"979\">Notas:<\/strong><br data-start=\"979\" data-end=\"982\">Se trata de un <strong data-start=\"992\" data-end=\"1014\">componente OEM usado;<\/strong>puede presentar desgaste <strong data-start=\"992\" data-end=\"1014\">cosm\u00e9tico<\/strong>, pero se ha <strong data-start=\"1061\" data-end=\"1101\">comprobado su integridad y rendimiento<\/strong>.<\/p>\n<p data-start=\"1111\" data-end=\"1300\" data-is-last-node=\"\" data-is-only-node=\"\">\n","protected":false},"excerpt":{"rendered":"<p>Tap\u00f3n del enfriador de aceite Volvo Penta (N\u00ba de pieza 829084) &#8211; Usado, limpiado e inspeccionado Mant\u00e9n el rendimiento de tu motor Volvo Penta con este tap\u00f3n del enfriador de aceite original Volvo Penta 829084. Esta pieza original usada ha sido limpiada e inspeccionada profesionalmente para garantizar que cumple las normas de funcionamiento y est\u00e1 [&hellip;]<\/p>\n","protected":false},"featured_media":39510,"comment_status":"open","ping_status":"closed","template":"","meta":[],"product_brand":[4229],"product_cat":[4486,4495,3581,3599,2518],"product_tag":[],"class_list":{"0":"post-39509","1":"product","2":"type-product","3":"status-publish","4":"has-post-thumbnail","6":"product_brand-volvo-penta","7":"product_cat-necesitas-piezas-volvo-penta","8":"product_cat-comprar-recambios-usados-volvo-penta","9":"product_cat-intercambiadores-de-calor-y-postenfriadores","10":"product_cat-mangueras-y-racores","11":"product_cat-piezas-de-motor","12":"pa_condition-usado","13":"pa_model-md21","14":"pa_model-md21a","15":"pa_model-md21b","16":"pa_oem-or-aftermarket-oem","18":"first","19":"instock","20":"taxable","21":"shipping-taxable","22":"purchasable","23":"product-type-simple"},"supplier_id":null,"supplier_sku":"","barcode":null,"atum_controlled":true,"out_stock_date":null,"out_stock_threshold":null,"inheritable":false,"inbound_stock":0,"stock_on_hold":0,"sold_today":0,"sales_last_days":0,"reserved_stock":0,"customer_returns":0,"warehouse_damage":0,"lost_in_post":0,"other_logs":0,"out_stock_days":0,"lost_sales":0,"has_location":false,"update_date":"2025-11-04T10:45:03","atum_locations":[],"atum_stock_status":"instock","restock_status":false,"low_stock_amount":0,"sales_update_date":"2025-10-22T14:30:13","calc_backorders":null,"_links":{"self":[{"href":"https:\/\/mps.digital-monkey.in\/es\/wp-json\/wp\/v2\/product\/39509","targetHints":{"allow":["GET"]}}],"collection":[{"href":"https:\/\/mps.digital-monkey.in\/es\/wp-json\/wp\/v2\/product"}],"about":[{"href":"https:\/\/mps.digital-monkey.in\/es\/wp-json\/wp\/v2\/types\/product"}],"replies":[{"embeddable":true,"href":"https:\/\/mps.digital-monkey.in\/es\/wp-json\/wp\/v2\/comments?post=39509"}],"wp:featuredmedia":[{"embeddable":true,"href":"https:\/\/mps.digital-monkey.in\/es\/wp-json\/wp\/v2\/media\/39510"}],"wp:attachment":[{"href":"https:\/\/mps.digital-monkey.in\/es\/wp-json\/wp\/v2\/media?parent=39509"}],"wp:term":[{"taxonomy":"product_brand","embeddable":true,"href":"https:\/\/mps.digital-monkey.in\/es\/wp-json\/wp\/v2\/product_brand?post=39509"},{"taxonomy":"product_cat","embeddable":true,"href":"https:\/\/mps.digital-monkey.in\/es\/wp-json\/wp\/v2\/product_cat?post=39509"},{"taxonomy":"product_tag","embeddable":true,"href":"https:\/\/mps.digital-monkey.in\/es\/wp-json\/wp\/v2\/product_tag?post=39509"}],"curies":[{"name":"wp","href":"https:\/\/api.w.org\/{rel}","templated":true}]}}