{"id":39526,"date":"2025-10-22T08:24:04","date_gmt":"2025-10-22T08:24:04","guid":{"rendered":"https:\/\/mps.digital-monkey.in\/product\/tapon-del-enfriador-de-aceite-volvo-penta-826805\/"},"modified":"2025-10-22T08:27:09","modified_gmt":"2025-10-22T08:27:09","slug":"tapon-del-enfriador-de-aceite-volvo-penta-826805","status":"publish","type":"product","link":"https:\/\/mps.digital-monkey.in\/es\/producto\/tapon-del-enfriador-de-aceite-volvo-penta-826805\/","title":{"rendered":"Tap\u00f3n del enfriador de aceite Volvo Penta 826805"},"content":{"rendered":"<h2 data-start=\"279\" data-end=\"359\"><strong data-start=\"282\" data-end=\"359\">Tap\u00f3n del enfriador de aceite Volvo Penta 826805 | Genuino OEM usado<\/strong><strong data-start=\"282\" data-end=\"359\"> Pieza<\/strong><\/h2>\n<p data-start=\"389\" data-end=\"813\">Aseg\u00farate de que tu motor marino Volvo Penta funciona eficientemente con este <strong data-start=\"458\" data-end=\"514\">tap\u00f3n del enfriador de aceite Volvo Penta original (N\u00ba de pieza 826805)<\/strong>. Esta <g id=\"gid_1\">pieza OEM usada<\/g> ha sido <g id=\"gid_2\">limpiada e inspeccionada profesionalmente<\/g> para garantizar un rendimiento fiable y un ajuste adecuado. Dise\u00f1ado para sellar firmemente el enfriador de aceite de tu motor, ayuda a mantener una presi\u00f3n de aceite y una eficacia de refrigeraci\u00f3n \u00f3ptimas, al tiempo que evita fugas en entornos marinos exigentes.  <\/p>\n<p data-start=\"815\" data-end=\"985\">Fabricado seg\u00fan las estrictas normas de Volvo Penta, este tap\u00f3n ofrece la misma calidad y precisi\u00f3n que un recambio nuevo, a un precio excelente para las necesidades de mantenimiento y reparaci\u00f3n.<\/p>\n<h3 data-start=\"1454\" data-end=\"1475\"><strong data-start=\"1458\" data-end=\"1475\">Compatibilidad<\/strong><\/h3>\n<ul data-start=\"1476\" data-end=\"1732\">\n<li data-start=\"1476\" data-end=\"1546\">\n<p data-start=\"1478\" data-end=\"1546\">Se adapta a los motores diesel marinos <strong data-start=\"1483\" data-end=\"1521\">Volvo Penta MD21, MD21A y MD21B<\/strong>.<\/p>\n<\/li>\n<li data-start=\"1547\" data-end=\"1631\">\n<p data-start=\"1549\" data-end=\"1631\">Tambi\u00e9n puede adaptarse a otros modelos Volvo Penta que utilicen el mismo dise\u00f1o de tap\u00f3n del enfriador de aceite.<\/p>\n<\/li>\n<li data-start=\"1632\" data-end=\"1732\">\n<p data-start=\"1634\" data-end=\"1732\">Confirma siempre la compatibilidad con el n\u00famero de serie de tu motor o el manual de servicio antes de comprar.<\/p>\n<\/li>\n<\/ul>\n<h3 data-start=\"1739\" data-end=\"1756\"><strong data-start=\"1743\" data-end=\"1756\">Condici\u00f3n<\/strong><\/h3>\n<ul data-start=\"1757\" data-end=\"1932\">\n<li data-start=\"1757\" data-end=\"1821\">\n<p data-start=\"1759\" data-end=\"1821\"><strong data-start=\"1759\" data-end=\"1776\">Pieza OEM usada<\/strong> - <strong data-start=\"1794\" data-end=\"1819\">limpiada e inspeccionada<\/strong> profesionalmente<\/p>\n<\/li>\n<li data-start=\"1822\" data-end=\"1877\">\n<p data-start=\"1824\" data-end=\"1877\"><strong data-start=\"1824\" data-end=\"1850\">Buen estado de funcionamiento<\/strong> - listo para instalar<\/p>\n<\/li>\n<li data-start=\"1878\" data-end=\"1932\">\n<p data-start=\"1880\" data-end=\"1932\"><strong data-start=\"1880\" data-end=\"1904\">Desgaste cosm\u00e9tico normal<\/strong> debido al uso previo<\/p>\n<\/li>\n<\/ul>\n<h3 data-start=\"1939\" data-end=\"1961\"><strong data-start=\"1943\" data-end=\"1961\">Especificaciones<\/strong><\/h3>\n<ul data-start=\"1962\" data-end=\"2188\">\n<li data-start=\"1962\" data-end=\"1988\">\n<p data-start=\"1964\" data-end=\"1988\"><strong data-start=\"1964\" data-end=\"1974\">Marca:<\/strong> Volvo Penta<\/p>\n<\/li>\n<li data-start=\"1989\" data-end=\"2016\">\n<p data-start=\"1991\" data-end=\"2016\"><strong data-start=\"1991\" data-end=\"2007\">N\u00famero de pieza:<\/strong> 826805<\/p>\n<\/li>\n<li data-start=\"2108\" data-end=\"2142\">\n<p data-start=\"2110\" data-end=\"2142\"><strong data-start=\"2110\" data-end=\"2121\">Acabado:<\/strong> Acabado OEM limpio<\/p>\n<\/li>\n<li data-start=\"2143\" data-end=\"2188\">\n<p data-start=\"2145\" data-end=\"2188\"><strong data-start=\"2145\" data-end=\"2156\">Origen:<\/strong> Componente original Volvo Penta<\/p>\n<\/li>\n<\/ul>\n<h3 data-start=\"2195\" data-end=\"2239\"><strong data-start=\"2199\" data-end=\"2239\">Por qu\u00e9 elegir recambios originales Volvo Penta<\/strong><\/h3>\n<p data-start=\"2240\" data-end=\"2504\">El uso de recambios originales Volvo Penta garantiza que tu motor conserve la fiabilidad, el rendimiento y la eficacia dise\u00f1ados. Los componentes OEM est\u00e1n dise\u00f1ados con precisi\u00f3n para ajustarse perfectamente y rendir en condiciones marinas, ayud\u00e1ndote a evitar el desgaste prematuro y los costosos tiempos de inactividad. <\/p>\n","protected":false},"excerpt":{"rendered":"<p>Tap\u00f3n del enfriador de aceite Volvo Penta 826805 | Genuino OEM usado Pieza Aseg\u00farate de que tu motor marino Volvo Penta funciona eficientemente con este tap\u00f3n del enfriador de aceite Volvo Penta original (N\u00ba de pieza 826805). Esta pieza OEM usada ha sido limpiada e inspeccionada profesionalmente para garantizar un rendimiento fiable y un ajuste [&hellip;]<\/p>\n","protected":false},"featured_media":39527,"comment_status":"open","ping_status":"closed","template":"","meta":[],"product_brand":[4229],"product_cat":[4486,4495,3581,2518,3244],"product_tag":[],"class_list":{"0":"post-39526","1":"product","2":"type-product","3":"status-publish","4":"has-post-thumbnail","6":"product_brand-volvo-penta","7":"product_cat-necesitas-piezas-volvo-penta","8":"product_cat-comprar-recambios-usados-volvo-penta","9":"product_cat-intercambiadores-de-calor-y-postenfriadores","10":"product_cat-piezas-de-motor","11":"product_cat-sistemas-de-refrigeracion","12":"pa_condition-usado","13":"pa_model-md21","14":"pa_model-md21a","15":"pa_model-md21b","16":"pa_oem-or-aftermarket-oem","18":"first","19":"instock","20":"taxable","21":"shipping-taxable","22":"purchasable","23":"product-type-simple"},"supplier_id":null,"supplier_sku":"","barcode":null,"atum_controlled":true,"out_stock_date":null,"out_stock_threshold":null,"inheritable":false,"inbound_stock":0,"stock_on_hold":0,"sold_today":0,"sales_last_days":0,"reserved_stock":0,"customer_returns":0,"warehouse_damage":0,"lost_in_post":0,"other_logs":0,"out_stock_days":0,"lost_sales":0,"has_location":false,"update_date":"2026-03-20T13:24:52","atum_locations":[],"atum_stock_status":"instock","restock_status":false,"low_stock_amount":1,"sales_update_date":"2026-03-20T13:24:52","calc_backorders":null,"_links":{"self":[{"href":"https:\/\/mps.digital-monkey.in\/es\/wp-json\/wp\/v2\/product\/39526","targetHints":{"allow":["GET"]}}],"collection":[{"href":"https:\/\/mps.digital-monkey.in\/es\/wp-json\/wp\/v2\/product"}],"about":[{"href":"https:\/\/mps.digital-monkey.in\/es\/wp-json\/wp\/v2\/types\/product"}],"replies":[{"embeddable":true,"href":"https:\/\/mps.digital-monkey.in\/es\/wp-json\/wp\/v2\/comments?post=39526"}],"wp:featuredmedia":[{"embeddable":true,"href":"https:\/\/mps.digital-monkey.in\/es\/wp-json\/wp\/v2\/media\/39527"}],"wp:attachment":[{"href":"https:\/\/mps.digital-monkey.in\/es\/wp-json\/wp\/v2\/media?parent=39526"}],"wp:term":[{"taxonomy":"product_brand","embeddable":true,"href":"https:\/\/mps.digital-monkey.in\/es\/wp-json\/wp\/v2\/product_brand?post=39526"},{"taxonomy":"product_cat","embeddable":true,"href":"https:\/\/mps.digital-monkey.in\/es\/wp-json\/wp\/v2\/product_cat?post=39526"},{"taxonomy":"product_tag","embeddable":true,"href":"https:\/\/mps.digital-monkey.in\/es\/wp-json\/wp\/v2\/product_tag?post=39526"}],"curies":[{"name":"wp","href":"https:\/\/api.w.org\/{rel}","templated":true}]}}