{"id":39543,"date":"2025-10-23T14:31:51","date_gmt":"2025-10-23T14:31:51","guid":{"rendered":"https:\/\/mps.digital-monkey.in\/product\/codo-de-escape-volvo-penta-840690\/"},"modified":"2025-11-18T12:39:56","modified_gmt":"2025-11-18T12:39:56","slug":"codo-de-escape-volvo-penta-840690","status":"publish","type":"product","link":"https:\/\/mps.digital-monkey.in\/es\/producto\/codo-de-escape-volvo-penta-840690\/","title":{"rendered":"Codo de escape Volvo Penta 840690"},"content":{"rendered":"<p data-start=\"201\" data-end=\"539\">El <strong data-start=\"205\" data-end=\"229\">codo de escape 840690<\/strong> est\u00e1 dise\u00f1ado para ofrecer un rendimiento fiable y durabilidad a los motores marinos Volvo Penta. Construido con materiales marinos de alta calidad, este codo de escape garantiza un flujo eficaz de los gases de escape, minimiza la contrapresi\u00f3n y proporciona una excelente resistencia a la corrosi\u00f3n para una larga vida \u00fatil en entornos marinos exigentes.<\/p>\n<p data-start=\"541\" data-end=\"729\">Dise\u00f1ado para un ajuste preciso y una instalaci\u00f3n f\u00e1cil, sirve como recambio directo de la pieza original Volvo Penta, ayudando a mantener un rendimiento \u00f3ptimo del motor y la eficacia de la refrigeraci\u00f3n.<\/p>\n<p data-start=\"731\" data-end=\"787\"><strong data-start=\"731\" data-end=\"785\">Compatible con los siguientes motores Volvo Penta:<\/strong><\/p>\n<ul data-start=\"788\" data-end=\"1018\">\n<li data-start=\"788\" data-end=\"848\">\n<p data-start=\"790\" data-end=\"848\"><strong data-start=\"790\" data-end=\"818\">Volvo Penta Serie 2001:<\/strong> 2001, 2001B, 2001AG, 2001BG<\/p>\n<\/li>\n<li data-start=\"849\" data-end=\"916\">\n<p data-start=\"851\" data-end=\"916\"><strong data-start=\"851\" data-end=\"879\">Volvo Penta Serie 2002:<\/strong> 2002, 2002B, 2002D, 2002AG, 2002BG<\/p>\n<\/li>\n<li data-start=\"917\" data-end=\"1018\">\n<p data-start=\"919\" data-end=\"1018\"><strong data-start=\"919\" data-end=\"947\">Volvo Penta Serie 2003:<\/strong> 2003, 2003B, 2003D, 2003AG, 2003BG, 2003T, 2003TB, 2003 SOLAS, 2003B<\/p>\n<\/li>\n<\/ul>\n<p data-start=\"1020\" data-end=\"1039\"><strong data-start=\"1020\" data-end=\"1037\">Caracter\u00edsticas principales:<\/strong><\/p>\n<ul data-start=\"1040\" data-end=\"1309\">\n<li data-start=\"1040\" data-end=\"1094\">\n<p data-start=\"1042\" data-end=\"1094\">Sustituci\u00f3n directa de la pieza <strong data-start=\"1082\" data-end=\"1092\">840690<\/strong> de Volvo Penta<\/p>\n<\/li>\n<li data-start=\"1095\" data-end=\"1147\">\n<p data-start=\"1097\" data-end=\"1147\">Fabricado con materiales marinos de primera calidad<\/p>\n<\/li>\n<li data-start=\"1148\" data-end=\"1202\">\n<p data-start=\"1150\" data-end=\"1202\">Resistente a la corrosi\u00f3n y al calor para una mayor vida \u00fatil<\/p>\n<\/li>\n<li data-start=\"1203\" data-end=\"1257\">\n<p data-start=\"1205\" data-end=\"1257\">Flujo de escape optimizado para un funcionamiento estable del motor<\/p>\n<\/li>\n<li data-start=\"1258\" data-end=\"1309\">\n<p data-start=\"1260\" data-end=\"1309\">F\u00e1cil de instalar con ajuste y alineaci\u00f3n precisos<\/p>\n<\/li>\n<\/ul>\n<p data-start=\"1311\" data-end=\"1436\"><strong data-start=\"1311\" data-end=\"1327\">Perfecto para:<\/strong> Propietarios de motores Volvo Penta que buscan una soluci\u00f3n de escape fiable fabricada para soportar el entorno marino.<\/p>\n","protected":false},"excerpt":{"rendered":"<p>El codo de escape 840690 est\u00e1 dise\u00f1ado para ofrecer un rendimiento fiable y durabilidad a los motores marinos Volvo Penta. Construido con materiales marinos de alta calidad, este codo de escape garantiza un flujo eficaz de los gases de escape, minimiza la contrapresi\u00f3n y proporciona una excelente resistencia a la corrosi\u00f3n para una larga vida [&hellip;]<\/p>\n","protected":false},"featured_media":39544,"comment_status":"open","ping_status":"closed","template":"","meta":[],"product_brand":[4229],"product_cat":[4486,3205,2518,4464,4469,4472,4475,3204,4302,4462],"product_tag":[],"class_list":{"0":"post-39543","1":"product","2":"type-product","3":"status-publish","4":"has-post-thumbnail","6":"product_brand-volvo-penta","7":"product_cat-necesitas-piezas-volvo-penta","8":"product_cat-codos-de-escape","9":"product_cat-piezas-de-motor","10":"product_cat-recambios-volvo-penta-2001","11":"product_cat-recambios-volvo-penta-2002","12":"product_cat-recambios-volvo-penta-2003","13":"product_cat-recambios-volvo-penta-2003t","14":"product_cat-sistemas-de-escape","15":"product_cat-volvo-penta","16":"product_cat-volvo-penta-serie-2000","17":"pa_condition-nuevo","18":"pa_model-3111","19":"pa_model-3112","20":"pa_model-3113","21":"pa_oem-or-aftermarket-posventa","23":"first","24":"onbackorder","25":"taxable","26":"shipping-taxable","27":"purchasable","28":"product-type-simple"},"supplier_id":7294,"supplier_sku":"MAR690","barcode":null,"atum_controlled":true,"out_stock_date":"2026-03-17 13:56:00","out_stock_threshold":null,"inheritable":false,"inbound_stock":0,"stock_on_hold":1,"sold_today":1,"sales_last_days":1,"reserved_stock":0,"customer_returns":0,"warehouse_damage":0,"lost_in_post":0,"other_logs":0,"out_stock_days":0,"lost_sales":0,"has_location":false,"update_date":"2026-03-17T13:56:18","atum_locations":[],"atum_stock_status":"onbackorder","restock_status":false,"low_stock_amount":1,"sales_update_date":"2026-03-17T13:56:18","calc_backorders":0,"_links":{"self":[{"href":"https:\/\/mps.digital-monkey.in\/es\/wp-json\/wp\/v2\/product\/39543","targetHints":{"allow":["GET"]}}],"collection":[{"href":"https:\/\/mps.digital-monkey.in\/es\/wp-json\/wp\/v2\/product"}],"about":[{"href":"https:\/\/mps.digital-monkey.in\/es\/wp-json\/wp\/v2\/types\/product"}],"replies":[{"embeddable":true,"href":"https:\/\/mps.digital-monkey.in\/es\/wp-json\/wp\/v2\/comments?post=39543"}],"wp:featuredmedia":[{"embeddable":true,"href":"https:\/\/mps.digital-monkey.in\/es\/wp-json\/wp\/v2\/media\/39544"}],"wp:attachment":[{"href":"https:\/\/mps.digital-monkey.in\/es\/wp-json\/wp\/v2\/media?parent=39543"}],"wp:term":[{"taxonomy":"product_brand","embeddable":true,"href":"https:\/\/mps.digital-monkey.in\/es\/wp-json\/wp\/v2\/product_brand?post=39543"},{"taxonomy":"product_cat","embeddable":true,"href":"https:\/\/mps.digital-monkey.in\/es\/wp-json\/wp\/v2\/product_cat?post=39543"},{"taxonomy":"product_tag","embeddable":true,"href":"https:\/\/mps.digital-monkey.in\/es\/wp-json\/wp\/v2\/product_tag?post=39543"}],"curies":[{"name":"wp","href":"https:\/\/api.w.org\/{rel}","templated":true}]}}