{"id":39640,"date":"2025-10-24T11:59:41","date_gmt":"2025-10-24T11:59:41","guid":{"rendered":"https:\/\/mps.digital-monkey.in\/product\/codo-de-escape-de-acero-inoxidable-volvo-penta-d6-d4-21700014-22948847\/"},"modified":"2025-10-24T11:59:41","modified_gmt":"2025-10-24T11:59:41","slug":"codo-de-escape-de-acero-inoxidable-volvo-penta-d6-d4-21700014-22948847","status":"publish","type":"product","link":"https:\/\/mps.digital-monkey.in\/es\/producto\/codo-de-escape-de-acero-inoxidable-volvo-penta-d6-d4-21700014-22948847\/","title":{"rendered":"Codo de escape de acero inoxidable Volvo Penta D6 \/ D4 - 21700014 \/ 22948847"},"content":{"rendered":"<p data-start=\"274\" data-end=\"665\"><strong data-start=\"274\" data-end=\"298\">Descripci\u00f3n del producto:<\/strong><br data-start=\"298\" data-end=\"301\">Este codo de escape de acero inoxidable Volvo Penta (N\u00ba de pieza 21700014 \/ 22948847) es una pieza de recambio de alta calidad dise\u00f1ada para ofrecer un rendimiento fiable y una gran durabilidad. Fabricado en acero inoxidable 316 de primera calidad y mecanizado mediante CNC para mayor precisi\u00f3n, este codo de escape garantiza un flujo de escape eficaz, una larga vida \u00fatil y resistencia a la corrosi\u00f3n en entornos marinos. <\/p>\n<p data-start=\"667\" data-end=\"811\">Compatible con una amplia gama de modelos de motor Volvo Penta D4 y D6, este codo de escape es un excelente recambio para unidades desgastadas o da\u00f1adas.<\/p>\n<p data-start=\"813\" data-end=\"838\"><strong data-start=\"813\" data-end=\"836\">Motores compatibles:<\/strong><\/p>\n<ul data-start=\"839\" data-end=\"1420\">\n<li data-start=\"839\" data-end=\"910\">\n<p data-start=\"841\" data-end=\"910\"><strong data-start=\"841\" data-end=\"855\">Serie D4:<\/strong> D4-300-D-A, D4-300-D-C, D4-300-D-E, D4-300-D-E (IPS)<\/p>\n<\/li>\n<li data-start=\"911\" data-end=\"1420\">\n<p data-start=\"913\" data-end=\"929\"><strong data-start=\"913\" data-end=\"927\">Serie D6:<\/strong><\/p>\n<ul data-start=\"932\" data-end=\"1420\">\n<li data-start=\"932\" data-end=\"989\">\n<p data-start=\"934\" data-end=\"989\">D6-280A-A, D6-280A-B, D6-280A-C, D6-280A-D, D6-280A-E<\/p>\n<\/li>\n<li data-start=\"992\" data-end=\"1016\">\n<p data-start=\"994\" data-end=\"1016\">D6-300A-F, D6-300D-F<\/p>\n<\/li>\n<li data-start=\"1019\" data-end=\"1120\">\n<p data-start=\"1021\" data-end=\"1120\">D6-310A-A, D6-310A-B, D6-310A-C, D6-310A-D, D6-310A-E, D6-310D-B, D6-310D-C, D6-310D-D, D6-310D-E<\/p>\n<\/li>\n<li data-start=\"1123\" data-end=\"1235\">\n<p data-start=\"1125\" data-end=\"1235\">D6-330A-B, D6-330A-C, D6-330A-D, D6-330A-E, D6-330A-F, D6-330D-B, D6-330D-C, D6-330D-D, D6-330D-E, D6-330D-F<\/p>\n<\/li>\n<li data-start=\"1238\" data-end=\"1262\">\n<p data-start=\"1240\" data-end=\"1262\">D6-350A-A, D6-350A-B<\/p>\n<\/li>\n<li data-start=\"1265\" data-end=\"1388\">\n<p data-start=\"1267\" data-end=\"1388\">D6-370A-B, D6-370A-C, D6-370A-D, D6-370A-E, D6-370A-F, D6-370D-A, D6-370D-B, D6-370D-C, D6-370D-D, D6-370D-E, D6-370D-F<\/p>\n<\/li>\n<li data-start=\"1391\" data-end=\"1404\">\n<p data-start=\"1393\" data-end=\"1404\">D6-400A-F<\/p>\n<\/li>\n<li data-start=\"1407\" data-end=\"1420\">\n<p data-start=\"1409\" data-end=\"1420\">D6-435D-F<\/p>\n<\/li>\n<\/ul>\n<\/li>\n<\/ul>\n<p data-start=\"1422\" data-end=\"1454\"><strong data-start=\"1422\" data-end=\"1452\">Sustituye a los n\u00fameros de pieza OEM:<\/strong><\/p>\n<ul data-start=\"1455\" data-end=\"1505\">\n<li data-start=\"1455\" data-end=\"1467\">\n<p data-start=\"1457\" data-end=\"1467\">21700014<\/p>\n<\/li>\n<li data-start=\"1468\" data-end=\"1480\">\n<p data-start=\"1470\" data-end=\"1480\">22948847<\/p>\n<\/li>\n<li data-start=\"1481\" data-end=\"1493\">\n<p data-start=\"1483\" data-end=\"1493\">22671214<\/p>\n<\/li>\n<li data-start=\"1494\" data-end=\"1505\">\n<p data-start=\"1496\" data-end=\"1505\">3583902<\/p>\n<\/li>\n<\/ul>\n<p data-start=\"1507\" data-end=\"1526\"><strong data-start=\"1507\" data-end=\"1524\">Caracter\u00edsticas principales:<\/strong><\/p>\n<ul data-start=\"1527\" data-end=\"1834\">\n<li data-start=\"1527\" data-end=\"1593\">\n<p data-start=\"1529\" data-end=\"1593\">Material: Acero inoxidable 316 para una m\u00e1xima resistencia a la corrosi\u00f3n<\/p>\n<\/li>\n<li data-start=\"1594\" data-end=\"1647\">\n<p data-start=\"1596\" data-end=\"1647\">Mecanizado por CNC para un ajuste preciso y un sellado fiable<\/p>\n<\/li>\n<li data-start=\"1648\" data-end=\"1719\">\n<p data-start=\"1650\" data-end=\"1719\">Recambio directo para varios modelos de motores Volvo Penta D4 y D6<\/p>\n<\/li>\n<li data-start=\"1720\" data-end=\"1783\">\n<p data-start=\"1722\" data-end=\"1783\">Garantiza un flujo de escape eficaz y un rendimiento duradero<\/p>\n<\/li>\n<li data-start=\"1784\" data-end=\"1834\">\n<p data-start=\"1786\" data-end=\"1834\">Dise\u00f1ado para uso marino y entornos dif\u00edciles<\/p>\n<\/li>\n<\/ul>\n<p data-start=\"1929\" data-end=\"2136\">\n","protected":false},"excerpt":{"rendered":"<p>Descripci\u00f3n del producto:Este codo de escape de acero inoxidable Volvo Penta (N\u00ba de pieza 21700014 \/ 22948847) es una pieza de recambio de alta calidad dise\u00f1ada para ofrecer un rendimiento fiable y una gran durabilidad. Fabricado en acero inoxidable 316 de primera calidad y mecanizado mediante CNC para mayor precisi\u00f3n, este codo de escape garantiza [&hellip;]<\/p>\n","protected":false},"featured_media":39641,"comment_status":"open","ping_status":"closed","template":"","meta":[],"product_brand":[4229],"product_cat":[4486,3205,2518,3204],"product_tag":[],"class_list":{"0":"post-39640","1":"product","2":"type-product","3":"status-publish","4":"has-post-thumbnail","6":"product_brand-volvo-penta","7":"product_cat-necesitas-piezas-volvo-penta","8":"product_cat-codos-de-escape","9":"product_cat-piezas-de-motor","10":"product_cat-sistemas-de-escape","11":"pa_condition-nuevo","12":"pa_model-d4-300","13":"pa_model-d6-280","14":"pa_model-d6-300","15":"pa_model-d6-310","16":"pa_model-d6-330","17":"pa_model-d6-350","18":"pa_model-d6-370","19":"pa_model-d6-400","20":"pa_model-d6-435","21":"pa_oem-or-aftermarket-posventa","23":"first","24":"onbackorder","25":"taxable","26":"shipping-taxable","27":"purchasable","28":"product-type-simple"},"supplier_id":7294,"supplier_sku":"MAR847INOX","barcode":null,"atum_controlled":true,"out_stock_date":"2025-11-02 17:30:27","out_stock_threshold":null,"inheritable":false,"inbound_stock":0,"stock_on_hold":0,"sold_today":0,"sales_last_days":0,"reserved_stock":0,"customer_returns":0,"warehouse_damage":0,"lost_in_post":0,"other_logs":0,"out_stock_days":45,"lost_sales":0,"has_location":false,"update_date":"2025-12-18T10:46:47","atum_locations":[],"atum_stock_status":"onbackorder","restock_status":false,"low_stock_amount":1,"sales_update_date":"2025-12-18T10:46:47","calc_backorders":null,"_links":{"self":[{"href":"https:\/\/mps.digital-monkey.in\/es\/wp-json\/wp\/v2\/product\/39640","targetHints":{"allow":["GET"]}}],"collection":[{"href":"https:\/\/mps.digital-monkey.in\/es\/wp-json\/wp\/v2\/product"}],"about":[{"href":"https:\/\/mps.digital-monkey.in\/es\/wp-json\/wp\/v2\/types\/product"}],"replies":[{"embeddable":true,"href":"https:\/\/mps.digital-monkey.in\/es\/wp-json\/wp\/v2\/comments?post=39640"}],"wp:featuredmedia":[{"embeddable":true,"href":"https:\/\/mps.digital-monkey.in\/es\/wp-json\/wp\/v2\/media\/39641"}],"wp:attachment":[{"href":"https:\/\/mps.digital-monkey.in\/es\/wp-json\/wp\/v2\/media?parent=39640"}],"wp:term":[{"taxonomy":"product_brand","embeddable":true,"href":"https:\/\/mps.digital-monkey.in\/es\/wp-json\/wp\/v2\/product_brand?post=39640"},{"taxonomy":"product_cat","embeddable":true,"href":"https:\/\/mps.digital-monkey.in\/es\/wp-json\/wp\/v2\/product_cat?post=39640"},{"taxonomy":"product_tag","embeddable":true,"href":"https:\/\/mps.digital-monkey.in\/es\/wp-json\/wp\/v2\/product_tag?post=39640"}],"curies":[{"name":"wp","href":"https:\/\/api.w.org\/{rel}","templated":true}]}}