{"id":39725,"date":"2025-10-27T10:16:19","date_gmt":"2025-10-27T10:16:19","guid":{"rendered":"https:\/\/mps.digital-monkey.in\/product\/motor-intraborda-craftsman-marine-cm3-27-27-cv\/"},"modified":"2025-10-27T10:16:19","modified_gmt":"2025-10-27T10:16:19","slug":"motor-intraborda-craftsman-marine-cm3-27-27-cv","status":"publish","type":"product","link":"https:\/\/mps.digital-monkey.in\/es\/producto\/motor-intraborda-craftsman-marine-cm3-27-27-cv\/","title":{"rendered":"Motor intraborda Craftsman Marine CM3.27 - 27 CV"},"content":{"rendered":"<p data-start=\"89\" data-end=\"139\"><strong data-start=\"89\" data-end=\"137\">Motor intraborda Craftsman Marine CM3.27 - 27 CV<\/strong><\/p>\n<p data-start=\"141\" data-end=\"415\">El <strong data-start=\"145\" data-end=\"170\">Craftsman Marine 3.27<\/strong> es un potente y compacto motor intraborda dise\u00f1ado para embarcaciones peque\u00f1as y medianas. Construido sobre una fiable base Mitsubishi L3E, ofrece un rendimiento suave, una eficaz refrigeraci\u00f3n indirecta y un par motor robusto para una amplia gama de aplicaciones n\u00e1uticas. <\/p>\n<p data-start=\"417\" data-end=\"442\"><strong data-start=\"417\" data-end=\"440\">Especificaciones clave:<\/strong><\/p>\n<ul data-start=\"444\" data-end=\"948\">\n<li data-start=\"444\" data-end=\"475\">\n<p data-start=\"446\" data-end=\"475\"><strong data-start=\"446\" data-end=\"456\">Marca:<\/strong> Craftsman Marine<\/p>\n<\/li>\n<li data-start=\"476\" data-end=\"511\">\n<p data-start=\"478\" data-end=\"511\"><strong data-start=\"478\" data-end=\"494\">Motor base:<\/strong> Mitsubishi L3E<\/p>\n<\/li>\n<li data-start=\"512\" data-end=\"574\">\n<p data-start=\"514\" data-end=\"574\"><strong data-start=\"514\" data-end=\"532\">Configuraci\u00f3n:<\/strong> Aspiraci\u00f3n natural, 3 cilindros, 952 cc<\/p>\n<\/li>\n<li data-start=\"575\" data-end=\"595\">\n<p data-start=\"577\" data-end=\"595\"><strong data-start=\"577\" data-end=\"587\">Potencia:<\/strong> 27 CV<\/p>\n<\/li>\n<li data-start=\"596\" data-end=\"618\">\n<p data-start=\"598\" data-end=\"618\"><strong data-start=\"598\" data-end=\"610\">RPM m\u00e1x:<\/strong> 3,600<\/p>\n<\/li>\n<li data-start=\"619\" data-end=\"642\">\n<p data-start=\"621\" data-end=\"642\"><strong data-start=\"621\" data-end=\"632\">Par motor<\/strong> 58,5 Nm<\/p>\n<\/li>\n<li data-start=\"643\" data-end=\"674\">\n<p data-start=\"645\" data-end=\"674\"><strong data-start=\"645\" data-end=\"660\">Alternador:<\/strong> 70 A \/ 12 V<\/p>\n<\/li>\n<li data-start=\"675\" data-end=\"697\">\n<p data-start=\"677\" data-end=\"697\"><strong data-start=\"677\" data-end=\"688\">Peso:<\/strong> 113 kg<\/p>\n<\/li>\n<li data-start=\"698\" data-end=\"739\">\n<p data-start=\"700\" data-end=\"739\"><strong data-start=\"700\" data-end=\"727\">\u00c1ngulo m\u00e1ximo de instalaci\u00f3n:<\/strong> 15\u00b0 (popa)<\/p>\n<\/li>\n<li data-start=\"740\" data-end=\"792\">\n<p data-start=\"742\" data-end=\"792\"><strong data-start=\"742\" data-end=\"761\">Sistema de refrigeraci\u00f3n:<\/strong> Indirecto, mediante intercambiador de calor<\/p>\n<\/li>\n<li data-start=\"793\" data-end=\"824\">\n<p data-start=\"795\" data-end=\"824\"><strong data-start=\"795\" data-end=\"816\">Di\u00e1metro del escape:<\/strong> 40 mm<\/p>\n<\/li>\n<li data-start=\"825\" data-end=\"890\">\n<p data-start=\"827\" data-end=\"890\"><strong data-start=\"827\" data-end=\"851\">Umbral de vibraci\u00f3n:<\/strong> CM Tipo 3 (delantero) y CM Tipo 4 (trasero)<\/p>\n<\/li>\n<li data-start=\"891\" data-end=\"913\">\n<p data-start=\"893\" data-end=\"913\"><strong data-start=\"893\" data-end=\"905\">Caja de cambios:<\/strong> TMC40<\/p>\n<\/li>\n<li data-start=\"914\" data-end=\"948\">\n<p data-start=\"916\" data-end=\"948\"><strong data-start=\"916\" data-end=\"946\">Conexi\u00f3n de caldera opcional<\/strong><\/p>\n<\/li>\n<\/ul>\n<p data-start=\"950\" data-end=\"979\"><strong data-start=\"950\" data-end=\"977\">Salpicadero y sistema el\u00e9ctrico:<\/strong><\/p>\n<ul data-start=\"980\" data-end=\"1024\">\n<li data-start=\"980\" data-end=\"1024\">\n<p data-start=\"982\" data-end=\"1024\"><strong data-start=\"982\" data-end=\"1000\">Parada el\u00e9ctrica:<\/strong> 10 A (fusible autom\u00e1tico)<\/p>\n<\/li>\n<\/ul>\n<p data-start=\"1026\" data-end=\"1040\"><strong data-start=\"1026\" data-end=\"1038\">Precios:<\/strong><\/p>\n<ul data-start=\"1041\" data-end=\"1120\">\n<li data-start=\"1041\" data-end=\"1078\">\n<p data-start=\"1043\" data-end=\"1078\"><strong data-start=\"1043\" data-end=\"1069\">Con caja de cambios TMC40-2R:<\/strong> 6.995<\/p>\n<\/li>\n<li data-start=\"1079\" data-end=\"1120\">\n<p data-start=\"1081\" data-end=\"1120\"><strong data-start=\"1081\" data-end=\"1111\">Sin caja de cambios (Bobtail):<\/strong> 6.295<\/p>\n<\/li>\n<\/ul>\n<p data-start=\"1122\" data-end=\"1428\"><strong data-start=\"1122\" data-end=\"1163\">\u00bfPor qu\u00e9 elegir el Craftsman Marine 3.27?<\/strong><br data-start=\"1163\" data-end=\"1166\">Fiable y f\u00e1cil de mantener, el 3.27 proporciona una entrega de potencia suave, un par elevado y durabilidad en un paquete compacto. Su sistema de refrigeraci\u00f3n indirecta y su probado motor b\u00e1sico Mitsubishi lo hacen ideal para embarcaciones de recreo y de trabajo que buscan un rendimiento fiable. <\/p>\n","protected":false},"excerpt":{"rendered":"<p>Motor intraborda Craftsman Marine CM3.27 - 27 CV El Craftsman Marine 3.27 es un potente y compacto motor intraborda dise\u00f1ado para embarcaciones peque\u00f1as y medianas. Construido sobre una fiable base Mitsubishi L3E, ofrece un rendimiento suave, una eficaz refrigeraci\u00f3n indirecta y un par motor robusto para una amplia gama de aplicaciones n\u00e1uticas. Especificaciones clave: Marca: [&hellip;]<\/p>\n","protected":false},"featured_media":39722,"comment_status":"open","ping_status":"closed","template":"","meta":[],"product_brand":[],"product_cat":[2493],"product_tag":[],"class_list":{"0":"post-39725","1":"product","2":"type-product","3":"status-publish","4":"has-post-thumbnail","6":"product_cat-motores","7":"product_shipping_class-motor-es","8":"pa_condition-nuevo","10":"first","11":"instock","12":"taxable","13":"shipping-taxable","14":"purchasable","15":"product-type-simple"},"supplier_id":null,"supplier_sku":"","barcode":null,"atum_controlled":true,"out_stock_date":null,"out_stock_threshold":null,"inheritable":false,"inbound_stock":0,"stock_on_hold":0,"sold_today":0,"sales_last_days":0,"reserved_stock":0,"customer_returns":0,"warehouse_damage":0,"lost_in_post":0,"other_logs":0,"out_stock_days":0,"lost_sales":0,"has_location":false,"update_date":"2026-03-10T15:00:30","atum_locations":[],"atum_stock_status":"instock","restock_status":false,"low_stock_amount":"","sales_update_date":"2026-03-10T15:00:30","calc_backorders":null,"_links":{"self":[{"href":"https:\/\/mps.digital-monkey.in\/es\/wp-json\/wp\/v2\/product\/39725","targetHints":{"allow":["GET"]}}],"collection":[{"href":"https:\/\/mps.digital-monkey.in\/es\/wp-json\/wp\/v2\/product"}],"about":[{"href":"https:\/\/mps.digital-monkey.in\/es\/wp-json\/wp\/v2\/types\/product"}],"replies":[{"embeddable":true,"href":"https:\/\/mps.digital-monkey.in\/es\/wp-json\/wp\/v2\/comments?post=39725"}],"wp:featuredmedia":[{"embeddable":true,"href":"https:\/\/mps.digital-monkey.in\/es\/wp-json\/wp\/v2\/media\/39722"}],"wp:attachment":[{"href":"https:\/\/mps.digital-monkey.in\/es\/wp-json\/wp\/v2\/media?parent=39725"}],"wp:term":[{"taxonomy":"product_brand","embeddable":true,"href":"https:\/\/mps.digital-monkey.in\/es\/wp-json\/wp\/v2\/product_brand?post=39725"},{"taxonomy":"product_cat","embeddable":true,"href":"https:\/\/mps.digital-monkey.in\/es\/wp-json\/wp\/v2\/product_cat?post=39725"},{"taxonomy":"product_tag","embeddable":true,"href":"https:\/\/mps.digital-monkey.in\/es\/wp-json\/wp\/v2\/product_tag?post=39725"}],"curies":[{"name":"wp","href":"https:\/\/api.w.org\/{rel}","templated":true}]}}