{"id":39773,"date":"2025-10-28T12:11:02","date_gmt":"2025-10-28T12:11:02","guid":{"rendered":"https:\/\/mps.digital-monkey.in\/product\/motor-intraborda-craftsman-marine-cm4-42-42-cv\/"},"modified":"2025-10-28T12:11:02","modified_gmt":"2025-10-28T12:11:02","slug":"motor-intraborda-craftsman-marine-cm4-42-42-cv","status":"publish","type":"product","link":"https:\/\/mps.digital-monkey.in\/es\/product\/motor-intraborda-craftsman-marine-cm4-42-42-cv\/","title":{"rendered":"Motor intraborda Craftsman Marine CM4.42 &#8211; 42 CV"},"content":{"rendered":"<p data-start=\"227\" data-end=\"856\">El <strong data-start=\"258\" data-end=\"285\">Craftsman Marine CM4.42<\/strong> es un motor para embarcaciones robusto y fiable de 42 CV, dise\u00f1ado para embarcaciones peque\u00f1as y medianas. Basado en el fiable motor Mitsubishi S4L2, ofrece un funcionamiento suave, un par potente y un rendimiento eficiente. Con refrigeraci\u00f3n indirecta mediante un intercambiador de calor y una conexi\u00f3n opcional para caldera, el CM4.42 est\u00e1 dise\u00f1ado para durar en entornos marinos. Su dise\u00f1o compacto, combinado con una caja de cambios TMC60, garantiza una instalaci\u00f3n sencilla y una transferencia de potencia \u00f3ptima. Ideal para embarcaciones de recreo y profesionales, este motor ofrece una potencia fiable para todas tus aventuras marinas.    <\/p>\n<p data-start=\"858\" data-end=\"879\"><strong data-start=\"858\" data-end=\"877\">Especificaciones:<\/strong><\/p>\n<p data-start=\"881\" data-end=\"895\"><strong data-start=\"881\" data-end=\"893\">General:<\/strong><\/p>\n<ul data-start=\"896\" data-end=\"1232\">\n<li data-start=\"896\" data-end=\"923\">\n<p data-start=\"898\" data-end=\"923\">Marca: Craftsman Marine<\/p>\n<\/li>\n<li data-start=\"924\" data-end=\"959\">\n<p data-start=\"926\" data-end=\"959\">Aspiraci\u00f3n: Aspiraci\u00f3n natural<\/p>\n<\/li>\n<li data-start=\"960\" data-end=\"992\">\n<p data-start=\"962\" data-end=\"992\">Motor base: Mitsubishi S4L2<\/p>\n<\/li>\n<li data-start=\"993\" data-end=\"1018\">\n<p data-start=\"995\" data-end=\"1018\">Alternador: 12V \/ 90A<\/p>\n<\/li>\n<li data-start=\"1019\" data-end=\"1037\">\n<p data-start=\"1021\" data-end=\"1037\">Peso: 175 kg<\/p>\n<\/li>\n<li data-start=\"1038\" data-end=\"1079\">\n<p data-start=\"1040\" data-end=\"1079\">\u00c1ngulo m\u00e1ximo de instalaci\u00f3n: 15\u00b0 (en popa)<\/p>\n<\/li>\n<li data-start=\"1080\" data-end=\"1114\">\n<p data-start=\"1082\" data-end=\"1114\">Umbral de vibraci\u00f3n: CM Tipo 5<\/p>\n<\/li>\n<li data-start=\"1115\" data-end=\"1146\">\n<p data-start=\"1117\" data-end=\"1146\">Conexi\u00f3n a caldera: Opcional<\/p>\n<\/li>\n<li data-start=\"1147\" data-end=\"1174\">\n<p data-start=\"1149\" data-end=\"1174\">Di\u00e1metro del escape: 50 mm<\/p>\n<\/li>\n<li data-start=\"1175\" data-end=\"1193\">\n<p data-start=\"1177\" data-end=\"1193\">Caja de cambios: TMC60<\/p>\n<\/li>\n<li data-start=\"1194\" data-end=\"1232\">\n<p data-start=\"1196\" data-end=\"1232\">Refrigeraci\u00f3n: Indirecta (intercambiador de calor)<\/p>\n<\/li>\n<\/ul>\n<p data-start=\"1234\" data-end=\"1252\"><strong data-start=\"1234\" data-end=\"1250\">Rendimiento:<\/strong><\/p>\n<ul data-start=\"1253\" data-end=\"1359\">\n<li data-start=\"1253\" data-end=\"1279\">\n<p data-start=\"1255\" data-end=\"1279\">RPM m\u00e1ximas: 3.000 rpm<\/p>\n<\/li>\n<li data-start=\"1280\" data-end=\"1298\">\n<p data-start=\"1282\" data-end=\"1298\">Par: 105 Nm<\/p>\n<\/li>\n<li data-start=\"1299\" data-end=\"1315\">\n<p data-start=\"1301\" data-end=\"1315\">Potencia: 42 CV<\/p>\n<\/li>\n<li data-start=\"1316\" data-end=\"1332\">\n<p data-start=\"1318\" data-end=\"1332\">Cilindros: 4<\/p>\n<\/li>\n<li data-start=\"1333\" data-end=\"1359\">\n<p data-start=\"1335\" data-end=\"1359\">Cilindrada 1.758 cc<\/p>\n<\/li>\n<\/ul>\n<p data-start=\"1361\" data-end=\"1390\"><strong data-start=\"1361\" data-end=\"1388\">Salpicadero \/ El\u00e9ctrico:<\/strong><\/p>\n<ul data-start=\"1391\" data-end=\"1430\">\n<li data-start=\"1391\" data-end=\"1430\">\n<p data-start=\"1393\" data-end=\"1430\">Parada el\u00e9ctrica: 10A (fusible autom\u00e1tico)<\/p>\n<\/li>\n<\/ul>\n<p data-start=\"1432\" data-end=\"1444\"><strong data-start=\"1432\" data-end=\"1442\">Precio:<\/strong><\/p>\n<ul data-start=\"1445\" data-end=\"1475\">\n<li data-start=\"1445\" data-end=\"1475\">\n<p data-start=\"1447\" data-end=\"1475\">Con caja de cambios TMC60: 8.995 euros<\/p>\n<\/li>\n<\/ul>\n","protected":false},"excerpt":{"rendered":"<p>El Craftsman Marine CM4.42 es un motor para embarcaciones robusto y fiable de 42 CV, dise\u00f1ado para embarcaciones peque\u00f1as y medianas. Basado en el fiable motor Mitsubishi S4L2, ofrece un funcionamiento suave, un par potente y un rendimiento eficiente. Con refrigeraci\u00f3n indirecta mediante un intercambiador de calor y una conexi\u00f3n opcional para caldera, el CM4.42 [&hellip;]<\/p>\n","protected":false},"featured_media":0,"comment_status":"open","ping_status":"closed","template":"","meta":[],"product_brand":[],"product_cat":[2493],"product_tag":[],"class_list":{"0":"post-39773","1":"product","2":"type-product","3":"status-publish","5":"product_cat-motores","6":"product_shipping_class-motor-es","7":"pa_condition-nuevo","9":"first","10":"instock","11":"taxable","12":"shipping-taxable","13":"purchasable","14":"product-type-simple"},"supplier_id":null,"supplier_sku":"","barcode":null,"atum_controlled":true,"out_stock_date":null,"out_stock_threshold":null,"inheritable":false,"inbound_stock":0,"stock_on_hold":0,"sold_today":0,"sales_last_days":0,"reserved_stock":0,"customer_returns":0,"warehouse_damage":0,"lost_in_post":0,"other_logs":0,"out_stock_days":0,"lost_sales":0,"has_location":false,"update_date":"2026-03-10T15:00:30","atum_locations":[],"atum_stock_status":"instock","restock_status":false,"low_stock_amount":"","sales_update_date":"2026-03-10T15:00:30","calc_backorders":null,"_links":{"self":[{"href":"https:\/\/mps.digital-monkey.in\/es\/wp-json\/wp\/v2\/product\/39773","targetHints":{"allow":["GET"]}}],"collection":[{"href":"https:\/\/mps.digital-monkey.in\/es\/wp-json\/wp\/v2\/product"}],"about":[{"href":"https:\/\/mps.digital-monkey.in\/es\/wp-json\/wp\/v2\/types\/product"}],"replies":[{"embeddable":true,"href":"https:\/\/mps.digital-monkey.in\/es\/wp-json\/wp\/v2\/comments?post=39773"}],"wp:attachment":[{"href":"https:\/\/mps.digital-monkey.in\/es\/wp-json\/wp\/v2\/media?parent=39773"}],"wp:term":[{"taxonomy":"product_brand","embeddable":true,"href":"https:\/\/mps.digital-monkey.in\/es\/wp-json\/wp\/v2\/product_brand?post=39773"},{"taxonomy":"product_cat","embeddable":true,"href":"https:\/\/mps.digital-monkey.in\/es\/wp-json\/wp\/v2\/product_cat?post=39773"},{"taxonomy":"product_tag","embeddable":true,"href":"https:\/\/mps.digital-monkey.in\/es\/wp-json\/wp\/v2\/product_tag?post=39773"}],"curies":[{"name":"wp","href":"https:\/\/api.w.org\/{rel}","templated":true}]}}