{"id":39798,"date":"2025-10-28T13:00:18","date_gmt":"2025-10-28T13:00:18","guid":{"rendered":"https:\/\/mps.digital-monkey.in\/product\/carcasa-de-cambios-volvo-penta-lado-del-refrigerador-para-caja-de-cambios-msx-827639\/"},"modified":"2025-10-28T13:13:47","modified_gmt":"2025-10-28T13:13:47","slug":"carcasa-de-cambios-volvo-penta-lado-del-refrigerador-para-caja-de-cambios-msx-827639","status":"publish","type":"product","link":"https:\/\/mps.digital-monkey.in\/es\/producto\/carcasa-de-cambios-volvo-penta-lado-del-refrigerador-para-caja-de-cambios-msx-827639\/","title":{"rendered":"Carcasa de cambios Volvo Penta - Lado del refrigerador para caja de cambios MSX 827639"},"content":{"rendered":"<p data-start=\"253\" data-end=\"505\">Esta caja de cambios original Volvo Penta est\u00e1 dise\u00f1ada para el <strong data-start=\"311\" data-end=\"343\">lado m\u00e1s fr\u00edo de las cajas de cambios MSX<\/strong>. Es el recambio perfecto si tu carcasa original est\u00e1 da\u00f1ada por falta de preparaci\u00f3n para el invierno. Viene con una <strong data-start=\"453\" data-end=\"465\">junta nueva<\/strong> para una instalaci\u00f3n segura y sin fugas.<\/p>\n<p data-start=\"507\" data-end=\"522\"><strong data-start=\"507\" data-end=\"520\">Caracter\u00edsticas:<\/strong><\/p>\n<ul data-start=\"523\" data-end=\"705\">\n<li data-start=\"523\" data-end=\"569\">\n<p data-start=\"525\" data-end=\"569\">Pieza original Volvo Penta para un ajuste perfecto<\/p>\n<\/li>\n<li data-start=\"570\" data-end=\"600\">\n<p data-start=\"572\" data-end=\"600\">Lado m\u00e1s fr\u00edo de la caja de cambios MSX<\/p>\n<\/li>\n<li data-start=\"601\" data-end=\"644\">\n<p data-start=\"603\" data-end=\"644\">Incluye una junta nueva para facilitar la instalaci\u00f3n<\/p>\n<\/li>\n<li data-start=\"645\" data-end=\"705\">\n<p data-start=\"647\" data-end=\"705\">Sustituci\u00f3n ideal de las carcasas da\u00f1adas por el abandono invernal<\/p>\n<\/li>\n<\/ul>\n<p data-start=\"707\" data-end=\"820\">Recupera el rendimiento de tu caja de cambios y protege tu embarcaci\u00f3n de costosas reparaciones con esta fiable pieza de recambio.<\/p>\n","protected":false},"excerpt":{"rendered":"<p>Esta caja de cambios original Volvo Penta est\u00e1 dise\u00f1ada para el lado m\u00e1s fr\u00edo de las cajas de cambios MSX. Es el recambio perfecto si tu carcasa original est\u00e1 da\u00f1ada por falta de preparaci\u00f3n para el invierno. Viene con una junta nueva para una instalaci\u00f3n segura y sin fugas. Caracter\u00edsticas: Pieza original Volvo Penta para [&hellip;]<\/p>\n","protected":false},"featured_media":39809,"comment_status":"open","ping_status":"closed","template":"","meta":[],"product_brand":[4229],"product_cat":[4486,4251,2518],"product_tag":[],"class_list":{"0":"post-39798","1":"product","2":"type-product","3":"status-publish","4":"has-post-thumbnail","6":"product_brand-volvo-penta","7":"product_cat-necesitas-piezas-volvo-penta","8":"product_cat-caja-de-cambios-y-saildrives","9":"product_cat-piezas-de-motor","10":"pa_condition-reacondicionado","11":"pa_model-aqd2","12":"pa_model-aqd2b","13":"pa_model-md11","14":"pa_model-md11c","15":"pa_model-md11d","16":"pa_model-md17","17":"pa_model-md17c","18":"pa_model-md17d","19":"pa_oem-or-aftermarket-oem","21":"first","22":"instock","23":"taxable","24":"shipping-taxable","25":"purchasable","26":"product-type-simple"},"supplier_id":null,"supplier_sku":"","barcode":null,"atum_controlled":true,"out_stock_date":null,"out_stock_threshold":null,"inheritable":false,"inbound_stock":0,"stock_on_hold":0,"sold_today":0,"sales_last_days":0,"reserved_stock":0,"customer_returns":0,"warehouse_damage":0,"lost_in_post":0,"other_logs":0,"out_stock_days":0,"lost_sales":0,"has_location":false,"update_date":"2025-12-18T10:46:47","atum_locations":[],"atum_stock_status":"instock","restock_status":false,"low_stock_amount":1,"sales_update_date":"2025-12-18T10:46:47","calc_backorders":null,"_links":{"self":[{"href":"https:\/\/mps.digital-monkey.in\/es\/wp-json\/wp\/v2\/product\/39798","targetHints":{"allow":["GET"]}}],"collection":[{"href":"https:\/\/mps.digital-monkey.in\/es\/wp-json\/wp\/v2\/product"}],"about":[{"href":"https:\/\/mps.digital-monkey.in\/es\/wp-json\/wp\/v2\/types\/product"}],"replies":[{"embeddable":true,"href":"https:\/\/mps.digital-monkey.in\/es\/wp-json\/wp\/v2\/comments?post=39798"}],"wp:featuredmedia":[{"embeddable":true,"href":"https:\/\/mps.digital-monkey.in\/es\/wp-json\/wp\/v2\/media\/39809"}],"wp:attachment":[{"href":"https:\/\/mps.digital-monkey.in\/es\/wp-json\/wp\/v2\/media?parent=39798"}],"wp:term":[{"taxonomy":"product_brand","embeddable":true,"href":"https:\/\/mps.digital-monkey.in\/es\/wp-json\/wp\/v2\/product_brand?post=39798"},{"taxonomy":"product_cat","embeddable":true,"href":"https:\/\/mps.digital-monkey.in\/es\/wp-json\/wp\/v2\/product_cat?post=39798"},{"taxonomy":"product_tag","embeddable":true,"href":"https:\/\/mps.digital-monkey.in\/es\/wp-json\/wp\/v2\/product_tag?post=39798"}],"curies":[{"name":"wp","href":"https:\/\/api.w.org\/{rel}","templated":true}]}}