{"id":40720,"date":"2025-10-29T14:50:29","date_gmt":"2025-10-29T14:50:29","guid":{"rendered":"https:\/\/mps.digital-monkey.in\/product\/filtro-de-aceite-sole-13124051-filtro-original-sole\/"},"modified":"2025-10-29T14:52:57","modified_gmt":"2025-10-29T14:52:57","slug":"filtro-de-aceite-sole-13124051-filtro-original-sole","status":"publish","type":"product","link":"https:\/\/mps.digital-monkey.in\/es\/producto\/filtro-de-aceite-sole-13124051-filtro-original-sole\/","title":{"rendered":"Filtro de aceite Sole 13124051 - Filtro original Sole"},"content":{"rendered":"<p data-start=\"572\" data-end=\"856\">El <strong data-start=\"576\" data-end=\"604\">filtro de aceite Sole 13124051<\/strong> es un recambio original de alta calidad dise\u00f1ado espec\u00edficamente para los motores marinos Sole Diesel. Este filtro de aceite original Sole garantiza una filtraci\u00f3n y protecci\u00f3n \u00f3ptimas del motor al eliminar eficazmente las impurezas y contaminantes del aceite del motor. <\/p>\n<p data-start=\"858\" data-end=\"1084\">Mantener tu motor con piezas originales Sole ayuda a prolongar su vida \u00fatil y garantiza el m\u00e1ximo rendimiento en todas las condiciones marinas. El filtro de aceite Sole 13124051 ofrece un ajuste perfecto y una fiabilidad en la que puedes confiar para tu embarcaci\u00f3n. <\/p>\n<p data-start=\"1086\" data-end=\"1142\"><strong data-start=\"1086\" data-end=\"1140\">Compatible con los siguientes motores Sole Diesel:<\/strong><\/p>\n<ul data-start=\"1143\" data-end=\"1363\">\n<li data-start=\"1143\" data-end=\"1159\">\n<p data-start=\"1145\" data-end=\"1159\">Suela Mini 10<\/p>\n<\/li>\n<li data-start=\"1160\" data-end=\"1176\">\n<p data-start=\"1162\" data-end=\"1176\">Suela Mini 11<\/p>\n<\/li>\n<li data-start=\"1177\" data-end=\"1193\">\n<p data-start=\"1179\" data-end=\"1193\">Suela Mini 14<\/p>\n<\/li>\n<li data-start=\"1194\" data-end=\"1210\">\n<p data-start=\"1196\" data-end=\"1210\">Suela Mini 17<\/p>\n<\/li>\n<li data-start=\"1211\" data-end=\"1227\">\n<p data-start=\"1213\" data-end=\"1227\">Suela Mini 18<\/p>\n<\/li>\n<li data-start=\"1228\" data-end=\"1244\">\n<p data-start=\"1230\" data-end=\"1244\">Suela Mini 23<\/p>\n<\/li>\n<li data-start=\"1245\" data-end=\"1261\">\n<p data-start=\"1247\" data-end=\"1261\">Suela Mini 26<\/p>\n<\/li>\n<li data-start=\"1262\" data-end=\"1278\">\n<p data-start=\"1264\" data-end=\"1278\">Suela Mini 29<\/p>\n<\/li>\n<li data-start=\"1279\" data-end=\"1295\">\n<p data-start=\"1281\" data-end=\"1295\">Suela Mini 32<\/p>\n<\/li>\n<li data-start=\"1296\" data-end=\"1312\">\n<p data-start=\"1298\" data-end=\"1312\">Suela Mini 33<\/p>\n<\/li>\n<li data-start=\"1313\" data-end=\"1329\">\n<p data-start=\"1315\" data-end=\"1329\">Suela Mini 34<\/p>\n<\/li>\n<li data-start=\"1330\" data-end=\"1346\">\n<p data-start=\"1332\" data-end=\"1346\">Suela Mini 44<\/p>\n<\/li>\n<li data-start=\"1347\" data-end=\"1363\">\n<p data-start=\"1349\" data-end=\"1363\">Suela Mini 55<\/p>\n<\/li>\n<\/ul>\n<p data-start=\"1349\" data-end=\"1363\"><strong>Generadores:  <\/strong><\/p>\n<ul data-start=\"1143\" data-end=\"1363\">\n<li>7 GS<\/li>\n<li>8 GSA<\/li>\n<li>8 GT<\/li>\n<li>10 GS<\/li>\n<li>11 GT<\/li>\n<li>12 GSA<\/li>\n<li>14 GS<\/li>\n<li>17 GSA<\/li>\n<li>17 GT<\/li>\n<li>G-8<\/li>\n<li>G-15<\/li>\n<li>G-25<\/li>\n<li data-start=\"1347\" data-end=\"1363\">\n<\/li>\n<\/ul>\n<p data-start=\"1365\" data-end=\"1384\"><strong data-start=\"1365\" data-end=\"1382\">Caracter\u00edsticas principales:<\/strong><\/p>\n<ul data-start=\"1385\" data-end=\"1553\">\n<li data-start=\"1385\" data-end=\"1417\">\n<p data-start=\"1387\" data-end=\"1417\">Pieza original Sole Diesel OEM<\/p>\n<\/li>\n<li data-start=\"1418\" data-end=\"1469\">\n<p data-start=\"1420\" data-end=\"1469\">Garantiza un aceite limpio y una protecci\u00f3n \u00f3ptima del motor<\/p>\n<\/li>\n<li data-start=\"1470\" data-end=\"1507\">\n<p data-start=\"1472\" data-end=\"1507\">F\u00e1cil instalaci\u00f3n y ajuste perfecto<\/p>\n<\/li>\n<li data-start=\"1508\" data-end=\"1553\">\n<p data-start=\"1510\" data-end=\"1553\">Aumenta la vida \u00fatil y el rendimiento del motor<\/p>\n<\/li>\n<\/ul>\n","protected":false},"excerpt":{"rendered":"<p>El filtro de aceite Sole 13124051 es un recambio original de alta calidad dise\u00f1ado espec\u00edficamente para los motores marinos Sole Diesel. Este filtro de aceite original Sole garantiza una filtraci\u00f3n y protecci\u00f3n \u00f3ptimas del motor al eliminar eficazmente las impurezas y contaminantes del aceite del motor. Mantener tu motor con piezas originales Sole ayuda a [&hellip;]<\/p>\n","protected":false},"featured_media":40721,"comment_status":"open","ping_status":"closed","template":"","meta":[],"product_brand":[4397],"product_cat":[2788,2497],"product_tag":[],"class_list":{"0":"post-40720","1":"product","2":"type-product","3":"status-publish","4":"has-post-thumbnail","6":"product_brand-sole","7":"product_cat-filtros-de-aceite","8":"product_cat-piezas-de-mantenimiento-del-motor","9":"pa_condition-nuevo","10":"pa_model-sole-mini-10","11":"pa_model-sole-mini-11","12":"pa_model-sole-mini-14","13":"pa_model-sole-mini-17","14":"pa_model-sole-mini-18","15":"pa_model-sole-mini-23","16":"pa_model-sole-mini-26","17":"pa_model-sole-mini-29","18":"pa_model-sole-mini-32","19":"pa_model-sole-mini-33","20":"pa_model-sole-mini-34","21":"pa_model-sole-mini-44","22":"pa_model-sole-mini-55","23":"pa_oem-or-aftermarket-oem","25":"first","26":"instock","27":"taxable","28":"shipping-taxable","29":"purchasable","30":"product-type-simple"},"supplier_id":null,"supplier_sku":"13124051","barcode":null,"atum_controlled":true,"out_stock_date":null,"out_stock_threshold":null,"inheritable":false,"inbound_stock":0,"stock_on_hold":0,"sold_today":0,"sales_last_days":0,"reserved_stock":0,"customer_returns":0,"warehouse_damage":0,"lost_in_post":0,"other_logs":0,"out_stock_days":0,"lost_sales":0,"has_location":false,"update_date":"2026-03-05T15:34:52","atum_locations":[],"atum_stock_status":"instock","restock_status":false,"low_stock_amount":1,"sales_update_date":"2026-03-05T15:34:52","calc_backorders":null,"_links":{"self":[{"href":"https:\/\/mps.digital-monkey.in\/es\/wp-json\/wp\/v2\/product\/40720","targetHints":{"allow":["GET"]}}],"collection":[{"href":"https:\/\/mps.digital-monkey.in\/es\/wp-json\/wp\/v2\/product"}],"about":[{"href":"https:\/\/mps.digital-monkey.in\/es\/wp-json\/wp\/v2\/types\/product"}],"replies":[{"embeddable":true,"href":"https:\/\/mps.digital-monkey.in\/es\/wp-json\/wp\/v2\/comments?post=40720"}],"wp:featuredmedia":[{"embeddable":true,"href":"https:\/\/mps.digital-monkey.in\/es\/wp-json\/wp\/v2\/media\/40721"}],"wp:attachment":[{"href":"https:\/\/mps.digital-monkey.in\/es\/wp-json\/wp\/v2\/media?parent=40720"}],"wp:term":[{"taxonomy":"product_brand","embeddable":true,"href":"https:\/\/mps.digital-monkey.in\/es\/wp-json\/wp\/v2\/product_brand?post=40720"},{"taxonomy":"product_cat","embeddable":true,"href":"https:\/\/mps.digital-monkey.in\/es\/wp-json\/wp\/v2\/product_cat?post=40720"},{"taxonomy":"product_tag","embeddable":true,"href":"https:\/\/mps.digital-monkey.in\/es\/wp-json\/wp\/v2\/product_tag?post=40720"}],"curies":[{"name":"wp","href":"https:\/\/api.w.org\/{rel}","templated":true}]}}