{"id":40763,"date":"2025-10-30T07:42:45","date_gmt":"2025-10-30T07:42:45","guid":{"rendered":"https:\/\/mps.digital-monkey.in\/product\/placa-amortiguadora-yanmar-4jh2-yanmar-177090-03500\/"},"modified":"2026-01-29T09:50:12","modified_gmt":"2026-01-29T09:50:12","slug":"placa-amortiguadora-yanmar-4jh2-yanmar-177090-03500","status":"publish","type":"product","link":"https:\/\/mps.digital-monkey.in\/es\/producto\/placa-amortiguadora-yanmar-4jh2-yanmar-177090-03500\/","title":{"rendered":"Placa amortiguadora Yanmar 4JH2 Yanmar 177090-03500"},"content":{"rendered":"<p data-start=\"227\" data-end=\"772\"><strong data-start=\"266\" data-end=\"313\">Placa amortiguadora<\/strong> original <strong data-start=\"266\" data-end=\"313\">Yanmar (ref. 177090-03500)<\/strong> - dise\u00f1ada para un rendimiento fiable en los motores diesel marinos <strong data-start=\"353\" data-end=\"416\">Yanmar 4JH2E, 4JH2-TE, 4JH2-HTE, 4JH2-DTE y 4JH2-UTE (B)<\/strong>. Esta placa amortiguadora OEM se adapta a <strong data-start=\"467\" data-end=\"516\">las cajas de cambios Yanmar KBM20, KBM21, KM4A y SD60<\/strong>, garantizando una transferencia de potencia suave y una reducci\u00f3n de las vibraciones entre el motor y la transmisi\u00f3n. Fabricada conforme a los elevados est\u00e1ndares de durabilidad y precisi\u00f3n de ajuste de Yanmar, esta placa amortiguadora ayuda a proteger tu transmisi\u00f3n y a mantener un rendimiento \u00f3ptimo del motor.<\/p>\n<p data-start=\"774\" data-end=\"1014\">\n","protected":false},"excerpt":{"rendered":"<p>Placa amortiguadora original Yanmar (ref. 177090-03500) - dise\u00f1ada para un rendimiento fiable en los motores diesel marinos Yanmar 4JH2E, 4JH2-TE, 4JH2-HTE, 4JH2-DTE y 4JH2-UTE (B). Esta placa amortiguadora OEM se adapta a las cajas de cambios Yanmar KBM20, KBM21, KM4A y SD60, garantizando una transferencia de potencia suave y una reducci\u00f3n de las vibraciones entre [&hellip;]<\/p>\n","protected":false},"featured_media":40764,"comment_status":"open","ping_status":"closed","template":"","meta":[],"product_brand":[4235],"product_cat":[2518,4569],"product_tag":[],"class_list":{"0":"post-40763","1":"product","2":"type-product","3":"status-publish","4":"has-post-thumbnail","6":"product_brand-yanmar","7":"product_cat-piezas-de-motor","8":"product_cat-piezas-de-recambio-yanmar-saildrive","9":"pa_condition-nuevo","10":"pa_model-4jh2","11":"pa_model-4jh2dte","12":"pa_model-4jh2e","13":"pa_model-4jh2hte","14":"pa_model-4jh2te","15":"pa_model-4jh2utbe","16":"pa_model-4jh2ute","17":"pa_oem-or-aftermarket-oem","19":"first","20":"onbackorder","21":"taxable","22":"shipping-taxable","23":"purchasable","24":"product-type-simple"},"supplier_id":32143,"supplier_sku":"177090-03500","barcode":null,"atum_controlled":true,"out_stock_date":"2025-11-24 10:22:20","out_stock_threshold":null,"inheritable":false,"inbound_stock":0,"stock_on_hold":0,"sold_today":0,"sales_last_days":0,"reserved_stock":0,"customer_returns":0,"warehouse_damage":0,"lost_in_post":0,"other_logs":0,"out_stock_days":101,"lost_sales":0,"has_location":false,"update_date":"2026-03-05T15:26:51","atum_locations":[],"atum_stock_status":"onbackorder","restock_status":false,"low_stock_amount":0,"sales_update_date":"2026-03-05T15:26:51","calc_backorders":null,"_links":{"self":[{"href":"https:\/\/mps.digital-monkey.in\/es\/wp-json\/wp\/v2\/product\/40763","targetHints":{"allow":["GET"]}}],"collection":[{"href":"https:\/\/mps.digital-monkey.in\/es\/wp-json\/wp\/v2\/product"}],"about":[{"href":"https:\/\/mps.digital-monkey.in\/es\/wp-json\/wp\/v2\/types\/product"}],"replies":[{"embeddable":true,"href":"https:\/\/mps.digital-monkey.in\/es\/wp-json\/wp\/v2\/comments?post=40763"}],"wp:featuredmedia":[{"embeddable":true,"href":"https:\/\/mps.digital-monkey.in\/es\/wp-json\/wp\/v2\/media\/40764"}],"wp:attachment":[{"href":"https:\/\/mps.digital-monkey.in\/es\/wp-json\/wp\/v2\/media?parent=40763"}],"wp:term":[{"taxonomy":"product_brand","embeddable":true,"href":"https:\/\/mps.digital-monkey.in\/es\/wp-json\/wp\/v2\/product_brand?post=40763"},{"taxonomy":"product_cat","embeddable":true,"href":"https:\/\/mps.digital-monkey.in\/es\/wp-json\/wp\/v2\/product_cat?post=40763"},{"taxonomy":"product_tag","embeddable":true,"href":"https:\/\/mps.digital-monkey.in\/es\/wp-json\/wp\/v2\/product_tag?post=40763"}],"curies":[{"name":"wp","href":"https:\/\/api.w.org\/{rel}","templated":true}]}}