{"id":40775,"date":"2025-10-30T08:45:50","date_gmt":"2025-10-30T08:45:50","guid":{"rendered":"https:\/\/mps.digital-monkey.in\/product\/sole-31211008r-impeller-impulsores-originales-sole\/"},"modified":"2025-10-30T08:45:50","modified_gmt":"2025-10-30T08:45:50","slug":"sole-31211008r-impeller-impulsores-originales-sole","status":"publish","type":"product","link":"https:\/\/mps.digital-monkey.in\/es\/producto\/sole-31211008r-impeller-impulsores-originales-sole\/","title":{"rendered":"Sole 31211008R Impeller - Impulsores originales Sole"},"content":{"rendered":"<p data-start=\"587\" data-end=\"892\">El <strong data-start=\"591\" data-end=\"618\">Impeller Sole 31211008R<\/strong> es una pieza de recambio original Sole Diesel dise\u00f1ada para garantizar un rendimiento fiable de la refrigeraci\u00f3n de tu motor marino. Este impulsor Sole original hace circular el agua de refrigeraci\u00f3n de forma eficaz por el motor, evitando el sobrecalentamiento y manteniendo una temperatura de funcionamiento constante. <\/p>\n<p data-start=\"894\" data-end=\"1175\">Fabricado seg\u00fan las especificaciones OEM, el impulsor Sole 31211008R proporciona una excelente flexibilidad, durabilidad y resistencia al desgaste en entornos marinos. La sustituci\u00f3n peri\u00f3dica del impulsor es esencial para mantener la eficacia del sistema de refrigeraci\u00f3n y evitar da\u00f1os en el motor. <\/p>\n<p data-start=\"1177\" data-end=\"1233\"><strong data-start=\"1177\" data-end=\"1231\">Compatible con los siguientes motores Sole Diesel:<\/strong><\/p>\n<ul data-start=\"1234\" data-end=\"1420\">\n<li data-start=\"1234\" data-end=\"1250\">\n<p data-start=\"1236\" data-end=\"1250\">Suela Mini 11<\/p>\n<\/li>\n<li data-start=\"1251\" data-end=\"1267\">\n<p data-start=\"1253\" data-end=\"1267\">Suela Mini 14<\/p>\n<\/li>\n<li data-start=\"1268\" data-end=\"1284\">\n<p data-start=\"1270\" data-end=\"1284\">Suela Mini 17<\/p>\n<\/li>\n<li data-start=\"1285\" data-end=\"1301\">\n<p data-start=\"1287\" data-end=\"1301\">Suela Mini 23<\/p>\n<\/li>\n<li data-start=\"1302\" data-end=\"1318\">\n<p data-start=\"1304\" data-end=\"1318\">Suela Mini 26<\/p>\n<\/li>\n<li data-start=\"1319\" data-end=\"1335\">\n<p data-start=\"1321\" data-end=\"1335\">Suela Mini 29<\/p>\n<\/li>\n<li data-start=\"1336\" data-end=\"1352\">\n<p data-start=\"1338\" data-end=\"1352\">Suela Mini 32<\/p>\n<\/li>\n<li data-start=\"1353\" data-end=\"1369\">\n<p data-start=\"1355\" data-end=\"1369\">Suela Mini 33<\/p>\n<\/li>\n<li data-start=\"1370\" data-end=\"1386\">\n<p data-start=\"1372\" data-end=\"1386\">Suela Mini 34<\/p>\n<\/li>\n<li data-start=\"1387\" data-end=\"1403\">\n<p data-start=\"1389\" data-end=\"1403\">Suela Mini 44<\/p>\n<\/li>\n<li data-start=\"1404\" data-end=\"1420\">\n<p data-start=\"1406\" data-end=\"1420\">Suela Mini 48<\/p>\n<\/li>\n<\/ul>\n<p data-start=\"1422\" data-end=\"1448\"><strong data-start=\"1422\" data-end=\"1446\">Dimensiones de los impulsores:<\/strong><\/p>\n<ul data-start=\"1449\" data-end=\"1520\">\n<li data-start=\"1449\" data-end=\"1470\">\n<p data-start=\"1451\" data-end=\"1470\"><strong data-start=\"1451\" data-end=\"1462\">Altura:<\/strong> 25 mm<\/p>\n<\/li>\n<li data-start=\"1471\" data-end=\"1494\">\n<p data-start=\"1473\" data-end=\"1494\"><strong data-start=\"1473\" data-end=\"1486\">Di\u00e1metro:<\/strong> 53 mm<\/p>\n<\/li>\n<li data-start=\"1495\" data-end=\"1520\">\n<p data-start=\"1497\" data-end=\"1520\"><strong data-start=\"1497\" data-end=\"1512\">Agujero del eje:<\/strong> 12 mm<\/p>\n<\/li>\n<\/ul>\n<p data-start=\"1522\" data-end=\"1541\"><strong data-start=\"1522\" data-end=\"1539\">Caracter\u00edsticas principales:<\/strong><\/p>\n<ul data-start=\"1542\" data-end=\"1818\">\n<li data-start=\"1542\" data-end=\"1599\">\n<p data-start=\"1544\" data-end=\"1599\">Impeller original Sole Diesel OEM (N\u00ba de pieza 31211008R)<\/p>\n<\/li>\n<li data-start=\"1600\" data-end=\"1652\">\n<p data-start=\"1602\" data-end=\"1652\">Garantiza la refrigeraci\u00f3n y el rendimiento eficientes del motor<\/p>\n<\/li>\n<li data-start=\"1653\" data-end=\"1720\">\n<p data-start=\"1655\" data-end=\"1720\">Construcci\u00f3n de goma de alta calidad para mayor durabilidad y flexibilidad<\/p>\n<\/li>\n<li data-start=\"1721\" data-end=\"1762\">\n<p data-start=\"1723\" data-end=\"1762\">F\u00e1cil instalaci\u00f3n y ajuste OEM perfecto<\/p>\n<\/li>\n<li data-start=\"1763\" data-end=\"1818\">\n<p data-start=\"1765\" data-end=\"1818\">Esencial para mantener un funcionamiento fiable del motor<\/p>\n<\/li>\n<\/ul>\n<p data-start=\"1820\" data-end=\"2138\"><strong data-start=\"1820\" data-end=\"1854\">Por qu\u00e9 elegir piezas originales Sole:<\/strong><br data-start=\"1854\" data-end=\"1857\">Los componentes originales Sole Diesel est\u00e1n dise\u00f1ados para ajustarse a las especificaciones de f\u00e1brica, garantizando un rendimiento adecuado y una larga vida \u00fatil. El uso de impellers no originales puede reducir la eficacia de la refrigeraci\u00f3n y da\u00f1ar el motor. Conf\u00eda en las piezas originales Sole para un rendimiento marino fiable.  <\/p>\n","protected":false},"excerpt":{"rendered":"<p>El Impeller Sole 31211008R es una pieza de recambio original Sole Diesel dise\u00f1ada para garantizar un rendimiento fiable de la refrigeraci\u00f3n de tu motor marino. Este impulsor Sole original hace circular el agua de refrigeraci\u00f3n de forma eficaz por el motor, evitando el sobrecalentamiento y manteniendo una temperatura de funcionamiento constante. Fabricado seg\u00fan las especificaciones [&hellip;]<\/p>\n","protected":false},"featured_media":40776,"comment_status":"open","ping_status":"closed","template":"","meta":[],"product_brand":[4397],"product_cat":[3032,2497],"product_tag":[],"class_list":{"0":"post-40775","1":"product","2":"type-product","3":"status-publish","4":"has-post-thumbnail","6":"product_brand-sole","7":"product_cat-impulsores","8":"product_cat-piezas-de-mantenimiento-del-motor","9":"pa_condition-nuevo","10":"pa_model-sole-mini-11","11":"pa_model-sole-mini-14","12":"pa_model-sole-mini-17","13":"pa_model-sole-mini-23","14":"pa_model-sole-mini-26","15":"pa_model-sole-mini-29","16":"pa_model-sole-mini-32","17":"pa_model-sole-mini-33","18":"pa_model-sole-mini-34","19":"pa_model-sole-mini-44","20":"pa_model-sole-mini-48","21":"pa_oem-or-aftermarket-oem","23":"first","24":"instock","25":"taxable","26":"shipping-taxable","27":"purchasable","28":"product-type-simple"},"supplier_id":40738,"supplier_sku":"31211008R","barcode":null,"atum_controlled":true,"out_stock_date":null,"out_stock_threshold":null,"inheritable":false,"inbound_stock":0,"stock_on_hold":0,"sold_today":0,"sales_last_days":0,"reserved_stock":0,"customer_returns":0,"warehouse_damage":0,"lost_in_post":0,"other_logs":0,"out_stock_days":0,"lost_sales":0,"has_location":false,"update_date":"2025-12-18T10:46:47","atum_locations":[],"atum_stock_status":"instock","restock_status":false,"low_stock_amount":1,"sales_update_date":"2025-12-18T10:46:47","calc_backorders":null,"_links":{"self":[{"href":"https:\/\/mps.digital-monkey.in\/es\/wp-json\/wp\/v2\/product\/40775","targetHints":{"allow":["GET"]}}],"collection":[{"href":"https:\/\/mps.digital-monkey.in\/es\/wp-json\/wp\/v2\/product"}],"about":[{"href":"https:\/\/mps.digital-monkey.in\/es\/wp-json\/wp\/v2\/types\/product"}],"replies":[{"embeddable":true,"href":"https:\/\/mps.digital-monkey.in\/es\/wp-json\/wp\/v2\/comments?post=40775"}],"wp:featuredmedia":[{"embeddable":true,"href":"https:\/\/mps.digital-monkey.in\/es\/wp-json\/wp\/v2\/media\/40776"}],"wp:attachment":[{"href":"https:\/\/mps.digital-monkey.in\/es\/wp-json\/wp\/v2\/media?parent=40775"}],"wp:term":[{"taxonomy":"product_brand","embeddable":true,"href":"https:\/\/mps.digital-monkey.in\/es\/wp-json\/wp\/v2\/product_brand?post=40775"},{"taxonomy":"product_cat","embeddable":true,"href":"https:\/\/mps.digital-monkey.in\/es\/wp-json\/wp\/v2\/product_cat?post=40775"},{"taxonomy":"product_tag","embeddable":true,"href":"https:\/\/mps.digital-monkey.in\/es\/wp-json\/wp\/v2\/product_tag?post=40775"}],"curies":[{"name":"wp","href":"https:\/\/api.w.org\/{rel}","templated":true}]}}