{"id":41017,"date":"2025-10-30T15:01:25","date_gmt":"2025-10-30T15:01:25","guid":{"rendered":"https:\/\/mps.digital-monkey.in\/product\/intercambiador-de-calor-volvo-penta-d1-20-volvo-penta-2285098\/"},"modified":"2025-10-30T15:01:25","modified_gmt":"2025-10-30T15:01:25","slug":"intercambiador-de-calor-volvo-penta-d1-20-volvo-penta-2285098","status":"publish","type":"product","link":"https:\/\/mps.digital-monkey.in\/es\/producto\/intercambiador-de-calor-volvo-penta-d1-20-volvo-penta-2285098\/","title":{"rendered":"Intercambiador de calor Volvo Penta D1-20 - Volvo Penta 2285098"},"content":{"rendered":"<p data-start=\"616\" data-end=\"952\">El <strong data-start=\"620\" data-end=\"659\">intercambiador de calor Volvo<\/strong> <strong data-start=\"719\" data-end=\"740\">Penta<\/strong> <strong data-start=\"620\" data-end=\"659\">22850980<\/strong> es un componente original del sistema de refrigeraci\u00f3n OEM dise\u00f1ado para el motor diesel marino <strong data-start=\"719\" data-end=\"740\">Volvo Penta D1-20<\/strong>. Este intercambiador de calor de alta calidad transfiere eficazmente el calor del circuito de refrigeraci\u00f3n del motor al sistema de agua de mar, manteniendo una temperatura de funcionamiento \u00f3ptima y evitando el sobrecalentamiento. <\/p>\n<p data-start=\"954\" data-end=\"1241\">Construido con materiales resistentes a la corrosi\u00f3n y dise\u00f1ado seg\u00fan las estrictas normas de Volvo Penta, el intercambiador de calor 22850980 garantiza un rendimiento fiable, durabilidad y f\u00e1cil instalaci\u00f3n. Sustituir tu intercambiador de calor por una pieza original garantiza un ajuste adecuado y la m\u00e1xima eficacia de refrigeraci\u00f3n. <\/p>\n<p data-start=\"1243\" data-end=\"1265\"><strong data-start=\"1243\" data-end=\"1263\">Compatible con:<\/strong><\/p>\n<ul data-start=\"1266\" data-end=\"1289\">\n<li data-start=\"1266\" data-end=\"1289\">\n<p data-start=\"1268\" data-end=\"1289\"><strong data-start=\"1268\" data-end=\"1289\">Volvo Penta D1-20<\/strong><\/p>\n<\/li>\n<\/ul>\n<p data-start=\"1291\" data-end=\"1310\"><strong data-start=\"1291\" data-end=\"1308\">Detalles de la pieza:<\/strong><\/p>\n<ul data-start=\"1311\" data-end=\"1460\">\n<li data-start=\"1311\" data-end=\"1340\">\n<p data-start=\"1313\" data-end=\"1340\"><strong data-start=\"1313\" data-end=\"1329\">N\u00famero de pieza:<\/strong> 22850980<\/p>\n<\/li>\n<li data-start=\"1341\" data-end=\"1396\">\n<p data-start=\"1343\" data-end=\"1396\"><strong data-start=\"1343\" data-end=\"1362\">Tipo de componente:<\/strong> Intercambiador de calor (Sistema de refrigeraci\u00f3n)<\/p>\n<\/li>\n<li data-start=\"1397\" data-end=\"1460\">\n<p data-start=\"1399\" data-end=\"1460\"><strong data-start=\"1399\" data-end=\"1412\">Funci\u00f3n:<\/strong> Refrigeraci\u00f3n del motor mediante intercambio t\u00e9rmico de agua de mar<\/p>\n<\/li>\n<\/ul>\n<p data-start=\"1462\" data-end=\"1481\"><strong data-start=\"1462\" data-end=\"1479\">Caracter\u00edsticas principales:<\/strong><\/p>\n<ul data-start=\"1482\" data-end=\"1750\">\n<li data-start=\"1482\" data-end=\"1525\">\n<p data-start=\"1484\" data-end=\"1525\">Pieza original Volvo Penta OEM (22850980)<\/p>\n<\/li>\n<li data-start=\"1526\" data-end=\"1588\">\n<p data-start=\"1528\" data-end=\"1588\">Garantiza una transferencia de calor y una regulaci\u00f3n de la temperatura eficaces<\/p>\n<\/li>\n<li data-start=\"1589\" data-end=\"1641\">\n<p data-start=\"1591\" data-end=\"1641\">Evita el sobrecalentamiento del motor y los da\u00f1os por corrosi\u00f3n<\/p>\n<\/li>\n<li data-start=\"1642\" data-end=\"1689\">\n<p data-start=\"1644\" data-end=\"1689\">Dise\u00f1ado espec\u00edficamente para Volvo Penta D1-20<\/p>\n<\/li>\n<li data-start=\"1690\" data-end=\"1750\">\n<p data-start=\"1692\" data-end=\"1750\">Construcci\u00f3n duradera de calidad marina para una larga vida \u00fatil<\/p>\n<\/li>\n<\/ul>\n<p data-start=\"1752\" data-end=\"2088\"><strong data-start=\"1752\" data-end=\"1793\">Por qu\u00e9 elegir recambios originales Volvo Penta:<\/strong><br data-start=\"1793\" data-end=\"1796\">Los recambios originales Volvo Penta se fabrican de acuerdo con las especificaciones de f\u00e1brica, lo que garantiza un rendimiento fiable y una compatibilidad perfecta. El uso de componentes de refrigeraci\u00f3n no originales puede reducir la eficacia o provocar un desgaste prematuro. Conf\u00eda en los recambios originales Volvo Penta para una protecci\u00f3n duradera y un funcionamiento fiable.  <\/p>\n","protected":false},"excerpt":{"rendered":"<p>El intercambiador de calor Volvo Penta 22850980 es un componente original del sistema de refrigeraci\u00f3n OEM dise\u00f1ado para el motor diesel marino Volvo Penta D1-20. Este intercambiador de calor de alta calidad transfiere eficazmente el calor del circuito de refrigeraci\u00f3n del motor al sistema de agua de mar, manteniendo una temperatura de funcionamiento \u00f3ptima y [&hellip;]<\/p>\n","protected":false},"featured_media":41018,"comment_status":"open","ping_status":"closed","template":"","meta":[],"product_brand":[4229],"product_cat":[4486,3581,2518,3244],"product_tag":[],"class_list":{"0":"post-41017","1":"product","2":"type-product","3":"status-publish","4":"has-post-thumbnail","6":"product_brand-volvo-penta","7":"product_cat-necesitas-piezas-volvo-penta","8":"product_cat-intercambiadores-de-calor-y-postenfriadores","9":"product_cat-piezas-de-motor","10":"product_cat-sistemas-de-refrigeracion","11":"pa_condition-nuevo","12":"pa_model-d1-20","13":"pa_oem-or-aftermarket-oem","15":"first","16":"instock","17":"sale","18":"taxable","19":"shipping-taxable","20":"purchasable","21":"product-type-simple"},"supplier_id":32142,"supplier_sku":"22850980","barcode":null,"atum_controlled":true,"out_stock_date":null,"out_stock_threshold":null,"inheritable":false,"inbound_stock":0,"stock_on_hold":0,"sold_today":0,"sales_last_days":0,"reserved_stock":0,"customer_returns":0,"warehouse_damage":0,"lost_in_post":0,"other_logs":0,"out_stock_days":0,"lost_sales":0,"has_location":false,"update_date":"2026-03-10T15:00:30","atum_locations":[],"atum_stock_status":"instock","restock_status":false,"low_stock_amount":"","sales_update_date":"2026-03-10T15:00:30","calc_backorders":null,"_links":{"self":[{"href":"https:\/\/mps.digital-monkey.in\/es\/wp-json\/wp\/v2\/product\/41017","targetHints":{"allow":["GET"]}}],"collection":[{"href":"https:\/\/mps.digital-monkey.in\/es\/wp-json\/wp\/v2\/product"}],"about":[{"href":"https:\/\/mps.digital-monkey.in\/es\/wp-json\/wp\/v2\/types\/product"}],"replies":[{"embeddable":true,"href":"https:\/\/mps.digital-monkey.in\/es\/wp-json\/wp\/v2\/comments?post=41017"}],"wp:featuredmedia":[{"embeddable":true,"href":"https:\/\/mps.digital-monkey.in\/es\/wp-json\/wp\/v2\/media\/41018"}],"wp:attachment":[{"href":"https:\/\/mps.digital-monkey.in\/es\/wp-json\/wp\/v2\/media?parent=41017"}],"wp:term":[{"taxonomy":"product_brand","embeddable":true,"href":"https:\/\/mps.digital-monkey.in\/es\/wp-json\/wp\/v2\/product_brand?post=41017"},{"taxonomy":"product_cat","embeddable":true,"href":"https:\/\/mps.digital-monkey.in\/es\/wp-json\/wp\/v2\/product_cat?post=41017"},{"taxonomy":"product_tag","embeddable":true,"href":"https:\/\/mps.digital-monkey.in\/es\/wp-json\/wp\/v2\/product_tag?post=41017"}],"curies":[{"name":"wp","href":"https:\/\/api.w.org\/{rel}","templated":true}]}}