{"id":41037,"date":"2025-10-31T14:37:56","date_gmt":"2025-10-31T14:37:56","guid":{"rendered":"https:\/\/mps.digital-monkey.in\/product\/motor-de-arranque-bukh-dv10-dv20-dv24-dv29-dv36-dv48-12v-12kw\/"},"modified":"2025-10-31T14:37:56","modified_gmt":"2025-10-31T14:37:56","slug":"motor-de-arranque-bukh-dv10-dv20-dv24-dv29-dv36-dv48-12v-12kw","status":"publish","type":"product","link":"https:\/\/mps.digital-monkey.in\/es\/producto\/motor-de-arranque-bukh-dv10-dv20-dv24-dv29-dv36-dv48-12v-12kw\/","title":{"rendered":"Motor de arranque Bukh DV10 \/ DV20 \/ DV24 \/ DV29 \/ DV36 \/ DV48 - 12V 1,2kW"},"content":{"rendered":"<p data-start=\"604\" data-end=\"877\">El <strong data-start=\"608\" data-end=\"640\">motor de arranque Bukh serie DV<\/strong> es un recambio fiable y de alta calidad dise\u00f1ado para su uso con <strong data-start=\"703\" data-end=\"733\">motores di\u00e9sel marinos Bukh<\/strong>. Fabricado para cumplir las especificaciones OEM, este motor de arranque garantiza un rendimiento de arranque fiable, incluso en condiciones marinas exigentes. <\/p>\n<p data-start=\"879\" data-end=\"996\">\u26a0\ufe0f <strong data-start=\"882\" data-end=\"891\">Nota:<\/strong> Este modelo se monta con el <strong data-start=\"923\" data-end=\"948\">rel\u00e9 orientado hacia abajo<\/strong>. Comprueba la orientaci\u00f3n antes de instalarlo. <\/p>\n<p data-start=\"998\" data-end=\"1047\"><strong data-start=\"998\" data-end=\"1045\">Compatible con los siguientes motores Bukh:<\/strong><\/p>\n<ul data-start=\"1048\" data-end=\"1131\">\n<li data-start=\"1048\" data-end=\"1061\">\n<p data-start=\"1050\" data-end=\"1061\">Bukh DV10<\/p>\n<\/li>\n<li data-start=\"1062\" data-end=\"1075\">\n<p data-start=\"1064\" data-end=\"1075\">Bukh DV20<\/p>\n<\/li>\n<li data-start=\"1076\" data-end=\"1089\">\n<p data-start=\"1078\" data-end=\"1089\">Bukh DV24<\/p>\n<\/li>\n<li data-start=\"1090\" data-end=\"1103\">\n<p data-start=\"1092\" data-end=\"1103\">Bukh DV29<\/p>\n<\/li>\n<li data-start=\"1104\" data-end=\"1117\">\n<p data-start=\"1106\" data-end=\"1117\">Bukh DV36<\/p>\n<\/li>\n<li data-start=\"1118\" data-end=\"1131\">\n<p data-start=\"1120\" data-end=\"1131\">Bukh DV48<\/p>\n<\/li>\n<\/ul>\n<p data-start=\"1133\" data-end=\"1218\"><strong data-start=\"1133\" data-end=\"1146\">Garant\u00eda:<\/strong><br data-start=\"1146\" data-end=\"1149\">\u2705 2 a\u00f1os - cubre los defectos de fabricaci\u00f3n y la fiabilidad de funcionamiento.<\/p>\n<h3 data-start=\"1225\" data-end=\"1263\">\u26a1 <strong data-start=\"1231\" data-end=\"1261\">Especificaciones el\u00e9ctricas:<\/strong><\/h3>\n<ul data-start=\"1264\" data-end=\"1348\">\n<li data-start=\"1264\" data-end=\"1284\">\n<p data-start=\"1266\" data-end=\"1284\"><strong data-start=\"1266\" data-end=\"1278\">Tensi\u00f3n:<\/strong> 12 V<\/p>\n<\/li>\n<li data-start=\"1285\" data-end=\"1306\">\n<p data-start=\"1287\" data-end=\"1306\"><strong data-start=\"1287\" data-end=\"1297\">Potencia:<\/strong> 1,2 kW<\/p>\n<\/li>\n<li data-start=\"1307\" data-end=\"1348\">\n<p data-start=\"1309\" data-end=\"1348\"><strong data-start=\"1309\" data-end=\"1322\">Rotaci\u00f3n:<\/strong> CCW (sentido contrario a las agujas del reloj)<\/p>\n<\/li>\n<\/ul>\n<h3 data-start=\"1350\" data-end=\"1387\">\u2699\ufe0f <strong data-start=\"1357\" data-end=\"1385\">Especificaciones f\u00edsicas:<\/strong><\/h3>\n<ul data-start=\"1388\" data-end=\"1497\">\n<li data-start=\"1388\" data-end=\"1417\">\n<p data-start=\"1390\" data-end=\"1417\"><strong data-start=\"1390\" data-end=\"1407\">Borde de ajuste:<\/strong> 82,2 mm<\/p>\n<\/li>\n<li data-start=\"1418\" data-end=\"1445\">\n<p data-start=\"1420\" data-end=\"1445\"><strong data-start=\"1420\" data-end=\"1440\">N\u00famero de dientes:<\/strong> 13<\/p>\n<\/li>\n<li data-start=\"1446\" data-end=\"1471\">\n<p data-start=\"1448\" data-end=\"1471\"><strong data-start=\"1448\" data-end=\"1466\">Terminal (B+):<\/strong> M8<\/p>\n<\/li>\n<li data-start=\"1472\" data-end=\"1497\">\n<p data-start=\"1474\" data-end=\"1497\"><strong data-start=\"1474\" data-end=\"1493\">Orificios de montaje:<\/strong> 2<\/p>\n<\/li>\n<\/ul>\n<p data-start=\"1504\" data-end=\"1523\"><strong data-start=\"1504\" data-end=\"1521\">Caracter\u00edsticas principales:<\/strong><\/p>\n<ul data-start=\"1524\" data-end=\"1768\">\n<li data-start=\"1524\" data-end=\"1570\">\n<p data-start=\"1526\" data-end=\"1570\">Adecuado para motores marinos Bukh DV10-DV48<\/p>\n<\/li>\n<li data-start=\"1571\" data-end=\"1633\">\n<p data-start=\"1573\" data-end=\"1633\">Construcci\u00f3n duradera de 12 V y 1,2 kW para un arranque fiable del motor<\/p>\n<\/li>\n<li data-start=\"1634\" data-end=\"1685\">\n<p data-start=\"1636\" data-end=\"1685\">Alto rendimiento de par en condiciones marinas<\/p>\n<\/li>\n<li data-start=\"1686\" data-end=\"1730\">\n<p data-start=\"1688\" data-end=\"1730\">F\u00e1cil de instalar - recambio de ajuste directo<\/p>\n<\/li>\n<li data-start=\"1731\" data-end=\"1768\">\n<p data-start=\"1733\" data-end=\"1768\">2 a\u00f1os de garant\u00eda para tu tranquilidad<\/p>\n<\/li>\n<\/ul>\n<p data-start=\"1770\" data-end=\"2020\"><strong data-start=\"1770\" data-end=\"1804\">Por qu\u00e9 elegir este motor de arranque:<\/strong><br data-start=\"1804\" data-end=\"1807\">Este motor de arranque est\u00e1 dise\u00f1ado para ofrecer fiabilidad marina, una gran potencia de arranque, resistencia a la corrosi\u00f3n y una larga vida \u00fatil. Es un recambio rentable y de alto rendimiento para los motores de arranque originales Bukh. <\/p>\n<h3 data-start=\"2027\" data-end=\"2053\"><\/h3>\n","protected":false},"excerpt":{"rendered":"<p>El motor de arranque Bukh serie DV es un recambio fiable y de alta calidad dise\u00f1ado para su uso con motores di\u00e9sel marinos Bukh. Fabricado para cumplir las especificaciones OEM, este motor de arranque garantiza un rendimiento de arranque fiable, incluso en condiciones marinas exigentes. \u26a0\ufe0f Nota: Este modelo se monta con el rel\u00e9 orientado [&hellip;]<\/p>\n","protected":false},"featured_media":41030,"comment_status":"open","ping_status":"closed","template":"","meta":[],"product_brand":[4455],"product_cat":[2723,2518,2519],"product_tag":[],"class_list":{"0":"post-41037","1":"product","2":"type-product","3":"status-publish","4":"has-post-thumbnail","6":"product_brand-bukh","7":"product_cat-motores-de-arranque","8":"product_cat-piezas-de-motor","9":"product_cat-sistemas-electricos","10":"pa_condition-nuevo","11":"pa_model-dv10","12":"pa_model-dv20","13":"pa_model-dv24","14":"pa_model-dv29","15":"pa_model-dv36","16":"pa_model-dv48","17":"pa_oem-or-aftermarket-posventa","19":"first","20":"instock","21":"taxable","22":"shipping-taxable","23":"purchasable","24":"product-type-simple"},"supplier_id":38457,"supplier_sku":"690.512.132.090","barcode":null,"atum_controlled":true,"out_stock_date":null,"out_stock_threshold":null,"inheritable":false,"inbound_stock":0,"stock_on_hold":0,"sold_today":0,"sales_last_days":0,"reserved_stock":0,"customer_returns":0,"warehouse_damage":0,"lost_in_post":0,"other_logs":0,"out_stock_days":0,"lost_sales":0,"has_location":false,"update_date":"2025-12-18T10:44:12","atum_locations":[],"atum_stock_status":"instock","restock_status":false,"low_stock_amount":1,"sales_update_date":"2025-12-18T10:44:12","calc_backorders":null,"_links":{"self":[{"href":"https:\/\/mps.digital-monkey.in\/es\/wp-json\/wp\/v2\/product\/41037","targetHints":{"allow":["GET"]}}],"collection":[{"href":"https:\/\/mps.digital-monkey.in\/es\/wp-json\/wp\/v2\/product"}],"about":[{"href":"https:\/\/mps.digital-monkey.in\/es\/wp-json\/wp\/v2\/types\/product"}],"replies":[{"embeddable":true,"href":"https:\/\/mps.digital-monkey.in\/es\/wp-json\/wp\/v2\/comments?post=41037"}],"wp:featuredmedia":[{"embeddable":true,"href":"https:\/\/mps.digital-monkey.in\/es\/wp-json\/wp\/v2\/media\/41030"}],"wp:attachment":[{"href":"https:\/\/mps.digital-monkey.in\/es\/wp-json\/wp\/v2\/media?parent=41037"}],"wp:term":[{"taxonomy":"product_brand","embeddable":true,"href":"https:\/\/mps.digital-monkey.in\/es\/wp-json\/wp\/v2\/product_brand?post=41037"},{"taxonomy":"product_cat","embeddable":true,"href":"https:\/\/mps.digital-monkey.in\/es\/wp-json\/wp\/v2\/product_cat?post=41037"},{"taxonomy":"product_tag","embeddable":true,"href":"https:\/\/mps.digital-monkey.in\/es\/wp-json\/wp\/v2\/product_tag?post=41037"}],"curies":[{"name":"wp","href":"https:\/\/api.w.org\/{rel}","templated":true}]}}