{"id":41053,"date":"2025-10-31T14:54:38","date_gmt":"2025-10-31T14:54:38","guid":{"rendered":"https:\/\/mps.digital-monkey.in\/product\/motor-de-arranque-vetus-m3-28-m3-29-stm9835-12v-17kw\/"},"modified":"2025-10-31T14:54:38","modified_gmt":"2025-10-31T14:54:38","slug":"motor-de-arranque-vetus-m3-28-m3-29-stm9835-12v-17kw","status":"publish","type":"product","link":"https:\/\/mps.digital-monkey.in\/es\/product\/motor-de-arranque-vetus-m3-28-m3-29-stm9835-12v-17kw\/","title":{"rendered":"Motor de arranque Vetus M3.28 \/ M3.29 &#8211; STM9835 | 12V 1,7kW"},"content":{"rendered":"<p data-start=\"579\" data-end=\"887\">El motor <strong data-start=\"583\" data-end=\"614\">de arranque Vetus STM9835<\/strong> es un motor de arranque de repuesto de alto rendimiento y calidad marina dise\u00f1ado para los motores <strong data-start=\"684\" data-end=\"699\">Vetus M3.28<\/strong> y <strong data-start=\"704\" data-end=\"719\">Vetus M3.29<\/strong>. Fabricado para ofrecer fiabilidad y una larga vida \u00fatil, este motor de arranque de 12 V y 1,7 kW ofrece un rendimiento de arranque potente y constante en todos los entornos marinos. <\/p>\n<p data-start=\"889\" data-end=\"1084\">Fabricado seg\u00fan las especificaciones OEM, el STM9835 proporciona un ajuste perfecto y una instalaci\u00f3n sencilla. Su construcci\u00f3n resistente a la corrosi\u00f3n garantiza un funcionamiento fiable incluso en condiciones duras de agua salada. <\/p>\n<p data-start=\"1086\" data-end=\"1108\"><strong data-start=\"1086\" data-end=\"1106\">Compatible con:<\/strong><\/p>\n<ul data-start=\"1109\" data-end=\"1140\">\n<li data-start=\"1109\" data-end=\"1124\">\n<p data-start=\"1111\" data-end=\"1124\">Vetus M3.28<\/p>\n<\/li>\n<li data-start=\"1125\" data-end=\"1140\">\n<p data-start=\"1127\" data-end=\"1140\">Vetus M3.29<\/p>\n<\/li>\n<\/ul>\n<p data-start=\"1142\" data-end=\"1212\"><strong data-start=\"1142\" data-end=\"1155\">Garant\u00eda:<\/strong><br data-start=\"1155\" data-end=\"1158\">\u2705 2 A\u00f1os &#8211; cubre defectos de material y fabricaci\u00f3n.<\/p>\n<h3 data-start=\"1219\" data-end=\"1257\">\u26a1 <strong data-start=\"1225\" data-end=\"1255\">Especificaciones el\u00e9ctricas:<\/strong><\/h3>\n<ul data-start=\"1258\" data-end=\"1332\">\n<li data-start=\"1258\" data-end=\"1278\">\n<p data-start=\"1260\" data-end=\"1278\"><strong data-start=\"1260\" data-end=\"1272\">Tensi\u00f3n:<\/strong> 12 V<\/p>\n<\/li>\n<li data-start=\"1279\" data-end=\"1300\">\n<p data-start=\"1281\" data-end=\"1300\"><strong data-start=\"1281\" data-end=\"1291\">Potencia:<\/strong> 1,7 kW<\/p>\n<\/li>\n<li data-start=\"1301\" data-end=\"1332\">\n<p data-start=\"1303\" data-end=\"1332\"><strong data-start=\"1303\" data-end=\"1316\">Giro:<\/strong> Giro a la derecha<\/p>\n<\/li>\n<\/ul>\n<h3 data-start=\"1334\" data-end=\"1371\">\u2699\ufe0f <strong data-start=\"1341\" data-end=\"1369\">Especificaciones f\u00edsicas:<\/strong><\/h3>\n<ul data-start=\"1372\" data-end=\"1523\">\n<li data-start=\"1372\" data-end=\"1401\">\n<p data-start=\"1374\" data-end=\"1401\"><strong data-start=\"1374\" data-end=\"1391\">Borde de ajuste:<\/strong> 77,0 mm<\/p>\n<\/li>\n<li data-start=\"1402\" data-end=\"1429\">\n<p data-start=\"1404\" data-end=\"1429\"><strong data-start=\"1404\" data-end=\"1424\">N\u00famero de dientes:<\/strong> 14<\/p>\n<\/li>\n<li data-start=\"1430\" data-end=\"1455\">\n<p data-start=\"1432\" data-end=\"1455\"><strong data-start=\"1432\" data-end=\"1450\">Terminal (B+):<\/strong> M8<\/p>\n<\/li>\n<li data-start=\"1456\" data-end=\"1491\">\n<p data-start=\"1458\" data-end=\"1491\"><strong data-start=\"1458\" data-end=\"1487\">N\u00famero de orificios de montaje:<\/strong> 2<\/p>\n<\/li>\n<li data-start=\"1492\" data-end=\"1523\">\n<p data-start=\"1494\" data-end=\"1523\"><strong data-start=\"1494\" data-end=\"1516\">Posici\u00f3n de montaje:<\/strong> +60\u00b0<\/p>\n<\/li>\n<\/ul>\n<p data-start=\"1530\" data-end=\"1549\"><strong data-start=\"1530\" data-end=\"1547\">Caracter\u00edsticas principales:<\/strong><\/p>\n<ul data-start=\"1550\" data-end=\"1816\">\n<li data-start=\"1550\" data-end=\"1603\">\n<p data-start=\"1552\" data-end=\"1603\">Adecuado para motores marinos Vetus M3.28 y M3.29<\/p>\n<\/li>\n<li data-start=\"1604\" data-end=\"1652\">\n<p data-start=\"1606\" data-end=\"1652\">Motor de arranque de 12 V y 1,7 kW de giro a la derecha<\/p>\n<\/li>\n<li data-start=\"1653\" data-end=\"1688\">\n<p data-start=\"1655\" data-end=\"1688\">Potencia de arranque fuerte y fiable<\/p>\n<\/li>\n<li data-start=\"1689\" data-end=\"1732\">\n<p data-start=\"1691\" data-end=\"1732\">Construcci\u00f3n marina resistente a la corrosi\u00f3n<\/p>\n<\/li>\n<li data-start=\"1733\" data-end=\"1778\">\n<p data-start=\"1735\" data-end=\"1778\">Sustituci\u00f3n directa, f\u00e1cil instalaci\u00f3n<\/p>\n<\/li>\n<li data-start=\"1779\" data-end=\"1816\">\n<p data-start=\"1781\" data-end=\"1816\">2 a\u00f1os de garant\u00eda para tu tranquilidad<\/p>\n<\/li>\n<\/ul>\n<p data-start=\"1818\" data-end=\"2086\"><strong data-start=\"1818\" data-end=\"1852\">Por qu\u00e9 elegir este motor de arranque:<\/strong><br data-start=\"1852\" data-end=\"1855\">Este motor de arranque combina un alto par de arranque con una fiabilidad marina demostrada. Dise\u00f1ado como recambio directo de la unidad original Vetus, garantiza arranques fiables y durabilidad a largo plazo en condiciones de funcionamiento marino. <\/p>\n","protected":false},"excerpt":{"rendered":"<p>El motor de arranque Vetus STM9835 es un motor de arranque de repuesto de alto rendimiento y calidad marina dise\u00f1ado para los motores Vetus M3.28 y Vetus M3.29. Fabricado para ofrecer fiabilidad y una larga vida \u00fatil, este motor de arranque de 12 V y 1,7 kW ofrece un rendimiento de arranque potente y constante [&hellip;]<\/p>\n","protected":false},"featured_media":0,"comment_status":"open","ping_status":"closed","template":"","meta":[],"product_brand":[4241],"product_cat":[2723,2518,2519],"product_tag":[],"class_list":{"0":"post-41053","1":"product","2":"type-product","3":"status-publish","5":"product_brand-vetus","6":"product_cat-motores-de-arranque","7":"product_cat-piezas-de-motor","8":"product_cat-sistemas-electricos","9":"pa_condition-nuevo","10":"pa_model-m3-28","11":"pa_model-m3-29","12":"pa_oem-or-aftermarket-posventa","14":"first","15":"instock","16":"taxable","17":"shipping-taxable","18":"purchasable","19":"product-type-simple"},"supplier_id":38457,"supplier_sku":"150.544.142.130","barcode":null,"atum_controlled":true,"out_stock_date":null,"out_stock_threshold":null,"inheritable":false,"inbound_stock":0,"stock_on_hold":0,"sold_today":0,"sales_last_days":0,"reserved_stock":0,"customer_returns":0,"warehouse_damage":0,"lost_in_post":0,"other_logs":0,"out_stock_days":0,"lost_sales":0,"has_location":false,"update_date":"2026-03-10T15:00:30","atum_locations":[],"atum_stock_status":"instock","restock_status":false,"low_stock_amount":"","sales_update_date":"2026-03-10T15:00:30","calc_backorders":null,"_links":{"self":[{"href":"https:\/\/mps.digital-monkey.in\/es\/wp-json\/wp\/v2\/product\/41053","targetHints":{"allow":["GET"]}}],"collection":[{"href":"https:\/\/mps.digital-monkey.in\/es\/wp-json\/wp\/v2\/product"}],"about":[{"href":"https:\/\/mps.digital-monkey.in\/es\/wp-json\/wp\/v2\/types\/product"}],"replies":[{"embeddable":true,"href":"https:\/\/mps.digital-monkey.in\/es\/wp-json\/wp\/v2\/comments?post=41053"}],"wp:attachment":[{"href":"https:\/\/mps.digital-monkey.in\/es\/wp-json\/wp\/v2\/media?parent=41053"}],"wp:term":[{"taxonomy":"product_brand","embeddable":true,"href":"https:\/\/mps.digital-monkey.in\/es\/wp-json\/wp\/v2\/product_brand?post=41053"},{"taxonomy":"product_cat","embeddable":true,"href":"https:\/\/mps.digital-monkey.in\/es\/wp-json\/wp\/v2\/product_cat?post=41053"},{"taxonomy":"product_tag","embeddable":true,"href":"https:\/\/mps.digital-monkey.in\/es\/wp-json\/wp\/v2\/product_tag?post=41053"}],"curies":[{"name":"wp","href":"https:\/\/api.w.org\/{rel}","templated":true}]}}