{"id":41070,"date":"2025-11-01T13:25:48","date_gmt":"2025-11-01T13:25:48","guid":{"rendered":"https:\/\/mps.digital-monkey.in\/product\/kit-de-servicio-volvo-penta-md2010-md2020-d1-13-d1-20-21189380\/"},"modified":"2025-11-01T13:25:48","modified_gmt":"2025-11-01T13:25:48","slug":"kit-de-servicio-volvo-penta-md2010-md2020-d1-13-d1-20-21189380","status":"publish","type":"product","link":"https:\/\/mps.digital-monkey.in\/es\/product\/kit-de-servicio-volvo-penta-md2010-md2020-d1-13-d1-20-21189380\/","title":{"rendered":"Kit de servicio Volvo Penta MD2010 \/ MD2020 \/ D1-13 \/ D1-20 &#8211; 21189380"},"content":{"rendered":"<p data-start=\"628\" data-end=\"934\">Este <strong data-start=\"632\" data-end=\"656\">Kit de Servicio<\/strong> de repuesto <strong data-start=\"632\" data-end=\"656\">21189380<\/strong> es un juego de mantenimiento completo dise\u00f1ado para los motores diesel marinos <strong data-start=\"700\" data-end=\"748\">Volvo Penta MD2010, MD2020, D1-13 y D1-20<\/strong>. Proporciona todos los componentes esenciales necesarios para un servicio est\u00e1ndar, ayudando a mantener tu motor funcionando sin problemas y de forma fiable durante toda la temporada de navegaci\u00f3n. <\/p>\n<p data-start=\"936\" data-end=\"1097\">Este pr\u00e1ctico kit garantiza un ajuste correcto, una filtraci\u00f3n eficaz y un rendimiento de refrigeraci\u00f3n adecuado: todo lo necesario para un cuidado eficaz del motor en un solo paquete.<\/p>\n<p data-start=\"1099\" data-end=\"1155\"><strong data-start=\"1099\" data-end=\"1153\">Compatible con los siguientes motores Volvo Penta:<\/strong><\/p>\n<ul data-start=\"1156\" data-end=\"1197\">\n<li data-start=\"1156\" data-end=\"1166\">\n<p data-start=\"1158\" data-end=\"1166\">MD2010<\/p>\n<\/li>\n<li data-start=\"1167\" data-end=\"1177\">\n<p data-start=\"1169\" data-end=\"1177\">MD2020<\/p>\n<\/li>\n<li data-start=\"1178\" data-end=\"1187\">\n<p data-start=\"1180\" data-end=\"1187\">D1-13<\/p>\n<\/li>\n<li data-start=\"1188\" data-end=\"1197\">\n<p data-start=\"1190\" data-end=\"1197\">D1-20<\/p>\n<\/li>\n<\/ul>\n<p data-start=\"1199\" data-end=\"1226\"><strong data-start=\"1199\" data-end=\"1224\">El kit de servicio contiene:<\/strong><\/p>\n<ul data-start=\"1227\" data-end=\"1327\">\n<li data-start=\"1227\" data-end=\"1256\">\n<p data-start=\"1229\" data-end=\"1256\">1\u00d7 Filtro de aceite Volvo Penta<\/p>\n<\/li>\n<li data-start=\"1257\" data-end=\"1287\">\n<p data-start=\"1259\" data-end=\"1287\">1\u00d7 Filtro de combustible Volvo Penta<\/p>\n<\/li>\n<li data-start=\"1288\" data-end=\"1327\">\n<p data-start=\"1290\" data-end=\"1327\">1\u00d7 Impeller + Junta<\/p>\n<\/li>\n<\/ul>\n<p data-start=\"1329\" data-end=\"1351\"><strong data-start=\"1329\" data-end=\"1349\">Complemento opcional:<\/strong><\/p>\n<ul data-start=\"1352\" data-end=\"1392\">\n<li data-start=\"1352\" data-end=\"1392\">\n<p data-start=\"1354\" data-end=\"1392\"><a href=\"https:\/\/mps.digital-monkey.in\/es\/producto\/aceite-motor-volvo-penta-vds-4-5-15w40\/\">Aceite motor Volvo Penta 15W-40 VDS4.5<\/a><\/p>\n<\/li>\n<\/ul>\n<p data-start=\"1394\" data-end=\"1413\"><strong data-start=\"1394\" data-end=\"1411\">Caracter\u00edsticas principales:<\/strong><\/p>\n<ul data-start=\"1414\" data-end=\"1709\">\n<li data-start=\"1414\" data-end=\"1458\">\n<p data-start=\"1416\" data-end=\"1458\">Kit de mantenimiento completo (ref. 21189380)<\/p>\n<\/li>\n<li data-start=\"1459\" data-end=\"1517\">\n<p data-start=\"1461\" data-end=\"1517\">Incluye componentes esenciales para el mantenimiento peri\u00f3dico<\/p>\n<\/li>\n<li data-start=\"1518\" data-end=\"1582\">\n<p data-start=\"1520\" data-end=\"1582\">Los filtros y el impulsor de alta calidad garantizan un rendimiento \u00f3ptimo<\/p>\n<\/li>\n<li data-start=\"1583\" data-end=\"1648\">\n<p data-start=\"1585\" data-end=\"1648\">Favorece un combustible limpio, una lubricaci\u00f3n adecuada y una refrigeraci\u00f3n fiable<\/p>\n<\/li>\n<li data-start=\"1649\" data-end=\"1709\">\n<p data-start=\"1651\" data-end=\"1709\">Simplifica el mantenimiento del motor y ayuda a prolongar su vida \u00fatil<\/p>\n<\/li>\n<\/ul>\n<p data-start=\"1711\" data-end=\"1965\"><strong data-start=\"1711\" data-end=\"1735\">Por qu\u00e9 elegir este kit:<\/strong><br data-start=\"1735\" data-end=\"1738\">Este kit de servicio todo en uno es la soluci\u00f3n perfecta para el mantenimiento rutinario de tu motor Volvo Penta. Con componentes de alta calidad fabricados seg\u00fan normas exigentes, garantiza un rendimiento fiable y tranquilidad en el agua. <\/p>\n","protected":false},"excerpt":{"rendered":"<p>Este Kit de Servicio de repuesto 21189380 es un juego de mantenimiento completo dise\u00f1ado para los motores diesel marinos Volvo Penta MD2010, MD2020, D1-13 y D1-20. Proporciona todos los componentes esenciales necesarios para un servicio est\u00e1ndar, ayudando a mantener tu motor funcionando sin problemas y de forma fiable durante toda la temporada de navegaci\u00f3n. Este [&hellip;]<\/p>\n","protected":false},"featured_media":42088,"comment_status":"open","ping_status":"closed","template":"","meta":[],"product_brand":[4229],"product_cat":[4486,3201,4478,2497,4293,4291,4306,4311,4302,4322,4304],"product_tag":[],"class_list":{"0":"post-41070","1":"product","2":"type-product","3":"status-publish","4":"has-post-thumbnail","6":"product_brand-volvo-penta","7":"product_cat-necesitas-piezas-volvo-penta","8":"product_cat-kits-de-servicio","9":"product_cat-kits-de-servicio-volvo-penta","10":"product_cat-piezas-de-mantenimiento-del-motor","11":"product_cat-recambios-volvo-penta-d1-13","12":"product_cat-recambios-volvo-penta-d1-20","13":"product_cat-recambios-volvo-penta-md2010","14":"product_cat-recambios-volvo-penta-md2020","15":"product_cat-volvo-penta","16":"product_cat-volvo-penta-d1-serie","17":"product_cat-volvo-penta-serie-md","18":"pa_condition-nuevo","19":"pa_model-d1-13","20":"pa_model-d1-20","21":"pa_model-md2010","22":"pa_model-md2020","23":"pa_oem-or-aftermarket-posventa","25":"first","26":"instock","27":"taxable","28":"shipping-taxable","29":"purchasable","30":"product-type-simple"},"supplier_id":7294,"supplier_sku":"REC21189380","barcode":null,"atum_controlled":true,"out_stock_date":null,"out_stock_threshold":null,"inheritable":false,"inbound_stock":0,"stock_on_hold":0,"sold_today":0,"sales_last_days":0,"reserved_stock":0,"customer_returns":0,"warehouse_damage":0,"lost_in_post":0,"other_logs":0,"out_stock_days":0,"lost_sales":0,"has_location":false,"update_date":"2026-01-29T09:11:06","atum_locations":[],"atum_stock_status":"instock","restock_status":false,"low_stock_amount":1,"sales_update_date":"2026-01-29T09:11:06","calc_backorders":null,"_links":{"self":[{"href":"https:\/\/mps.digital-monkey.in\/es\/wp-json\/wp\/v2\/product\/41070","targetHints":{"allow":["GET"]}}],"collection":[{"href":"https:\/\/mps.digital-monkey.in\/es\/wp-json\/wp\/v2\/product"}],"about":[{"href":"https:\/\/mps.digital-monkey.in\/es\/wp-json\/wp\/v2\/types\/product"}],"replies":[{"embeddable":true,"href":"https:\/\/mps.digital-monkey.in\/es\/wp-json\/wp\/v2\/comments?post=41070"}],"wp:featuredmedia":[{"embeddable":true,"href":"https:\/\/mps.digital-monkey.in\/es\/wp-json\/wp\/v2\/media\/42088"}],"wp:attachment":[{"href":"https:\/\/mps.digital-monkey.in\/es\/wp-json\/wp\/v2\/media?parent=41070"}],"wp:term":[{"taxonomy":"product_brand","embeddable":true,"href":"https:\/\/mps.digital-monkey.in\/es\/wp-json\/wp\/v2\/product_brand?post=41070"},{"taxonomy":"product_cat","embeddable":true,"href":"https:\/\/mps.digital-monkey.in\/es\/wp-json\/wp\/v2\/product_cat?post=41070"},{"taxonomy":"product_tag","embeddable":true,"href":"https:\/\/mps.digital-monkey.in\/es\/wp-json\/wp\/v2\/product_tag?post=41070"}],"curies":[{"name":"wp","href":"https:\/\/api.w.org\/{rel}","templated":true}]}}