{"id":41095,"date":"2025-11-02T14:22:08","date_gmt":"2025-11-02T14:22:08","guid":{"rendered":"https:\/\/mps.digital-monkey.in\/product\/kit-de-servicio-volvo-penta-2001-2002-2003-877194\/"},"modified":"2026-02-25T15:15:58","modified_gmt":"2026-02-25T15:15:58","slug":"kit-de-servicio-volvo-penta-2001-2002-2003-877194","status":"publish","type":"product","link":"https:\/\/mps.digital-monkey.in\/es\/product\/kit-de-servicio-volvo-penta-2001-2002-2003-877194\/","title":{"rendered":"Kit de servicio Volvo Penta 2001 \/ 2002 \/ 2003 &#8211; 877194"},"content":{"rendered":"<p data-start=\"663\" data-end=\"958\">El <strong data-start=\"667\" data-end=\"701\">Kit de Servicio Volvo Penta 877194<\/strong> es un paquete de mantenimiento completo dise\u00f1ado para motores diesel marinos <strong data-start=\"749\" data-end=\"785\">Volvo Penta 2001, 2002 y 2003<\/strong>. Contiene todos los componentes esenciales necesarios para el mantenimiento peri\u00f3dico del motor, garantizando una filtraci\u00f3n \u00f3ptima, una refrigeraci\u00f3n eficaz y un funcionamiento fiable. <\/p>\n<p data-start=\"1116\" data-end=\"1172\"><strong data-start=\"1116\" data-end=\"1170\">Compatible con los siguientes motores Volvo Penta:<\/strong><\/p>\n<ul data-start=\"1173\" data-end=\"1235\">\n<li data-start=\"1173\" data-end=\"1193\">\n<p data-start=\"1175\" data-end=\"1193\">Volvo Penta 2001<\/p>\n<\/li>\n<li data-start=\"1194\" data-end=\"1214\">\n<p data-start=\"1196\" data-end=\"1214\">Volvo Penta 2002<\/p>\n<\/li>\n<li data-start=\"1215\" data-end=\"1235\">\n<p data-start=\"1217\" data-end=\"1235\">Volvo Penta 2003<\/p>\n<\/li>\n<\/ul>\n<p data-start=\"1237\" data-end=\"1264\"><strong data-start=\"1237\" data-end=\"1262\">El kit de servicio contiene:<\/strong><\/p>\n<ul data-start=\"1265\" data-end=\"1350\">\n<li data-start=\"1265\" data-end=\"1293\">\n<p data-start=\"1267\" data-end=\"1293\">1\u00d7 Filtro de aceite &#8211; 22057107<\/p>\n<\/li>\n<li data-start=\"1294\" data-end=\"1323\">\n<p data-start=\"1296\" data-end=\"1323\">1\u00d7 Filtro de combustible &#8211; 21492771<\/p>\n<\/li>\n<li data-start=\"1324\" data-end=\"1350\">\n<p data-start=\"1326\" data-end=\"1350\">1\u00d7 Impeller &#8211; 21951342<\/p>\n<\/li>\n<li data-start=\"1324\" data-end=\"1350\">1x \u00c1nodo Al &#8211; 838929<\/li>\n<\/ul>\n<p data-start=\"1352\" data-end=\"1384\"><strong data-start=\"1352\" data-end=\"1382\">N\u00famero de referencia original:<\/strong><\/p>\n<ul data-start=\"1385\" data-end=\"1409\">\n<li data-start=\"1385\" data-end=\"1409\">\n<p data-start=\"1387\" data-end=\"1409\">Volvo Penta <strong data-start=\"1399\" data-end=\"1409\">877194<\/strong><\/p>\n<\/li>\n<\/ul>\n<p data-start=\"1411\" data-end=\"1433\"><strong data-start=\"1411\" data-end=\"1431\">Complemento opcional:<\/strong><\/p>\n<ul data-start=\"1434\" data-end=\"1476\">\n<li data-start=\"1434\" data-end=\"1476\">\n<p data-start=\"1436\" data-end=\"1476\">Aceite de motor Volvo Penta <a href=\"https:\/\/mps.digital-monkey.in\/es\/producto\/aceite-motor-volvo-penta-vds-4-5-15w40\/\"><strong data-start=\"1459\" data-end=\"1476\">15W-40 VDS4.5<\/strong><\/a><\/p>\n<\/li>\n<\/ul>\n<p data-start=\"1478\" data-end=\"1497\"><strong data-start=\"1478\" data-end=\"1495\">Caracter\u00edsticas principales:<\/strong><\/p>\n<ul data-start=\"1498\" data-end=\"1826\">\n<li data-start=\"1498\" data-end=\"1558\">\n<p data-start=\"1500\" data-end=\"1558\">Kit de mantenimiento completo para motores Volvo Penta de la serie 2000<\/p>\n<\/li>\n<li data-start=\"1559\" data-end=\"1627\">\n<p data-start=\"1561\" data-end=\"1627\">Incluye todos los componentes esenciales para el mantenimiento rutinario del motor<\/p>\n<\/li>\n<li data-start=\"1628\" data-end=\"1693\">\n<p data-start=\"1630\" data-end=\"1693\">Garantiza un combustible limpio, una lubricaci\u00f3n adecuada y una refrigeraci\u00f3n eficaz<\/p>\n<\/li>\n<li data-start=\"1694\" data-end=\"1759\">\n<p data-start=\"1696\" data-end=\"1759\">F\u00e1cil de instalar: componentes adaptados a las especificaciones del motor<\/p>\n<\/li>\n<li data-start=\"1760\" data-end=\"1826\">\n<p data-start=\"1762\" data-end=\"1826\">Ayuda a mantener un rendimiento fiable y a prolongar la vida \u00fatil del motor<\/p>\n<\/li>\n<\/ul>\n<p data-start=\"1828\" data-end=\"2053\"><strong data-start=\"1828\" data-end=\"1852\">Por qu\u00e9 elegir este kit:<\/strong><br data-start=\"1852\" data-end=\"1855\">Este kit todo en uno simplifica el mantenimiento rutinario y proporciona tranquilidad a los propietarios de embarcaciones. Los componentes de alta calidad garantizan una protecci\u00f3n fiable, un funcionamiento sin problemas y la fiabilidad del motor a largo plazo. <\/p>\n","protected":false},"excerpt":{"rendered":"<p>El Kit de Servicio Volvo Penta 877194 es un paquete de mantenimiento completo dise\u00f1ado para motores diesel marinos Volvo Penta 2001, 2002 y 2003. Contiene todos los componentes esenciales necesarios para el mantenimiento peri\u00f3dico del motor, garantizando una filtraci\u00f3n \u00f3ptima, una refrigeraci\u00f3n eficaz y un funcionamiento fiable. Compatible con los siguientes motores Volvo Penta: Volvo [&hellip;]<\/p>\n","protected":false},"featured_media":42070,"comment_status":"open","ping_status":"closed","template":"","meta":[],"product_brand":[4229],"product_cat":[4486,4712,3201,4478,2497,4724,4525,4464,4469,4472,4302,4462],"product_tag":[],"class_list":{"0":"post-41095","1":"product","2":"type-product","3":"status-publish","4":"has-post-thumbnail","6":"product_brand-volvo-penta","7":"product_cat-necesitas-piezas-volvo-penta","8":"product_cat-kit-de-servicio-volvo-penta-2002","9":"product_cat-kits-de-servicio","10":"product_cat-kits-de-servicio-volvo-penta","11":"product_cat-piezas-de-mantenimiento-del-motor","12":"product_cat-recambios-servicio-volvo-penta-serie-2000","13":"product_cat-recambios-volvo-penta","14":"product_cat-recambios-volvo-penta-2001","15":"product_cat-recambios-volvo-penta-2002","16":"product_cat-recambios-volvo-penta-2003","17":"product_cat-volvo-penta","18":"product_cat-volvo-penta-serie-2000","19":"pa_condition-nuevo","20":"pa_model-3111","21":"pa_model-3112","22":"pa_model-3113","23":"pa_oem-or-aftermarket-posventa","25":"first","26":"instock","27":"taxable","28":"shipping-taxable","29":"purchasable","30":"product-type-simple"},"supplier_id":7294,"supplier_sku":"REC877194","barcode":null,"atum_controlled":true,"out_stock_date":null,"out_stock_threshold":null,"inheritable":false,"inbound_stock":0,"stock_on_hold":1,"sold_today":1,"sales_last_days":1,"reserved_stock":0,"customer_returns":0,"warehouse_damage":0,"lost_in_post":0,"other_logs":0,"out_stock_days":0,"lost_sales":0,"has_location":false,"update_date":"2026-03-18T15:47:23","atum_locations":[],"atum_stock_status":"instock","restock_status":false,"low_stock_amount":1,"sales_update_date":null,"calc_backorders":0,"_links":{"self":[{"href":"https:\/\/mps.digital-monkey.in\/es\/wp-json\/wp\/v2\/product\/41095","targetHints":{"allow":["GET"]}}],"collection":[{"href":"https:\/\/mps.digital-monkey.in\/es\/wp-json\/wp\/v2\/product"}],"about":[{"href":"https:\/\/mps.digital-monkey.in\/es\/wp-json\/wp\/v2\/types\/product"}],"replies":[{"embeddable":true,"href":"https:\/\/mps.digital-monkey.in\/es\/wp-json\/wp\/v2\/comments?post=41095"}],"wp:featuredmedia":[{"embeddable":true,"href":"https:\/\/mps.digital-monkey.in\/es\/wp-json\/wp\/v2\/media\/42070"}],"wp:attachment":[{"href":"https:\/\/mps.digital-monkey.in\/es\/wp-json\/wp\/v2\/media?parent=41095"}],"wp:term":[{"taxonomy":"product_brand","embeddable":true,"href":"https:\/\/mps.digital-monkey.in\/es\/wp-json\/wp\/v2\/product_brand?post=41095"},{"taxonomy":"product_cat","embeddable":true,"href":"https:\/\/mps.digital-monkey.in\/es\/wp-json\/wp\/v2\/product_cat?post=41095"},{"taxonomy":"product_tag","embeddable":true,"href":"https:\/\/mps.digital-monkey.in\/es\/wp-json\/wp\/v2\/product_tag?post=41095"}],"curies":[{"name":"wp","href":"https:\/\/api.w.org\/{rel}","templated":true}]}}