{"id":41686,"date":"2025-11-03T08:11:35","date_gmt":"2025-11-03T08:11:35","guid":{"rendered":"https:\/\/mps.digital-monkey.in\/product\/aceite-de-transmision-original-yanmar-sae-30-1-litro-para-cajas-de-cambios-marinas-kanzaki-y-yanmar\/"},"modified":"2025-11-03T08:11:35","modified_gmt":"2025-11-03T08:11:35","slug":"aceite-de-transmision-original-yanmar-sae-30-1-litro-para-cajas-de-cambios-marinas-kanzaki-y-yanmar","status":"publish","type":"product","link":"https:\/\/mps.digital-monkey.in\/es\/product\/aceite-de-transmision-original-yanmar-sae-30-1-litro-para-cajas-de-cambios-marinas-kanzaki-y-yanmar\/","title":{"rendered":"Aceite de transmisi\u00f3n original Yanmar SAE 30 &#8211; 1 Litro | Para cajas de cambios marinas Kanzaki y Yanmar"},"content":{"rendered":"<p data-start=\"634\" data-end=\"955\"><strong data-start=\"634\" data-end=\"676\">El Aceite de Transmisi\u00f3n Genuino Yanmar SAE 30<\/strong> est\u00e1 especialmente formulado para las cajas de cambios marinas Yanmar y Kanzaki, garantizando una lubricaci\u00f3n \u00f3ptima, un desgaste reducido y un cambio suave en todas las condiciones de funcionamiento. Este aceite para cajas de cambios de alta calidad proporciona una protecci\u00f3n superior y una larga vida \u00fatil a tu sistema de transmisi\u00f3n marino. <\/p>\n<p data-start=\"957\" data-end=\"1062\">Ideal para su uso en <strong data-start=\"974\" data-end=\"1014\">la mayor\u00eda de las transmisiones marinas mec\u00e1nicas<\/strong>, incluidas las cajas de cambios Kanzaki de las series KM y KMH.<\/p>\n<p data-start=\"1064\" data-end=\"1294\"><strong data-start=\"1064\" data-end=\"1112\">Compatible con los siguientes tipos de caja de cambios:<\/strong><br data-start=\"1112\" data-end=\"1115\">KM2P, KM2P-1, KM2A, KM2C, KM3P, KM3-A, KM3A(1), KM3V, KM35P, KM35A, KM4A, KM4A1, KM4A2, KM5A, KMH4A, KMH40A\/41A, KMH50A\/51A, KMH50V\/51V, KMH52V, KMH6A(1), KMH60A, KMH61A, KMH61V<\/p>\n<p data-start=\"1296\" data-end=\"1315\"><strong data-start=\"1296\" data-end=\"1313\">Adecuado para:<\/strong><\/p>\n<ul data-start=\"1316\" data-end=\"1442\">\n<li data-start=\"1316\" data-end=\"1387\">\n<p data-start=\"1318\" data-end=\"1387\">La mayor\u00eda de las <strong data-start=\"1323\" data-end=\"1366\">cajas de cambios mec\u00e1nicas Yanmar y Kanzaki<\/strong> (series KM2 y KM3)<\/p>\n<\/li>\n<li data-start=\"1388\" data-end=\"1442\">\n<p data-start=\"1390\" data-end=\"1442\"><strong data-start=\"1409\" data-end=\"1442\">Transmisiones hidr\u00e1ulicas<\/strong><strong data-start=\"1390\" data-end=\"1404\">KM4A (1,2)<\/strong> y <strong data-start=\"1409\" data-end=\"1442\">KMH4A<\/strong><\/p>\n<\/li>\n<\/ul>\n<p data-start=\"1444\" data-end=\"1463\"><strong data-start=\"1444\" data-end=\"1461\">Caracter\u00edsticas principales:<\/strong><\/p>\n<ul data-start=\"1464\" data-end=\"1693\">\n<li data-start=\"1464\" data-end=\"1514\">\n<p data-start=\"1466\" data-end=\"1514\">Aceite para cajas de cambios Yanmar genuino &#8211; grado SAE 30<\/p>\n<\/li>\n<li data-start=\"1515\" data-end=\"1563\">\n<p data-start=\"1517\" data-end=\"1563\">Garantiza un funcionamiento suave y la protecci\u00f3n del engranaje<\/p>\n<\/li>\n<li data-start=\"1564\" data-end=\"1608\">\n<p data-start=\"1566\" data-end=\"1608\">Reduce la fricci\u00f3n, el desgaste y la acumulaci\u00f3n de calor<\/p>\n<\/li>\n<li data-start=\"1609\" data-end=\"1657\">\n<p data-start=\"1611\" data-end=\"1657\">Excelente rendimiento en entornos marinos<\/p>\n<\/li>\n<li data-start=\"1658\" data-end=\"1693\">\n<p data-start=\"1660\" data-end=\"1693\">Se suministra en un envase de 1 litro<\/p>\n<\/li>\n<\/ul>\n<p data-start=\"1695\" data-end=\"1918\"><strong data-start=\"1695\" data-end=\"1732\">\u00bfNecesitas ayuda para elegir el aceite adecuado?<\/strong><br data-start=\"1732\" data-end=\"1735\">\u00bfNo est\u00e1s seguro de si tu transmisi\u00f3n requiere <strong data-start=\"1779\" data-end=\"1789\">SAE 30<\/strong>, <strong data-start=\"1791\" data-end=\"1805\">SAE 15W-40<\/strong> o <strong data-start=\"1810\" data-end=\"1817\">ATF<\/strong>?<br data-start=\"1818\" data-end=\"1821\">Ponte en contacto con nosotros y te ayudaremos a seleccionar el aceite correcto para tu caja de cambios Yanmar o Kanzaki espec\u00edfica.<\/p>\n","protected":false},"excerpt":{"rendered":"<p>El Aceite de Transmisi\u00f3n Genuino Yanmar SAE 30 est\u00e1 especialmente formulado para las cajas de cambios marinas Yanmar y Kanzaki, garantizando una lubricaci\u00f3n \u00f3ptima, un desgaste reducido y un cambio suave en todas las condiciones de funcionamiento. Este aceite para cajas de cambios de alta calidad proporciona una protecci\u00f3n superior y una larga vida \u00fatil [&hellip;]<\/p>\n","protected":false},"featured_media":41687,"comment_status":"open","ping_status":"closed","template":"","meta":[],"product_brand":[4235],"product_cat":[4027,2729,2497,4534],"product_tag":[],"class_list":{"0":"post-41686","1":"product","2":"type-product","3":"status-publish","4":"has-post-thumbnail","6":"product_brand-yanmar","7":"product_cat-aceite-de-la-caja-de-cambios","8":"product_cat-aceites-y-liquidos","9":"product_cat-piezas-de-mantenimiento-del-motor","10":"product_cat-piezas-de-servicio-yanmar","11":"pa_condition-nuevo","12":"pa_oem-or-aftermarket-oem","14":"first","15":"instock","16":"taxable","17":"shipping-taxable","18":"purchasable","19":"product-type-simple"},"supplier_id":32143,"supplier_sku":"SAE30-1","barcode":null,"atum_controlled":true,"out_stock_date":null,"out_stock_threshold":null,"inheritable":false,"inbound_stock":0,"stock_on_hold":1,"sold_today":0,"sales_last_days":0,"reserved_stock":0,"customer_returns":0,"warehouse_damage":0,"lost_in_post":0,"other_logs":0,"out_stock_days":0,"lost_sales":0,"has_location":false,"update_date":"2026-03-05T15:26:51","atum_locations":[],"atum_stock_status":"instock","restock_status":false,"low_stock_amount":1,"sales_update_date":"2026-03-05T15:26:51","calc_backorders":0,"_links":{"self":[{"href":"https:\/\/mps.digital-monkey.in\/es\/wp-json\/wp\/v2\/product\/41686","targetHints":{"allow":["GET"]}}],"collection":[{"href":"https:\/\/mps.digital-monkey.in\/es\/wp-json\/wp\/v2\/product"}],"about":[{"href":"https:\/\/mps.digital-monkey.in\/es\/wp-json\/wp\/v2\/types\/product"}],"replies":[{"embeddable":true,"href":"https:\/\/mps.digital-monkey.in\/es\/wp-json\/wp\/v2\/comments?post=41686"}],"wp:featuredmedia":[{"embeddable":true,"href":"https:\/\/mps.digital-monkey.in\/es\/wp-json\/wp\/v2\/media\/41687"}],"wp:attachment":[{"href":"https:\/\/mps.digital-monkey.in\/es\/wp-json\/wp\/v2\/media?parent=41686"}],"wp:term":[{"taxonomy":"product_brand","embeddable":true,"href":"https:\/\/mps.digital-monkey.in\/es\/wp-json\/wp\/v2\/product_brand?post=41686"},{"taxonomy":"product_cat","embeddable":true,"href":"https:\/\/mps.digital-monkey.in\/es\/wp-json\/wp\/v2\/product_cat?post=41686"},{"taxonomy":"product_tag","embeddable":true,"href":"https:\/\/mps.digital-monkey.in\/es\/wp-json\/wp\/v2\/product_tag?post=41686"}],"curies":[{"name":"wp","href":"https:\/\/api.w.org\/{rel}","templated":true}]}}