{"id":42095,"date":"2025-11-07T09:25:22","date_gmt":"2025-11-07T09:25:22","guid":{"rendered":"https:\/\/mps.digital-monkey.in\/product\/kit-de-servicio-yanmar-3jh40-sk-jh40-001-g\/"},"modified":"2025-12-03T08:30:14","modified_gmt":"2025-12-03T08:30:14","slug":"kit-de-servicio-yanmar-3jh40-sk-jh40-001-g","status":"publish","type":"product","link":"https:\/\/mps.digital-monkey.in\/es\/product\/kit-de-servicio-yanmar-3jh40-sk-jh40-001-g\/","title":{"rendered":"Kit de servicio Yanmar 3JH40 &#8211; SK-JH40-001-G"},"content":{"rendered":"<p data-start=\"661\" data-end=\"940\">El <strong data-start=\"665\" data-end=\"709\">Kit de Servicio Yanmar 3JH40 (SK-JH40-001-G<\/strong> ) es un paquete de mantenimiento completo dise\u00f1ado para el <strong data-start=\"761\" data-end=\"803\">motor diesel common-rail Yanmar 3JH40<\/strong>. Incluye todos los componentes esenciales para una revisi\u00f3n completa del motor, garantizando un rendimiento fiable, una filtraci\u00f3n limpia y una refrigeraci\u00f3n \u00f3ptima.<\/p>\n<p data-start=\"942\" data-end=\"1115\">Este pr\u00e1ctico kit te proporciona las piezas que necesitas para el mantenimiento peri\u00f3dico, ideal para las revisiones estacionales o el cuidado rutinario del motor para que tu motor Yanmar funcione a pleno rendimiento.<\/p>\n<p data-start=\"1117\" data-end=\"1139\"><strong data-start=\"1117\" data-end=\"1137\">Compatible con:<\/strong><\/p>\n<ul data-start=\"1140\" data-end=\"1168\">\n<li data-start=\"1140\" data-end=\"1168\">\n<p data-start=\"1142\" data-end=\"1168\">Yanmar 3JH40 (Common-Rail)<\/p>\n<\/li>\n<\/ul>\n<p data-start=\"1170\" data-end=\"1197\"><strong data-start=\"1170\" data-end=\"1195\">El kit de servicio contiene:<\/strong><\/p>\n<ul data-start=\"1198\" data-end=\"1277\">\n<li data-start=\"1198\" data-end=\"1215\">\n<p data-start=\"1200\" data-end=\"1215\">1\u00d7 Filtro de aceite<\/p>\n<\/li>\n<li data-start=\"1216\" data-end=\"1234\">\n<p data-start=\"1218\" data-end=\"1234\">1\u00d7 Prefiltro de combustible<\/p>\n<\/li>\n<li data-start=\"1258\" data-end=\"1277\">\n<p data-start=\"1260\" data-end=\"1277\">1\u00d7 Kit de Impellers<\/p>\n<\/li>\n<li data-start=\"1258\" data-end=\"1277\">1x Cintur\u00f3n<\/li>\n<\/ul>\n<p>Falta en estos kits: Filtro OEM: 129A00-55800<\/p>\n<p data-start=\"1279\" data-end=\"1302\"><strong data-start=\"1279\" data-end=\"1300\">Complementos opcionales:<\/strong><\/p>\n<ul data-start=\"1303\" data-end=\"1378\">\n<li data-start=\"1303\" data-end=\"1334\">\n<p data-start=\"1305\" data-end=\"1334\">Multibanda (correa del alternador)<\/p>\n<\/li>\n<li data-start=\"1335\" data-end=\"1349\">\n<p data-start=\"1337\" data-end=\"1349\">Aceite de motor<\/p>\n<\/li>\n<li data-start=\"1350\" data-end=\"1378\">\n<p data-start=\"1352\" data-end=\"1378\">Aceite de la caja de cambios o Saildrive<\/p>\n<\/li>\n<\/ul>\n<p data-start=\"1728\" data-end=\"1924\"><strong data-start=\"1728\" data-end=\"1752\">Por qu\u00e9 elegir este kit:<\/strong><br data-start=\"1752\" data-end=\"1755\">Este kit de servicio todo en uno simplifica el mantenimiento y garantiza que tu motor Yanmar 3JH40 siga siendo fiable y eficiente. Perfecto para cuidados preventivos y revisiones anuales.<\/p>\n","protected":false},"excerpt":{"rendered":"<p>El Kit de Servicio Yanmar 3JH40 (SK-JH40-001-G ) es un paquete de mantenimiento completo dise\u00f1ado para el motor diesel common-rail Yanmar 3JH40. Incluye todos los componentes esenciales para una revisi\u00f3n completa del motor, garantizando un rendimiento fiable, una filtraci\u00f3n limpia y una refrigeraci\u00f3n \u00f3ptima. Este pr\u00e1ctico kit te proporciona las piezas que necesitas para el [&hellip;]<\/p>\n","protected":false},"featured_media":44970,"comment_status":"open","ping_status":"closed","template":"","meta":[],"product_brand":[4235],"product_cat":[3201,4535,2497,4534,4448],"product_tag":[],"class_list":{"0":"post-42095","1":"product","2":"type-product","3":"status-publish","4":"has-post-thumbnail","6":"product_brand-yanmar","7":"product_cat-kits-de-servicio","8":"product_cat-kits-de-servicio-yanmar","9":"product_cat-piezas-de-mantenimiento-del-motor","10":"product_cat-piezas-de-servicio-yanmar","11":"product_cat-yanmar","12":"pa_condition-nuevo","13":"pa_model-3jh40","14":"pa_oem-or-aftermarket-posventa","16":"first","17":"onbackorder","18":"taxable","19":"shipping-taxable","20":"purchasable","21":"product-type-simple"},"supplier_id":7294,"supplier_sku":"RECSKJH40001G","barcode":null,"atum_controlled":true,"out_stock_date":"2025-11-21 13:08:22","out_stock_threshold":null,"inheritable":false,"inbound_stock":0,"stock_on_hold":0,"sold_today":0,"sales_last_days":0,"reserved_stock":0,"customer_returns":0,"warehouse_damage":0,"lost_in_post":0,"other_logs":0,"out_stock_days":26,"lost_sales":0,"has_location":false,"update_date":"2025-12-18T10:44:12","atum_locations":[],"atum_stock_status":"onbackorder","restock_status":false,"low_stock_amount":1,"sales_update_date":"2025-12-18T10:44:12","calc_backorders":null,"_links":{"self":[{"href":"https:\/\/mps.digital-monkey.in\/es\/wp-json\/wp\/v2\/product\/42095","targetHints":{"allow":["GET"]}}],"collection":[{"href":"https:\/\/mps.digital-monkey.in\/es\/wp-json\/wp\/v2\/product"}],"about":[{"href":"https:\/\/mps.digital-monkey.in\/es\/wp-json\/wp\/v2\/types\/product"}],"replies":[{"embeddable":true,"href":"https:\/\/mps.digital-monkey.in\/es\/wp-json\/wp\/v2\/comments?post=42095"}],"wp:featuredmedia":[{"embeddable":true,"href":"https:\/\/mps.digital-monkey.in\/es\/wp-json\/wp\/v2\/media\/44970"}],"wp:attachment":[{"href":"https:\/\/mps.digital-monkey.in\/es\/wp-json\/wp\/v2\/media?parent=42095"}],"wp:term":[{"taxonomy":"product_brand","embeddable":true,"href":"https:\/\/mps.digital-monkey.in\/es\/wp-json\/wp\/v2\/product_brand?post=42095"},{"taxonomy":"product_cat","embeddable":true,"href":"https:\/\/mps.digital-monkey.in\/es\/wp-json\/wp\/v2\/product_cat?post=42095"},{"taxonomy":"product_tag","embeddable":true,"href":"https:\/\/mps.digital-monkey.in\/es\/wp-json\/wp\/v2\/product_tag?post=42095"}],"curies":[{"name":"wp","href":"https:\/\/api.w.org\/{rel}","templated":true}]}}