{"id":42100,"date":"2025-11-07T09:43:33","date_gmt":"2025-11-07T09:43:33","guid":{"rendered":"https:\/\/mps.digital-monkey.in\/product\/kit-de-segmentos-de-piston-volvo-penta-2001-2002-2003-std-876114-segmentos-de-piston-de-tamano-estandar\/"},"modified":"2025-11-07T09:43:33","modified_gmt":"2025-11-07T09:43:33","slug":"kit-de-segmentos-de-piston-volvo-penta-2001-2002-2003-std-876114-segmentos-de-piston-de-tamano-estandar","status":"publish","type":"product","link":"https:\/\/mps.digital-monkey.in\/es\/product\/kit-de-segmentos-de-piston-volvo-penta-2001-2002-2003-std-876114-segmentos-de-piston-de-tamano-estandar\/","title":{"rendered":"Kit de segmentos de pist\u00f3n Volvo Penta 2001 \/ 2002 \/ 2003 &#8211; STD 876114 | Segmentos de pist\u00f3n de tama\u00f1o est\u00e1ndar"},"content":{"rendered":"<p data-start=\"679\" data-end=\"966\">El <strong data-start=\"683\" data-end=\"727\">kit de segmentos de pist\u00f3n Volvo<\/strong> <strong data-start=\"785\" data-end=\"821\">Penta<\/strong> <strong data-start=\"683\" data-end=\"727\">876114 (STD)<\/strong> es un juego de ingenier\u00eda de precisi\u00f3n dise\u00f1ado para motores diesel marinos <strong data-start=\"785\" data-end=\"821\">Volvo Penta 2001, 2002 y 2003<\/strong> de di\u00e1metro est\u00e1ndar. Estos segmentos de pist\u00f3n est\u00e1n fabricados para restaurar la compresi\u00f3n, reducir el consumo de aceite y mantener un rendimiento eficaz del motor. <\/p>\n<p data-start=\"968\" data-end=\"1094\">Cada juego se fabrica seg\u00fan normas de alta calidad para una durabilidad prolongada y un ajuste perfecto durante las reconstrucciones o revisiones.<\/p>\n<p data-start=\"1096\" data-end=\"1152\"><strong data-start=\"1096\" data-end=\"1150\">Compatible con los siguientes motores Volvo Penta:<\/strong><\/p>\n<ul data-start=\"1153\" data-end=\"1322\">\n<li data-start=\"1153\" data-end=\"1184\">\n<p data-start=\"1155\" data-end=\"1184\">2001, 2001B, 2001AG, 2001BG<\/p>\n<\/li>\n<li data-start=\"1185\" data-end=\"1223\">\n<p data-start=\"1187\" data-end=\"1223\">2002, 2002B, 2002D, 2002AG, 2002BG<\/p>\n<\/li>\n<li data-start=\"1224\" data-end=\"1262\">\n<p data-start=\"1226\" data-end=\"1262\">2003, 2003B, 2003D, 2003AG, 2003BG<\/p>\n<\/li>\n<li data-start=\"1263\" data-end=\"1280\">\n<p data-start=\"1265\" data-end=\"1280\">2003T, 2003TB<\/p>\n<\/li>\n<li data-start=\"1281\" data-end=\"1322\">\n<p data-start=\"1283\" data-end=\"1322\">2003 SOLAS, 2003B SOLAS, 2003TB SOLAS<\/p>\n<\/li>\n<\/ul>\n<p data-start=\"1324\" data-end=\"1343\"><strong data-start=\"1324\" data-end=\"1341\">N\u00fameros de pieza:<\/strong><\/p>\n<ul data-start=\"1344\" data-end=\"1385\">\n<li data-start=\"1344\" data-end=\"1363\">\n<p data-start=\"1346\" data-end=\"1363\">876114 \/ 876012<\/p>\n<\/li>\n<li data-start=\"1364\" data-end=\"1385\">\n<p data-start=\"1366\" data-end=\"1385\">Tama\u00f1o est\u00e1ndar (STD)<\/p>\n<\/li>\n<\/ul>\n<p data-start=\"1387\" data-end=\"1411\"><strong data-start=\"1387\" data-end=\"1409\">Cada juego contiene:<\/strong><\/p>\n<ul data-start=\"1412\" data-end=\"1625\">\n<li data-start=\"1412\" data-end=\"1478\">\n<p data-start=\"1414\" data-end=\"1478\">1\u00d7 <strong data-start=\"1417\" data-end=\"1441\">Anillo de compresi\u00f3n superior<\/strong> &#8211; Cromo-vanadio, dise\u00f1o paralelo<\/p>\n<\/li>\n<li data-start=\"1479\" data-end=\"1542\">\n<p data-start=\"1481\" data-end=\"1542\">1\u00d7 <strong data-start=\"1484\" data-end=\"1511\">Segundo anillo de compresi\u00f3n<\/strong> &#8211; Hierro fundido, dise\u00f1o paralelo<\/p>\n<\/li>\n<li data-start=\"1543\" data-end=\"1625\">\n<p data-start=\"1545\" data-end=\"1625\">1\u00d7 <strong data-start=\"1548\" data-end=\"1568\">Anillo de control de aceite<\/strong> &#8211; Cromo-vanadio, cargado por muelle, tipo rascador ranurado<\/p>\n<\/li>\n<\/ul>\n<p data-start=\"1627\" data-end=\"1743\">Estos anillos se fabrican con dimensiones est\u00e1ndar, se dise\u00f1an con precisi\u00f3n para ofrecer fiabilidad y una excelente relaci\u00f3n calidad-precio.<\/p>\n<p data-start=\"1745\" data-end=\"1764\"><strong data-start=\"1745\" data-end=\"1762\">Caracter\u00edsticas principales:<\/strong><\/p>\n<ul data-start=\"1765\" data-end=\"2087\">\n<li data-start=\"1765\" data-end=\"1833\">\n<p data-start=\"1767\" data-end=\"1833\">Kit de segmentos de alta calidad para motores Volvo Penta de la serie 2000<\/p>\n<\/li>\n<li data-start=\"1834\" data-end=\"1893\">\n<p data-start=\"1836\" data-end=\"1893\">Garantiza una compresi\u00f3n correcta y un consumo m\u00ednimo de aceite<\/p>\n<\/li>\n<li data-start=\"1894\" data-end=\"1958\">\n<p data-start=\"1896\" data-end=\"1958\">Fabricado con materiales duraderos de cromo-vanadio y fundici\u00f3n<\/p>\n<\/li>\n<li data-start=\"1959\" data-end=\"2019\">\n<p data-start=\"1961\" data-end=\"2019\">Dise\u00f1ado para la longevidad y el rendimiento constante del motor<\/p>\n<\/li>\n<li data-start=\"2020\" data-end=\"2087\">\n<p data-start=\"2022\" data-end=\"2087\">Perfecto para revisiones o reconstrucciones de motores marinos Volvo Penta<\/p>\n<\/li>\n<\/ul>\n<p data-start=\"2089\" data-end=\"2298\"><strong data-start=\"2089\" data-end=\"2113\">Por qu\u00e9 elegir este kit:<\/strong><br data-start=\"2113\" data-end=\"2116\">Este kit de segmentos de pist\u00f3n proporciona un excelente sellado, rendimiento y durabilidad, ideal para restaurar la potencia y eficiencia de tu motor Volvo Penta con una excelente relaci\u00f3n calidad-precio.<\/p>\n","protected":false},"excerpt":{"rendered":"<p>El kit de segmentos de pist\u00f3n Volvo Penta 876114 (STD) es un juego de ingenier\u00eda de precisi\u00f3n dise\u00f1ado para motores diesel marinos Volvo Penta 2001, 2002 y 2003 de di\u00e1metro est\u00e1ndar. Estos segmentos de pist\u00f3n est\u00e1n fabricados para restaurar la compresi\u00f3n, reducir el consumo de aceite y mantener un rendimiento eficaz del motor. Cada juego [&hellip;]<\/p>\n","protected":false},"featured_media":0,"comment_status":"open","ping_status":"closed","template":"","meta":[],"product_brand":[4229],"product_cat":[4478,4464,4469,4472,4475,4462],"product_tag":[],"class_list":{"0":"post-42100","1":"product","2":"type-product","3":"status-publish","5":"product_brand-volvo-penta","6":"product_cat-kits-de-servicio-volvo-penta","7":"product_cat-recambios-volvo-penta-2001","8":"product_cat-recambios-volvo-penta-2002","9":"product_cat-recambios-volvo-penta-2003","10":"product_cat-recambios-volvo-penta-2003t","11":"product_cat-volvo-penta-serie-2000","12":"pa_condition-nuevo","13":"pa_model-3111","14":"pa_model-3112","15":"pa_model-3113","16":"pa_model-2003t","17":"pa_model-2003tb","18":"pa_oem-or-aftermarket-posventa","20":"first","21":"instock","22":"taxable","23":"shipping-taxable","24":"purchasable","25":"product-type-simple"},"supplier_id":7294,"supplier_sku":"REC876114","barcode":null,"atum_controlled":true,"out_stock_date":null,"out_stock_threshold":null,"inheritable":false,"inbound_stock":0,"stock_on_hold":1,"sold_today":0,"sales_last_days":0,"reserved_stock":0,"customer_returns":0,"warehouse_damage":0,"lost_in_post":0,"other_logs":0,"out_stock_days":0,"lost_sales":0,"has_location":false,"update_date":"2026-01-29T09:11:06","atum_locations":[],"atum_stock_status":"instock","restock_status":false,"low_stock_amount":1,"sales_update_date":"2026-01-29T09:11:06","calc_backorders":0,"_links":{"self":[{"href":"https:\/\/mps.digital-monkey.in\/es\/wp-json\/wp\/v2\/product\/42100","targetHints":{"allow":["GET"]}}],"collection":[{"href":"https:\/\/mps.digital-monkey.in\/es\/wp-json\/wp\/v2\/product"}],"about":[{"href":"https:\/\/mps.digital-monkey.in\/es\/wp-json\/wp\/v2\/types\/product"}],"replies":[{"embeddable":true,"href":"https:\/\/mps.digital-monkey.in\/es\/wp-json\/wp\/v2\/comments?post=42100"}],"wp:attachment":[{"href":"https:\/\/mps.digital-monkey.in\/es\/wp-json\/wp\/v2\/media?parent=42100"}],"wp:term":[{"taxonomy":"product_brand","embeddable":true,"href":"https:\/\/mps.digital-monkey.in\/es\/wp-json\/wp\/v2\/product_brand?post=42100"},{"taxonomy":"product_cat","embeddable":true,"href":"https:\/\/mps.digital-monkey.in\/es\/wp-json\/wp\/v2\/product_cat?post=42100"},{"taxonomy":"product_tag","embeddable":true,"href":"https:\/\/mps.digital-monkey.in\/es\/wp-json\/wp\/v2\/product_tag?post=42100"}],"curies":[{"name":"wp","href":"https:\/\/api.w.org\/{rel}","templated":true}]}}