{"id":42111,"date":"2025-11-07T10:05:03","date_gmt":"2025-11-07T10:05:03","guid":{"rendered":"https:\/\/mps.digital-monkey.in\/product\/juego-de-segmentos-volvo-penta-d2-75-std-sustituye-a-21301848-3584123\/"},"modified":"2025-11-07T10:05:03","modified_gmt":"2025-11-07T10:05:03","slug":"juego-de-segmentos-volvo-penta-d2-75-std-sustituye-a-21301848-3584123","status":"publish","type":"product","link":"https:\/\/mps.digital-monkey.in\/es\/product\/juego-de-segmentos-volvo-penta-d2-75-std-sustituye-a-21301848-3584123\/","title":{"rendered":"Juego de segmentos Volvo Penta D2-75 STD | Sustituye a 21301848 \/ 3584123"},"content":{"rendered":"<p data-start=\"652\" data-end=\"942\">El <strong data-start=\"656\" data-end=\"681\">juego de segmentos de pist\u00f3n (STD)<\/strong> para motores diesel marinos <strong data-start=\"686\" data-end=\"736\">Volvo Penta D2-75A, D2-75B, D2-75C y D2-75F<\/strong> proporciona un excelente rendimiento de sellado y durabilidad. Dise\u00f1ado para restaurar la compresi\u00f3n y minimizar el consumo de aceite, este juego de alta calidad es ideal para reconstruir o revisar el motor. <\/p>\n<p data-start=\"944\" data-end=\"1100\">Cada anillo se fabrica con dimensiones precisas y materiales de alta calidad, lo que garantiza un ajuste perfecto y una larga vida \u00fatil en las exigentes condiciones marinas.<\/p>\n<p data-start=\"1102\" data-end=\"1158\"><strong data-start=\"1102\" data-end=\"1156\">Compatible con los siguientes motores Volvo Penta:<\/strong><\/p>\n<ul data-start=\"1159\" data-end=\"1202\">\n<li data-start=\"1159\" data-end=\"1169\">\n<p data-start=\"1161\" data-end=\"1169\">D2-75A<\/p>\n<\/li>\n<li data-start=\"1170\" data-end=\"1180\">\n<p data-start=\"1172\" data-end=\"1180\">D2-75B<\/p>\n<\/li>\n<li data-start=\"1181\" data-end=\"1191\">\n<p data-start=\"1183\" data-end=\"1191\">D2-75C<\/p>\n<\/li>\n<li data-start=\"1192\" data-end=\"1202\">\n<p data-start=\"1194\" data-end=\"1202\">D2-75F<\/p>\n<\/li>\n<\/ul>\n<p data-start=\"1204\" data-end=\"1223\"><strong data-start=\"1204\" data-end=\"1221\">Sustituye al OEM:<\/strong><\/p>\n<ul data-start=\"1224\" data-end=\"1248\">\n<li data-start=\"1224\" data-end=\"1236\">\n<p data-start=\"1226\" data-end=\"1236\">21301848<\/p>\n<\/li>\n<li data-start=\"1237\" data-end=\"1248\">\n<p data-start=\"1239\" data-end=\"1248\">3584123<\/p>\n<\/li>\n<\/ul>\n<p data-start=\"1250\" data-end=\"1270\"><strong data-start=\"1250\" data-end=\"1268\">Especificaci\u00f3n:<\/strong><\/p>\n<ul data-start=\"1271\" data-end=\"1411\">\n<li data-start=\"1271\" data-end=\"1299\">\n<p data-start=\"1273\" data-end=\"1299\">Tipo: <strong data-start=\"1279\" data-end=\"1297\">Est\u00e1ndar (STD)<\/strong><\/p>\n<\/li>\n<li data-start=\"1300\" data-end=\"1359\">\n<p data-start=\"1302\" data-end=\"1359\">Anillos de pist\u00f3n de alta calidad para una estanqueidad fiable<\/p>\n<\/li>\n<li data-start=\"1360\" data-end=\"1411\">\n<p data-start=\"1362\" data-end=\"1411\">Excelente retenci\u00f3n de la compresi\u00f3n y control del aceite<\/p>\n<\/li>\n<\/ul>\n<p data-start=\"1413\" data-end=\"1437\"><strong data-start=\"1413\" data-end=\"1435\">Cada juego incluye<\/strong><\/p>\n<ul data-start=\"1438\" data-end=\"1608\">\n<li data-start=\"1438\" data-end=\"1501\">\n<p data-start=\"1440\" data-end=\"1501\">1\u00d7 Anillo de compresi\u00f3n superior &#8211; cromo-vanadio, rectificado con precisi\u00f3n<\/p>\n<\/li>\n<li data-start=\"1502\" data-end=\"1544\">\n<p data-start=\"1504\" data-end=\"1544\">1\u00d7 Segundo anillo de compresi\u00f3n &#8211; hierro fundido<\/p>\n<\/li>\n<li data-start=\"1545\" data-end=\"1608\">\n<p data-start=\"1547\" data-end=\"1608\">1\u00d7 Anillo de control de aceite: dise\u00f1o de rascador ranurado accionado por muelle<\/p>\n<\/li>\n<\/ul>\n<p data-start=\"1610\" data-end=\"1629\"><strong data-start=\"1610\" data-end=\"1627\">Caracter\u00edsticas principales:<\/strong><\/p>\n<ul data-start=\"1630\" data-end=\"1932\">\n<li data-start=\"1630\" data-end=\"1706\">\n<p data-start=\"1632\" data-end=\"1706\">Recambio directo para segmentos OEM Volvo Penta (21301848 \/ 3584123)<\/p>\n<\/li>\n<li data-start=\"1707\" data-end=\"1766\">\n<p data-start=\"1709\" data-end=\"1766\">Garantiza una compresi\u00f3n correcta y un consumo m\u00ednimo de aceite<\/p>\n<\/li>\n<li data-start=\"1767\" data-end=\"1829\">\n<p data-start=\"1769\" data-end=\"1829\">Ideal para mantenimiento, reparaci\u00f3n o revisi\u00f3n completa del motor<\/p>\n<\/li>\n<li data-start=\"1830\" data-end=\"1883\">\n<p data-start=\"1832\" data-end=\"1883\">Fabricado para cumplir o superar las especificaciones del OEM<\/p>\n<\/li>\n<li data-start=\"1884\" data-end=\"1932\">\n<p data-start=\"1886\" data-end=\"1932\">Excelente relaci\u00f3n calidad-precio y rendimiento duradero<\/p>\n<\/li>\n<\/ul>\n<p data-start=\"1934\" data-end=\"2151\"><strong data-start=\"1934\" data-end=\"1958\">Por qu\u00e9 elegir este kit:<\/strong><br data-start=\"1958\" data-end=\"1961\">Este juego de segmentos ayuda a restablecer el rendimiento y la eficacia del motor, garantizando un funcionamiento suave, una reducci\u00f3n de las emisiones y una mayor vida \u00fatil del motor &#8211; perfectamente adecuado para los motores Volvo Penta D2-75.<\/p>\n","protected":false},"excerpt":{"rendered":"<p>El juego de segmentos de pist\u00f3n (STD) para motores diesel marinos Volvo Penta D2-75A, D2-75B, D2-75C y D2-75F proporciona un excelente rendimiento de sellado y durabilidad. Dise\u00f1ado para restaurar la compresi\u00f3n y minimizar el consumo de aceite, este juego de alta calidad es ideal para reconstruir o revisar el motor. Cada anillo se fabrica con [&hellip;]<\/p>\n","protected":false},"featured_media":42112,"comment_status":"open","ping_status":"closed","template":"","meta":[],"product_brand":[4229],"product_cat":[4486,4492,4302,4329],"product_tag":[],"class_list":{"0":"post-42111","1":"product","2":"type-product","3":"status-publish","4":"has-post-thumbnail","6":"product_brand-volvo-penta","7":"product_cat-necesitas-piezas-volvo-penta","8":"product_cat-recambios-volvo-penta-d2-75","9":"product_cat-volvo-penta","10":"product_cat-volvo-penta-serie-d2","11":"pa_condition-nuevo","12":"pa_model-d2-75","13":"pa_oem-or-aftermarket-posventa","15":"first","16":"instock","17":"taxable","18":"shipping-taxable","19":"purchasable","20":"product-type-simple"},"supplier_id":7294,"supplier_sku":"rec21301848","barcode":null,"atum_controlled":true,"out_stock_date":null,"out_stock_threshold":null,"inheritable":false,"inbound_stock":0,"stock_on_hold":0,"sold_today":0,"sales_last_days":0,"reserved_stock":0,"customer_returns":0,"warehouse_damage":0,"lost_in_post":0,"other_logs":0,"out_stock_days":0,"lost_sales":0,"has_location":false,"update_date":"2025-12-18T10:44:12","atum_locations":[],"atum_stock_status":"instock","restock_status":false,"low_stock_amount":1,"sales_update_date":"2025-12-18T10:44:12","calc_backorders":0,"_links":{"self":[{"href":"https:\/\/mps.digital-monkey.in\/es\/wp-json\/wp\/v2\/product\/42111","targetHints":{"allow":["GET"]}}],"collection":[{"href":"https:\/\/mps.digital-monkey.in\/es\/wp-json\/wp\/v2\/product"}],"about":[{"href":"https:\/\/mps.digital-monkey.in\/es\/wp-json\/wp\/v2\/types\/product"}],"replies":[{"embeddable":true,"href":"https:\/\/mps.digital-monkey.in\/es\/wp-json\/wp\/v2\/comments?post=42111"}],"wp:featuredmedia":[{"embeddable":true,"href":"https:\/\/mps.digital-monkey.in\/es\/wp-json\/wp\/v2\/media\/42112"}],"wp:attachment":[{"href":"https:\/\/mps.digital-monkey.in\/es\/wp-json\/wp\/v2\/media?parent=42111"}],"wp:term":[{"taxonomy":"product_brand","embeddable":true,"href":"https:\/\/mps.digital-monkey.in\/es\/wp-json\/wp\/v2\/product_brand?post=42111"},{"taxonomy":"product_cat","embeddable":true,"href":"https:\/\/mps.digital-monkey.in\/es\/wp-json\/wp\/v2\/product_cat?post=42111"},{"taxonomy":"product_tag","embeddable":true,"href":"https:\/\/mps.digital-monkey.in\/es\/wp-json\/wp\/v2\/product_tag?post=42111"}],"curies":[{"name":"wp","href":"https:\/\/api.w.org\/{rel}","templated":true}]}}