{"id":42293,"date":"2025-11-11T08:57:10","date_gmt":"2025-11-11T08:57:10","guid":{"rendered":"https:\/\/mps.digital-monkey.in\/product\/kit-anodo-volvo-penta-280-zinc-kit-completo-con-material-de-montaje\/"},"modified":"2025-12-18T10:45:54","modified_gmt":"2025-12-18T10:45:54","slug":"kit-anodo-volvo-penta-280-zinc-kit-completo-con-material-de-montaje","status":"publish","type":"product","link":"https:\/\/mps.digital-monkey.in\/es\/product\/kit-anodo-volvo-penta-280-zinc-kit-completo-con-material-de-montaje\/","title":{"rendered":"Kit \u00c1nodo Volvo Penta 280 &#8211; Zinc | Kit completo con material de montaje"},"content":{"rendered":"<h4 data-start=\"517\" data-end=\"557\">El <strong data-start=\"562\" data-end=\"598\">Kit de \u00e1nodos Volvo<\/strong> <strong data-start=\"642\" data-end=\"673\">Penta<\/strong> <strong data-start=\"562\" data-end=\"598\">280 (Zinc)<\/strong> proporciona una protecci\u00f3n completa contra la corrosi\u00f3n para <strong data-start=\"642\" data-end=\"673\">los propulsores de popa Volvo Penta 280<\/strong> que funcionan en agua salada. Este kit incluye toda la torniller\u00eda de montaje necesaria y \u00e1nodos de zinc de alta calidad para garantizar una protecci\u00f3n fiable de tu sistema de propulsi\u00f3n. <\/h4>\n<p data-start=\"832\" data-end=\"974\">Cada componente est\u00e1 dise\u00f1ado para un ajuste perfecto y una instalaci\u00f3n sencilla, ayudando a prolongar la vida \u00fatil de tu fueraborda al evitar la corrosi\u00f3n galv\u00e1nica.<\/p>\n<p data-start=\"976\" data-end=\"995\"><strong data-start=\"976\" data-end=\"993\">Adecuado para:<\/strong><\/p>\n<ul data-start=\"996\" data-end=\"1029\">\n<li data-start=\"996\" data-end=\"1029\">\n<p data-start=\"998\" data-end=\"1029\">Transmisiones Volvo Penta serie 280<\/p>\n<\/li>\n<\/ul>\n<p data-start=\"1031\" data-end=\"1050\"><strong data-start=\"1031\" data-end=\"1048\">El kit incluye:<\/strong><\/p>\n<ul data-start=\"1051\" data-end=\"1131\">\n<li data-start=\"1051\" data-end=\"1071\">\n<p data-start=\"1053\" data-end=\"1071\">1 x 00707<br \/>\n1 x 00704BIS<\/p>\n<\/li>\n<li data-start=\"1096\" data-end=\"1131\">\n<p data-start=\"1098\" data-end=\"1131\">Completo con material de montaje<\/p>\n<\/li>\n<\/ul>\n<p data-start=\"1133\" data-end=\"1148\"><strong data-start=\"1133\" data-end=\"1146\">Material:<\/strong><\/p>\n<ul data-start=\"1149\" data-end=\"1192\">\n<li data-start=\"1149\" data-end=\"1192\">\n<p data-start=\"1151\" data-end=\"1192\"><strong data-start=\"1151\" data-end=\"1164\">Zinc (Zn<\/strong> ) &#8211; ideal para agua salada<\/p>\n<\/li>\n<\/ul>\n<p data-start=\"1194\" data-end=\"1213\"><strong data-start=\"1194\" data-end=\"1211\">Caracter\u00edsticas principales:<\/strong><\/p>\n<ul data-start=\"1214\" data-end=\"1472\">\n<li data-start=\"1214\" data-end=\"1263\">\n<p data-start=\"1216\" data-end=\"1263\">Kit completo de \u00e1nodos para transmisiones Volvo Penta 280<\/p>\n<\/li>\n<li data-start=\"1264\" data-end=\"1309\">\n<p data-start=\"1266\" data-end=\"1309\">Incluye todos los materiales de montaje necesarios<\/p>\n<\/li>\n<li data-start=\"1310\" data-end=\"1379\">\n<p data-start=\"1312\" data-end=\"1379\">Protege el propulsor y la h\u00e9lice de la electr\u00f3lisis y la corrosi\u00f3n<\/p>\n<\/li>\n<li data-start=\"1380\" data-end=\"1411\">\n<p data-start=\"1382\" data-end=\"1411\">F\u00e1cil de instalar y sustituir<\/p>\n<\/li>\n<li data-start=\"1412\" data-end=\"1472\">\n<p data-start=\"1414\" data-end=\"1472\">La aleaci\u00f3n de zinc de alta calidad garantiza un rendimiento duradero<\/p>\n<\/li>\n<\/ul>\n<p data-start=\"1474\" data-end=\"1723\"><strong data-start=\"1474\" data-end=\"1498\">Por qu\u00e9 elegir este kit:<\/strong><br data-start=\"1498\" data-end=\"1501\">Este kit de \u00e1nodo de zinc listo para instalar es la elecci\u00f3n perfecta para el mantenimiento de tu Volvo Penta 280 sterndrive en condiciones de agua salada. Garantiza una protecci\u00f3n fiable y prolonga la vida \u00fatil de los componentes cr\u00edticos bajo el agua. <\/p>\n<h3 data-start=\"1730\" data-end=\"1756\"><\/h3>\n","protected":false},"excerpt":{"rendered":"<p>El Kit de \u00e1nodos Volvo Penta 280 (Zinc) proporciona una protecci\u00f3n completa contra la corrosi\u00f3n para los propulsores de popa Volvo Penta 280 que funcionan en agua salada. Este kit incluye toda la torniller\u00eda de montaje necesaria y \u00e1nodos de zinc de alta calidad para garantizar una protecci\u00f3n fiable de tu sistema de propulsi\u00f3n. Cada [&hellip;]<\/p>\n","protected":false},"featured_media":42294,"comment_status":"open","ping_status":"closed","template":"","meta":[],"product_brand":[4229],"product_cat":[3182,4522,2497,4525,4302],"product_tag":[],"class_list":{"0":"post-42293","1":"product","2":"type-product","3":"status-publish","4":"has-post-thumbnail","6":"product_brand-volvo-penta","7":"product_cat-anodos","8":"product_cat-anodos-volvo-penta","9":"product_cat-piezas-de-mantenimiento-del-motor","10":"product_cat-recambios-volvo-penta","11":"product_cat-volvo-penta","12":"pa_condition-nuevo","13":"pa_oem-or-aftermarket-posventa","15":"first","16":"onbackorder","17":"taxable","18":"shipping-taxable","19":"purchasable","20":"product-type-simple"},"supplier_id":45614,"supplier_sku":"KITVOLVO280","barcode":null,"atum_controlled":true,"out_stock_date":"2025-11-21 12:42:26","out_stock_threshold":null,"inheritable":false,"inbound_stock":0,"stock_on_hold":0,"sold_today":0,"sales_last_days":0,"reserved_stock":0,"customer_returns":0,"warehouse_damage":0,"lost_in_post":0,"other_logs":0,"out_stock_days":26,"lost_sales":0,"has_location":false,"update_date":"2025-12-18T10:46:37","atum_locations":[],"atum_stock_status":"onbackorder","restock_status":false,"low_stock_amount":1,"sales_update_date":"2025-12-18T10:44:11","calc_backorders":null,"_links":{"self":[{"href":"https:\/\/mps.digital-monkey.in\/es\/wp-json\/wp\/v2\/product\/42293","targetHints":{"allow":["GET"]}}],"collection":[{"href":"https:\/\/mps.digital-monkey.in\/es\/wp-json\/wp\/v2\/product"}],"about":[{"href":"https:\/\/mps.digital-monkey.in\/es\/wp-json\/wp\/v2\/types\/product"}],"replies":[{"embeddable":true,"href":"https:\/\/mps.digital-monkey.in\/es\/wp-json\/wp\/v2\/comments?post=42293"}],"wp:featuredmedia":[{"embeddable":true,"href":"https:\/\/mps.digital-monkey.in\/es\/wp-json\/wp\/v2\/media\/42294"}],"wp:attachment":[{"href":"https:\/\/mps.digital-monkey.in\/es\/wp-json\/wp\/v2\/media?parent=42293"}],"wp:term":[{"taxonomy":"product_brand","embeddable":true,"href":"https:\/\/mps.digital-monkey.in\/es\/wp-json\/wp\/v2\/product_brand?post=42293"},{"taxonomy":"product_cat","embeddable":true,"href":"https:\/\/mps.digital-monkey.in\/es\/wp-json\/wp\/v2\/product_cat?post=42293"},{"taxonomy":"product_tag","embeddable":true,"href":"https:\/\/mps.digital-monkey.in\/es\/wp-json\/wp\/v2\/product_tag?post=42293"}],"curies":[{"name":"wp","href":"https:\/\/api.w.org\/{rel}","templated":true}]}}