{"id":42335,"date":"2025-11-11T10:02:13","date_gmt":"2025-11-11T10:02:13","guid":{"rendered":"https:\/\/mps.digital-monkey.in\/product\/kit-anodo-volvo-penta-serie-280-aluminio-kit-completo-con-material-de-montaje\/"},"modified":"2025-12-18T10:46:00","modified_gmt":"2025-12-18T10:46:00","slug":"kit-anodo-volvo-penta-serie-280-aluminio-kit-completo-con-material-de-montaje","status":"publish","type":"product","link":"https:\/\/mps.digital-monkey.in\/es\/product\/kit-anodo-volvo-penta-serie-280-aluminio-kit-completo-con-material-de-montaje\/","title":{"rendered":"Kit \u00e1nodo Volvo Penta Serie 280 &#8211; Aluminio | Kit completo con material de montaje"},"content":{"rendered":"<p data-start=\"548\" data-end=\"831\">El <strong data-start=\"552\" data-end=\"600\">Kit de \u00e1nodos Volvo Penta Serie 280 (Aluminio)<\/strong> es un juego completo de protecci\u00f3n contra la corrosi\u00f3n dise\u00f1ado para <strong data-start=\"653\" data-end=\"684\">los sistemas de cola Volvo Penta 280<\/strong>. Este kit de alta calidad incluye todos los \u00e1nodos necesarios y el material de montaje, ofreciendo una protecci\u00f3n eficaz y duradera para tu sistema de propulsi\u00f3n. <\/p>\n<p data-start=\"833\" data-end=\"1014\">Fabricados con aluminio de calidad marina, estos \u00e1nodos son ideales para embarcaciones que operan en <strong data-start=\"913\" data-end=\"938\">agua salobre o salada<\/strong>, ya que proporcionan una excelente protecci\u00f3n electroqu\u00edmica contra la corrosi\u00f3n galv\u00e1nica.<\/p>\n<p data-start=\"1016\" data-end=\"1035\"><strong data-start=\"1016\" data-end=\"1033\">Adecuado para:<\/strong><\/p>\n<ul data-start=\"1036\" data-end=\"1069\">\n<li data-start=\"1036\" data-end=\"1069\">\n<p data-start=\"1038\" data-end=\"1069\">Transmisiones Volvo Penta serie 280<\/p>\n<\/li>\n<\/ul>\n<p data-start=\"1071\" data-end=\"1090\"><strong data-start=\"1071\" data-end=\"1088\">El kit incluye:<\/strong><\/p>\n<ul data-start=\"1091\" data-end=\"1171\">\n<li data-start=\"1091\" data-end=\"1111\">\n<p data-start=\"1093\" data-end=\"1111\">1\u00d7 \u00c1nodo 00707AL<\/p>\n<\/li>\n<li data-start=\"1112\" data-end=\"1135\">\n<p data-start=\"1114\" data-end=\"1135\">1\u00d7 \u00c1nodo 00704BISAL<\/p>\n<\/li>\n<li data-start=\"1136\" data-end=\"1171\">\n<p data-start=\"1138\" data-end=\"1171\">Completo con material de montaje<\/p>\n<\/li>\n<\/ul>\n<p data-start=\"1173\" data-end=\"1188\"><strong data-start=\"1173\" data-end=\"1186\">Material:<\/strong><\/p>\n<ul data-start=\"1189\" data-end=\"1252\">\n<li data-start=\"1189\" data-end=\"1252\">\n<p data-start=\"1191\" data-end=\"1252\"><strong data-start=\"1191\" data-end=\"1209\">Aluminio (Al)<\/strong> &#8211; recomendado para agua salobre y salada<\/p>\n<\/li>\n<\/ul>\n<p data-start=\"1254\" data-end=\"1273\"><strong data-start=\"1254\" data-end=\"1271\">Caracter\u00edsticas principales:<\/strong><\/p>\n<ul data-start=\"1274\" data-end=\"1579\">\n<li data-start=\"1274\" data-end=\"1333\">\n<p data-start=\"1276\" data-end=\"1333\">Kit completo de \u00e1nodos de aluminio para transmisiones Volvo Penta 280<\/p>\n<\/li>\n<li data-start=\"1334\" data-end=\"1402\">\n<p data-start=\"1336\" data-end=\"1402\">Proporciona una protecci\u00f3n fiable contra la corrosi\u00f3n de los componentes del sistema de propulsi\u00f3n de popa<\/p>\n<\/li>\n<li data-start=\"1403\" data-end=\"1465\">\n<p data-start=\"1405\" data-end=\"1465\">Incluye material de montaje para una instalaci\u00f3n r\u00e1pida y sencilla<\/p>\n<\/li>\n<li data-start=\"1466\" data-end=\"1533\">\n<p data-start=\"1468\" data-end=\"1533\">Mayor vida \u00fatil y menor peso que los \u00e1nodos de zinc tradicionales<\/p>\n<\/li>\n<li data-start=\"1534\" data-end=\"1579\">\n<p data-start=\"1536\" data-end=\"1579\">Ideal para entornos mixtos o de agua salada<\/p>\n<\/li>\n<\/ul>\n<p data-start=\"1581\" data-end=\"1844\"><strong data-start=\"1581\" data-end=\"1605\">Por qu\u00e9 elegir este kit:<\/strong><br data-start=\"1605\" data-end=\"1608\">Este kit de \u00e1nodos de aluminio es la elecci\u00f3n perfecta para el mantenimiento de tu propulsor de popa Volvo Penta 280. Ofrece una protecci\u00f3n superior contra la corrosi\u00f3n, garantizando un rendimiento duradero y un mantenimiento reducido en condiciones marinas dif\u00edciles. <\/p>\n","protected":false},"excerpt":{"rendered":"<p>El Kit de \u00e1nodos Volvo Penta Serie 280 (Aluminio) es un juego completo de protecci\u00f3n contra la corrosi\u00f3n dise\u00f1ado para los sistemas de cola Volvo Penta 280. Este kit de alta calidad incluye todos los \u00e1nodos necesarios y el material de montaje, ofreciendo una protecci\u00f3n eficaz y duradera para tu sistema de propulsi\u00f3n. Fabricados con [&hellip;]<\/p>\n","protected":false},"featured_media":42336,"comment_status":"open","ping_status":"closed","template":"","meta":[],"product_brand":[4229],"product_cat":[3182,4522,2497,4525,4302],"product_tag":[],"class_list":{"0":"post-42335","1":"product","2":"type-product","3":"status-publish","4":"has-post-thumbnail","6":"product_brand-volvo-penta","7":"product_cat-anodos","8":"product_cat-anodos-volvo-penta","9":"product_cat-piezas-de-mantenimiento-del-motor","10":"product_cat-recambios-volvo-penta","11":"product_cat-volvo-penta","12":"pa_condition-nuevo","13":"pa_oem-or-aftermarket-posventa","15":"first","16":"onbackorder","17":"taxable","18":"shipping-taxable","19":"purchasable","20":"product-type-simple"},"supplier_id":45614,"supplier_sku":"KITVOLVO290\/AL","barcode":null,"atum_controlled":true,"out_stock_date":"2025-11-21 12:42:21","out_stock_threshold":null,"inheritable":false,"inbound_stock":0,"stock_on_hold":0,"sold_today":0,"sales_last_days":0,"reserved_stock":0,"customer_returns":0,"warehouse_damage":0,"lost_in_post":0,"other_logs":0,"out_stock_days":68,"lost_sales":0,"has_location":false,"update_date":"2026-01-29T09:11:07","atum_locations":[],"atum_stock_status":"onbackorder","restock_status":false,"low_stock_amount":1,"sales_update_date":"2026-01-29T09:11:07","calc_backorders":null,"_links":{"self":[{"href":"https:\/\/mps.digital-monkey.in\/es\/wp-json\/wp\/v2\/product\/42335","targetHints":{"allow":["GET"]}}],"collection":[{"href":"https:\/\/mps.digital-monkey.in\/es\/wp-json\/wp\/v2\/product"}],"about":[{"href":"https:\/\/mps.digital-monkey.in\/es\/wp-json\/wp\/v2\/types\/product"}],"replies":[{"embeddable":true,"href":"https:\/\/mps.digital-monkey.in\/es\/wp-json\/wp\/v2\/comments?post=42335"}],"wp:featuredmedia":[{"embeddable":true,"href":"https:\/\/mps.digital-monkey.in\/es\/wp-json\/wp\/v2\/media\/42336"}],"wp:attachment":[{"href":"https:\/\/mps.digital-monkey.in\/es\/wp-json\/wp\/v2\/media?parent=42335"}],"wp:term":[{"taxonomy":"product_brand","embeddable":true,"href":"https:\/\/mps.digital-monkey.in\/es\/wp-json\/wp\/v2\/product_brand?post=42335"},{"taxonomy":"product_cat","embeddable":true,"href":"https:\/\/mps.digital-monkey.in\/es\/wp-json\/wp\/v2\/product_cat?post=42335"},{"taxonomy":"product_tag","embeddable":true,"href":"https:\/\/mps.digital-monkey.in\/es\/wp-json\/wp\/v2\/product_tag?post=42335"}],"curies":[{"name":"wp","href":"https:\/\/api.w.org\/{rel}","templated":true}]}}