{"id":42345,"date":"2025-11-11T10:18:27","date_gmt":"2025-11-11T10:18:27","guid":{"rendered":"https:\/\/mps.digital-monkey.in\/product\/kit-anodo-volvo-penta-serie-280-magnesio-kit-completo-con-material-de-montaje\/"},"modified":"2025-12-18T10:46:09","modified_gmt":"2025-12-18T10:46:09","slug":"kit-anodo-volvo-penta-serie-280-magnesio-kit-completo-con-material-de-montaje","status":"publish","type":"product","link":"https:\/\/mps.digital-monkey.in\/es\/product\/kit-anodo-volvo-penta-serie-280-magnesio-kit-completo-con-material-de-montaje\/","title":{"rendered":"Kit \u00e1nodo Volvo Penta Serie 280 &#8211; Magnesio | Kit completo con material de montaje"},"content":{"rendered":"<p data-start=\"599\" data-end=\"895\">El <strong data-start=\"603\" data-end=\"651\">Kit de \u00e1nodos Volvo<\/strong> <strong data-start=\"695\" data-end=\"726\">Penta<\/strong> <strong data-start=\"603\" data-end=\"651\">Serie 280 (Magnesio)<\/strong> proporciona una protecci\u00f3n completa contra la corrosi\u00f3n para <strong data-start=\"695\" data-end=\"726\">los propulsores de popa Volvo Penta 280<\/strong> que funcionan en <strong data-start=\"740\" data-end=\"754\">agua dulce<\/strong>. Este kit de primera calidad incluye todos los materiales de montaje necesarios y dos \u00e1nodos de magnesio dise\u00f1ados con precisi\u00f3n para un rendimiento fiable. <\/p>\n<p data-start=\"897\" data-end=\"1103\">El magnesio es el material an\u00f3dico m\u00e1s eficaz para entornos de agua dulce, lo que garantiza que tu sistema de propulsi\u00f3n y tu h\u00e9lice permanezcan protegidos de la corrosi\u00f3n galv\u00e1nica y prolonga la vida \u00fatil de los componentes sumergidos.<\/p>\n<p data-start=\"1105\" data-end=\"1124\"><strong data-start=\"1105\" data-end=\"1122\">Adecuado para:<\/strong><\/p>\n<ul data-start=\"1125\" data-end=\"1158\">\n<li data-start=\"1125\" data-end=\"1158\">\n<p data-start=\"1127\" data-end=\"1158\">Transmisiones Volvo Penta serie 280<\/p>\n<\/li>\n<\/ul>\n<p data-start=\"1160\" data-end=\"1179\"><strong data-start=\"1160\" data-end=\"1177\">El kit incluye:<\/strong><\/p>\n<ul data-start=\"1180\" data-end=\"1257\">\n<li data-start=\"1180\" data-end=\"1200\">\n<p data-start=\"1182\" data-end=\"1200\">1\u00d7 \u00c1nodo 00703MG<\/p>\n<\/li>\n<li data-start=\"1201\" data-end=\"1221\">\n<p data-start=\"1203\" data-end=\"1221\">1\u00d7 \u00c1nodo 00707MG<\/p>\n<\/li>\n<li data-start=\"1222\" data-end=\"1257\">\n<p data-start=\"1224\" data-end=\"1257\">Completo con material de montaje<\/p>\n<\/li>\n<\/ul>\n<p data-start=\"1259\" data-end=\"1274\"><strong data-start=\"1259\" data-end=\"1272\">Material:<\/strong><\/p>\n<ul data-start=\"1275\" data-end=\"1320\">\n<li data-start=\"1275\" data-end=\"1320\">\n<p data-start=\"1277\" data-end=\"1320\"><strong data-start=\"1277\" data-end=\"1295\">Magnesio (Mg<\/strong> ) &#8211; ideal para agua dulce<\/p>\n<\/li>\n<\/ul>\n<p data-start=\"1322\" data-end=\"1341\"><strong data-start=\"1322\" data-end=\"1339\">Caracter\u00edsticas principales:<\/strong><\/p>\n<ul data-start=\"1342\" data-end=\"1586\">\n<li data-start=\"1342\" data-end=\"1396\">\n<p data-start=\"1344\" data-end=\"1396\">Kit completo de \u00e1nodos para propulsores de popa Volvo Penta 280<\/p>\n<\/li>\n<li data-start=\"1397\" data-end=\"1448\">\n<p data-start=\"1399\" data-end=\"1448\">Dise\u00f1ado para su uso en <strong data-start=\"1419\" data-end=\"1446\">entornos de agua dulce<\/strong><\/p>\n<\/li>\n<li data-start=\"1449\" data-end=\"1508\">\n<p data-start=\"1451\" data-end=\"1508\">Proporciona una protecci\u00f3n fiable contra la corrosi\u00f3n y la electr\u00f3lisis<\/p>\n<\/li>\n<li data-start=\"1509\" data-end=\"1554\">\n<p data-start=\"1511\" data-end=\"1554\">Incluye todos los materiales de montaje necesarios<\/p>\n<\/li>\n<li data-start=\"1555\" data-end=\"1586\">\n<p data-start=\"1557\" data-end=\"1586\">F\u00e1cil de instalar y sustituir<\/p>\n<\/li>\n<\/ul>\n<p data-start=\"1588\" data-end=\"1842\"><strong data-start=\"1588\" data-end=\"1612\">Por qu\u00e9 elegir este kit:<\/strong><br data-start=\"1612\" data-end=\"1615\">Este kit de \u00e1nodo de magnesio ofrece una protecci\u00f3n superior para tu transmisi\u00f3n Volvo Penta 280 cuando se utiliza en agua dulce. Es una soluci\u00f3n completa, lista para instalar, que mantiene tu transmisi\u00f3n en \u00f3ptimas condiciones y evita costosos da\u00f1os por corrosi\u00f3n. <\/p>\n","protected":false},"excerpt":{"rendered":"<p>El Kit de \u00e1nodos Volvo Penta Serie 280 (Magnesio) proporciona una protecci\u00f3n completa contra la corrosi\u00f3n para los propulsores de popa Volvo Penta 280 que funcionan en agua dulce. Este kit de primera calidad incluye todos los materiales de montaje necesarios y dos \u00e1nodos de magnesio dise\u00f1ados con precisi\u00f3n para un rendimiento fiable. El magnesio [&hellip;]<\/p>\n","protected":false},"featured_media":42346,"comment_status":"open","ping_status":"closed","template":"","meta":[],"product_brand":[4229],"product_cat":[3182,4522,2497,4525,4302],"product_tag":[],"class_list":{"0":"post-42345","1":"product","2":"type-product","3":"status-publish","4":"has-post-thumbnail","6":"product_brand-volvo-penta","7":"product_cat-anodos","8":"product_cat-anodos-volvo-penta","9":"product_cat-piezas-de-mantenimiento-del-motor","10":"product_cat-recambios-volvo-penta","11":"product_cat-volvo-penta","12":"pa_condition-nuevo","13":"pa_oem-or-aftermarket-posventa","15":"first","16":"onbackorder","17":"taxable","18":"shipping-taxable","19":"purchasable","20":"product-type-simple"},"supplier_id":45614,"supplier_sku":"KITVOLVO280-MG","barcode":null,"atum_controlled":true,"out_stock_date":"2025-11-21 12:42:16","out_stock_threshold":null,"inheritable":false,"inbound_stock":0,"stock_on_hold":0,"sold_today":0,"sales_last_days":0,"reserved_stock":0,"customer_returns":0,"warehouse_damage":0,"lost_in_post":0,"other_logs":0,"out_stock_days":26,"lost_sales":0,"has_location":false,"update_date":"2025-12-18T10:46:38","atum_locations":[],"atum_stock_status":"onbackorder","restock_status":false,"low_stock_amount":1,"sales_update_date":"2025-12-18T10:44:11","calc_backorders":null,"_links":{"self":[{"href":"https:\/\/mps.digital-monkey.in\/es\/wp-json\/wp\/v2\/product\/42345","targetHints":{"allow":["GET"]}}],"collection":[{"href":"https:\/\/mps.digital-monkey.in\/es\/wp-json\/wp\/v2\/product"}],"about":[{"href":"https:\/\/mps.digital-monkey.in\/es\/wp-json\/wp\/v2\/types\/product"}],"replies":[{"embeddable":true,"href":"https:\/\/mps.digital-monkey.in\/es\/wp-json\/wp\/v2\/comments?post=42345"}],"wp:featuredmedia":[{"embeddable":true,"href":"https:\/\/mps.digital-monkey.in\/es\/wp-json\/wp\/v2\/media\/42346"}],"wp:attachment":[{"href":"https:\/\/mps.digital-monkey.in\/es\/wp-json\/wp\/v2\/media?parent=42345"}],"wp:term":[{"taxonomy":"product_brand","embeddable":true,"href":"https:\/\/mps.digital-monkey.in\/es\/wp-json\/wp\/v2\/product_brand?post=42345"},{"taxonomy":"product_cat","embeddable":true,"href":"https:\/\/mps.digital-monkey.in\/es\/wp-json\/wp\/v2\/product_cat?post=42345"},{"taxonomy":"product_tag","embeddable":true,"href":"https:\/\/mps.digital-monkey.in\/es\/wp-json\/wp\/v2\/product_tag?post=42345"}],"curies":[{"name":"wp","href":"https:\/\/api.w.org\/{rel}","templated":true}]}}