{"id":42375,"date":"2025-11-11T10:36:13","date_gmt":"2025-11-11T10:36:13","guid":{"rendered":"https:\/\/mps.digital-monkey.in\/product\/volvo-penta-kit-de-anodo-290-zinc-kit-completo-con-material-de-montaje\/"},"modified":"2025-12-18T10:46:16","modified_gmt":"2025-12-18T10:46:16","slug":"volvo-penta-kit-de-anodo-290-zinc-kit-completo-con-material-de-montaje","status":"publish","type":"product","link":"https:\/\/mps.digital-monkey.in\/es\/producto\/volvo-penta-kit-de-anodo-290-zinc-kit-completo-con-material-de-montaje\/","title":{"rendered":"Volvo Penta Kit de \u00e1nodo 290 - Zinc | Kit completo con material de montaje"},"content":{"rendered":"<div class=\"relative basis-auto flex-col -mb-(--composer-overlap-px) [--composer-overlap-px:28px] grow flex overflow-hidden\">\n<div class=\"relative h-full\">\n<div class=\"flex h-full flex-col overflow-y-auto thread-xl:pt-(--header-height) [scrollbar-gutter:stable_both-edges]\">\n<div class=\"flex flex-col text-sm thread-xl:pt-header-height pb-25\">\n<article class=\"text-token-text-primary w-full focus:outline-none [--shadow-height:45px] has-data-writing-block:pointer-events-none has-data-writing-block:-mt-(--shadow-height) has-data-writing-block:pt-(--shadow-height) [&amp;:has([data-writing-block])&gt;*]:pointer-events-auto [content-visibility:auto] supports-[content-visibility:auto]:[contain-intrinsic-size:auto_100lvh] scroll-mt-[calc(var(--header-height)+min(200px,max(70px,20svh)))]\" dir=\"auto\" tabindex=\"-1\" data-turn-id=\"request-6902260b-1930-8333-bdd8-470e0aa9a59e-5\" data-testid=\"conversation-turn-58\" data-scroll-anchor=\"true\" data-turn=\"assistant\">\n<div class=\"text-base my-auto mx-auto pb-10 [--thread-content-margin:--spacing(4)] thread-sm:[--thread-content-margin:--spacing(6)] thread-lg:[--thread-content-margin:--spacing(16)] px-(--thread-content-margin)\">\n<div class=\"[--thread-content-max-width:40rem] thread-lg:[--thread-content-max-width:48rem] mx-auto max-w-(--thread-content-max-width) flex-1 group\/turn-messages focus-visible:outline-hidden relative flex w-full min-w-0 flex-col agent-turn\" tabindex=\"-1\">\n<div class=\"flex max-w-full flex-col grow\">\n<div class=\"min-h-8 text-message relative flex w-full flex-col items-end gap-2 text-start break-words whitespace-normal [.text-message+&amp;]:mt-1\" dir=\"auto\" data-message-author-role=\"assistant\" data-message-id=\"32e31ed5-497c-4746-8646-ec0973e50da5\" data-message-model-slug=\"gpt-5\">\n<div class=\"flex w-full flex-col gap-1 empty:hidden first:pt-[1px]\">\n<div class=\"markdown prose dark:prose-invert w-full break-words dark markdown-new-styling\">\n<p data-start=\"568\" data-end=\"829\">El <strong data-start=\"572\" data-end=\"608\">Kit de \u00e1nodos<\/strong> <strong data-start=\"661\" data-end=\"692\">Volvo Penta<\/strong> <strong data-start=\"572\" data-end=\"608\">290 (Zinc)<\/strong> es un kit completo de protecci\u00f3n contra la corrosi\u00f3n dise\u00f1ado para <strong data-start=\"661\" data-end=\"692\">los propulsores de popa Volvo Penta 290<\/strong>. Incluye todos los materiales de montaje necesarios y dos \u00e1nodos de zinc de alta calidad para una protecci\u00f3n eficaz en <strong data-start=\"800\" data-end=\"826\">entornos de agua salada<\/strong>. <\/p>\n<p data-start=\"831\" data-end=\"977\">Estos \u00e1nodos evitan la corrosi\u00f3n galv\u00e1nica y ayudan a prolongar la vida \u00fatil de tu sistema de propulsi\u00f3n y h\u00e9lice protegiendo los componentes submarinos vitales.<\/p>\n<p data-start=\"979\" data-end=\"998\"><strong data-start=\"979\" data-end=\"996\">Adecuado para:<\/strong><\/p>\n<ul data-start=\"999\" data-end=\"1037\">\n<li data-start=\"999\" data-end=\"1037\">\n<p data-start=\"1001\" data-end=\"1037\">Propulsores de popa Volvo Penta serie 290<\/p>\n<\/li>\n<\/ul>\n<p data-start=\"1039\" data-end=\"1058\"><strong data-start=\"1039\" data-end=\"1056\">El kit incluye:<\/strong><\/p>\n<ul data-start=\"1059\" data-end=\"1135\">\n<li data-start=\"1059\" data-end=\"1080\">\n<p data-start=\"1061\" data-end=\"1080\">1\u00d7 \u00c1nodo 00704BIS<\/p>\n<\/li>\n<li data-start=\"1081\" data-end=\"1099\">\n<p data-start=\"1083\" data-end=\"1099\">1\u00d7 \u00c1nodo 00708<\/p>\n<\/li>\n<li data-start=\"1100\" data-end=\"1135\">\n<p data-start=\"1102\" data-end=\"1135\">Completo con herrajes de montaje<\/p>\n<\/li>\n<\/ul>\n<p data-start=\"1137\" data-end=\"1152\"><strong data-start=\"1137\" data-end=\"1150\">Material:<\/strong><\/p>\n<ul data-start=\"1153\" data-end=\"1202\">\n<li data-start=\"1153\" data-end=\"1202\">\n<p data-start=\"1155\" data-end=\"1202\"><strong data-start=\"1155\" data-end=\"1168\">Zinc (Zn<\/strong> ) - recomendado para agua salada<\/p>\n<\/li>\n<\/ul>\n<p data-start=\"1204\" data-end=\"1223\"><strong data-start=\"1204\" data-end=\"1221\">Caracter\u00edsticas principales:<\/strong><\/p>\n<ul data-start=\"1224\" data-end=\"1488\">\n<li data-start=\"1224\" data-end=\"1273\">\n<p data-start=\"1226\" data-end=\"1273\">Kit completo de \u00e1nodos para transmisiones Volvo Penta 290<\/p>\n<\/li>\n<li data-start=\"1274\" data-end=\"1336\">\n<p data-start=\"1276\" data-end=\"1336\">Incluye material de montaje para una instalaci\u00f3n r\u00e1pida y sencilla<\/p>\n<\/li>\n<li data-start=\"1337\" data-end=\"1397\">\n<p data-start=\"1339\" data-end=\"1397\">Protege contra la corrosi\u00f3n y la electr\u00f3lisis en agua salada<\/p>\n<\/li>\n<li data-start=\"1398\" data-end=\"1455\">\n<p data-start=\"1400\" data-end=\"1455\">Composici\u00f3n de zinc duradera para un rendimiento duradero<\/p>\n<\/li>\n<li data-start=\"1456\" data-end=\"1488\">\n<p data-start=\"1458\" data-end=\"1488\">Ajuste y funcionamiento con calidad OEM<\/p>\n<\/li>\n<\/ul>\n<p data-start=\"1490\" data-end=\"1745\"><strong data-start=\"1490\" data-end=\"1514\">Por qu\u00e9 elegir este kit:<\/strong><br data-start=\"1514\" data-end=\"1517\">Este kit de \u00e1nodo de zinc es la elecci\u00f3n ideal para <strong data-start=\"1561\" data-end=\"1598\">los propietarios de propulsores de popa Volvo Penta 290<\/strong> que trabajan en agua salada. Proporciona una protecci\u00f3n completa y fiable contra la corrosi\u00f3n y ayuda a garantizar una larga vida \u00fatil de los componentes de tu propulsor marino. <\/p>\n<\/div>\n<\/div>\n<\/div>\n<\/div>\n<\/div>\n<\/div>\n<\/article>\n<\/div>\n<\/div>\n<\/div>\n<\/div>\n<div id=\"thread-bottom-container\" class=\"group\/thread-bottom-container relative isolate z-10 w-full basis-auto has-data-has-thread-error:pt-2 has-data-has-thread-error:[box-shadow:var(--sharp-edge-bottom-shadow)] md:border-transparent md:pt-0 dark:border-white\/20 md:dark:border-transparent print:hidden content-fade single-line flex flex-col\">\n<div id=\"thread-bottom\">\n<div class=\"text-base mx-auto [--thread-content-margin:--spacing(4)] thread-sm:[--thread-content-margin:--spacing(6)] thread-lg:[--thread-content-margin:--spacing(16)] px-(--thread-content-margin)\">\n<div class=\"[--thread-content-max-width:40rem] thread-lg:[--thread-content-max-width:48rem] mx-auto max-w-(--thread-content-max-width) flex-1\">\n<div class=\"pointer-events-auto relative z-1 flex h-[var(--composer-container-height,100%)] max-w-full flex-[var(--composer-container-flex,1)] flex-col\">\n<form class=\"group\/composer w-full\" data-type=\"unified-composer\">\n<div class=\"\">\n<div class=\"bg-token-bg-primary cursor-text overflow-clip bg-clip-padding p-2.5 contain-inline-size dark:bg-[#303030] grid grid-cols-[auto_1fr_auto] [grid-template-areas:'header_header_header'_'leading_primary_trailing'_'._footer_.'] group-data-expanded\/composer:[grid-template-areas:'header_header_header'_'primary_primary_primary'_'leading_footer_trailing'] shadow-short\">\n<div class=\"-my-2.5 flex min-h-14 items-center overflow-x-hidden px-1.5 [grid-area:primary] group-data-expanded\/composer:mb-0 group-data-expanded\/composer:px-2.5\">\n<div class=\"_prosemirror-parent_1dsxi_2 text-token-text-primary max-h-[max(30svh,5rem)] max-h-52 flex-1 overflow-auto [scrollbar-width:thin] default-browser vertical-scroll-fade-mask\">\n<div id=\"prompt-textarea\" class=\"ProseMirror\" contenteditable=\"true\" translate=\"no\" data-virtualkeyboard=\"true\"><\/div>\n<\/div>\n<\/div>\n<\/div>\n<\/div>\n<\/form>\n<\/div>\n<\/div>\n<\/div>\n<\/div>\n<\/div>\n","protected":false},"excerpt":{"rendered":"<p>El Kit de \u00e1nodos Volvo Penta 290 (Zinc) es un kit completo de protecci\u00f3n contra la corrosi\u00f3n dise\u00f1ado para los propulsores de popa Volvo Penta 290. Incluye todos los materiales de montaje necesarios y dos \u00e1nodos de zinc de alta calidad para una protecci\u00f3n eficaz en entornos de agua salada. Estos \u00e1nodos evitan la corrosi\u00f3n [&hellip;]<\/p>\n","protected":false},"featured_media":42376,"comment_status":"open","ping_status":"closed","template":"","meta":[],"product_brand":[4229],"product_cat":[3182,4522,2497,4525,4302],"product_tag":[],"class_list":{"0":"post-42375","1":"product","2":"type-product","3":"status-publish","4":"has-post-thumbnail","6":"product_brand-volvo-penta","7":"product_cat-anodos","8":"product_cat-anodos-volvo-penta","9":"product_cat-piezas-de-mantenimiento-del-motor","10":"product_cat-recambios-volvo-penta","11":"product_cat-volvo-penta","12":"pa_condition-nuevo","13":"pa_oem-or-aftermarket-posventa","15":"first","16":"onbackorder","17":"taxable","18":"shipping-taxable","19":"purchasable","20":"product-type-simple"},"supplier_id":45614,"supplier_sku":"KITVOLVO290","barcode":null,"atum_controlled":true,"out_stock_date":"2025-11-21 12:42:12","out_stock_threshold":null,"inheritable":false,"inbound_stock":0,"stock_on_hold":0,"sold_today":0,"sales_last_days":0,"reserved_stock":0,"customer_returns":0,"warehouse_damage":0,"lost_in_post":0,"other_logs":0,"out_stock_days":26,"lost_sales":0,"has_location":false,"update_date":"2025-12-18T10:46:38","atum_locations":[],"atum_stock_status":"onbackorder","restock_status":false,"low_stock_amount":1,"sales_update_date":"2025-12-18T10:44:11","calc_backorders":null,"_links":{"self":[{"href":"https:\/\/mps.digital-monkey.in\/es\/wp-json\/wp\/v2\/product\/42375","targetHints":{"allow":["GET"]}}],"collection":[{"href":"https:\/\/mps.digital-monkey.in\/es\/wp-json\/wp\/v2\/product"}],"about":[{"href":"https:\/\/mps.digital-monkey.in\/es\/wp-json\/wp\/v2\/types\/product"}],"replies":[{"embeddable":true,"href":"https:\/\/mps.digital-monkey.in\/es\/wp-json\/wp\/v2\/comments?post=42375"}],"wp:featuredmedia":[{"embeddable":true,"href":"https:\/\/mps.digital-monkey.in\/es\/wp-json\/wp\/v2\/media\/42376"}],"wp:attachment":[{"href":"https:\/\/mps.digital-monkey.in\/es\/wp-json\/wp\/v2\/media?parent=42375"}],"wp:term":[{"taxonomy":"product_brand","embeddable":true,"href":"https:\/\/mps.digital-monkey.in\/es\/wp-json\/wp\/v2\/product_brand?post=42375"},{"taxonomy":"product_cat","embeddable":true,"href":"https:\/\/mps.digital-monkey.in\/es\/wp-json\/wp\/v2\/product_cat?post=42375"},{"taxonomy":"product_tag","embeddable":true,"href":"https:\/\/mps.digital-monkey.in\/es\/wp-json\/wp\/v2\/product_tag?post=42375"}],"curies":[{"name":"wp","href":"https:\/\/api.w.org\/{rel}","templated":true}]}}