{"id":42384,"date":"2025-11-11T10:43:33","date_gmt":"2025-11-11T10:43:33","guid":{"rendered":"https:\/\/mps.digital-monkey.in\/product\/volvo-penta-kit-de-anodo-290-aluminio-kit-completo-con-material-de-montaje\/"},"modified":"2025-12-18T10:46:21","modified_gmt":"2025-12-18T10:46:21","slug":"volvo-penta-kit-de-anodo-290-aluminio-kit-completo-con-material-de-montaje","status":"publish","type":"product","link":"https:\/\/mps.digital-monkey.in\/es\/product\/volvo-penta-kit-de-anodo-290-aluminio-kit-completo-con-material-de-montaje\/","title":{"rendered":"Volvo Penta Kit de \u00e1nodo 290 &#8211; Aluminio | Kit completo con material de montaje"},"content":{"rendered":"<p data-start=\"519\" data-end=\"770\">El <strong data-start=\"523\" data-end=\"564\">Kit de \u00e1nodos Volvo<\/strong> <strong data-start=\"606\" data-end=\"637\">Penta<\/strong> <strong data-start=\"523\" data-end=\"564\">290 (aluminio)<\/strong> ofrece una protecci\u00f3n completa contra la corrosi\u00f3n para <strong data-start=\"606\" data-end=\"637\">los propulsores de popa Volvo Penta 290<\/strong>. Este kit incluye todos los materiales de montaje necesarios y dos \u00e1nodos de aluminio de alta calidad para una protecci\u00f3n fiable y duradera. <\/p>\n<p data-start=\"772\" data-end=\"964\">Los \u00e1nodos de aluminio son ideales para entornos de <strong data-start=\"803\" data-end=\"829\">agua salobre y salada<\/strong>, ya que ofrecen una excelente resistencia a la electr\u00f3lisis y una vida \u00fatil m\u00e1s larga que los \u00e1nodos de zinc tradicionales.<\/p>\n<p data-start=\"966\" data-end=\"985\"><strong data-start=\"966\" data-end=\"983\">Adecuado para:<\/strong><\/p>\n<ul data-start=\"986\" data-end=\"1024\">\n<li data-start=\"986\" data-end=\"1024\">\n<p data-start=\"988\" data-end=\"1024\">Propulsores de popa Volvo Penta serie 290<\/p>\n<\/li>\n<\/ul>\n<p data-start=\"1026\" data-end=\"1045\"><strong data-start=\"1026\" data-end=\"1043\">El kit incluye:<\/strong><\/p>\n<ul data-start=\"1046\" data-end=\"1126\">\n<li data-start=\"1046\" data-end=\"1069\">\n<p data-start=\"1048\" data-end=\"1069\">1\u00d7 \u00c1nodo 00704BISAL<\/p>\n<\/li>\n<li data-start=\"1070\" data-end=\"1090\">\n<p data-start=\"1072\" data-end=\"1090\">1\u00d7 \u00c1nodo 00708AL<\/p>\n<\/li>\n<li data-start=\"1091\" data-end=\"1126\">\n<p data-start=\"1093\" data-end=\"1126\">Completo con herrajes de montaje<\/p>\n<\/li>\n<\/ul>\n<p data-start=\"1128\" data-end=\"1143\"><strong data-start=\"1128\" data-end=\"1141\">Material:<\/strong><\/p>\n<ul data-start=\"1144\" data-end=\"1207\">\n<li data-start=\"1144\" data-end=\"1207\">\n<p data-start=\"1146\" data-end=\"1207\"><strong data-start=\"1146\" data-end=\"1164\">Aluminio (Al)<\/strong> &#8211; recomendado para agua salobre y salada<\/p>\n<\/li>\n<\/ul>\n<p data-start=\"1209\" data-end=\"1228\"><strong data-start=\"1209\" data-end=\"1226\">Caracter\u00edsticas principales:<\/strong><\/p>\n<ul data-start=\"1229\" data-end=\"1509\">\n<li data-start=\"1229\" data-end=\"1288\">\n<p data-start=\"1231\" data-end=\"1288\">Kit completo de \u00e1nodos de aluminio para transmisiones Volvo Penta 290<\/p>\n<\/li>\n<li data-start=\"1289\" data-end=\"1333\">\n<p data-start=\"1291\" data-end=\"1333\">Incluye todo el material de montaje necesario<\/p>\n<\/li>\n<li data-start=\"1334\" data-end=\"1395\">\n<p data-start=\"1336\" data-end=\"1395\">Protege el propulsor y la h\u00e9lice de la corrosi\u00f3n galv\u00e1nica<\/p>\n<\/li>\n<li data-start=\"1396\" data-end=\"1446\">\n<p data-start=\"1398\" data-end=\"1446\">Construcci\u00f3n de aluminio ligera y duradera<\/p>\n<\/li>\n<li data-start=\"1447\" data-end=\"1509\">\n<p data-start=\"1449\" data-end=\"1509\">Rendimiento duradero en aguas mixtas y saladas<\/p>\n<\/li>\n<\/ul>\n<p data-start=\"1511\" data-end=\"1777\"><strong data-start=\"1511\" data-end=\"1535\">Por qu\u00e9 elegir este kit:<\/strong><br data-start=\"1535\" data-end=\"1538\">Este kit de \u00e1nodos de aluminio proporciona una protecci\u00f3n superior contra la corrosi\u00f3n para tu <strong data-start=\"1611\" data-end=\"1641\">propulsor Volvo Penta 290<\/strong> en entornos de agua salobre o salada. Es una soluci\u00f3n completa, lista para instalar, que ayuda a prolongar la vida de tus componentes marinos. <\/p>\n","protected":false},"excerpt":{"rendered":"<p>El Kit de \u00e1nodos Volvo Penta 290 (aluminio) ofrece una protecci\u00f3n completa contra la corrosi\u00f3n para los propulsores de popa Volvo Penta 290. Este kit incluye todos los materiales de montaje necesarios y dos \u00e1nodos de aluminio de alta calidad para una protecci\u00f3n fiable y duradera. Los \u00e1nodos de aluminio son ideales para entornos de [&hellip;]<\/p>\n","protected":false},"featured_media":42385,"comment_status":"open","ping_status":"closed","template":"","meta":[],"product_brand":[4229],"product_cat":[3182,4522,2497,4525,4302],"product_tag":[],"class_list":{"0":"post-42384","1":"product","2":"type-product","3":"status-publish","4":"has-post-thumbnail","6":"product_brand-volvo-penta","7":"product_cat-anodos","8":"product_cat-anodos-volvo-penta","9":"product_cat-piezas-de-mantenimiento-del-motor","10":"product_cat-recambios-volvo-penta","11":"product_cat-volvo-penta","12":"pa_condition-nuevo","13":"pa_oem-or-aftermarket-posventa","15":"first","16":"onbackorder","17":"taxable","18":"shipping-taxable","19":"purchasable","20":"product-type-simple"},"supplier_id":45614,"supplier_sku":"KITVOLVO280\/AL","barcode":null,"atum_controlled":true,"out_stock_date":"2025-11-21 12:42:06","out_stock_threshold":null,"inheritable":false,"inbound_stock":0,"stock_on_hold":0,"sold_today":0,"sales_last_days":0,"reserved_stock":0,"customer_returns":0,"warehouse_damage":0,"lost_in_post":0,"other_logs":0,"out_stock_days":68,"lost_sales":0,"has_location":false,"update_date":"2026-01-29T09:11:07","atum_locations":[],"atum_stock_status":"onbackorder","restock_status":false,"low_stock_amount":1,"sales_update_date":"2026-01-29T09:11:07","calc_backorders":null,"_links":{"self":[{"href":"https:\/\/mps.digital-monkey.in\/es\/wp-json\/wp\/v2\/product\/42384","targetHints":{"allow":["GET"]}}],"collection":[{"href":"https:\/\/mps.digital-monkey.in\/es\/wp-json\/wp\/v2\/product"}],"about":[{"href":"https:\/\/mps.digital-monkey.in\/es\/wp-json\/wp\/v2\/types\/product"}],"replies":[{"embeddable":true,"href":"https:\/\/mps.digital-monkey.in\/es\/wp-json\/wp\/v2\/comments?post=42384"}],"wp:featuredmedia":[{"embeddable":true,"href":"https:\/\/mps.digital-monkey.in\/es\/wp-json\/wp\/v2\/media\/42385"}],"wp:attachment":[{"href":"https:\/\/mps.digital-monkey.in\/es\/wp-json\/wp\/v2\/media?parent=42384"}],"wp:term":[{"taxonomy":"product_brand","embeddable":true,"href":"https:\/\/mps.digital-monkey.in\/es\/wp-json\/wp\/v2\/product_brand?post=42384"},{"taxonomy":"product_cat","embeddable":true,"href":"https:\/\/mps.digital-monkey.in\/es\/wp-json\/wp\/v2\/product_cat?post=42384"},{"taxonomy":"product_tag","embeddable":true,"href":"https:\/\/mps.digital-monkey.in\/es\/wp-json\/wp\/v2\/product_tag?post=42384"}],"curies":[{"name":"wp","href":"https:\/\/api.w.org\/{rel}","templated":true}]}}