{"id":42430,"date":"2025-11-12T07:48:52","date_gmt":"2025-11-12T07:48:52","guid":{"rendered":"https:\/\/mps.digital-monkey.in\/product\/kit-anodo-volvo-penta-serie-290-magnesio-kit-completo-con-material-de-montaje\/"},"modified":"2025-12-18T10:46:25","modified_gmt":"2025-12-18T10:46:25","slug":"kit-anodo-volvo-penta-serie-290-magnesio-kit-completo-con-material-de-montaje","status":"publish","type":"product","link":"https:\/\/mps.digital-monkey.in\/es\/producto\/kit-anodo-volvo-penta-serie-290-magnesio-kit-completo-con-material-de-montaje\/","title":{"rendered":"Kit \u00e1nodo Volvo Penta Serie 290 - Magnesio | Kit completo con material de montaje"},"content":{"rendered":"<p data-start=\"562\" data-end=\"871\">El <strong data-start=\"566\" data-end=\"614\">Kit de \u00e1nodos Volvo Penta Serie 290 (Magnesio)<\/strong> proporciona una protecci\u00f3n completa contra la corrosi\u00f3n para <strong data-start=\"658\" data-end=\"689\">los propulsores de popa Volvo Penta 290<\/strong> que funcionan en <strong data-start=\"703\" data-end=\"730\">entornos de agua dulce<\/strong>. Este kit incluye todos los materiales de montaje necesarios y dos \u00e1nodos de magnesio de alto rendimiento para una m\u00e1xima protecci\u00f3n contra la electr\u00f3lisis. <\/p>\n<p data-start=\"873\" data-end=\"1044\">El magnesio es el material m\u00e1s eficaz para las aplicaciones de agua dulce, ya que proporciona una protecci\u00f3n \u00f3ptima para la carcasa de la transmisi\u00f3n, la h\u00e9lice y otros componentes met\u00e1licos sumergidos.<\/p>\n<p data-start=\"1046\" data-end=\"1065\"><strong data-start=\"1046\" data-end=\"1063\">Adecuado para:<\/strong><\/p>\n<ul data-start=\"1066\" data-end=\"1104\">\n<li data-start=\"1066\" data-end=\"1104\">\n<p data-start=\"1068\" data-end=\"1104\">Propulsores de popa Volvo Penta serie 290<\/p>\n<\/li>\n<\/ul>\n<p data-start=\"1106\" data-end=\"1125\"><strong data-start=\"1106\" data-end=\"1123\">El kit incluye:<\/strong><\/p>\n<ul data-start=\"1126\" data-end=\"1203\">\n<li data-start=\"1126\" data-end=\"1146\">\n<p data-start=\"1128\" data-end=\"1146\">1\u00d7 \u00c1nodo 00703MG<\/p>\n<\/li>\n<li data-start=\"1147\" data-end=\"1167\">\n<p data-start=\"1149\" data-end=\"1167\">1\u00d7 \u00c1nodo 00708MG<\/p>\n<\/li>\n<li data-start=\"1168\" data-end=\"1203\">\n<p data-start=\"1170\" data-end=\"1203\">Completo con herrajes de montaje<\/p>\n<\/li>\n<\/ul>\n<p data-start=\"1205\" data-end=\"1220\"><strong data-start=\"1205\" data-end=\"1218\">Material:<\/strong><\/p>\n<ul data-start=\"1221\" data-end=\"1270\">\n<li data-start=\"1221\" data-end=\"1270\">\n<p data-start=\"1223\" data-end=\"1270\"><strong data-start=\"1223\" data-end=\"1241\">Magnesio (Mg<\/strong> ) - ideal para agua dulce<\/p>\n<\/li>\n<\/ul>\n<p data-start=\"1272\" data-end=\"1291\"><strong data-start=\"1272\" data-end=\"1289\">Caracter\u00edsticas principales:<\/strong><\/p>\n<ul data-start=\"1292\" data-end=\"1559\">\n<li data-start=\"1292\" data-end=\"1341\">\n<p data-start=\"1294\" data-end=\"1341\">Kit completo de \u00e1nodos para transmisiones Volvo Penta 290<\/p>\n<\/li>\n<li data-start=\"1342\" data-end=\"1399\">\n<p data-start=\"1344\" data-end=\"1399\">Dise\u00f1ado espec\u00edficamente para <strong data-start=\"1370\" data-end=\"1397\">entornos de agua dulce<\/strong><\/p>\n<\/li>\n<li data-start=\"1400\" data-end=\"1447\">\n<p data-start=\"1402\" data-end=\"1447\">Protege contra la corrosi\u00f3n y la electr\u00f3lisis<\/p>\n<\/li>\n<li data-start=\"1448\" data-end=\"1492\">\n<p data-start=\"1450\" data-end=\"1492\">Incluye todos los materiales de montaje necesarios<\/p>\n<\/li>\n<li data-start=\"1493\" data-end=\"1559\">\n<p data-start=\"1495\" data-end=\"1559\">Material ligero y muy activo para una protecci\u00f3n superior<\/p>\n<\/li>\n<\/ul>\n<p data-start=\"1561\" data-end=\"1829\"><strong data-start=\"1561\" data-end=\"1585\">Por qu\u00e9 elegir este kit:<\/strong><br data-start=\"1585\" data-end=\"1588\">Este kit de \u00e1nodo de magnesio garantiza la m\u00e1xima protecci\u00f3n contra la corrosi\u00f3n para tu <strong data-start=\"1659\" data-end=\"1689\">propulsor de popa Volvo Penta 290<\/strong> en agua dulce. Es una soluci\u00f3n completa, lista para instalar, que ayuda a prolongar la vida \u00fatil de tu sistema de propulsi\u00f3n y a mantener el m\u00e1ximo rendimiento. <\/p>\n","protected":false},"excerpt":{"rendered":"<p>El Kit de \u00e1nodos Volvo Penta Serie 290 (Magnesio) proporciona una protecci\u00f3n completa contra la corrosi\u00f3n para los propulsores de popa Volvo Penta 290 que funcionan en entornos de agua dulce. Este kit incluye todos los materiales de montaje necesarios y dos \u00e1nodos de magnesio de alto rendimiento para una m\u00e1xima protecci\u00f3n contra la electr\u00f3lisis. [&hellip;]<\/p>\n","protected":false},"featured_media":42431,"comment_status":"open","ping_status":"closed","template":"","meta":[],"product_brand":[4229],"product_cat":[3182,4522,2497,4525],"product_tag":[],"class_list":{"0":"post-42430","1":"product","2":"type-product","3":"status-publish","4":"has-post-thumbnail","6":"product_brand-volvo-penta","7":"product_cat-anodos","8":"product_cat-anodos-volvo-penta","9":"product_cat-piezas-de-mantenimiento-del-motor","10":"product_cat-recambios-volvo-penta","11":"pa_condition-nuevo","12":"pa_oem-or-aftermarket-posventa","14":"first","15":"onbackorder","16":"taxable","17":"shipping-taxable","18":"purchasable","19":"product-type-simple"},"supplier_id":45614,"supplier_sku":"KITVOLVO290-MG","barcode":null,"atum_controlled":true,"out_stock_date":"2025-11-21 12:41:59","out_stock_threshold":null,"inheritable":false,"inbound_stock":0,"stock_on_hold":0,"sold_today":0,"sales_last_days":0,"reserved_stock":0,"customer_returns":0,"warehouse_damage":0,"lost_in_post":0,"other_logs":0,"out_stock_days":26,"lost_sales":0,"has_location":false,"update_date":"2025-12-18T10:46:38","atum_locations":[],"atum_stock_status":"onbackorder","restock_status":false,"low_stock_amount":1,"sales_update_date":"2025-12-18T10:44:11","calc_backorders":null,"_links":{"self":[{"href":"https:\/\/mps.digital-monkey.in\/es\/wp-json\/wp\/v2\/product\/42430","targetHints":{"allow":["GET"]}}],"collection":[{"href":"https:\/\/mps.digital-monkey.in\/es\/wp-json\/wp\/v2\/product"}],"about":[{"href":"https:\/\/mps.digital-monkey.in\/es\/wp-json\/wp\/v2\/types\/product"}],"replies":[{"embeddable":true,"href":"https:\/\/mps.digital-monkey.in\/es\/wp-json\/wp\/v2\/comments?post=42430"}],"wp:featuredmedia":[{"embeddable":true,"href":"https:\/\/mps.digital-monkey.in\/es\/wp-json\/wp\/v2\/media\/42431"}],"wp:attachment":[{"href":"https:\/\/mps.digital-monkey.in\/es\/wp-json\/wp\/v2\/media?parent=42430"}],"wp:term":[{"taxonomy":"product_brand","embeddable":true,"href":"https:\/\/mps.digital-monkey.in\/es\/wp-json\/wp\/v2\/product_brand?post=42430"},{"taxonomy":"product_cat","embeddable":true,"href":"https:\/\/mps.digital-monkey.in\/es\/wp-json\/wp\/v2\/product_cat?post=42430"},{"taxonomy":"product_tag","embeddable":true,"href":"https:\/\/mps.digital-monkey.in\/es\/wp-json\/wp\/v2\/product_tag?post=42430"}],"curies":[{"name":"wp","href":"https:\/\/api.w.org\/{rel}","templated":true}]}}