{"id":42440,"date":"2025-11-12T08:06:24","date_gmt":"2025-11-12T08:06:24","guid":{"rendered":"https:\/\/mps.digital-monkey.in\/product\/kit-anodo-volvo-penta-serie-280-duo-prop-zinc-kit-completo-con-material-de-montaje\/"},"modified":"2025-12-18T10:46:30","modified_gmt":"2025-12-18T10:46:30","slug":"kit-anodo-volvo-penta-serie-280-duo-prop-zinc-kit-completo-con-material-de-montaje","status":"publish","type":"product","link":"https:\/\/mps.digital-monkey.in\/es\/producto\/kit-anodo-volvo-penta-serie-280-duo-prop-zinc-kit-completo-con-material-de-montaje\/","title":{"rendered":"Kit \u00e1nodo Volvo Penta Serie 280 Duo Prop - Zinc | Kit completo con material de montaje"},"content":{"rendered":"<p data-start=\"536\" data-end=\"852\">El <strong data-start=\"540\" data-end=\"592\">Kit de \u00e1nodo Volvo Penta Serie 280<\/strong> <strong data-start=\"632\" data-end=\"672\">Duo<\/strong> <strong data-start=\"540\" data-end=\"592\">Prop (Zinc)<\/strong> proporciona una protecci\u00f3n total contra la corrosi\u00f3n para <strong data-start=\"632\" data-end=\"672\">los propulsores de popa Volvo Penta 280 Duo Prop<\/strong>. Dise\u00f1ado para <strong data-start=\"687\" data-end=\"713\">aplicaciones en agua salada<\/strong>, este juego de \u00e1nodos de zinc de alta calidad evita la corrosi\u00f3n galv\u00e1nica y protege componentes cr\u00edticos como la carcasa del propulsor y las h\u00e9lices. <\/p>\n<p data-start=\"854\" data-end=\"1030\">Cada \u00e1nodo est\u00e1 fundido con precisi\u00f3n para ajustarse a las especificaciones de los fabricantes de equipos originales, para un ajuste perfecto y una instalaci\u00f3n sencilla, garantizando una protecci\u00f3n y un rendimiento duraderos en entornos marinos dif\u00edciles.<\/p>\n<p data-start=\"1032\" data-end=\"1051\"><strong data-start=\"1032\" data-end=\"1049\">Adecuado para:<\/strong><\/p>\n<ul data-start=\"1052\" data-end=\"1099\">\n<li data-start=\"1052\" data-end=\"1099\">\n<p data-start=\"1054\" data-end=\"1099\">Propulsores de popa Volvo Penta serie 280 Duo Prop<\/p>\n<\/li>\n<\/ul>\n<p data-start=\"1101\" data-end=\"1116\"><strong data-start=\"1101\" data-end=\"1114\">Material:<\/strong><\/p>\n<ul data-start=\"1117\" data-end=\"1166\">\n<li data-start=\"1117\" data-end=\"1166\">\n<p data-start=\"1119\" data-end=\"1166\"><strong data-start=\"1119\" data-end=\"1132\">Zinc (Zn<\/strong> ) - recomendado para agua salada<\/p>\n<\/li>\n<\/ul>\n<p data-start=\"1168\" data-end=\"1187\"><strong data-start=\"1168\" data-end=\"1185\">Caracter\u00edsticas principales:<\/strong><\/p>\n<ul data-start=\"1188\" data-end=\"1480\">\n<li data-start=\"1188\" data-end=\"1244\">\n<p data-start=\"1190\" data-end=\"1244\">Juego completo de \u00e1nodos de zinc para Volvo Penta 280 Duo Prop<\/p>\n<\/li>\n<li data-start=\"1245\" data-end=\"1313\">\n<p data-start=\"1247\" data-end=\"1313\">Proporciona una excelente protecci\u00f3n contra la corrosi\u00f3n y la electr\u00f3lisis<\/p>\n<\/li>\n<li data-start=\"1314\" data-end=\"1378\">\n<p data-start=\"1316\" data-end=\"1378\">Dise\u00f1ado para una larga vida y un rendimiento fiable en agua salada<\/p>\n<\/li>\n<li data-start=\"1379\" data-end=\"1417\">\n<p data-start=\"1381\" data-end=\"1417\">Ajuste de precisi\u00f3n para una f\u00e1cil sustituci\u00f3n<\/p>\n<\/li>\n<li data-start=\"1418\" data-end=\"1480\">\n<p data-start=\"1420\" data-end=\"1480\">Mantiene una protecci\u00f3n \u00f3ptima para el propulsor de popa y las h\u00e9lices<\/p>\n<\/li>\n<\/ul>\n<p data-start=\"1482\" data-end=\"1729\"><strong data-start=\"1482\" data-end=\"1506\">Por qu\u00e9 elegir este juego:<\/strong><br data-start=\"1506\" data-end=\"1509\">Este juego de \u00e1nodos de zinc es la elecci\u00f3n ideal para los propietarios de <strong data-start=\"1553\" data-end=\"1581\">h\u00e9lices Volvo Penta 280 Duo<\/strong> que trabajan en condiciones de agua salada. Garantiza que tu sistema de propulsi\u00f3n permanezca protegido y que tu embarcaci\u00f3n se mantenga en \u00f3ptimas condiciones temporada tras temporada. <\/p>\n","protected":false},"excerpt":{"rendered":"<p>El Kit de \u00e1nodo Volvo Penta Serie 280 Duo Prop (Zinc) proporciona una protecci\u00f3n total contra la corrosi\u00f3n para los propulsores de popa Volvo Penta 280 Duo Prop. Dise\u00f1ado para aplicaciones en agua salada, este juego de \u00e1nodos de zinc de alta calidad evita la corrosi\u00f3n galv\u00e1nica y protege componentes cr\u00edticos como la carcasa del [&hellip;]<\/p>\n","protected":false},"featured_media":42441,"comment_status":"open","ping_status":"closed","template":"","meta":[],"product_brand":[4229],"product_cat":[3182,4522,2497,4525],"product_tag":[],"class_list":{"0":"post-42440","1":"product","2":"type-product","3":"status-publish","4":"has-post-thumbnail","6":"product_brand-volvo-penta","7":"product_cat-anodos","8":"product_cat-anodos-volvo-penta","9":"product_cat-piezas-de-mantenimiento-del-motor","10":"product_cat-recambios-volvo-penta","11":"pa_condition-nuevo","12":"pa_oem-or-aftermarket-posventa","14":"first","15":"onbackorder","16":"taxable","17":"shipping-taxable","18":"purchasable","19":"product-type-simple"},"supplier_id":45614,"supplier_sku":"KITVOLVODP280","barcode":null,"atum_controlled":true,"out_stock_date":"2025-11-21 12:41:54","out_stock_threshold":null,"inheritable":false,"inbound_stock":0,"stock_on_hold":0,"sold_today":0,"sales_last_days":0,"reserved_stock":0,"customer_returns":0,"warehouse_damage":0,"lost_in_post":0,"other_logs":0,"out_stock_days":26,"lost_sales":0,"has_location":false,"update_date":"2025-12-18T10:46:38","atum_locations":[],"atum_stock_status":"onbackorder","restock_status":false,"low_stock_amount":1,"sales_update_date":"2025-12-18T10:44:11","calc_backorders":null,"_links":{"self":[{"href":"https:\/\/mps.digital-monkey.in\/es\/wp-json\/wp\/v2\/product\/42440","targetHints":{"allow":["GET"]}}],"collection":[{"href":"https:\/\/mps.digital-monkey.in\/es\/wp-json\/wp\/v2\/product"}],"about":[{"href":"https:\/\/mps.digital-monkey.in\/es\/wp-json\/wp\/v2\/types\/product"}],"replies":[{"embeddable":true,"href":"https:\/\/mps.digital-monkey.in\/es\/wp-json\/wp\/v2\/comments?post=42440"}],"wp:featuredmedia":[{"embeddable":true,"href":"https:\/\/mps.digital-monkey.in\/es\/wp-json\/wp\/v2\/media\/42441"}],"wp:attachment":[{"href":"https:\/\/mps.digital-monkey.in\/es\/wp-json\/wp\/v2\/media?parent=42440"}],"wp:term":[{"taxonomy":"product_brand","embeddable":true,"href":"https:\/\/mps.digital-monkey.in\/es\/wp-json\/wp\/v2\/product_brand?post=42440"},{"taxonomy":"product_cat","embeddable":true,"href":"https:\/\/mps.digital-monkey.in\/es\/wp-json\/wp\/v2\/product_cat?post=42440"},{"taxonomy":"product_tag","embeddable":true,"href":"https:\/\/mps.digital-monkey.in\/es\/wp-json\/wp\/v2\/product_tag?post=42440"}],"curies":[{"name":"wp","href":"https:\/\/api.w.org\/{rel}","templated":true}]}}