{"id":42458,"date":"2025-11-12T08:32:57","date_gmt":"2025-11-12T08:32:57","guid":{"rendered":"https:\/\/mps.digital-monkey.in\/product\/kit-anodo-volvo-penta-serie-280-duo-prop-magnesio-kit-completo-con-material-de-montaje\/"},"modified":"2025-12-18T10:42:38","modified_gmt":"2025-12-18T10:42:38","slug":"kit-anodo-volvo-penta-serie-280-duo-prop-magnesio-kit-completo-con-material-de-montaje","status":"publish","type":"product","link":"https:\/\/mps.digital-monkey.in\/es\/product\/kit-anodo-volvo-penta-serie-280-duo-prop-magnesio-kit-completo-con-material-de-montaje\/","title":{"rendered":"Kit \u00e1nodo Volvo Penta Serie 280 Duo Prop &#8211; Magnesio | Kit completo con material de montaje"},"content":{"rendered":"<p data-start=\"606\" data-end=\"924\">El <strong data-start=\"610\" data-end=\"667\">Kit de \u00e1nodos Volvo Penta Serie 280<\/strong> <strong data-start=\"725\" data-end=\"765\">Duo Prop<\/strong> <strong data-start=\"610\" data-end=\"667\">(Magnesio)<\/strong> est\u00e1 dise\u00f1ado para proporcionar una protecci\u00f3n completa contra la corrosi\u00f3n a <strong data-start=\"725\" data-end=\"765\">los propulsores de popa Volvo Penta 280 Duo Prop<\/strong> que funcionan en <strong data-start=\"779\" data-end=\"793\">agua dulce<\/strong>. Este kit de alta calidad incluye todos los materiales de montaje necesarios y dos \u00e1nodos de magnesio para una eficacia y protecci\u00f3n m\u00e1ximas. <\/p>\n<p data-start=\"926\" data-end=\"1167\">El magnesio es el material an\u00f3dico m\u00e1s activo, por lo que proporciona una prevenci\u00f3n superior de la corrosi\u00f3n para embarcaciones utilizadas exclusivamente en entornos de agua dulce. Cada componente est\u00e1 fabricado con precisi\u00f3n para ajustarse a las especificaciones de los fabricantes de equipos originales, para un ajuste perfecto y una instalaci\u00f3n sencilla. <\/p>\n<p data-start=\"1169\" data-end=\"1188\"><strong data-start=\"1169\" data-end=\"1186\">Adecuado para:<\/strong><\/p>\n<ul data-start=\"1189\" data-end=\"1236\">\n<li data-start=\"1189\" data-end=\"1236\">\n<p data-start=\"1191\" data-end=\"1236\">Propulsores de popa Volvo Penta serie 280 Duo Prop<\/p>\n<\/li>\n<\/ul>\n<p data-start=\"1238\" data-end=\"1257\"><strong data-start=\"1238\" data-end=\"1255\">El kit incluye:<\/strong><\/p>\n<ul data-start=\"1258\" data-end=\"1338\">\n<li data-start=\"1258\" data-end=\"1278\">\n<p data-start=\"1260\" data-end=\"1278\">1\u00d7 \u00c1nodo 00707MG<\/p>\n<\/li>\n<li data-start=\"1279\" data-end=\"1302\">\n<p data-start=\"1281\" data-end=\"1302\">1\u00d7 \u00c1nodo 00704BISMG<\/p>\n<\/li>\n<li data-start=\"1303\" data-end=\"1338\">\n<p data-start=\"1305\" data-end=\"1338\">Completo con material de montaje<\/p>\n<\/li>\n<\/ul>\n<p data-start=\"1340\" data-end=\"1355\"><strong data-start=\"1340\" data-end=\"1353\">Material:<\/strong><\/p>\n<ul data-start=\"1356\" data-end=\"1407\">\n<li data-start=\"1356\" data-end=\"1407\">\n<p data-start=\"1358\" data-end=\"1407\"><strong data-start=\"1358\" data-end=\"1376\">Magnesio (Mg<\/strong> ) &#8211; m\u00e1s adecuado para agua dulce<\/p>\n<\/li>\n<\/ul>\n<p data-start=\"1409\" data-end=\"1428\"><strong data-start=\"1409\" data-end=\"1426\">Caracter\u00edsticas principales:<\/strong><\/p>\n<ul data-start=\"1429\" data-end=\"1726\">\n<li data-start=\"1429\" data-end=\"1497\">\n<p data-start=\"1431\" data-end=\"1497\">Kit completo de \u00e1nodos de magnesio para h\u00e9lices Volvo Penta 280 Duo<\/p>\n<\/li>\n<li data-start=\"1498\" data-end=\"1542\">\n<p data-start=\"1500\" data-end=\"1542\">Ideal para su uso en entornos de agua dulce<\/p>\n<\/li>\n<li data-start=\"1543\" data-end=\"1586\">\n<p data-start=\"1545\" data-end=\"1586\">Incluye toda la torniller\u00eda de montaje necesaria<\/p>\n<\/li>\n<li data-start=\"1587\" data-end=\"1657\">\n<p data-start=\"1589\" data-end=\"1657\">Protege el propulsor y las h\u00e9lices de la electr\u00f3lisis y la corrosi\u00f3n<\/p>\n<\/li>\n<li data-start=\"1658\" data-end=\"1726\">\n<p data-start=\"1660\" data-end=\"1726\">Material ligero y muy activo para una eficacia m\u00e1xima<\/p>\n<\/li>\n<\/ul>\n<p data-start=\"1728\" data-end=\"2011\"><strong data-start=\"1728\" data-end=\"1752\">Por qu\u00e9 elegir este kit:<\/strong><br data-start=\"1752\" data-end=\"1755\">Este kit de \u00e1nodo de magnesio proporciona <strong data-start=\"1789\" data-end=\"1824\">el m\u00e1ximo nivel de protecci\u00f3n<\/strong> para tu <strong data-start=\"1834\" data-end=\"1868\">propulsor Volvo Penta 280 Duo Prop<\/strong> en condiciones de agua dulce. Es una soluci\u00f3n completa, lista para instalar, que prolonga la vida \u00fatil de tu sistema de propulsi\u00f3n y mantiene el m\u00e1ximo rendimiento. <\/p>\n","protected":false},"excerpt":{"rendered":"<p>El Kit de \u00e1nodos Volvo Penta Serie 280 Duo Prop (Magnesio) est\u00e1 dise\u00f1ado para proporcionar una protecci\u00f3n completa contra la corrosi\u00f3n a los propulsores de popa Volvo Penta 280 Duo Prop que funcionan en agua dulce. Este kit de alta calidad incluye todos los materiales de montaje necesarios y dos \u00e1nodos de magnesio para una [&hellip;]<\/p>\n","protected":false},"featured_media":42459,"comment_status":"open","ping_status":"closed","template":"","meta":[],"product_brand":[4229],"product_cat":[3182,4522,2497,4525,4302],"product_tag":[],"class_list":{"0":"post-42458","1":"product","2":"type-product","3":"status-publish","4":"has-post-thumbnail","6":"product_brand-volvo-penta","7":"product_cat-anodos","8":"product_cat-anodos-volvo-penta","9":"product_cat-piezas-de-mantenimiento-del-motor","10":"product_cat-recambios-volvo-penta","11":"product_cat-volvo-penta","12":"pa_condition-nuevo","13":"pa_oem-or-aftermarket-posventa","15":"first","16":"onbackorder","17":"taxable","18":"shipping-taxable","19":"purchasable","20":"product-type-simple"},"supplier_id":45614,"supplier_sku":"KITVOLVODP280-MG","barcode":null,"atum_controlled":true,"out_stock_date":"2025-11-21 12:41:46","out_stock_threshold":null,"inheritable":false,"inbound_stock":0,"stock_on_hold":0,"sold_today":0,"sales_last_days":0,"reserved_stock":0,"customer_returns":0,"warehouse_damage":0,"lost_in_post":0,"other_logs":0,"out_stock_days":68,"lost_sales":0,"has_location":false,"update_date":"2026-01-29T09:11:17","atum_locations":[],"atum_stock_status":"onbackorder","restock_status":false,"low_stock_amount":1,"sales_update_date":"2026-01-29T09:11:17","calc_backorders":null,"_links":{"self":[{"href":"https:\/\/mps.digital-monkey.in\/es\/wp-json\/wp\/v2\/product\/42458","targetHints":{"allow":["GET"]}}],"collection":[{"href":"https:\/\/mps.digital-monkey.in\/es\/wp-json\/wp\/v2\/product"}],"about":[{"href":"https:\/\/mps.digital-monkey.in\/es\/wp-json\/wp\/v2\/types\/product"}],"replies":[{"embeddable":true,"href":"https:\/\/mps.digital-monkey.in\/es\/wp-json\/wp\/v2\/comments?post=42458"}],"wp:featuredmedia":[{"embeddable":true,"href":"https:\/\/mps.digital-monkey.in\/es\/wp-json\/wp\/v2\/media\/42459"}],"wp:attachment":[{"href":"https:\/\/mps.digital-monkey.in\/es\/wp-json\/wp\/v2\/media?parent=42458"}],"wp:term":[{"taxonomy":"product_brand","embeddable":true,"href":"https:\/\/mps.digital-monkey.in\/es\/wp-json\/wp\/v2\/product_brand?post=42458"},{"taxonomy":"product_cat","embeddable":true,"href":"https:\/\/mps.digital-monkey.in\/es\/wp-json\/wp\/v2\/product_cat?post=42458"},{"taxonomy":"product_tag","embeddable":true,"href":"https:\/\/mps.digital-monkey.in\/es\/wp-json\/wp\/v2\/product_tag?post=42458"}],"curies":[{"name":"wp","href":"https:\/\/api.w.org\/{rel}","templated":true}]}}