{"id":42485,"date":"2025-11-12T08:50:36","date_gmt":"2025-11-12T08:50:36","guid":{"rendered":"https:\/\/mps.digital-monkey.in\/product\/kit-anodo-volvo-penta-290-duo-prop-zinc-kit-completo-con-material-de-montaje\/"},"modified":"2025-12-18T10:42:43","modified_gmt":"2025-12-18T10:42:43","slug":"kit-anodo-volvo-penta-290-duo-prop-zinc-kit-completo-con-material-de-montaje","status":"publish","type":"product","link":"https:\/\/mps.digital-monkey.in\/es\/producto\/kit-anodo-volvo-penta-290-duo-prop-zinc-kit-completo-con-material-de-montaje\/","title":{"rendered":"Kit \u00e1nodo Volvo Penta 290 Duo Prop - Zinc | Kit completo con material de montaje"},"content":{"rendered":"<p data-start=\"562\" data-end=\"820\">El <strong data-start=\"566\" data-end=\"611\">kit de \u00e1nodos Volvo Penta 290<\/strong> <strong data-start=\"651\" data-end=\"691\">Duo<\/strong> <strong data-start=\"566\" data-end=\"611\">Prop (zinc)<\/strong> proporciona una protecci\u00f3n total contra la corrosi\u00f3n para <strong data-start=\"651\" data-end=\"691\">los propulsores de popa Volvo Penta 290 Duo Prop<\/strong>. Este kit completo incluye todos los \u00e1nodos de zinc necesarios y los materiales de montaje para una instalaci\u00f3n sencilla y una protecci\u00f3n duradera. <\/p>\n<p data-start=\"822\" data-end=\"1001\">Los \u00e1nodos de zinc son la elecci\u00f3n ideal para <strong data-start=\"859\" data-end=\"885\">aplicaciones en agua salada<\/strong>, ya que evitan la corrosi\u00f3n galv\u00e1nica y protegen la carcasa de tu propulsor, las h\u00e9lices y otros componentes met\u00e1licos sumergidos.<\/p>\n<p data-start=\"1003\" data-end=\"1022\"><strong data-start=\"1003\" data-end=\"1020\">Adecuado para:<\/strong><\/p>\n<ul data-start=\"1023\" data-end=\"1070\">\n<li data-start=\"1023\" data-end=\"1070\">\n<p data-start=\"1025\" data-end=\"1070\">Propulsores de popa Volvo Penta serie 290 Duo Prop<\/p>\n<\/li>\n<\/ul>\n<p data-start=\"1072\" data-end=\"1087\"><strong data-start=\"1072\" data-end=\"1085\">Material:<\/strong><\/p>\n<ul data-start=\"1088\" data-end=\"1137\">\n<li data-start=\"1088\" data-end=\"1137\">\n<p data-start=\"1090\" data-end=\"1137\"><strong data-start=\"1090\" data-end=\"1103\">Zinc (Zn<\/strong> ) - recomendado para agua salada<\/p>\n<\/li>\n<\/ul>\n<p data-start=\"1139\" data-end=\"1158\"><strong data-start=\"1139\" data-end=\"1156\">Caracter\u00edsticas principales:<\/strong><\/p>\n<ul data-start=\"1159\" data-end=\"1422\">\n<li data-start=\"1159\" data-end=\"1222\">\n<p data-start=\"1161\" data-end=\"1222\">Kit completo de \u00e1nodos de zinc para propulsores Volvo Penta 290 Duo Prop<\/p>\n<\/li>\n<li data-start=\"1223\" data-end=\"1267\">\n<p data-start=\"1225\" data-end=\"1267\">Incluye toda la torniller\u00eda de montaje necesaria<\/p>\n<\/li>\n<li data-start=\"1268\" data-end=\"1323\">\n<p data-start=\"1270\" data-end=\"1323\">Proporciona una protecci\u00f3n fiable contra la corrosi\u00f3n en agua salada<\/p>\n<\/li>\n<li data-start=\"1324\" data-end=\"1383\">\n<p data-start=\"1326\" data-end=\"1383\">La composici\u00f3n de zinc de alta calidad garantiza una larga vida \u00fatil<\/p>\n<\/li>\n<li data-start=\"1384\" data-end=\"1422\">\n<p data-start=\"1386\" data-end=\"1422\">Ajuste de precisi\u00f3n para una f\u00e1cil sustituci\u00f3n<\/p>\n<\/li>\n<\/ul>\n<p data-start=\"1424\" data-end=\"1682\"><strong data-start=\"1424\" data-end=\"1448\">Por qu\u00e9 elegir este kit:<\/strong><br data-start=\"1448\" data-end=\"1451\">Este kit de \u00e1nodo de zinc es una soluci\u00f3n completa, lista para instalar, dise\u00f1ada para los propulsores <strong data-start=\"1525\" data-end=\"1553\">Volvo Penta 290 Duo Prop<\/strong> que funcionan en agua salada. Garantiza la m\u00e1xima protecci\u00f3n contra la corrosi\u00f3n y prolonga la vida \u00fatil de tu propulsor y h\u00e9lices. <\/p>\n","protected":false},"excerpt":{"rendered":"<p>El kit de \u00e1nodos Volvo Penta 290 Duo Prop (zinc) proporciona una protecci\u00f3n total contra la corrosi\u00f3n para los propulsores de popa Volvo Penta 290 Duo Prop. Este kit completo incluye todos los \u00e1nodos de zinc necesarios y los materiales de montaje para una instalaci\u00f3n sencilla y una protecci\u00f3n duradera. Los \u00e1nodos de zinc son [&hellip;]<\/p>\n","protected":false},"featured_media":42486,"comment_status":"open","ping_status":"closed","template":"","meta":[],"product_brand":[4229],"product_cat":[3182,4522,2497,4525,4302],"product_tag":[],"class_list":{"0":"post-42485","1":"product","2":"type-product","3":"status-publish","4":"has-post-thumbnail","6":"product_brand-volvo-penta","7":"product_cat-anodos","8":"product_cat-anodos-volvo-penta","9":"product_cat-piezas-de-mantenimiento-del-motor","10":"product_cat-recambios-volvo-penta","11":"product_cat-volvo-penta","12":"pa_condition-nuevo","13":"pa_oem-or-aftermarket-posventa","15":"first","16":"onbackorder","17":"taxable","18":"shipping-taxable","19":"purchasable","20":"product-type-simple"},"supplier_id":45614,"supplier_sku":"KITVOLVODP290","barcode":null,"atum_controlled":true,"out_stock_date":"2025-11-21 12:41:41","out_stock_threshold":null,"inheritable":false,"inbound_stock":0,"stock_on_hold":0,"sold_today":0,"sales_last_days":0,"reserved_stock":0,"customer_returns":0,"warehouse_damage":0,"lost_in_post":0,"other_logs":0,"out_stock_days":68,"lost_sales":0,"has_location":false,"update_date":"2026-01-29T09:11:18","atum_locations":[],"atum_stock_status":"onbackorder","restock_status":false,"low_stock_amount":1,"sales_update_date":"2026-01-29T09:11:18","calc_backorders":null,"_links":{"self":[{"href":"https:\/\/mps.digital-monkey.in\/es\/wp-json\/wp\/v2\/product\/42485","targetHints":{"allow":["GET"]}}],"collection":[{"href":"https:\/\/mps.digital-monkey.in\/es\/wp-json\/wp\/v2\/product"}],"about":[{"href":"https:\/\/mps.digital-monkey.in\/es\/wp-json\/wp\/v2\/types\/product"}],"replies":[{"embeddable":true,"href":"https:\/\/mps.digital-monkey.in\/es\/wp-json\/wp\/v2\/comments?post=42485"}],"wp:featuredmedia":[{"embeddable":true,"href":"https:\/\/mps.digital-monkey.in\/es\/wp-json\/wp\/v2\/media\/42486"}],"wp:attachment":[{"href":"https:\/\/mps.digital-monkey.in\/es\/wp-json\/wp\/v2\/media?parent=42485"}],"wp:term":[{"taxonomy":"product_brand","embeddable":true,"href":"https:\/\/mps.digital-monkey.in\/es\/wp-json\/wp\/v2\/product_brand?post=42485"},{"taxonomy":"product_cat","embeddable":true,"href":"https:\/\/mps.digital-monkey.in\/es\/wp-json\/wp\/v2\/product_cat?post=42485"},{"taxonomy":"product_tag","embeddable":true,"href":"https:\/\/mps.digital-monkey.in\/es\/wp-json\/wp\/v2\/product_tag?post=42485"}],"curies":[{"name":"wp","href":"https:\/\/api.w.org\/{rel}","templated":true}]}}