{"id":42494,"date":"2025-11-12T12:38:26","date_gmt":"2025-11-12T12:38:26","guid":{"rendered":"https:\/\/mps.digital-monkey.in\/product\/kit-de-anodo-volvo-penta-serie-290-duo-prop-aluminio-kit-completo-con-material-de-montaje\/"},"modified":"2025-12-18T10:42:49","modified_gmt":"2025-12-18T10:42:49","slug":"kit-de-anodo-volvo-penta-serie-290-duo-prop-aluminio-kit-completo-con-material-de-montaje","status":"publish","type":"product","link":"https:\/\/mps.digital-monkey.in\/es\/producto\/kit-de-anodo-volvo-penta-serie-290-duo-prop-aluminio-kit-completo-con-material-de-montaje\/","title":{"rendered":"Kit de \u00e1nodo Volvo Penta Serie 290 Duo Prop - Aluminio | Kit completo con material de montaje"},"content":{"rendered":"<p data-start=\"565\" data-end=\"841\">El <strong data-start=\"569\" data-end=\"626\">kit de \u00e1nodos Volvo Penta serie 290<\/strong> <strong data-start=\"670\" data-end=\"710\">Duo Prop<\/strong> <strong data-start=\"569\" data-end=\"626\">(aluminio)<\/strong> proporciona una protecci\u00f3n completa contra la corrosi\u00f3n para <strong data-start=\"670\" data-end=\"710\">los propulsores de popa Volvo Penta 290 Duo Prop<\/strong>. Este kit de alta calidad incluye todos los \u00e1nodos de aluminio y materiales de montaje necesarios para un ajuste perfecto y una protecci\u00f3n fiable. <\/p>\n<p data-start=\"843\" data-end=\"1049\">Los \u00e1nodos de aluminio ofrecen <strong data-start=\"866\" data-end=\"900\">una excelente resistencia a la corrosi\u00f3n<\/strong> tanto en <strong data-start=\"909\" data-end=\"948\">ambientes salobres como de agua salada<\/strong>, y duran m\u00e1s que los \u00e1nodos de zinc tradicionales, al tiempo que mantienen un fuerte rendimiento electroqu\u00edmico.<\/p>\n<p data-start=\"1051\" data-end=\"1070\"><strong data-start=\"1051\" data-end=\"1068\">Adecuado para:<\/strong><\/p>\n<ul data-start=\"1071\" data-end=\"1118\">\n<li data-start=\"1071\" data-end=\"1118\">\n<p data-start=\"1073\" data-end=\"1118\">Propulsores de popa Volvo Penta serie 290 Duo Prop<\/p>\n<\/li>\n<\/ul>\n<p data-start=\"1120\" data-end=\"1135\"><strong data-start=\"1120\" data-end=\"1133\">Material:<\/strong><\/p>\n<ul data-start=\"1136\" data-end=\"1203\">\n<li data-start=\"1136\" data-end=\"1203\">\n<p data-start=\"1138\" data-end=\"1203\"><strong data-start=\"1138\" data-end=\"1156\">Aluminio (Al)<\/strong> - recomendado para agua salobre y salada<\/p>\n<\/li>\n<\/ul>\n<p data-start=\"1205\" data-end=\"1224\"><strong data-start=\"1205\" data-end=\"1222\">Caracter\u00edsticas principales:<\/strong><\/p>\n<ul data-start=\"1225\" data-end=\"1526\">\n<li data-start=\"1225\" data-end=\"1293\">\n<p data-start=\"1227\" data-end=\"1293\">Kit completo de \u00e1nodos de aluminio para h\u00e9lices Volvo Penta 290 Duo<\/p>\n<\/li>\n<li data-start=\"1294\" data-end=\"1337\">\n<p data-start=\"1296\" data-end=\"1337\">Incluye toda la torniller\u00eda de montaje necesaria<\/p>\n<\/li>\n<li data-start=\"1338\" data-end=\"1400\">\n<p data-start=\"1340\" data-end=\"1400\">Protege el propulsor y las h\u00e9lices de la corrosi\u00f3n galv\u00e1nica<\/p>\n<\/li>\n<li data-start=\"1401\" data-end=\"1463\">\n<p data-start=\"1403\" data-end=\"1463\">Composici\u00f3n de aluminio de larga duraci\u00f3n para un rendimiento duradero<\/p>\n<\/li>\n<li data-start=\"1464\" data-end=\"1526\">\n<p data-start=\"1466\" data-end=\"1526\">Ideal para embarcaciones que operan en condiciones mixtas o de agua salada<\/p>\n<\/li>\n<\/ul>\n<p data-start=\"1528\" data-end=\"1810\"><strong data-start=\"1528\" data-end=\"1552\">Por qu\u00e9 elegir este kit:<\/strong><br data-start=\"1552\" data-end=\"1555\">Este kit de \u00e1nodos de aluminio es la soluci\u00f3n perfecta de protecci\u00f3n contra la corrosi\u00f3n para tu <strong data-start=\"1634\" data-end=\"1662\">h\u00e9lice Volvo Penta 290 Duo<\/strong>. Dise\u00f1ado para una durabilidad \u00f3ptima y una instalaci\u00f3n sencilla, ayuda a prolongar la vida \u00fatil de tu propulsor y h\u00e9lices, manteniendo el m\u00e1ximo rendimiento. <\/p>\n","protected":false},"excerpt":{"rendered":"<p>El kit de \u00e1nodos Volvo Penta serie 290 Duo Prop (aluminio) proporciona una protecci\u00f3n completa contra la corrosi\u00f3n para los propulsores de popa Volvo Penta 290 Duo Prop. Este kit de alta calidad incluye todos los \u00e1nodos de aluminio y materiales de montaje necesarios para un ajuste perfecto y una protecci\u00f3n fiable. Los \u00e1nodos de [&hellip;]<\/p>\n","protected":false},"featured_media":42495,"comment_status":"open","ping_status":"closed","template":"","meta":[],"product_brand":[4229],"product_cat":[3182,4522,2497,4525,4302],"product_tag":[],"class_list":{"0":"post-42494","1":"product","2":"type-product","3":"status-publish","4":"has-post-thumbnail","6":"product_brand-volvo-penta","7":"product_cat-anodos","8":"product_cat-anodos-volvo-penta","9":"product_cat-piezas-de-mantenimiento-del-motor","10":"product_cat-recambios-volvo-penta","11":"product_cat-volvo-penta","12":"pa_condition-nuevo","13":"pa_oem-or-aftermarket-posventa","15":"first","16":"onbackorder","17":"taxable","18":"shipping-taxable","19":"purchasable","20":"product-type-simple"},"supplier_id":45614,"supplier_sku":"KITVOLVODP290\/AL","barcode":null,"atum_controlled":true,"out_stock_date":"2025-11-21 12:41:36","out_stock_threshold":null,"inheritable":false,"inbound_stock":0,"stock_on_hold":0,"sold_today":0,"sales_last_days":0,"reserved_stock":0,"customer_returns":0,"warehouse_damage":0,"lost_in_post":0,"other_logs":0,"out_stock_days":68,"lost_sales":0,"has_location":false,"update_date":"2026-01-29T09:10:57","atum_locations":[],"atum_stock_status":"onbackorder","restock_status":false,"low_stock_amount":1,"sales_update_date":"2026-01-29T09:10:57","calc_backorders":null,"_links":{"self":[{"href":"https:\/\/mps.digital-monkey.in\/es\/wp-json\/wp\/v2\/product\/42494","targetHints":{"allow":["GET"]}}],"collection":[{"href":"https:\/\/mps.digital-monkey.in\/es\/wp-json\/wp\/v2\/product"}],"about":[{"href":"https:\/\/mps.digital-monkey.in\/es\/wp-json\/wp\/v2\/types\/product"}],"replies":[{"embeddable":true,"href":"https:\/\/mps.digital-monkey.in\/es\/wp-json\/wp\/v2\/comments?post=42494"}],"wp:featuredmedia":[{"embeddable":true,"href":"https:\/\/mps.digital-monkey.in\/es\/wp-json\/wp\/v2\/media\/42495"}],"wp:attachment":[{"href":"https:\/\/mps.digital-monkey.in\/es\/wp-json\/wp\/v2\/media?parent=42494"}],"wp:term":[{"taxonomy":"product_brand","embeddable":true,"href":"https:\/\/mps.digital-monkey.in\/es\/wp-json\/wp\/v2\/product_brand?post=42494"},{"taxonomy":"product_cat","embeddable":true,"href":"https:\/\/mps.digital-monkey.in\/es\/wp-json\/wp\/v2\/product_cat?post=42494"},{"taxonomy":"product_tag","embeddable":true,"href":"https:\/\/mps.digital-monkey.in\/es\/wp-json\/wp\/v2\/product_tag?post=42494"}],"curies":[{"name":"wp","href":"https:\/\/api.w.org\/{rel}","templated":true}]}}