{"id":42503,"date":"2025-11-12T13:00:10","date_gmt":"2025-11-12T13:00:10","guid":{"rendered":"https:\/\/mps.digital-monkey.in\/product\/kit-de-anodo-volvo-penta-serie-290-duo-prop-magnesio-kit-completo-con-material-de-montaje\/"},"modified":"2025-12-18T10:42:55","modified_gmt":"2025-12-18T10:42:55","slug":"kit-de-anodo-volvo-penta-serie-290-duo-prop-magnesio-kit-completo-con-material-de-montaje","status":"publish","type":"product","link":"https:\/\/mps.digital-monkey.in\/es\/producto\/kit-de-anodo-volvo-penta-serie-290-duo-prop-magnesio-kit-completo-con-material-de-montaje\/","title":{"rendered":"Kit de \u00e1nodo Volvo Penta Serie 290 Duo Prop - Magnesio | Kit completo con material de montaje"},"content":{"rendered":"<p data-start=\"630\" data-end=\"989\">El <strong data-start=\"634\" data-end=\"691\">Kit de \u00e1nodos Volvo Penta Serie 290<\/strong> <strong data-start=\"731\" data-end=\"771\">Duo<\/strong> <strong data-start=\"634\" data-end=\"691\">Prop (Magnesio)<\/strong> proporciona una protecci\u00f3n total contra la corrosi\u00f3n para <strong data-start=\"731\" data-end=\"771\">los sistemas de cola Volvo Penta 290 Duo Prop<\/strong> utilizados en <strong data-start=\"780\" data-end=\"794\">agua dulce<\/strong>. Este kit completo incluye todos los materiales de montaje necesarios y dos \u00e1nodos de magnesio dise\u00f1ados con precisi\u00f3n para proteger tu sistema de propulsi\u00f3n y las h\u00e9lices de la electr\u00f3lisis y la corrosi\u00f3n galv\u00e1nica. <\/p>\n<p data-start=\"991\" data-end=\"1173\">El magnesio es el material m\u00e1s eficaz para las aplicaciones de agua dulce, ya que ofrece una protecci\u00f3n superior y garantiza una mayor vida \u00fatil de todos los componentes met\u00e1licos sumergidos de tu sistema de transmisi\u00f3n.<\/p>\n<p data-start=\"1175\" data-end=\"1194\"><strong data-start=\"1175\" data-end=\"1192\">Adecuado para:<\/strong><\/p>\n<ul data-start=\"1195\" data-end=\"1242\">\n<li data-start=\"1195\" data-end=\"1242\">\n<p data-start=\"1197\" data-end=\"1242\">Propulsores de popa Volvo Penta serie 290 Duo Prop<\/p>\n<\/li>\n<\/ul>\n<p data-start=\"1244\" data-end=\"1263\"><strong data-start=\"1244\" data-end=\"1261\">El kit incluye:<\/strong><\/p>\n<ul data-start=\"1264\" data-end=\"1344\">\n<li data-start=\"1264\" data-end=\"1287\">\n<p data-start=\"1266\" data-end=\"1287\">1\u00d7 \u00c1nodo 00704BISMG<\/p>\n<\/li>\n<li data-start=\"1288\" data-end=\"1308\">\n<p data-start=\"1290\" data-end=\"1308\">1\u00d7 \u00c1nodo 00708MG<\/p>\n<\/li>\n<li data-start=\"1309\" data-end=\"1344\">\n<p data-start=\"1311\" data-end=\"1344\">Completo con herrajes de montaje<\/p>\n<\/li>\n<\/ul>\n<p data-start=\"1346\" data-end=\"1361\"><strong data-start=\"1346\" data-end=\"1359\">Material:<\/strong><\/p>\n<ul data-start=\"1362\" data-end=\"1411\">\n<li data-start=\"1362\" data-end=\"1411\">\n<p data-start=\"1364\" data-end=\"1411\"><strong data-start=\"1364\" data-end=\"1382\">Magnesio (Mg<\/strong> ) - ideal para agua dulce<\/p>\n<\/li>\n<\/ul>\n<p data-start=\"1413\" data-end=\"1432\"><strong data-start=\"1413\" data-end=\"1430\">Caracter\u00edsticas principales:<\/strong><\/p>\n<ul data-start=\"1433\" data-end=\"1728\">\n<li data-start=\"1433\" data-end=\"1501\">\n<p data-start=\"1435\" data-end=\"1501\">Kit completo de \u00e1nodos de magnesio para h\u00e9lices Volvo Penta 290 Duo<\/p>\n<\/li>\n<li data-start=\"1502\" data-end=\"1545\">\n<p data-start=\"1504\" data-end=\"1545\">Incluye toda la torniller\u00eda de montaje necesaria<\/p>\n<\/li>\n<li data-start=\"1546\" data-end=\"1606\">\n<p data-start=\"1548\" data-end=\"1606\">Proporciona una excelente protecci\u00f3n contra la corrosi\u00f3n y la electr\u00f3lisis<\/p>\n<\/li>\n<li data-start=\"1607\" data-end=\"1668\">\n<p data-start=\"1609\" data-end=\"1668\">Ajuste de precisi\u00f3n para una instalaci\u00f3n f\u00e1cil y una larga vida \u00fatil<\/p>\n<\/li>\n<li data-start=\"1669\" data-end=\"1728\">\n<p data-start=\"1671\" data-end=\"1728\">Dise\u00f1ado para embarcaciones que operan en entornos de agua dulce<\/p>\n<\/li>\n<\/ul>\n<p data-start=\"1730\" data-end=\"2008\"><strong data-start=\"1730\" data-end=\"1754\">Por qu\u00e9 elegir este kit:<\/strong><br data-start=\"1754\" data-end=\"1757\">Este kit de \u00e1nodo de magnesio es una soluci\u00f3n lista para instalar para el mantenimiento de tu <strong data-start=\"1834\" data-end=\"1862\">Volvo Penta 290 Duo Prop<\/strong> en agua dulce. Proporciona el m\u00e1ximo nivel de protecci\u00f3n contra la corrosi\u00f3n y ayuda a prolongar la vida \u00fatil de tu sistema de cola y h\u00e9lice. <\/p>\n","protected":false},"excerpt":{"rendered":"<p>El Kit de \u00e1nodos Volvo Penta Serie 290 Duo Prop (Magnesio) proporciona una protecci\u00f3n total contra la corrosi\u00f3n para los sistemas de cola Volvo Penta 290 Duo Prop utilizados en agua dulce. Este kit completo incluye todos los materiales de montaje necesarios y dos \u00e1nodos de magnesio dise\u00f1ados con precisi\u00f3n para proteger tu sistema de [&hellip;]<\/p>\n","protected":false},"featured_media":42504,"comment_status":"open","ping_status":"closed","template":"","meta":[],"product_brand":[4229],"product_cat":[3182,4522,2497,4525,4302],"product_tag":[],"class_list":{"0":"post-42503","1":"product","2":"type-product","3":"status-publish","4":"has-post-thumbnail","6":"product_brand-volvo-penta","7":"product_cat-anodos","8":"product_cat-anodos-volvo-penta","9":"product_cat-piezas-de-mantenimiento-del-motor","10":"product_cat-recambios-volvo-penta","11":"product_cat-volvo-penta","12":"pa_condition-nuevo","13":"pa_oem-or-aftermarket-posventa","15":"first","16":"onbackorder","17":"taxable","18":"shipping-taxable","19":"purchasable","20":"product-type-simple"},"supplier_id":45614,"supplier_sku":"KITVOLVODP290-MG","barcode":null,"atum_controlled":true,"out_stock_date":"2025-11-21 12:41:32","out_stock_threshold":null,"inheritable":false,"inbound_stock":0,"stock_on_hold":0,"sold_today":0,"sales_last_days":0,"reserved_stock":0,"customer_returns":0,"warehouse_damage":0,"lost_in_post":0,"other_logs":0,"out_stock_days":68,"lost_sales":0,"has_location":false,"update_date":"2026-01-29T09:11:17","atum_locations":[],"atum_stock_status":"onbackorder","restock_status":false,"low_stock_amount":1,"sales_update_date":"2026-01-29T09:11:17","calc_backorders":null,"_links":{"self":[{"href":"https:\/\/mps.digital-monkey.in\/es\/wp-json\/wp\/v2\/product\/42503","targetHints":{"allow":["GET"]}}],"collection":[{"href":"https:\/\/mps.digital-monkey.in\/es\/wp-json\/wp\/v2\/product"}],"about":[{"href":"https:\/\/mps.digital-monkey.in\/es\/wp-json\/wp\/v2\/types\/product"}],"replies":[{"embeddable":true,"href":"https:\/\/mps.digital-monkey.in\/es\/wp-json\/wp\/v2\/comments?post=42503"}],"wp:featuredmedia":[{"embeddable":true,"href":"https:\/\/mps.digital-monkey.in\/es\/wp-json\/wp\/v2\/media\/42504"}],"wp:attachment":[{"href":"https:\/\/mps.digital-monkey.in\/es\/wp-json\/wp\/v2\/media?parent=42503"}],"wp:term":[{"taxonomy":"product_brand","embeddable":true,"href":"https:\/\/mps.digital-monkey.in\/es\/wp-json\/wp\/v2\/product_brand?post=42503"},{"taxonomy":"product_cat","embeddable":true,"href":"https:\/\/mps.digital-monkey.in\/es\/wp-json\/wp\/v2\/product_cat?post=42503"},{"taxonomy":"product_tag","embeddable":true,"href":"https:\/\/mps.digital-monkey.in\/es\/wp-json\/wp\/v2\/product_tag?post=42503"}],"curies":[{"name":"wp","href":"https:\/\/api.w.org\/{rel}","templated":true}]}}