{"id":42519,"date":"2025-11-12T15:26:05","date_gmt":"2025-11-12T15:26:05","guid":{"rendered":"https:\/\/mps.digital-monkey.in\/product\/kit-de-servicio-yanmar-sk-marine-008-g-serie-4jh-4jh2\/"},"modified":"2025-11-21T13:11:54","modified_gmt":"2025-11-21T13:11:54","slug":"kit-de-servicio-yanmar-sk-marine-008-g-serie-4jh-4jh2","status":"publish","type":"product","link":"https:\/\/mps.digital-monkey.in\/es\/product\/kit-de-servicio-yanmar-sk-marine-008-g-serie-4jh-4jh2\/","title":{"rendered":"Kit de servicio Yanmar SK-MARINE-008-G | Serie 4JH \/ 4JH2"},"content":{"rendered":"<p data-start=\"516\" data-end=\"785\">Este <strong data-start=\"520\" data-end=\"558\">kit de servicio Yanmar SK-MARINE-008-G<\/strong> es un kit de mantenimiento completo para <strong data-start=\"603\" data-end=\"641\">motores Yanmar de las series 4JH y 4JH2<\/strong>. Este kit contiene todos los componentes esenciales para el mantenimiento rutinario, garantizando un rendimiento \u00f3ptimo, fiabilidad y longevidad.<\/p>\n<p data-start=\"787\" data-end=\"812\"><strong data-start=\"787\" data-end=\"810\">Motores compatibles:<\/strong><\/p>\n<ul data-start=\"813\" data-end=\"888\">\n<li data-start=\"813\" data-end=\"848\">\n<p data-start=\"815\" data-end=\"848\">4JH-E, 4JH-TE, 4JH-HTE, 4JH-DTE<\/p>\n<\/li>\n<li data-start=\"849\" data-end=\"888\">\n<p data-start=\"851\" data-end=\"888\">4JH2-E, 4JH2-TE, 4JH2-HTE, 4JH2-DTE<\/p>\n<\/li>\n<\/ul>\n<p data-start=\"890\" data-end=\"909\"><strong data-start=\"890\" data-end=\"907\">El kit incluye:<\/strong><\/p>\n<ul data-start=\"910\" data-end=\"1044\">\n<li data-start=\"910\" data-end=\"942\">\n<p data-start=\"912\" data-end=\"942\">1\u00d7 Filtro de aceite &#8211; 129150-35170 (recambio)<\/p>\n<\/li>\n<li data-start=\"943\" data-end=\"976\">\n<p data-start=\"945\" data-end=\"976\">1\u00d7 Filtro de combustible &#8211; 129470-55810 (recambio)<\/p>\n<\/li>\n<li data-start=\"977\" data-end=\"1007\">\n<p data-start=\"979\" data-end=\"1007\">1\u00d7 Impeller &#8211; 129470-42532 (recambio)<\/p>\n<\/li>\n<li data-start=\"1008\" data-end=\"1044\">\n<p data-start=\"1010\" data-end=\"1044\">1\u00d7 Junta t\u00f3rica 1AS60.0 &#8211; 24341-000600 (recambio)<\/p>\n<\/li>\n<\/ul>\n<p data-start=\"1046\" data-end=\"1065\"><strong data-start=\"1046\" data-end=\"1063\">Caracter\u00edsticas principales:<\/strong><\/p>\n<ul data-start=\"1066\" data-end=\"1324\">\n<li data-start=\"1066\" data-end=\"1126\">\n<p data-start=\"1068\" data-end=\"1126\">Kit completo de recambio para motores Yanmar 4JH y 4JH2<\/p>\n<\/li>\n<li data-start=\"1127\" data-end=\"1206\">\n<p data-start=\"1129\" data-end=\"1206\">Garantiza una lubricaci\u00f3n adecuada, la filtraci\u00f3n del combustible y el funcionamiento del sistema de refrigeraci\u00f3n<\/p>\n<\/li>\n<li data-start=\"1207\" data-end=\"1261\">\n<p data-start=\"1209\" data-end=\"1261\">Se incluyen todas las piezas necesarias para facilitar la instalaci\u00f3n<\/p>\n<\/li>\n<li data-start=\"1262\" data-end=\"1324\">\n<p data-start=\"1264\" data-end=\"1324\">Componentes de recambio de alta calidad para un funcionamiento fiable<\/p>\n<\/li>\n<\/ul>\n<p data-start=\"1326\" data-end=\"1536\"><strong data-start=\"1326\" data-end=\"1350\">Por qu\u00e9 elegir este kit:<\/strong><br data-start=\"1350\" data-end=\"1353\">El kit SK-MARINE-008-G es una c\u00f3moda soluci\u00f3n \u00abtodo en uno\u00bb para el mantenimiento de tus <strong data-start=\"1435\" data-end=\"1466\">motores Yanmar 4JH y 4JH2<\/strong>, manteni\u00e9ndolos en funcionamiento de forma eficiente y prolongando su vida \u00fatil.<\/p>\n","protected":false},"excerpt":{"rendered":"<p>Este kit de servicio Yanmar SK-MARINE-008-G es un kit de mantenimiento completo para motores Yanmar de las series 4JH y 4JH2. Este kit contiene todos los componentes esenciales para el mantenimiento rutinario, garantizando un rendimiento \u00f3ptimo, fiabilidad y longevidad. Motores compatibles: 4JH-E, 4JH-TE, 4JH-HTE, 4JH-DTE 4JH2-E, 4JH2-TE, 4JH2-HTE, 4JH2-DTE El kit incluye: 1\u00d7 Filtro de [&hellip;]<\/p>\n","protected":false},"featured_media":42520,"comment_status":"open","ping_status":"closed","template":"","meta":[],"product_brand":[4235],"product_cat":[3201,4535,2497,4534,4448],"product_tag":[],"class_list":{"0":"post-42519","1":"product","2":"type-product","3":"status-publish","4":"has-post-thumbnail","6":"product_brand-yanmar","7":"product_cat-kits-de-servicio","8":"product_cat-kits-de-servicio-yanmar","9":"product_cat-piezas-de-mantenimiento-del-motor","10":"product_cat-piezas-de-servicio-yanmar","11":"product_cat-yanmar","12":"pa_condition-nuevo","13":"pa_model-4jh","14":"pa_model-4jh-dte","15":"pa_model-4jh-e","16":"pa_model-4jh-hte","17":"pa_model-4jh-te","18":"pa_model-4jh2","19":"pa_model-4jh2dte","20":"pa_model-4jh2e","21":"pa_model-4jh2hte","22":"pa_oem-or-aftermarket-posventa","24":"first","25":"instock","26":"taxable","27":"shipping-taxable","28":"purchasable","29":"product-type-simple"},"supplier_id":7294,"supplier_sku":"RECSKMARINE008G","barcode":null,"atum_controlled":true,"out_stock_date":null,"out_stock_threshold":null,"inheritable":false,"inbound_stock":0,"stock_on_hold":0,"sold_today":0,"sales_last_days":0,"reserved_stock":0,"customer_returns":0,"warehouse_damage":0,"lost_in_post":0,"other_logs":0,"out_stock_days":0,"lost_sales":0,"has_location":false,"update_date":"2025-12-18T10:39:49","atum_locations":[],"atum_stock_status":"instock","restock_status":false,"low_stock_amount":1,"sales_update_date":"2025-12-18T10:39:49","calc_backorders":null,"_links":{"self":[{"href":"https:\/\/mps.digital-monkey.in\/es\/wp-json\/wp\/v2\/product\/42519","targetHints":{"allow":["GET"]}}],"collection":[{"href":"https:\/\/mps.digital-monkey.in\/es\/wp-json\/wp\/v2\/product"}],"about":[{"href":"https:\/\/mps.digital-monkey.in\/es\/wp-json\/wp\/v2\/types\/product"}],"replies":[{"embeddable":true,"href":"https:\/\/mps.digital-monkey.in\/es\/wp-json\/wp\/v2\/comments?post=42519"}],"wp:featuredmedia":[{"embeddable":true,"href":"https:\/\/mps.digital-monkey.in\/es\/wp-json\/wp\/v2\/media\/42520"}],"wp:attachment":[{"href":"https:\/\/mps.digital-monkey.in\/es\/wp-json\/wp\/v2\/media?parent=42519"}],"wp:term":[{"taxonomy":"product_brand","embeddable":true,"href":"https:\/\/mps.digital-monkey.in\/es\/wp-json\/wp\/v2\/product_brand?post=42519"},{"taxonomy":"product_cat","embeddable":true,"href":"https:\/\/mps.digital-monkey.in\/es\/wp-json\/wp\/v2\/product_cat?post=42519"},{"taxonomy":"product_tag","embeddable":true,"href":"https:\/\/mps.digital-monkey.in\/es\/wp-json\/wp\/v2\/product_tag?post=42519"}],"curies":[{"name":"wp","href":"https:\/\/api.w.org\/{rel}","templated":true}]}}