{"id":42530,"date":"2025-11-13T08:21:46","date_gmt":"2025-11-13T08:21:46","guid":{"rendered":"https:\/\/mps.digital-monkey.in\/product\/yanmar-kit-de-servicio-sk-marine-003-g-2gmf-2gm20f-3gmf-3gm30f\/"},"modified":"2025-11-21T13:10:14","modified_gmt":"2025-11-21T13:10:14","slug":"yanmar-kit-de-servicio-sk-marine-003-g-2gmf-2gm20f-3gmf-3gm30f","status":"publish","type":"product","link":"https:\/\/mps.digital-monkey.in\/es\/product\/yanmar-kit-de-servicio-sk-marine-003-g-2gmf-2gm20f-3gmf-3gm30f\/","title":{"rendered":"Yanmar Kit de servicio SK-MARINE-003-G | 2GMF \/ 2GM20F \/ 3GMF \/ 3GM30F"},"content":{"rendered":"<p data-start=\"586\" data-end=\"877\">El <strong data-start=\"590\" data-end=\"628\">kit de servicio Yanmar SK-MARINE-003-G<\/strong> ofrece un juego completo de piezas esenciales para realizar el mantenimiento peri\u00f3dico de tu <strong data-start=\"713\" data-end=\"760\">motor Yanmar 2GMF, 2GM20F, 3GMF o 3GM30F<\/strong>. Este kit todo en uno te permite realizar el mantenimiento de tu motor de forma eficaz y econ\u00f3mica, manteni\u00e9ndolo en condiciones \u00f3ptimas.<\/p>\n<p data-start=\"879\" data-end=\"904\"><strong data-start=\"879\" data-end=\"902\">Motores compatibles:<\/strong><\/p>\n<ul data-start=\"905\" data-end=\"980\">\n<li data-start=\"905\" data-end=\"920\">\n<p data-start=\"907\" data-end=\"920\">Yanmar 2GMF<\/p>\n<\/li>\n<li data-start=\"921\" data-end=\"938\">\n<p data-start=\"923\" data-end=\"938\">Yanmar 2GM20F<\/p>\n<\/li>\n<li data-start=\"939\" data-end=\"962\">\n<p data-start=\"941\" data-end=\"962\">Yanmar 3GMF \/ 3GMDF<\/p>\n<\/li>\n<li data-start=\"963\" data-end=\"980\">\n<p data-start=\"965\" data-end=\"980\">Yanmar 3GM30F<\/p>\n<\/li>\n<\/ul>\n<p data-start=\"982\" data-end=\"1001\"><strong data-start=\"982\" data-end=\"999\">El kit incluye:<\/strong><\/p>\n<ul data-start=\"1002\" data-end=\"1180\">\n<li data-start=\"1002\" data-end=\"1034\">\n<p data-start=\"1004\" data-end=\"1034\">1\u00d7 Filtro de aceite &#8211; 119305-35151 (recambio)<\/p>\n<\/li>\n<li data-start=\"1035\" data-end=\"1068\">\n<p data-start=\"1037\" data-end=\"1068\">1\u00d7 Filtro de combustible &#8211; 104500-55710 (recambio)<\/p>\n<\/li>\n<li data-start=\"1069\" data-end=\"1109\">\n<p data-start=\"1071\" data-end=\"1109\">1\u00d7 Junta t\u00f3rica del filtro de combustible &#8211; 24341-000440 (recambio)<\/p>\n<\/li>\n<li data-start=\"1110\" data-end=\"1149\">\n<p data-start=\"1112\" data-end=\"1149\">1\u00d7 Junta de la bomba de agua &#8211; 124223-42110 (recambio)<\/p>\n<\/li>\n<li data-start=\"1150\" data-end=\"1180\">\n<p data-start=\"1152\" data-end=\"1180\">1\u00d7 Impeller &#8211; 124223-42092 (recambio)<\/p>\n<\/li>\n<\/ul>\n<p data-start=\"1182\" data-end=\"1201\"><strong data-start=\"1182\" data-end=\"1199\">Caracter\u00edsticas principales:<\/strong><\/p>\n<ul data-start=\"1202\" data-end=\"1551\">\n<li data-start=\"1202\" data-end=\"1276\">\n<p data-start=\"1204\" data-end=\"1276\">Kit completo de servicio de repuesto para motores Yanmar de las series 2GM y 3GM<\/p>\n<\/li>\n<li data-start=\"1277\" data-end=\"1353\">\n<p data-start=\"1279\" data-end=\"1353\">Garantiza un rendimiento fiable de la lubricaci\u00f3n, la filtraci\u00f3n y el sistema de refrigeraci\u00f3n<\/p>\n<\/li>\n<li data-start=\"1354\" data-end=\"1420\">\n<p data-start=\"1356\" data-end=\"1420\">Incluye todas las juntas y retenes necesarios para facilitar la instalaci\u00f3n<\/p>\n<\/li>\n<li data-start=\"1421\" data-end=\"1497\">\n<p data-start=\"1423\" data-end=\"1497\">Componentes de recambio de alta calidad dise\u00f1ados para una protecci\u00f3n duradera<\/p>\n<\/li>\n<li data-start=\"1498\" data-end=\"1551\">\n<p data-start=\"1500\" data-end=\"1551\">Ideal para revisiones rutinarias o mantenimiento anual<\/p>\n<\/li>\n<\/ul>\n<p data-start=\"1553\" data-end=\"1744\"><strong data-start=\"1553\" data-end=\"1577\">Por qu\u00e9 elegir este kit:<\/strong><br data-start=\"1577\" data-end=\"1580\">Este <strong data-start=\"1585\" data-end=\"1616\">kit de servicio SK-MARINE-003-G<\/strong> proporciona una forma econ\u00f3mica y c\u00f3moda de mantener tu motor Yanmar, garantizando un funcionamiento suave y una mayor vida \u00fatil del motor.<\/p>\n","protected":false},"excerpt":{"rendered":"<p>El kit de servicio Yanmar SK-MARINE-003-G ofrece un juego completo de piezas esenciales para realizar el mantenimiento peri\u00f3dico de tu motor Yanmar 2GMF, 2GM20F, 3GMF o 3GM30F. Este kit todo en uno te permite realizar el mantenimiento de tu motor de forma eficaz y econ\u00f3mica, manteni\u00e9ndolo en condiciones \u00f3ptimas. Motores compatibles: Yanmar 2GMF Yanmar 2GM20F [&hellip;]<\/p>\n","protected":false},"featured_media":42531,"comment_status":"open","ping_status":"closed","template":"","meta":[],"product_brand":[4235],"product_cat":[3201,4535,4450,4451,2497,4534,4448],"product_tag":[],"class_list":{"0":"post-42530","1":"product","2":"type-product","3":"status-publish","4":"has-post-thumbnail","6":"product_brand-yanmar","7":"product_cat-kits-de-servicio","8":"product_cat-kits-de-servicio-yanmar","9":"product_cat-piezas-2gm-2gm20","10":"product_cat-piezas-3gm-3gm30","11":"product_cat-piezas-de-mantenimiento-del-motor","12":"product_cat-piezas-de-servicio-yanmar","13":"product_cat-yanmar","14":"pa_condition-nuevo","15":"pa_model-2gmf","16":"pa_model-2gm20f","18":"pa_model-3gm30f","19":"pa_model-3gmf","20":"pa_oem-or-aftermarket-posventa","22":"first","23":"instock","24":"taxable","25":"shipping-taxable","26":"purchasable","27":"product-type-simple"},"supplier_id":7294,"supplier_sku":"RECSKMARINE003G","barcode":null,"atum_controlled":true,"out_stock_date":null,"out_stock_threshold":null,"inheritable":false,"inbound_stock":0,"stock_on_hold":0,"sold_today":0,"sales_last_days":0,"reserved_stock":0,"customer_returns":0,"warehouse_damage":0,"lost_in_post":0,"other_logs":0,"out_stock_days":0,"lost_sales":0,"has_location":false,"update_date":"2025-12-18T10:39:49","atum_locations":[],"atum_stock_status":"instock","restock_status":false,"low_stock_amount":1,"sales_update_date":"2025-12-18T10:39:49","calc_backorders":null,"_links":{"self":[{"href":"https:\/\/mps.digital-monkey.in\/es\/wp-json\/wp\/v2\/product\/42530","targetHints":{"allow":["GET"]}}],"collection":[{"href":"https:\/\/mps.digital-monkey.in\/es\/wp-json\/wp\/v2\/product"}],"about":[{"href":"https:\/\/mps.digital-monkey.in\/es\/wp-json\/wp\/v2\/types\/product"}],"replies":[{"embeddable":true,"href":"https:\/\/mps.digital-monkey.in\/es\/wp-json\/wp\/v2\/comments?post=42530"}],"wp:featuredmedia":[{"embeddable":true,"href":"https:\/\/mps.digital-monkey.in\/es\/wp-json\/wp\/v2\/media\/42531"}],"wp:attachment":[{"href":"https:\/\/mps.digital-monkey.in\/es\/wp-json\/wp\/v2\/media?parent=42530"}],"wp:term":[{"taxonomy":"product_brand","embeddable":true,"href":"https:\/\/mps.digital-monkey.in\/es\/wp-json\/wp\/v2\/product_brand?post=42530"},{"taxonomy":"product_cat","embeddable":true,"href":"https:\/\/mps.digital-monkey.in\/es\/wp-json\/wp\/v2\/product_cat?post=42530"},{"taxonomy":"product_tag","embeddable":true,"href":"https:\/\/mps.digital-monkey.in\/es\/wp-json\/wp\/v2\/product_tag?post=42530"}],"curies":[{"name":"wp","href":"https:\/\/api.w.org\/{rel}","templated":true}]}}