{"id":42557,"date":"2025-11-13T09:10:25","date_gmt":"2025-11-13T09:10:25","guid":{"rendered":"https:\/\/mps.digital-monkey.in\/product\/kit-de-servicio-yanmar-sk-marine-011-g-serie-4jh3-4jh4-turbo\/"},"modified":"2025-11-21T13:10:16","modified_gmt":"2025-11-21T13:10:16","slug":"kit-de-servicio-yanmar-sk-marine-011-g-serie-4jh3-4jh4-turbo","status":"publish","type":"product","link":"https:\/\/mps.digital-monkey.in\/es\/product\/kit-de-servicio-yanmar-sk-marine-011-g-serie-4jh3-4jh4-turbo\/","title":{"rendered":"Kit de servicio Yanmar SK-MARINE-011-G | Serie 4JH3 \/ 4JH4 (Turbo)"},"content":{"rendered":"<p data-start=\"558\" data-end=\"866\">El <strong data-start=\"562\" data-end=\"600\">Kit de Servicio Yanmar SK-MARINE-011-G<\/strong> est\u00e1 dise\u00f1ado para <strong data-start=\"621\" data-end=\"665\">las series de motores turbo Yanmar 4JH3 y 4JH4<\/strong>, y proporciona todos los componentes esenciales necesarios para un servicio de mantenimiento completo y eficaz. Este kit garantiza que tu motor funcione con fiabilidad y permanezca bien protegido contra el desgaste y la corrosi\u00f3n.<\/p>\n<p data-start=\"868\" data-end=\"887\"><strong data-start=\"868\" data-end=\"885\">Adecuado para:<\/strong><\/p>\n<ul data-start=\"888\" data-end=\"945\">\n<li data-start=\"888\" data-end=\"916\">\n<p data-start=\"890\" data-end=\"916\">Yanmar serie 4JH3 Turbo<\/p>\n<\/li>\n<li data-start=\"917\" data-end=\"945\">\n<p data-start=\"919\" data-end=\"945\">Yanmar serie 4JH4 Turbo<\/p>\n<\/li>\n<\/ul>\n<p data-start=\"947\" data-end=\"966\"><strong data-start=\"947\" data-end=\"964\">El kit incluye:<\/strong><\/p>\n<ul data-start=\"967\" data-end=\"1047\">\n<li data-start=\"967\" data-end=\"981\">\n<p data-start=\"969\" data-end=\"981\">Filtro de aceite<\/p>\n<\/li>\n<li data-start=\"982\" data-end=\"997\">\n<p data-start=\"984\" data-end=\"997\">Filtro de combustible<\/p>\n<\/li>\n<li data-start=\"998\" data-end=\"1047\">\n<p data-start=\"1000\" data-end=\"1047\">Kit de impulsores (incluye junta)<\/p>\n<\/li>\n<\/ul>\n<p data-start=\"1049\" data-end=\"1072\"><strong data-start=\"1049\" data-end=\"1070\">Kits alternativos:<\/strong><\/p>\n<ul data-start=\"1073\" data-end=\"1180\">\n<li data-start=\"1073\" data-end=\"1126\">\n<p data-start=\"1075\" data-end=\"1126\">Para <strong data-start=\"1079\" data-end=\"1096\">4JH3E y 4JH4E<\/strong>, pide: <strong data-start=\"1105\" data-end=\"1124\">SK-MARINE-010-G<\/strong><\/p>\n<\/li>\n<li data-start=\"1127\" data-end=\"1180\">\n<p data-start=\"1129\" data-end=\"1180\">Para <strong data-start=\"1133\" data-end=\"1150\">4JH4AE y 4JH5<\/strong>, pide: <strong data-start=\"1159\" data-end=\"1178\">SK-MARINE-012-G<\/strong><\/p>\n<\/li>\n<\/ul>\n<p data-start=\"1182\" data-end=\"1205\"><strong data-start=\"1182\" data-end=\"1203\">Complementos opcionales:<\/strong><\/p>\n<ul data-start=\"1206\" data-end=\"1285\">\n<li data-start=\"1206\" data-end=\"1220\">\n<p data-start=\"1208\" data-end=\"1220\">Filtro de aire<\/p>\n<\/li>\n<li data-start=\"1221\" data-end=\"1243\">\n<p data-start=\"1223\" data-end=\"1243\">Cintur\u00f3n o Multicintur\u00f3n<\/p>\n<\/li>\n<li data-start=\"1244\" data-end=\"1285\">\n<p data-start=\"1246\" data-end=\"1285\">Aceite de motor y caja de cambios o Saildrive<\/p>\n<\/li>\n<\/ul>\n<p data-start=\"1287\" data-end=\"1306\"><strong data-start=\"1287\" data-end=\"1304\">Caracter\u00edsticas principales:<\/strong><\/p>\n<ul data-start=\"1307\" data-end=\"1625\">\n<li data-start=\"1307\" data-end=\"1374\">\n<p data-start=\"1309\" data-end=\"1374\">Kit completo de recambio para motores turbo Yanmar 4JH3 y 4JH4<\/p>\n<\/li>\n<li data-start=\"1375\" data-end=\"1444\">\n<p data-start=\"1377\" data-end=\"1444\">Incluye todas las piezas de servicio primarias para un mantenimiento \u00f3ptimo del motor<\/p>\n<\/li>\n<li data-start=\"1445\" data-end=\"1521\">\n<p data-start=\"1447\" data-end=\"1521\">Garantiza un rendimiento fiable de la lubricaci\u00f3n, la filtraci\u00f3n y el sistema de refrigeraci\u00f3n<\/p>\n<\/li>\n<li data-start=\"1522\" data-end=\"1581\">\n<p data-start=\"1524\" data-end=\"1581\">Componentes de recambio de calidad para un funcionamiento fiable<\/p>\n<\/li>\n<li data-start=\"1582\" data-end=\"1625\">\n<p data-start=\"1584\" data-end=\"1625\">Ideal para revisiones anuales o programadas<\/p>\n<\/li>\n<\/ul>\n<p data-start=\"1627\" data-end=\"1875\"><strong data-start=\"1627\" data-end=\"1651\">Por qu\u00e9 elegir este kit:<\/strong><br data-start=\"1651\" data-end=\"1654\">El <strong data-start=\"1658\" data-end=\"1689\">kit de servicio SK-MARINE-011-G<\/strong> simplifica el mantenimiento al combinar todas las piezas de recambio esenciales Yanmar en un solo paquete. Dise\u00f1ado para la gama turbo 4JH, ayuda a mantener el m\u00e1ximo rendimiento y longevidad del motor.<\/p>\n","protected":false},"excerpt":{"rendered":"<p>El Kit de Servicio Yanmar SK-MARINE-011-G est\u00e1 dise\u00f1ado para las series de motores turbo Yanmar 4JH3 y 4JH4, y proporciona todos los componentes esenciales necesarios para un servicio de mantenimiento completo y eficaz. Este kit garantiza que tu motor funcione con fiabilidad y permanezca bien protegido contra el desgaste y la corrosi\u00f3n. Adecuado para: Yanmar [&hellip;]<\/p>\n","protected":false},"featured_media":42558,"comment_status":"open","ping_status":"closed","template":"","meta":[],"product_brand":[4235],"product_cat":[3201,4535,2497,4534,4448],"product_tag":[],"class_list":{"0":"post-42557","1":"product","2":"type-product","3":"status-publish","4":"has-post-thumbnail","6":"product_brand-yanmar","7":"product_cat-kits-de-servicio","8":"product_cat-kits-de-servicio-yanmar","9":"product_cat-piezas-de-mantenimiento-del-motor","10":"product_cat-piezas-de-servicio-yanmar","11":"product_cat-yanmar","12":"pa_condition-nuevo","13":"pa_model-4jh3","14":"pa_model-4jh3-dte","15":"pa_model-4jh3-hte","16":"pa_model-4jh3-te","17":"pa_model-4jh3dte","18":"pa_model-4jh3hte","19":"pa_model-4jh4","20":"pa_model-4jh4-hte","21":"pa_model-4jh4-te","22":"pa_oem-or-aftermarket-posventa","24":"first","25":"instock","26":"taxable","27":"shipping-taxable","28":"purchasable","29":"product-type-simple"},"supplier_id":7294,"supplier_sku":"RECSKMARINE011G","barcode":null,"atum_controlled":true,"out_stock_date":null,"out_stock_threshold":null,"inheritable":false,"inbound_stock":0,"stock_on_hold":0,"sold_today":0,"sales_last_days":0,"reserved_stock":0,"customer_returns":0,"warehouse_damage":0,"lost_in_post":0,"other_logs":0,"out_stock_days":0,"lost_sales":0,"has_location":false,"update_date":"2025-12-18T10:39:49","atum_locations":[],"atum_stock_status":"instock","restock_status":false,"low_stock_amount":1,"sales_update_date":"2025-12-18T10:39:49","calc_backorders":null,"_links":{"self":[{"href":"https:\/\/mps.digital-monkey.in\/es\/wp-json\/wp\/v2\/product\/42557","targetHints":{"allow":["GET"]}}],"collection":[{"href":"https:\/\/mps.digital-monkey.in\/es\/wp-json\/wp\/v2\/product"}],"about":[{"href":"https:\/\/mps.digital-monkey.in\/es\/wp-json\/wp\/v2\/types\/product"}],"replies":[{"embeddable":true,"href":"https:\/\/mps.digital-monkey.in\/es\/wp-json\/wp\/v2\/comments?post=42557"}],"wp:featuredmedia":[{"embeddable":true,"href":"https:\/\/mps.digital-monkey.in\/es\/wp-json\/wp\/v2\/media\/42558"}],"wp:attachment":[{"href":"https:\/\/mps.digital-monkey.in\/es\/wp-json\/wp\/v2\/media?parent=42557"}],"wp:term":[{"taxonomy":"product_brand","embeddable":true,"href":"https:\/\/mps.digital-monkey.in\/es\/wp-json\/wp\/v2\/product_brand?post=42557"},{"taxonomy":"product_cat","embeddable":true,"href":"https:\/\/mps.digital-monkey.in\/es\/wp-json\/wp\/v2\/product_cat?post=42557"},{"taxonomy":"product_tag","embeddable":true,"href":"https:\/\/mps.digital-monkey.in\/es\/wp-json\/wp\/v2\/product_tag?post=42557"}],"curies":[{"name":"wp","href":"https:\/\/api.w.org\/{rel}","templated":true}]}}