{"id":42573,"date":"2025-11-13T10:25:21","date_gmt":"2025-11-13T10:25:21","guid":{"rendered":"https:\/\/mps.digital-monkey.in\/product\/kit-de-servicio-yanmar-sk-marine-010-g-serie-4jh3e-4jh4e-sin-turbo\/"},"modified":"2025-11-21T13:10:32","modified_gmt":"2025-11-21T13:10:32","slug":"kit-de-servicio-yanmar-sk-marine-010-g-serie-4jh3e-4jh4e-sin-turbo","status":"publish","type":"product","link":"https:\/\/mps.digital-monkey.in\/es\/producto\/kit-de-servicio-yanmar-sk-marine-010-g-serie-4jh3e-4jh4e-sin-turbo\/","title":{"rendered":"Kit de servicio Yanmar SK-MARINE-010-G | Serie 4JH3E \/ 4JH4E sin turbo"},"content":{"rendered":"<p data-start=\"592\" data-end=\"866\">El <strong data-start=\"596\" data-end=\"634\">kit de servicio Yanmar SK-MARINE-010-G<\/strong> proporciona todos los componentes esenciales para el mantenimiento de <strong data-start=\"683\" data-end=\"727\">los motores Yanmar 4JH3E y 4JH4E no turbo<\/strong>. Este pr\u00e1ctico kit \"todo en uno\" incluye filtros de alta calidad y un kit de impellers para mantener tu motor funcionando de forma fiable y eficiente.<\/p>\n<p data-start=\"868\" data-end=\"887\"><strong data-start=\"868\" data-end=\"885\">Adecuado para:<\/strong><\/p>\n<ul data-start=\"888\" data-end=\"921\">\n<li data-start=\"888\" data-end=\"904\">\n<p data-start=\"890\" data-end=\"904\">Yanmar 4JH3E<\/p>\n<\/li>\n<li data-start=\"905\" data-end=\"921\">\n<p data-start=\"907\" data-end=\"921\">Yanmar 4JH4E<\/p>\n<\/li>\n<\/ul>\n<p data-start=\"923\" data-end=\"942\"><strong data-start=\"923\" data-end=\"940\">El kit incluye:<\/strong><\/p>\n<ul data-start=\"943\" data-end=\"1023\">\n<li data-start=\"943\" data-end=\"957\">\n<p data-start=\"945\" data-end=\"957\">Filtro de aceite<\/p>\n<\/li>\n<li data-start=\"958\" data-end=\"973\">\n<p data-start=\"960\" data-end=\"973\">Filtro de combustible<\/p>\n<\/li>\n<li data-start=\"974\" data-end=\"1023\">\n<p data-start=\"976\" data-end=\"1023\">Kit de impulsores (incluye junta y lubricante)<\/p>\n<\/li>\n<\/ul>\n<p data-start=\"1025\" data-end=\"1048\"><strong data-start=\"1025\" data-end=\"1046\">Complementos opcionales:<\/strong><\/p>\n<ul data-start=\"1049\" data-end=\"1115\">\n<li data-start=\"1049\" data-end=\"1073\">\n<p data-start=\"1051\" data-end=\"1073\">Correa trapezoidal o correa m\u00faltiple<\/p>\n<\/li>\n<li data-start=\"1074\" data-end=\"1115\">\n<p data-start=\"1076\" data-end=\"1115\">Aceite de motor y caja de cambios o Saildrive<\/p>\n<\/li>\n<\/ul>\n<p data-start=\"1117\" data-end=\"1136\"><strong data-start=\"1117\" data-end=\"1134\">Caracter\u00edsticas principales:<\/strong><\/p>\n<ul data-start=\"1137\" data-end=\"1445\">\n<li data-start=\"1137\" data-end=\"1200\">\n<p data-start=\"1139\" data-end=\"1200\">Kit completo de recambio para motores Yanmar 4JH3E y 4JH4E<\/p>\n<\/li>\n<li data-start=\"1201\" data-end=\"1276\">\n<p data-start=\"1203\" data-end=\"1276\">Garantiza un rendimiento \u00f3ptimo de la lubricaci\u00f3n, la filtraci\u00f3n y el sistema de refrigeraci\u00f3n<\/p>\n<\/li>\n<li data-start=\"1277\" data-end=\"1341\">\n<p data-start=\"1279\" data-end=\"1341\">Componentes de recambio de alta calidad para un funcionamiento fiable<\/p>\n<\/li>\n<li data-start=\"1342\" data-end=\"1399\">\n<p data-start=\"1344\" data-end=\"1399\">Todas las piezas de mantenimiento primario c\u00f3modamente en un solo paquete<\/p>\n<\/li>\n<li data-start=\"1400\" data-end=\"1445\">\n<p data-start=\"1402\" data-end=\"1445\">Ideal para el mantenimiento anual o programado<\/p>\n<\/li>\n<\/ul>\n<p data-start=\"1447\" data-end=\"1725\"><strong data-start=\"1447\" data-end=\"1471\">Por qu\u00e9 elegir este kit:<\/strong><br data-start=\"1471\" data-end=\"1474\">El <strong data-start=\"1478\" data-end=\"1509\">kit de servicio SK-MARINE-010-G<\/strong> ofrece una forma sencilla y rentable de realizar el mantenimiento peri\u00f3dico de tu motor Yanmar 4JH no turbo. Con todos los componentes esenciales incluidos, ayuda a prolongar la vida del motor y a mantener un rendimiento fiable.<\/p>\n<h3 data-start=\"1732\" data-end=\"1758\"><\/h3>\n","protected":false},"excerpt":{"rendered":"<p>El kit de servicio Yanmar SK-MARINE-010-G proporciona todos los componentes esenciales para el mantenimiento de los motores Yanmar 4JH3E y 4JH4E no turbo. Este pr\u00e1ctico kit \"todo en uno\" incluye filtros de alta calidad y un kit de impellers para mantener tu motor funcionando de forma fiable y eficiente. Adecuado para: Yanmar 4JH3E Yanmar 4JH4E [&hellip;]<\/p>\n","protected":false},"featured_media":42574,"comment_status":"open","ping_status":"closed","template":"","meta":[],"product_brand":[4235],"product_cat":[3201,4535,2497,4534,4448],"product_tag":[],"class_list":{"0":"post-42573","1":"product","2":"type-product","3":"status-publish","4":"has-post-thumbnail","6":"product_brand-yanmar","7":"product_cat-kits-de-servicio","8":"product_cat-kits-de-servicio-yanmar","9":"product_cat-piezas-de-mantenimiento-del-motor","10":"product_cat-piezas-de-servicio-yanmar","11":"product_cat-yanmar","12":"pa_condition-nuevo","13":"pa_model-4jh3-e","14":"pa_model-4jh3e","15":"pa_model-4jh4","16":"pa_model-4jh4-e","17":"pa_oem-or-aftermarket-posventa","19":"first","20":"instock","21":"taxable","22":"shipping-taxable","23":"purchasable","24":"product-type-simple"},"supplier_id":7294,"supplier_sku":"RECSKMARINE010G","barcode":null,"atum_controlled":true,"out_stock_date":null,"out_stock_threshold":null,"inheritable":false,"inbound_stock":0,"stock_on_hold":0,"sold_today":0,"sales_last_days":0,"reserved_stock":0,"customer_returns":0,"warehouse_damage":0,"lost_in_post":0,"other_logs":0,"out_stock_days":0,"lost_sales":0,"has_location":false,"update_date":"2026-01-29T09:11:18","atum_locations":[],"atum_stock_status":"instock","restock_status":false,"low_stock_amount":1,"sales_update_date":"2026-01-29T09:11:18","calc_backorders":null,"_links":{"self":[{"href":"https:\/\/mps.digital-monkey.in\/es\/wp-json\/wp\/v2\/product\/42573","targetHints":{"allow":["GET"]}}],"collection":[{"href":"https:\/\/mps.digital-monkey.in\/es\/wp-json\/wp\/v2\/product"}],"about":[{"href":"https:\/\/mps.digital-monkey.in\/es\/wp-json\/wp\/v2\/types\/product"}],"replies":[{"embeddable":true,"href":"https:\/\/mps.digital-monkey.in\/es\/wp-json\/wp\/v2\/comments?post=42573"}],"wp:featuredmedia":[{"embeddable":true,"href":"https:\/\/mps.digital-monkey.in\/es\/wp-json\/wp\/v2\/media\/42574"}],"wp:attachment":[{"href":"https:\/\/mps.digital-monkey.in\/es\/wp-json\/wp\/v2\/media?parent=42573"}],"wp:term":[{"taxonomy":"product_brand","embeddable":true,"href":"https:\/\/mps.digital-monkey.in\/es\/wp-json\/wp\/v2\/product_brand?post=42573"},{"taxonomy":"product_cat","embeddable":true,"href":"https:\/\/mps.digital-monkey.in\/es\/wp-json\/wp\/v2\/product_cat?post=42573"},{"taxonomy":"product_tag","embeddable":true,"href":"https:\/\/mps.digital-monkey.in\/es\/wp-json\/wp\/v2\/product_tag?post=42573"}],"curies":[{"name":"wp","href":"https:\/\/api.w.org\/{rel}","templated":true}]}}