{"id":42612,"date":"2025-11-14T08:42:34","date_gmt":"2025-11-14T08:42:34","guid":{"rendered":"https:\/\/mps.digital-monkey.in\/product\/kit-anodo-volvo-penta-290-c-duo-prop-zinc-completo-con-herrajes-de-montaje\/"},"modified":"2025-12-18T10:43:05","modified_gmt":"2025-12-18T10:43:05","slug":"kit-anodo-volvo-penta-290-c-duo-prop-zinc-completo-con-herrajes-de-montaje","status":"publish","type":"product","link":"https:\/\/mps.digital-monkey.in\/es\/product\/kit-anodo-volvo-penta-290-c-duo-prop-zinc-completo-con-herrajes-de-montaje\/","title":{"rendered":"Kit \u00e1nodo Volvo Penta 290-C Duo Prop &#8211; Zinc | Completo con herrajes de montaje"},"content":{"rendered":"<p data-start=\"545\" data-end=\"827\">El <strong data-start=\"549\" data-end=\"596\">Kit de \u00e1nodos Volvo P<\/strong> enta <strong data-start=\"549\" data-end=\"596\">290-C<\/strong> <strong data-start=\"656\" data-end=\"674\">Duo<\/strong> <strong data-start=\"549\" data-end=\"596\">Prop &#8211; Zinc<\/strong> proporciona una protecci\u00f3n completa contra la corrosi\u00f3n para la serie de propulsores de popa Volvo Penta <strong data-start=\"656\" data-end=\"674\">290-C Duo Prop<\/strong>. Este kit incluye todos los \u00e1nodos de zinc necesarios junto con la torniller\u00eda de montaje correcta, lo que hace que la instalaci\u00f3n sea r\u00e1pida y sencilla. <\/p>\n<p data-start=\"829\" data-end=\"1039\">Los \u00e1nodos de zinc son la opci\u00f3n preferida para los barcos que operan en <strong data-start=\"891\" data-end=\"904\">agua salada<\/strong>, ya que ofrecen una protecci\u00f3n fuerte y fiable contra la corrosi\u00f3n galv\u00e1nica en la transmisi\u00f3n, las h\u00e9lices y otros componentes met\u00e1licos sumergidos.<\/p>\n<p data-start=\"1041\" data-end=\"1060\"><strong data-start=\"1041\" data-end=\"1058\">Adecuado para:<\/strong><\/p>\n<ul data-start=\"1061\" data-end=\"1103\">\n<li data-start=\"1061\" data-end=\"1103\">\n<p data-start=\"1063\" data-end=\"1103\">Propulsores de popa Volvo Penta 290-C Duo Prop<\/p>\n<\/li>\n<\/ul>\n<p data-start=\"1105\" data-end=\"1120\"><strong data-start=\"1105\" data-end=\"1118\">Material:<\/strong><\/p>\n<ul data-start=\"1121\" data-end=\"1174\">\n<li data-start=\"1121\" data-end=\"1174\">\n<p data-start=\"1123\" data-end=\"1174\"><strong data-start=\"1123\" data-end=\"1131\">Zinc<\/strong> &#8211; recomendado para entornos de agua salada<\/p>\n<\/li>\n<\/ul>\n<p data-start=\"1176\" data-end=\"1195\"><strong data-start=\"1176\" data-end=\"1193\">El kit incluye:<\/strong><\/p>\n<ul data-start=\"1196\" data-end=\"1277\">\n<li data-start=\"1196\" data-end=\"1242\">\n<p data-start=\"1198\" data-end=\"1242\">Juego completo de \u00e1nodos de zinc para el puntal 290-C Duo<\/p>\n<\/li>\n<li data-start=\"1243\" data-end=\"1277\">\n<p data-start=\"1245\" data-end=\"1277\">Toda la torniller\u00eda de montaje necesaria<\/p>\n<\/li>\n<\/ul>\n<p data-start=\"1279\" data-end=\"1298\"><strong data-start=\"1279\" data-end=\"1296\">Caracter\u00edsticas principales:<\/strong><\/p>\n<ul data-start=\"1299\" data-end=\"1542\">\n<li data-start=\"1299\" data-end=\"1362\">\n<p data-start=\"1301\" data-end=\"1362\">Dise\u00f1ado espec\u00edficamente para propulsores Volvo Penta 290-C Duo Prop<\/p>\n<\/li>\n<li data-start=\"1363\" data-end=\"1407\">\n<p data-start=\"1365\" data-end=\"1407\">Excelente protecci\u00f3n contra la corrosi\u00f3n del agua salada<\/p>\n<\/li>\n<li data-start=\"1408\" data-end=\"1445\">\n<p data-start=\"1410\" data-end=\"1445\">Kit completo para una f\u00e1cil sustituci\u00f3n<\/p>\n<\/li>\n<li data-start=\"1446\" data-end=\"1509\">\n<p data-start=\"1448\" data-end=\"1509\">Ayuda a prolongar la vida \u00fatil de tu propulsor y h\u00e9lices<\/p>\n<\/li>\n<li data-start=\"1510\" data-end=\"1542\">\n<p data-start=\"1512\" data-end=\"1542\">\u00c1nodos duraderos de alta calidad<\/p>\n<\/li>\n<\/ul>\n","protected":false},"excerpt":{"rendered":"<p>El Kit de \u00e1nodos Volvo P enta 290-C Duo Prop &#8211; Zinc proporciona una protecci\u00f3n completa contra la corrosi\u00f3n para la serie de propulsores de popa Volvo Penta 290-C Duo Prop. Este kit incluye todos los \u00e1nodos de zinc necesarios junto con la torniller\u00eda de montaje correcta, lo que hace que la instalaci\u00f3n sea r\u00e1pida [&hellip;]<\/p>\n","protected":false},"featured_media":42613,"comment_status":"open","ping_status":"closed","template":"","meta":[],"product_brand":[4229],"product_cat":[4486,3182,4522,2497,4525,4302],"product_tag":[],"class_list":{"0":"post-42612","1":"product","2":"type-product","3":"status-publish","4":"has-post-thumbnail","6":"product_brand-volvo-penta","7":"product_cat-necesitas-piezas-volvo-penta","8":"product_cat-anodos","9":"product_cat-anodos-volvo-penta","10":"product_cat-piezas-de-mantenimiento-del-motor","11":"product_cat-recambios-volvo-penta","12":"product_cat-volvo-penta","13":"pa_condition-nuevo","14":"pa_oem-or-aftermarket-posventa","16":"first","17":"onbackorder","18":"sale","19":"taxable","20":"shipping-taxable","21":"purchasable","22":"product-type-simple"},"supplier_id":45614,"supplier_sku":"KITVOLVODP290-AL-C","barcode":null,"atum_controlled":true,"out_stock_date":"2025-11-21 12:41:23","out_stock_threshold":null,"inheritable":false,"inbound_stock":0,"stock_on_hold":0,"sold_today":0,"sales_last_days":0,"reserved_stock":0,"customer_returns":0,"warehouse_damage":0,"lost_in_post":0,"other_logs":0,"out_stock_days":68,"lost_sales":0,"has_location":false,"update_date":"2026-01-29T09:11:17","atum_locations":[],"atum_stock_status":"onbackorder","restock_status":false,"low_stock_amount":1,"sales_update_date":"2026-01-29T09:11:17","calc_backorders":null,"_links":{"self":[{"href":"https:\/\/mps.digital-monkey.in\/es\/wp-json\/wp\/v2\/product\/42612","targetHints":{"allow":["GET"]}}],"collection":[{"href":"https:\/\/mps.digital-monkey.in\/es\/wp-json\/wp\/v2\/product"}],"about":[{"href":"https:\/\/mps.digital-monkey.in\/es\/wp-json\/wp\/v2\/types\/product"}],"replies":[{"embeddable":true,"href":"https:\/\/mps.digital-monkey.in\/es\/wp-json\/wp\/v2\/comments?post=42612"}],"wp:featuredmedia":[{"embeddable":true,"href":"https:\/\/mps.digital-monkey.in\/es\/wp-json\/wp\/v2\/media\/42613"}],"wp:attachment":[{"href":"https:\/\/mps.digital-monkey.in\/es\/wp-json\/wp\/v2\/media?parent=42612"}],"wp:term":[{"taxonomy":"product_brand","embeddable":true,"href":"https:\/\/mps.digital-monkey.in\/es\/wp-json\/wp\/v2\/product_brand?post=42612"},{"taxonomy":"product_cat","embeddable":true,"href":"https:\/\/mps.digital-monkey.in\/es\/wp-json\/wp\/v2\/product_cat?post=42612"},{"taxonomy":"product_tag","embeddable":true,"href":"https:\/\/mps.digital-monkey.in\/es\/wp-json\/wp\/v2\/product_tag?post=42612"}],"curies":[{"name":"wp","href":"https:\/\/api.w.org\/{rel}","templated":true}]}}