{"id":42627,"date":"2025-11-14T09:04:56","date_gmt":"2025-11-14T09:04:56","guid":{"rendered":"https:\/\/mps.digital-monkey.in\/product\/kit-anodo-volvo-penta-serie-290-c-duo-prop-magnesio-completo-con-tornilleria\/"},"modified":"2025-12-18T10:43:12","modified_gmt":"2025-12-18T10:43:12","slug":"kit-anodo-volvo-penta-serie-290-c-duo-prop-magnesio-completo-con-tornilleria","status":"publish","type":"product","link":"https:\/\/mps.digital-monkey.in\/es\/producto\/kit-anodo-volvo-penta-serie-290-c-duo-prop-magnesio-completo-con-tornilleria\/","title":{"rendered":"Kit \u00e1nodo Volvo Penta Serie 290 C Duo Prop - Magnesio | Completo con torniller\u00eda"},"content":{"rendered":"<p data-start=\"485\" data-end=\"773\">El <strong data-start=\"489\" data-end=\"546\">Kit de \u00e1nodos Volvo Penta serie 290 C<\/strong> <strong data-start=\"606\" data-end=\"622\">Duo Prop<\/strong> <strong data-start=\"489\" data-end=\"546\">- Magnesio<\/strong> proporciona una protecci\u00f3n completa contra la corrosi\u00f3n para la serie de propulsores de popa Volvo Penta <strong data-start=\"606\" data-end=\"622\">290 Duo Prop<\/strong>. Este kit incluye \u00e1nodos de magnesio de alta calidad junto con la torniller\u00eda de montaje correcta, lo que garantiza una instalaci\u00f3n f\u00e1cil y segura. <\/p>\n<p data-start=\"775\" data-end=\"985\">Los \u00e1nodos de magnesio son la opci\u00f3n preferida para las embarcaciones que operan en <strong data-start=\"842\" data-end=\"856\">agua dulce<\/strong>, ya que ofrecen el m\u00e1ximo nivel de protecci\u00f3n electroqu\u00edmica para tu propulsor de popa, h\u00e9lices y otros componentes met\u00e1licos sumergidos.<\/p>\n<p data-start=\"987\" data-end=\"1006\"><strong data-start=\"987\" data-end=\"1004\">Adecuado para:<\/strong><\/p>\n<ul data-start=\"1007\" data-end=\"1047\">\n<li data-start=\"1007\" data-end=\"1047\">\n<p data-start=\"1009\" data-end=\"1047\">Propulsores de popa Volvo Penta 290 C Duo Prop<\/p>\n<\/li>\n<\/ul>\n<p data-start=\"1049\" data-end=\"1064\"><strong data-start=\"1049\" data-end=\"1062\">Material:<\/strong><\/p>\n<ul data-start=\"1065\" data-end=\"1129\">\n<li data-start=\"1065\" data-end=\"1129\">\n<p data-start=\"1067\" data-end=\"1129\"><strong data-start=\"1067\" data-end=\"1085\">Magnesio (Mg<\/strong> ) - recomendado para entornos de agua dulce<\/p>\n<\/li>\n<\/ul>\n<h3 data-start=\"1136\" data-end=\"1159\"><strong data-start=\"1140\" data-end=\"1157\">Contenido del kit:<\/strong><\/h3>\n<ul data-start=\"1160\" data-end=\"1202\">\n<li data-start=\"1160\" data-end=\"1182\">\n<p data-start=\"1162\" data-end=\"1182\"><strong data-start=\"1162\" data-end=\"1180\">1 \u00d7 00704BISMG<\/strong><\/p>\n<\/li>\n<li data-start=\"1183\" data-end=\"1202\">\n<p data-start=\"1185\" data-end=\"1202\"><strong data-start=\"1185\" data-end=\"1200\">1 \u00d7 00708MG<\/strong><\/p>\n<\/li>\n<\/ul>\n<h3 data-start=\"1209\" data-end=\"1234\"><strong data-start=\"1215\" data-end=\"1232\">Caracter\u00edsticas principales:<\/strong><\/h3>\n<ul data-start=\"1235\" data-end=\"1505\">\n<li data-start=\"1235\" data-end=\"1303\">\n<p data-start=\"1237\" data-end=\"1303\">Kit completo de \u00e1nodos de magnesio para h\u00e9lices Volvo Penta 290 Duo<\/p>\n<\/li>\n<li data-start=\"1304\" data-end=\"1350\">\n<p data-start=\"1306\" data-end=\"1350\">M\u00e1xima protecci\u00f3n contra la corrosi\u00f3n en agua dulce<\/p>\n<\/li>\n<li data-start=\"1351\" data-end=\"1394\">\n<p data-start=\"1353\" data-end=\"1394\">Incluye toda la torniller\u00eda de montaje necesaria<\/p>\n<\/li>\n<li data-start=\"1395\" data-end=\"1457\">\n<p data-start=\"1397\" data-end=\"1457\">Protege el propulsor de popa, los puntales y otros componentes sumergidos<\/p>\n<\/li>\n<li data-start=\"1458\" data-end=\"1505\">\n<p data-start=\"1460\" data-end=\"1505\">\u00c1nodos de magnesio de alta calidad y larga duraci\u00f3n<\/p>\n<\/li>\n<\/ul>\n","protected":false},"excerpt":{"rendered":"<p>El Kit de \u00e1nodos Volvo Penta serie 290 C Duo Prop - Magnesio proporciona una protecci\u00f3n completa contra la corrosi\u00f3n para la serie de propulsores de popa Volvo Penta 290 Duo Prop. Este kit incluye \u00e1nodos de magnesio de alta calidad junto con la torniller\u00eda de montaje correcta, lo que garantiza una instalaci\u00f3n f\u00e1cil y [&hellip;]<\/p>\n","protected":false},"featured_media":42628,"comment_status":"open","ping_status":"closed","template":"","meta":[],"product_brand":[4229],"product_cat":[4486,3182,4522,2497,4525,4302],"product_tag":[],"class_list":{"0":"post-42627","1":"product","2":"type-product","3":"status-publish","4":"has-post-thumbnail","6":"product_brand-volvo-penta","7":"product_cat-necesitas-piezas-volvo-penta","8":"product_cat-anodos","9":"product_cat-anodos-volvo-penta","10":"product_cat-piezas-de-mantenimiento-del-motor","11":"product_cat-recambios-volvo-penta","12":"product_cat-volvo-penta","13":"pa_condition-nuevo","14":"pa_oem-or-aftermarket-posventa","16":"first","17":"onbackorder","18":"sale","19":"taxable","20":"shipping-taxable","21":"purchasable","22":"product-type-simple"},"supplier_id":45614,"supplier_sku":"KITVOLVODP290-MG-C","barcode":null,"atum_controlled":true,"out_stock_date":"2025-11-21 12:41:18","out_stock_threshold":null,"inheritable":false,"inbound_stock":0,"stock_on_hold":0,"sold_today":0,"sales_last_days":0,"reserved_stock":0,"customer_returns":0,"warehouse_damage":0,"lost_in_post":0,"other_logs":0,"out_stock_days":26,"lost_sales":0,"has_location":false,"update_date":"2025-12-18T10:43:48","atum_locations":[],"atum_stock_status":"onbackorder","restock_status":false,"low_stock_amount":1,"sales_update_date":"2025-12-18T10:39:49","calc_backorders":null,"_links":{"self":[{"href":"https:\/\/mps.digital-monkey.in\/es\/wp-json\/wp\/v2\/product\/42627","targetHints":{"allow":["GET"]}}],"collection":[{"href":"https:\/\/mps.digital-monkey.in\/es\/wp-json\/wp\/v2\/product"}],"about":[{"href":"https:\/\/mps.digital-monkey.in\/es\/wp-json\/wp\/v2\/types\/product"}],"replies":[{"embeddable":true,"href":"https:\/\/mps.digital-monkey.in\/es\/wp-json\/wp\/v2\/comments?post=42627"}],"wp:featuredmedia":[{"embeddable":true,"href":"https:\/\/mps.digital-monkey.in\/es\/wp-json\/wp\/v2\/media\/42628"}],"wp:attachment":[{"href":"https:\/\/mps.digital-monkey.in\/es\/wp-json\/wp\/v2\/media?parent=42627"}],"wp:term":[{"taxonomy":"product_brand","embeddable":true,"href":"https:\/\/mps.digital-monkey.in\/es\/wp-json\/wp\/v2\/product_brand?post=42627"},{"taxonomy":"product_cat","embeddable":true,"href":"https:\/\/mps.digital-monkey.in\/es\/wp-json\/wp\/v2\/product_cat?post=42627"},{"taxonomy":"product_tag","embeddable":true,"href":"https:\/\/mps.digital-monkey.in\/es\/wp-json\/wp\/v2\/product_tag?post=42627"}],"curies":[{"name":"wp","href":"https:\/\/api.w.org\/{rel}","templated":true}]}}