{"id":42651,"date":"2025-11-14T10:06:26","date_gmt":"2025-11-14T10:06:26","guid":{"rendered":"https:\/\/mps.digital-monkey.in\/product\/kit-anodo-volvo-penta-sx-zinc-completo-con-tornilleria\/"},"modified":"2025-12-18T10:43:16","modified_gmt":"2025-12-18T10:43:16","slug":"kit-anodo-volvo-penta-sx-zinc-completo-con-tornilleria","status":"publish","type":"product","link":"https:\/\/mps.digital-monkey.in\/es\/producto\/kit-anodo-volvo-penta-sx-zinc-completo-con-tornilleria\/","title":{"rendered":"Kit \u00c1nodo Volvo Penta SX - Zinc | Completo con torniller\u00eda"},"content":{"rendered":"<p data-start=\"491\" data-end=\"768\">El <strong data-start=\"495\" data-end=\"530\">Kit de \u00e1nodos Volvo P<\/strong> enta <strong data-start=\"495\" data-end=\"530\">SX - Zinc<\/strong> proporciona una protecci\u00f3n completa contra la corrosi\u00f3n para <strong data-start=\"586\" data-end=\"604\">los propulsores de popa<\/strong> Volvo Penta <strong data-start=\"586\" data-end=\"604\">SX<\/strong> que funcionan en <strong data-start=\"618\" data-end=\"644\">entornos de agua salada<\/strong>. Este kit incluye todos los \u00e1nodos de zinc necesarios junto con la torniller\u00eda de montaje correcta, lo que hace que la sustituci\u00f3n sea r\u00e1pida y fiable. <\/p>\n<p data-start=\"770\" data-end=\"950\">Los \u00e1nodos de zinc son la norma del sector para el uso en agua salada y ofrecen una fuerte protecci\u00f3n contra la corrosi\u00f3n galv\u00e1nica, ayudando a prolongar la vida \u00fatil de los componentes de tu sistema de propulsi\u00f3n y h\u00e9lices.<\/p>\n<p data-start=\"952\" data-end=\"971\"><strong data-start=\"952\" data-end=\"969\">Adecuado para:<\/strong><\/p>\n<ul data-start=\"972\" data-end=\"1002\">\n<li data-start=\"972\" data-end=\"1002\">\n<p data-start=\"974\" data-end=\"1002\">Propulsores de popa Volvo Penta SX<\/p>\n<\/li>\n<\/ul>\n<p data-start=\"1004\" data-end=\"1019\"><strong data-start=\"1004\" data-end=\"1017\">Material:<\/strong><\/p>\n<ul data-start=\"1020\" data-end=\"1073\">\n<li data-start=\"1020\" data-end=\"1073\">\n<p data-start=\"1022\" data-end=\"1073\"><strong data-start=\"1022\" data-end=\"1030\">Zinc<\/strong> - recomendado para aplicaciones de agua salada<\/p>\n<\/li>\n<\/ul>\n<h3 data-start=\"1080\" data-end=\"1105\"><strong data-start=\"1086\" data-end=\"1103\">Caracter\u00edsticas principales:<\/strong><\/h3>\n<ul data-start=\"1106\" data-end=\"1359\">\n<li data-start=\"1106\" data-end=\"1152\">\n<p data-start=\"1108\" data-end=\"1152\">Kit completo de \u00e1nodos de zinc para Volvo Penta SX<\/p>\n<\/li>\n<li data-start=\"1153\" data-end=\"1203\">\n<p data-start=\"1155\" data-end=\"1203\">Excelente protecci\u00f3n en entornos de agua salada<\/p>\n<\/li>\n<li data-start=\"1204\" data-end=\"1247\">\n<p data-start=\"1206\" data-end=\"1247\">Incluye toda la torniller\u00eda de montaje necesaria<\/p>\n<\/li>\n<li data-start=\"1248\" data-end=\"1309\">\n<p data-start=\"1250\" data-end=\"1309\">Ayuda a prevenir la corrosi\u00f3n galv\u00e1nica en los motores de cola y los puntales<\/p>\n<\/li>\n<li data-start=\"1310\" data-end=\"1359\">\n<p data-start=\"1312\" data-end=\"1359\">Ajuste duradero y preciso para una instalaci\u00f3n f\u00e1cil<\/p>\n<\/li>\n<\/ul>\n","protected":false},"excerpt":{"rendered":"<p>El Kit de \u00e1nodos Volvo P enta SX - Zinc proporciona una protecci\u00f3n completa contra la corrosi\u00f3n para los propulsores de popa Volvo Penta SX que funcionan en entornos de agua salada. Este kit incluye todos los \u00e1nodos de zinc necesarios junto con la torniller\u00eda de montaje correcta, lo que hace que la sustituci\u00f3n sea [&hellip;]<\/p>\n","protected":false},"featured_media":42652,"comment_status":"open","ping_status":"closed","template":"","meta":[],"product_brand":[4229],"product_cat":[4486,3182,4522,2497,4525,4302],"product_tag":[],"class_list":{"0":"post-42651","1":"product","2":"type-product","3":"status-publish","4":"has-post-thumbnail","6":"product_brand-volvo-penta","7":"product_cat-necesitas-piezas-volvo-penta","8":"product_cat-anodos","9":"product_cat-anodos-volvo-penta","10":"product_cat-piezas-de-mantenimiento-del-motor","11":"product_cat-recambios-volvo-penta","12":"product_cat-volvo-penta","13":"pa_condition-nuevo","14":"pa_oem-or-aftermarket-posventa","16":"first","17":"onbackorder","18":"sale","19":"taxable","20":"shipping-taxable","21":"purchasable","22":"product-type-simple"},"supplier_id":45614,"supplier_sku":"KITVOLVOSX","barcode":null,"atum_controlled":true,"out_stock_date":"2025-11-21 12:41:12","out_stock_threshold":null,"inheritable":false,"inbound_stock":0,"stock_on_hold":0,"sold_today":0,"sales_last_days":0,"reserved_stock":0,"customer_returns":0,"warehouse_damage":0,"lost_in_post":0,"other_logs":0,"out_stock_days":26,"lost_sales":0,"has_location":false,"update_date":"2025-12-18T10:43:48","atum_locations":[],"atum_stock_status":"onbackorder","restock_status":false,"low_stock_amount":1,"sales_update_date":"2025-12-18T10:39:49","calc_backorders":null,"_links":{"self":[{"href":"https:\/\/mps.digital-monkey.in\/es\/wp-json\/wp\/v2\/product\/42651","targetHints":{"allow":["GET"]}}],"collection":[{"href":"https:\/\/mps.digital-monkey.in\/es\/wp-json\/wp\/v2\/product"}],"about":[{"href":"https:\/\/mps.digital-monkey.in\/es\/wp-json\/wp\/v2\/types\/product"}],"replies":[{"embeddable":true,"href":"https:\/\/mps.digital-monkey.in\/es\/wp-json\/wp\/v2\/comments?post=42651"}],"wp:featuredmedia":[{"embeddable":true,"href":"https:\/\/mps.digital-monkey.in\/es\/wp-json\/wp\/v2\/media\/42652"}],"wp:attachment":[{"href":"https:\/\/mps.digital-monkey.in\/es\/wp-json\/wp\/v2\/media?parent=42651"}],"wp:term":[{"taxonomy":"product_brand","embeddable":true,"href":"https:\/\/mps.digital-monkey.in\/es\/wp-json\/wp\/v2\/product_brand?post=42651"},{"taxonomy":"product_cat","embeddable":true,"href":"https:\/\/mps.digital-monkey.in\/es\/wp-json\/wp\/v2\/product_cat?post=42651"},{"taxonomy":"product_tag","embeddable":true,"href":"https:\/\/mps.digital-monkey.in\/es\/wp-json\/wp\/v2\/product_tag?post=42651"}],"curies":[{"name":"wp","href":"https:\/\/api.w.org\/{rel}","templated":true}]}}