{"id":42661,"date":"2025-11-14T10:21:58","date_gmt":"2025-11-14T10:21:58","guid":{"rendered":"https:\/\/mps.digital-monkey.in\/product\/kit-anodo-volvo-penta-sx-dp-sm-aluminio-completo-con-tornilleria\/"},"modified":"2025-12-18T10:43:22","modified_gmt":"2025-12-18T10:43:22","slug":"kit-anodo-volvo-penta-sx-dp-sm-aluminio-completo-con-tornilleria","status":"publish","type":"product","link":"https:\/\/mps.digital-monkey.in\/es\/producto\/kit-anodo-volvo-penta-sx-dp-sm-aluminio-completo-con-tornilleria\/","title":{"rendered":"Kit \u00c1nodo Volvo Penta SX \/ DP-SM - Aluminio | Completo con torniller\u00eda"},"content":{"rendered":"<p data-start=\"459\" data-end=\"725\">El <strong data-start=\"463\" data-end=\"511\">Kit de \u00e1nodos Volvo Penta SX \/ DP-SM - Aluminio<\/strong> es un kit completo de protecci\u00f3n contra la corrosi\u00f3n dise\u00f1ado para <strong data-start=\"564\" data-end=\"604\">los sistemas de cola Volvo Penta SX y DP-SM<\/strong>. Este juego de \u00e1nodos de aluminio incluye toda la torniller\u00eda de montaje necesaria para una instalaci\u00f3n sencilla y un ajuste fiable. <\/p>\n<p data-start=\"727\" data-end=\"1011\">Los \u00e1nodos de aluminio son la elecci\u00f3n \u00f3ptima para <strong data-start=\"771\" data-end=\"789\">aguas salobres<\/strong> y <strong data-start=\"794\" data-end=\"816\">entornos mixtos<\/strong>, ya que proporcionan una protecci\u00f3n superior y m\u00e1s duradera que el zinc tradicional. Esto garantiza que tu propulsor de popa, h\u00e9lices y componentes subacu\u00e1ticos permanezcan a salvo de la corrosi\u00f3n galv\u00e1nica. <\/p>\n<p data-start=\"1013\" data-end=\"1032\"><strong data-start=\"1013\" data-end=\"1030\">Adecuado para:<\/strong><\/p>\n<ul data-start=\"1033\" data-end=\"1097\">\n<li data-start=\"1033\" data-end=\"1063\">\n<p data-start=\"1035\" data-end=\"1063\">Propulsores de popa Volvo Penta SX<\/p>\n<\/li>\n<li data-start=\"1064\" data-end=\"1097\">\n<p data-start=\"1066\" data-end=\"1097\">Propulsores de popa Volvo Penta DP-SM<\/p>\n<\/li>\n<\/ul>\n<p data-start=\"1099\" data-end=\"1114\"><strong data-start=\"1099\" data-end=\"1112\">Material:<\/strong><\/p>\n<ul data-start=\"1115\" data-end=\"1175\">\n<li data-start=\"1115\" data-end=\"1175\">\n<p data-start=\"1117\" data-end=\"1175\"><strong data-start=\"1117\" data-end=\"1130\">Aluminio<\/strong> - recomendado para aguas salobres o mixtas<\/p>\n<\/li>\n<\/ul>\n<h3 data-start=\"1182\" data-end=\"1207\"><strong data-start=\"1188\" data-end=\"1205\">Caracter\u00edsticas principales:<\/strong><\/h3>\n<ul data-start=\"1208\" data-end=\"1443\">\n<li data-start=\"1208\" data-end=\"1267\">\n<p data-start=\"1210\" data-end=\"1267\">Kit completo de \u00e1nodos de aluminio para Volvo Penta SX \/ DP-SM<\/p>\n<\/li>\n<li data-start=\"1268\" data-end=\"1331\">\n<p data-start=\"1270\" data-end=\"1331\">Excelente protecci\u00f3n en aguas salobres y mixtas<\/p>\n<\/li>\n<li data-start=\"1332\" data-end=\"1366\">\n<p data-start=\"1334\" data-end=\"1366\">Incluye toda la torniller\u00eda de montaje<\/p>\n<\/li>\n<li data-start=\"1367\" data-end=\"1404\">\n<p data-start=\"1369\" data-end=\"1404\">Prevenci\u00f3n duradera de la corrosi\u00f3n<\/p>\n<\/li>\n<li data-start=\"1405\" data-end=\"1443\">\n<p data-start=\"1407\" data-end=\"1443\">Ajuste preciso para una instalaci\u00f3n f\u00e1cil<\/p>\n<\/li>\n<\/ul>\n","protected":false},"excerpt":{"rendered":"<p>El Kit de \u00e1nodos Volvo Penta SX \/ DP-SM - Aluminio es un kit completo de protecci\u00f3n contra la corrosi\u00f3n dise\u00f1ado para los sistemas de cola Volvo Penta SX y DP-SM. Este juego de \u00e1nodos de aluminio incluye toda la torniller\u00eda de montaje necesaria para una instalaci\u00f3n sencilla y un ajuste fiable. Los \u00e1nodos de [&hellip;]<\/p>\n","protected":false},"featured_media":42662,"comment_status":"open","ping_status":"closed","template":"","meta":[],"product_brand":[4229],"product_cat":[4486,3182,4522,2497,4525,4302],"product_tag":[],"class_list":{"0":"post-42661","1":"product","2":"type-product","3":"status-publish","4":"has-post-thumbnail","6":"product_brand-volvo-penta","7":"product_cat-necesitas-piezas-volvo-penta","8":"product_cat-anodos","9":"product_cat-anodos-volvo-penta","10":"product_cat-piezas-de-mantenimiento-del-motor","11":"product_cat-recambios-volvo-penta","12":"product_cat-volvo-penta","13":"pa_condition-nuevo","14":"pa_oem-or-aftermarket-posventa","16":"first","17":"onbackorder","18":"sale","19":"taxable","20":"shipping-taxable","21":"purchasable","22":"product-type-simple"},"supplier_id":45614,"supplier_sku":"KITVOLVOSX\/AL","barcode":null,"atum_controlled":true,"out_stock_date":"2025-11-21 12:41:07","out_stock_threshold":null,"inheritable":false,"inbound_stock":0,"stock_on_hold":0,"sold_today":0,"sales_last_days":0,"reserved_stock":0,"customer_returns":0,"warehouse_damage":0,"lost_in_post":0,"other_logs":0,"out_stock_days":68,"lost_sales":0,"has_location":false,"update_date":"2026-01-29T09:11:18","atum_locations":[],"atum_stock_status":"onbackorder","restock_status":false,"low_stock_amount":1,"sales_update_date":"2026-01-29T09:11:18","calc_backorders":null,"_links":{"self":[{"href":"https:\/\/mps.digital-monkey.in\/es\/wp-json\/wp\/v2\/product\/42661","targetHints":{"allow":["GET"]}}],"collection":[{"href":"https:\/\/mps.digital-monkey.in\/es\/wp-json\/wp\/v2\/product"}],"about":[{"href":"https:\/\/mps.digital-monkey.in\/es\/wp-json\/wp\/v2\/types\/product"}],"replies":[{"embeddable":true,"href":"https:\/\/mps.digital-monkey.in\/es\/wp-json\/wp\/v2\/comments?post=42661"}],"wp:featuredmedia":[{"embeddable":true,"href":"https:\/\/mps.digital-monkey.in\/es\/wp-json\/wp\/v2\/media\/42662"}],"wp:attachment":[{"href":"https:\/\/mps.digital-monkey.in\/es\/wp-json\/wp\/v2\/media?parent=42661"}],"wp:term":[{"taxonomy":"product_brand","embeddable":true,"href":"https:\/\/mps.digital-monkey.in\/es\/wp-json\/wp\/v2\/product_brand?post=42661"},{"taxonomy":"product_cat","embeddable":true,"href":"https:\/\/mps.digital-monkey.in\/es\/wp-json\/wp\/v2\/product_cat?post=42661"},{"taxonomy":"product_tag","embeddable":true,"href":"https:\/\/mps.digital-monkey.in\/es\/wp-json\/wp\/v2\/product_tag?post=42661"}],"curies":[{"name":"wp","href":"https:\/\/api.w.org\/{rel}","templated":true}]}}