{"id":42670,"date":"2025-11-14T10:28:53","date_gmt":"2025-11-14T10:28:53","guid":{"rendered":"https:\/\/mps.digital-monkey.in\/product\/volvo-penta-anode-kit-sx-dp-sm-magnesio-completo-con-hardware\/"},"modified":"2025-12-18T10:43:29","modified_gmt":"2025-12-18T10:43:29","slug":"volvo-penta-anode-kit-sx-dp-sm-magnesio-completo-con-hardware","status":"publish","type":"product","link":"https:\/\/mps.digital-monkey.in\/es\/producto\/volvo-penta-anode-kit-sx-dp-sm-magnesio-completo-con-hardware\/","title":{"rendered":"Volvo Penta Anode Kit SX \/ DP-SM - Magnesio | Completo con Hardware"},"content":{"rendered":"<p data-start=\"499\" data-end=\"796\">El <strong data-start=\"503\" data-end=\"551\">Kit de \u00e1nodos Volvo<\/strong> <strong data-start=\"595\" data-end=\"635\">Penta<\/strong> <strong data-start=\"503\" data-end=\"551\">SX \/ DP-SM - Magnesio<\/strong> proporciona una protecci\u00f3n completa contra la corrosi\u00f3n para <strong data-start=\"595\" data-end=\"635\">los sistemas de cola Volvo Penta SX y DP-SM<\/strong> que funcionan en <strong data-start=\"649\" data-end=\"676\">entornos de agua dulce<\/strong>. Este kit incluye \u00e1nodos de magnesio de alta calidad y toda la torniller\u00eda de montaje necesaria para una instalaci\u00f3n f\u00e1cil y segura. <\/p>\n<p data-start=\"798\" data-end=\"1064\">Los \u00e1nodos de magnesio son el material an\u00f3dico m\u00e1s activo y ofrecen una protecci\u00f3n superior contra la corrosi\u00f3n galv\u00e1nica en agua dulce. Esto garantiza que el sistema de propulsi\u00f3n, las h\u00e9lices y otros componentes sumergidos permanezcan bien protegidos y prolonguen su vida \u00fatil. <\/p>\n<p data-start=\"1066\" data-end=\"1085\"><strong data-start=\"1066\" data-end=\"1083\">Adecuado para:<\/strong><\/p>\n<ul data-start=\"1086\" data-end=\"1150\">\n<li data-start=\"1086\" data-end=\"1116\">\n<p data-start=\"1088\" data-end=\"1116\">Propulsores de popa Volvo Penta SX<\/p>\n<\/li>\n<li data-start=\"1117\" data-end=\"1150\">\n<p data-start=\"1119\" data-end=\"1150\">Propulsores de popa Volvo Penta DP-SM<\/p>\n<\/li>\n<\/ul>\n<p data-start=\"1152\" data-end=\"1167\"><strong data-start=\"1152\" data-end=\"1165\">Material:<\/strong><\/p>\n<ul data-start=\"1168\" data-end=\"1213\">\n<li data-start=\"1168\" data-end=\"1213\">\n<p data-start=\"1170\" data-end=\"1213\"><strong data-start=\"1170\" data-end=\"1188\">Magnesio (Mg<\/strong> ) - ideal para agua dulce<\/p>\n<\/li>\n<\/ul>\n<h3 data-start=\"1220\" data-end=\"1260\"><strong data-start=\"1226\" data-end=\"1258\">Contenido del kit y caracter\u00edsticas principales:<\/strong><\/h3>\n<ul data-start=\"1261\" data-end=\"1523\">\n<li data-start=\"1261\" data-end=\"1320\">\n<p data-start=\"1263\" data-end=\"1320\">Kit completo de \u00e1nodos de magnesio para sistemas de cola SX \/ DP-SM<\/p>\n<\/li>\n<li data-start=\"1321\" data-end=\"1365\">\n<p data-start=\"1323\" data-end=\"1365\">Incluye toda la torniller\u00eda de montaje necesaria<\/p>\n<\/li>\n<li data-start=\"1366\" data-end=\"1412\">\n<p data-start=\"1368\" data-end=\"1412\">M\u00e1xima protecci\u00f3n contra la corrosi\u00f3n en agua dulce<\/p>\n<\/li>\n<li data-start=\"1413\" data-end=\"1486\">\n<p data-start=\"1415\" data-end=\"1486\">Protege el propulsor de popa, las h\u00e9lices y otros componentes met\u00e1licos sumergidos<\/p>\n<\/li>\n<li data-start=\"1487\" data-end=\"1523\">\n<p data-start=\"1489\" data-end=\"1523\">F\u00e1cil de instalar con un ajuste preciso<\/p>\n<\/li>\n<\/ul>\n","protected":false},"excerpt":{"rendered":"<p>El Kit de \u00e1nodos Volvo Penta SX \/ DP-SM - Magnesio proporciona una protecci\u00f3n completa contra la corrosi\u00f3n para los sistemas de cola Volvo Penta SX y DP-SM que funcionan en entornos de agua dulce. Este kit incluye \u00e1nodos de magnesio de alta calidad y toda la torniller\u00eda de montaje necesaria para una instalaci\u00f3n f\u00e1cil [&hellip;]<\/p>\n","protected":false},"featured_media":42671,"comment_status":"open","ping_status":"closed","template":"","meta":[],"product_brand":[4229],"product_cat":[4486,3182,4522,2497,4525,4302],"product_tag":[],"class_list":{"0":"post-42670","1":"product","2":"type-product","3":"status-publish","4":"has-post-thumbnail","6":"product_brand-volvo-penta","7":"product_cat-necesitas-piezas-volvo-penta","8":"product_cat-anodos","9":"product_cat-anodos-volvo-penta","10":"product_cat-piezas-de-mantenimiento-del-motor","11":"product_cat-recambios-volvo-penta","12":"product_cat-volvo-penta","13":"pa_condition-nuevo","14":"pa_oem-or-aftermarket-posventa","16":"first","17":"onbackorder","18":"sale","19":"taxable","20":"shipping-taxable","21":"purchasable","22":"product-type-simple"},"supplier_id":45614,"supplier_sku":"KITVOLVOSX-MG","barcode":null,"atum_controlled":true,"out_stock_date":"2025-11-21 12:41:01","out_stock_threshold":null,"inheritable":false,"inbound_stock":0,"stock_on_hold":0,"sold_today":0,"sales_last_days":0,"reserved_stock":0,"customer_returns":0,"warehouse_damage":0,"lost_in_post":0,"other_logs":0,"out_stock_days":26,"lost_sales":0,"has_location":false,"update_date":"2025-12-18T10:43:48","atum_locations":[],"atum_stock_status":"onbackorder","restock_status":false,"low_stock_amount":1,"sales_update_date":"2025-12-18T10:39:49","calc_backorders":null,"_links":{"self":[{"href":"https:\/\/mps.digital-monkey.in\/es\/wp-json\/wp\/v2\/product\/42670","targetHints":{"allow":["GET"]}}],"collection":[{"href":"https:\/\/mps.digital-monkey.in\/es\/wp-json\/wp\/v2\/product"}],"about":[{"href":"https:\/\/mps.digital-monkey.in\/es\/wp-json\/wp\/v2\/types\/product"}],"replies":[{"embeddable":true,"href":"https:\/\/mps.digital-monkey.in\/es\/wp-json\/wp\/v2\/comments?post=42670"}],"wp:featuredmedia":[{"embeddable":true,"href":"https:\/\/mps.digital-monkey.in\/es\/wp-json\/wp\/v2\/media\/42671"}],"wp:attachment":[{"href":"https:\/\/mps.digital-monkey.in\/es\/wp-json\/wp\/v2\/media?parent=42670"}],"wp:term":[{"taxonomy":"product_brand","embeddable":true,"href":"https:\/\/mps.digital-monkey.in\/es\/wp-json\/wp\/v2\/product_brand?post=42670"},{"taxonomy":"product_cat","embeddable":true,"href":"https:\/\/mps.digital-monkey.in\/es\/wp-json\/wp\/v2\/product_cat?post=42670"},{"taxonomy":"product_tag","embeddable":true,"href":"https:\/\/mps.digital-monkey.in\/es\/wp-json\/wp\/v2\/product_tag?post=42670"}],"curies":[{"name":"wp","href":"https:\/\/api.w.org\/{rel}","templated":true}]}}