{"id":42678,"date":"2025-11-14T11:01:21","date_gmt":"2025-11-14T11:01:21","guid":{"rendered":"https:\/\/mps.digital-monkey.in\/product\/kit-anodo-volvo-penta-dph-dpr-zinc-completo-con-tornilleria\/"},"modified":"2025-12-18T10:43:33","modified_gmt":"2025-12-18T10:43:33","slug":"kit-anodo-volvo-penta-dph-dpr-zinc-completo-con-tornilleria","status":"publish","type":"product","link":"https:\/\/mps.digital-monkey.in\/es\/product\/kit-anodo-volvo-penta-dph-dpr-zinc-completo-con-tornilleria\/","title":{"rendered":"Kit \u00e1nodo Volvo Penta DPH\/DPR &#8211; Zinc | Completo con torniller\u00eda"},"content":{"rendered":"<p data-start=\"509\" data-end=\"765\">El <strong data-start=\"513\" data-end=\"553\">Kit de \u00e1nodos Volvo Penta DPH\/DPR &#8211; Zinc<\/strong> proporciona una protecci\u00f3n total contra la corrosi\u00f3n para <strong data-start=\"593\" data-end=\"632\">los sistemas de cola Volvo Penta DPH y DPR<\/strong>. Este completo kit incluye \u00e1nodos de zinc de alta calidad junto con la torniller\u00eda de montaje necesaria para una instalaci\u00f3n r\u00e1pida y fiable. <\/p>\n<p data-start=\"767\" data-end=\"956\">Los \u00e1nodos de zinc son la opci\u00f3n recomendada para el <strong data-start=\"810\" data-end=\"827\">uso en agua salada<\/strong>, ya que ofrecen una protecci\u00f3n duradera contra la corrosi\u00f3n galv\u00e1nica para tu propulsor de popa, h\u00e9lices y otros componentes met\u00e1licos sumergidos.<\/p>\n<p data-start=\"958\" data-end=\"977\"><strong data-start=\"958\" data-end=\"975\">Adecuado para:<\/strong><\/p>\n<ul data-start=\"978\" data-end=\"1041\">\n<li data-start=\"978\" data-end=\"1009\">\n<p data-start=\"980\" data-end=\"1009\">Propulsores de popa Volvo Penta DPH<\/p>\n<\/li>\n<li data-start=\"1010\" data-end=\"1041\">\n<p data-start=\"1012\" data-end=\"1041\">Propulsores de popa Volvo Penta DPR<\/p>\n<\/li>\n<\/ul>\n<p data-start=\"1043\" data-end=\"1058\"><strong data-start=\"1043\" data-end=\"1056\">Material:<\/strong><\/p>\n<ul data-start=\"1059\" data-end=\"1106\">\n<li data-start=\"1059\" data-end=\"1106\">\n<p data-start=\"1061\" data-end=\"1106\"><strong data-start=\"1061\" data-end=\"1069\">Zinc<\/strong> &#8211; ideal para entornos de agua salada<\/p>\n<\/li>\n<\/ul>\n<h3 data-start=\"1113\" data-end=\"1136\"><strong data-start=\"1117\" data-end=\"1134\">Contenido del kit:<\/strong><\/h3>\n<ul data-start=\"1137\" data-end=\"1164\">\n<li data-start=\"1137\" data-end=\"1150\">\n<p data-start=\"1139\" data-end=\"1150\">1 \u00d7 00733<\/p>\n<\/li>\n<li data-start=\"1151\" data-end=\"1164\">\n<p data-start=\"1153\" data-end=\"1164\">1 \u00d7 00735<\/p>\n<\/li>\n<\/ul>\n<h3 data-start=\"1171\" data-end=\"1196\"><strong data-start=\"1177\" data-end=\"1194\">Caracter\u00edsticas principales:<\/strong><\/h3>\n<ul data-start=\"1197\" data-end=\"1465\">\n<li data-start=\"1197\" data-end=\"1255\">\n<p data-start=\"1199\" data-end=\"1255\">Kit completo de \u00e1nodos de zinc para transmisiones Volvo Penta DPH\/DPR<\/p>\n<\/li>\n<li data-start=\"1256\" data-end=\"1303\">\n<p data-start=\"1258\" data-end=\"1303\">Excelente protecci\u00f3n contra la corrosi\u00f3n en agua salada<\/p>\n<\/li>\n<li data-start=\"1304\" data-end=\"1347\">\n<p data-start=\"1306\" data-end=\"1347\">Incluye toda la torniller\u00eda de montaje necesaria<\/p>\n<\/li>\n<li data-start=\"1348\" data-end=\"1405\">\n<p data-start=\"1350\" data-end=\"1405\">Protege el propulsor, los puntales y las piezas met\u00e1licas sumergidas<\/p>\n<\/li>\n<li data-start=\"1406\" data-end=\"1465\">\n<p data-start=\"1408\" data-end=\"1465\">\u00c1nodos de zinc duraderos y de alta calidad para una larga vida \u00fatil<\/p>\n<\/li>\n<\/ul>\n<h3 data-start=\"1472\" data-end=\"1498\"><\/h3>\n","protected":false},"excerpt":{"rendered":"<p>El Kit de \u00e1nodos Volvo Penta DPH\/DPR &#8211; Zinc proporciona una protecci\u00f3n total contra la corrosi\u00f3n para los sistemas de cola Volvo Penta DPH y DPR. Este completo kit incluye \u00e1nodos de zinc de alta calidad junto con la torniller\u00eda de montaje necesaria para una instalaci\u00f3n r\u00e1pida y fiable. Los \u00e1nodos de zinc son la [&hellip;]<\/p>\n","protected":false},"featured_media":42679,"comment_status":"open","ping_status":"closed","template":"","meta":[],"product_brand":[4229],"product_cat":[4486,3182,4522,2497,4525,4302],"product_tag":[],"class_list":{"0":"post-42678","1":"product","2":"type-product","3":"status-publish","4":"has-post-thumbnail","6":"product_brand-volvo-penta","7":"product_cat-necesitas-piezas-volvo-penta","8":"product_cat-anodos","9":"product_cat-anodos-volvo-penta","10":"product_cat-piezas-de-mantenimiento-del-motor","11":"product_cat-recambios-volvo-penta","12":"product_cat-volvo-penta","13":"pa_condition-nuevo","14":"pa_oem-or-aftermarket-posventa","16":"first","17":"onbackorder","18":"sale","19":"taxable","20":"shipping-taxable","21":"purchasable","22":"product-type-simple"},"supplier_id":45614,"supplier_sku":"KITVOLVODPH\/DPR","barcode":null,"atum_controlled":true,"out_stock_date":"2025-11-21 12:40:56","out_stock_threshold":null,"inheritable":false,"inbound_stock":0,"stock_on_hold":0,"sold_today":0,"sales_last_days":0,"reserved_stock":0,"customer_returns":0,"warehouse_damage":0,"lost_in_post":0,"other_logs":0,"out_stock_days":26,"lost_sales":0,"has_location":false,"update_date":"2025-12-18T10:43:48","atum_locations":[],"atum_stock_status":"onbackorder","restock_status":false,"low_stock_amount":1,"sales_update_date":"2025-12-18T10:39:49","calc_backorders":null,"_links":{"self":[{"href":"https:\/\/mps.digital-monkey.in\/es\/wp-json\/wp\/v2\/product\/42678","targetHints":{"allow":["GET"]}}],"collection":[{"href":"https:\/\/mps.digital-monkey.in\/es\/wp-json\/wp\/v2\/product"}],"about":[{"href":"https:\/\/mps.digital-monkey.in\/es\/wp-json\/wp\/v2\/types\/product"}],"replies":[{"embeddable":true,"href":"https:\/\/mps.digital-monkey.in\/es\/wp-json\/wp\/v2\/comments?post=42678"}],"wp:featuredmedia":[{"embeddable":true,"href":"https:\/\/mps.digital-monkey.in\/es\/wp-json\/wp\/v2\/media\/42679"}],"wp:attachment":[{"href":"https:\/\/mps.digital-monkey.in\/es\/wp-json\/wp\/v2\/media?parent=42678"}],"wp:term":[{"taxonomy":"product_brand","embeddable":true,"href":"https:\/\/mps.digital-monkey.in\/es\/wp-json\/wp\/v2\/product_brand?post=42678"},{"taxonomy":"product_cat","embeddable":true,"href":"https:\/\/mps.digital-monkey.in\/es\/wp-json\/wp\/v2\/product_cat?post=42678"},{"taxonomy":"product_tag","embeddable":true,"href":"https:\/\/mps.digital-monkey.in\/es\/wp-json\/wp\/v2\/product_tag?post=42678"}],"curies":[{"name":"wp","href":"https:\/\/api.w.org\/{rel}","templated":true}]}}