{"id":42689,"date":"2025-11-14T12:04:16","date_gmt":"2025-11-14T12:04:16","guid":{"rendered":"https:\/\/mps.digital-monkey.in\/product\/kit-anodo-volvo-penta-dph-dpr-aluminio-completo-con-tornilleria\/"},"modified":"2025-12-18T10:43:38","modified_gmt":"2025-12-18T10:43:38","slug":"kit-anodo-volvo-penta-dph-dpr-aluminio-completo-con-tornilleria","status":"publish","type":"product","link":"https:\/\/mps.digital-monkey.in\/es\/product\/kit-anodo-volvo-penta-dph-dpr-aluminio-completo-con-tornilleria\/","title":{"rendered":"Kit \u00e1nodo Volvo Penta DPH\/DPR &#8211; Aluminio | Completo con torniller\u00eda"},"content":{"rendered":"<p data-start=\"502\" data-end=\"741\">El <strong data-start=\"506\" data-end=\"551\">Kit de \u00e1nodo Volvo Penta DPH\/DPR &#8211; Aluminio<\/strong> proporciona una protecci\u00f3n completa contra la corrosi\u00f3n para <strong data-start=\"595\" data-end=\"634\">los sistemas de cola Volvo Penta DPH y DPR<\/strong>. Este kit de \u00e1nodos de aluminio incluye toda la torniller\u00eda de montaje necesaria, para que la instalaci\u00f3n sea r\u00e1pida y sencilla. <\/p>\n<p data-start=\"743\" data-end=\"993\">Los \u00e1nodos de aluminio se recomiendan para <strong data-start=\"780\" data-end=\"821\">entornos de aguas salobres y mixtas<\/strong>, ya que proporcionan una protecci\u00f3n duradera contra la corrosi\u00f3n galv\u00e1nica a la vez que mantienen un rendimiento \u00f3ptimo de tu propulsor de popa, h\u00e9lices y otros componentes met\u00e1licos sumergidos.<\/p>\n<p data-start=\"995\" data-end=\"1014\"><strong data-start=\"995\" data-end=\"1012\">Adecuado para:<\/strong><\/p>\n<ul data-start=\"1015\" data-end=\"1078\">\n<li data-start=\"1015\" data-end=\"1046\">\n<p data-start=\"1017\" data-end=\"1046\">Propulsores de popa Volvo Penta DPH<\/p>\n<\/li>\n<li data-start=\"1047\" data-end=\"1078\">\n<p data-start=\"1049\" data-end=\"1078\">Propulsores de popa Volvo Penta DPR<\/p>\n<\/li>\n<\/ul>\n<p data-start=\"1080\" data-end=\"1095\"><strong data-start=\"1080\" data-end=\"1093\">Material:<\/strong><\/p>\n<ul data-start=\"1096\" data-end=\"1155\">\n<li data-start=\"1096\" data-end=\"1155\">\n<p data-start=\"1098\" data-end=\"1155\"><strong data-start=\"1098\" data-end=\"1111\">Aluminio<\/strong> &#8211; recomendado para aguas salobres o mixtas<\/p>\n<\/li>\n<\/ul>\n<h3 data-start=\"1224\" data-end=\"1249\"><strong data-start=\"1230\" data-end=\"1247\">Caracter\u00edsticas principales:<\/strong><\/h3>\n<ul data-start=\"1250\" data-end=\"1517\">\n<li data-start=\"1250\" data-end=\"1301\">\n<p data-start=\"1252\" data-end=\"1301\">Kit completo de \u00e1nodos de aluminio para accionamientos DPH\/DPR<\/p>\n<\/li>\n<li data-start=\"1302\" data-end=\"1362\">\n<p data-start=\"1304\" data-end=\"1362\">Proporciona protecci\u00f3n contra la corrosi\u00f3n en aguas salobres o mixtas<\/p>\n<\/li>\n<li data-start=\"1363\" data-end=\"1406\">\n<p data-start=\"1365\" data-end=\"1406\">Incluye toda la torniller\u00eda de montaje necesaria<\/p>\n<\/li>\n<li data-start=\"1407\" data-end=\"1469\">\n<p data-start=\"1409\" data-end=\"1469\">Protege el propulsor de popa, los puntales y otros componentes sumergidos<\/p>\n<\/li>\n<li data-start=\"1470\" data-end=\"1517\">\n<p data-start=\"1472\" data-end=\"1517\">\u00c1nodos de aluminio duraderos y de alta calidad<\/p>\n<\/li>\n<\/ul>\n<h3 data-start=\"1524\" data-end=\"1550\"><\/h3>\n","protected":false},"excerpt":{"rendered":"<p>El Kit de \u00e1nodo Volvo Penta DPH\/DPR &#8211; Aluminio proporciona una protecci\u00f3n completa contra la corrosi\u00f3n para los sistemas de cola Volvo Penta DPH y DPR. Este kit de \u00e1nodos de aluminio incluye toda la torniller\u00eda de montaje necesaria, para que la instalaci\u00f3n sea r\u00e1pida y sencilla. Los \u00e1nodos de aluminio se recomiendan para entornos [&hellip;]<\/p>\n","protected":false},"featured_media":42690,"comment_status":"open","ping_status":"closed","template":"","meta":[],"product_brand":[4229],"product_cat":[4486,3182,4522,2497,4525,4302],"product_tag":[],"class_list":{"0":"post-42689","1":"product","2":"type-product","3":"status-publish","4":"has-post-thumbnail","6":"product_brand-volvo-penta","7":"product_cat-necesitas-piezas-volvo-penta","8":"product_cat-anodos","9":"product_cat-anodos-volvo-penta","10":"product_cat-piezas-de-mantenimiento-del-motor","11":"product_cat-recambios-volvo-penta","12":"product_cat-volvo-penta","13":"pa_condition-nuevo","14":"pa_oem-or-aftermarket-posventa","16":"first","17":"onbackorder","18":"sale","19":"taxable","20":"shipping-taxable","21":"purchasable","22":"product-type-simple"},"supplier_id":45614,"supplier_sku":"KITVOLVODPH-DPR-AL","barcode":null,"atum_controlled":true,"out_stock_date":"2025-11-21 12:40:51","out_stock_threshold":null,"inheritable":false,"inbound_stock":0,"stock_on_hold":0,"sold_today":0,"sales_last_days":0,"reserved_stock":0,"customer_returns":0,"warehouse_damage":0,"lost_in_post":0,"other_logs":0,"out_stock_days":68,"lost_sales":0,"has_location":false,"update_date":"2026-01-29T09:10:57","atum_locations":[],"atum_stock_status":"onbackorder","restock_status":false,"low_stock_amount":1,"sales_update_date":"2026-01-29T09:10:57","calc_backorders":null,"_links":{"self":[{"href":"https:\/\/mps.digital-monkey.in\/es\/wp-json\/wp\/v2\/product\/42689","targetHints":{"allow":["GET"]}}],"collection":[{"href":"https:\/\/mps.digital-monkey.in\/es\/wp-json\/wp\/v2\/product"}],"about":[{"href":"https:\/\/mps.digital-monkey.in\/es\/wp-json\/wp\/v2\/types\/product"}],"replies":[{"embeddable":true,"href":"https:\/\/mps.digital-monkey.in\/es\/wp-json\/wp\/v2\/comments?post=42689"}],"wp:featuredmedia":[{"embeddable":true,"href":"https:\/\/mps.digital-monkey.in\/es\/wp-json\/wp\/v2\/media\/42690"}],"wp:attachment":[{"href":"https:\/\/mps.digital-monkey.in\/es\/wp-json\/wp\/v2\/media?parent=42689"}],"wp:term":[{"taxonomy":"product_brand","embeddable":true,"href":"https:\/\/mps.digital-monkey.in\/es\/wp-json\/wp\/v2\/product_brand?post=42689"},{"taxonomy":"product_cat","embeddable":true,"href":"https:\/\/mps.digital-monkey.in\/es\/wp-json\/wp\/v2\/product_cat?post=42689"},{"taxonomy":"product_tag","embeddable":true,"href":"https:\/\/mps.digital-monkey.in\/es\/wp-json\/wp\/v2\/product_tag?post=42689"}],"curies":[{"name":"wp","href":"https:\/\/api.w.org\/{rel}","templated":true}]}}