{"id":42698,"date":"2025-11-14T12:14:01","date_gmt":"2025-11-14T12:14:01","guid":{"rendered":"https:\/\/mps.digital-monkey.in\/product\/kit-anodo-volvo-penta-dph-dpr-magnesio-completo-con-herrajes\/"},"modified":"2025-12-18T10:43:42","modified_gmt":"2025-12-18T10:43:42","slug":"kit-anodo-volvo-penta-dph-dpr-magnesio-completo-con-herrajes","status":"publish","type":"product","link":"https:\/\/mps.digital-monkey.in\/es\/product\/kit-anodo-volvo-penta-dph-dpr-magnesio-completo-con-herrajes\/","title":{"rendered":"Kit \u00e1nodo Volvo Penta DPH\/DPR &#8211; Magnesio | Completo con herrajes"},"content":{"rendered":"<p data-start=\"492\" data-end=\"803\">El <strong data-start=\"496\" data-end=\"541\">Kit de \u00e1nodos Volvo Penta DPH\/DPR &#8211; Magnesio<\/strong> proporciona una protecci\u00f3n total contra la corrosi\u00f3n para <strong data-start=\"581\" data-end=\"620\">los sistemas de cola Volvo Penta DPH y DPR<\/strong> que funcionan en <strong data-start=\"634\" data-end=\"661\">entornos de agua dulce<\/strong>. Este kit completo incluye \u00e1nodos de magnesio de alta calidad junto con toda la torniller\u00eda de montaje necesaria, lo que garantiza una instalaci\u00f3n f\u00e1cil y segura. <\/p>\n<p data-start=\"805\" data-end=\"983\">Los \u00e1nodos de magnesio son el material m\u00e1s activo para la protecci\u00f3n contra la corrosi\u00f3n en agua dulce, proporcionando la m\u00e1xima protecci\u00f3n a los propulsores de popa, h\u00e9lices y otros componentes sumergidos.<\/p>\n<p data-start=\"985\" data-end=\"1004\"><strong data-start=\"985\" data-end=\"1002\">Adecuado para:<\/strong><\/p>\n<ul data-start=\"1005\" data-end=\"1068\">\n<li data-start=\"1005\" data-end=\"1036\">\n<p data-start=\"1007\" data-end=\"1036\">Propulsores de popa Volvo Penta DPH<\/p>\n<\/li>\n<li data-start=\"1037\" data-end=\"1068\">\n<p data-start=\"1039\" data-end=\"1068\">Propulsores de popa Volvo Penta DPR<\/p>\n<\/li>\n<\/ul>\n<p data-start=\"1070\" data-end=\"1085\"><strong data-start=\"1070\" data-end=\"1083\">Material:<\/strong><\/p>\n<ul data-start=\"1086\" data-end=\"1131\">\n<li data-start=\"1086\" data-end=\"1131\">\n<p data-start=\"1088\" data-end=\"1131\"><strong data-start=\"1088\" data-end=\"1106\">Magnesio (Mg<\/strong> ) &#8211; ideal para agua dulce<\/p>\n<\/li>\n<\/ul>\n<h3 data-start=\"1200\" data-end=\"1225\"><strong data-start=\"1206\" data-end=\"1223\">Caracter\u00edsticas principales:<\/strong><\/h3>\n<ul data-start=\"1226\" data-end=\"1502\">\n<li data-start=\"1226\" data-end=\"1277\">\n<p data-start=\"1228\" data-end=\"1277\">Kit completo de \u00e1nodos de magnesio para accionamientos DPH\/DPR<\/p>\n<\/li>\n<li data-start=\"1278\" data-end=\"1324\">\n<p data-start=\"1280\" data-end=\"1324\">M\u00e1xima protecci\u00f3n contra la corrosi\u00f3n en agua dulce<\/p>\n<\/li>\n<li data-start=\"1325\" data-end=\"1368\">\n<p data-start=\"1327\" data-end=\"1368\">Incluye toda la torniller\u00eda de montaje necesaria<\/p>\n<\/li>\n<li data-start=\"1369\" data-end=\"1436\">\n<p data-start=\"1371\" data-end=\"1436\">Protege el propulsor de popa, las h\u00e9lices y otros componentes sumergidos<\/p>\n<\/li>\n<li data-start=\"1437\" data-end=\"1502\">\n<p data-start=\"1439\" data-end=\"1502\">F\u00e1cil instalaci\u00f3n con \u00e1nodos de magnesio duraderos y de alta calidad<\/p>\n<\/li>\n<\/ul>\n","protected":false},"excerpt":{"rendered":"<p>El Kit de \u00e1nodos Volvo Penta DPH\/DPR &#8211; Magnesio proporciona una protecci\u00f3n total contra la corrosi\u00f3n para los sistemas de cola Volvo Penta DPH y DPR que funcionan en entornos de agua dulce. Este kit completo incluye \u00e1nodos de magnesio de alta calidad junto con toda la torniller\u00eda de montaje necesaria, lo que garantiza una [&hellip;]<\/p>\n","protected":false},"featured_media":42699,"comment_status":"open","ping_status":"closed","template":"","meta":[],"product_brand":[4229],"product_cat":[4486,3182,4522,2497,4525,4302],"product_tag":[],"class_list":{"0":"post-42698","1":"product","2":"type-product","3":"status-publish","4":"has-post-thumbnail","6":"product_brand-volvo-penta","7":"product_cat-necesitas-piezas-volvo-penta","8":"product_cat-anodos","9":"product_cat-anodos-volvo-penta","10":"product_cat-piezas-de-mantenimiento-del-motor","11":"product_cat-recambios-volvo-penta","12":"product_cat-volvo-penta","13":"pa_condition-nuevo","14":"pa_oem-or-aftermarket-posventa","16":"first","17":"instock","18":"sale","19":"taxable","20":"shipping-taxable","21":"purchasable","22":"product-type-simple"},"supplier_id":45614,"supplier_sku":"","barcode":null,"atum_controlled":true,"out_stock_date":null,"out_stock_threshold":null,"inheritable":false,"inbound_stock":0,"stock_on_hold":0,"sold_today":0,"sales_last_days":0,"reserved_stock":0,"customer_returns":0,"warehouse_damage":0,"lost_in_post":0,"other_logs":0,"out_stock_days":0,"lost_sales":0,"has_location":false,"update_date":"2026-03-10T15:00:30","atum_locations":[],"atum_stock_status":"instock","restock_status":false,"low_stock_amount":"","sales_update_date":"2026-03-10T15:00:30","calc_backorders":null,"_links":{"self":[{"href":"https:\/\/mps.digital-monkey.in\/es\/wp-json\/wp\/v2\/product\/42698","targetHints":{"allow":["GET"]}}],"collection":[{"href":"https:\/\/mps.digital-monkey.in\/es\/wp-json\/wp\/v2\/product"}],"about":[{"href":"https:\/\/mps.digital-monkey.in\/es\/wp-json\/wp\/v2\/types\/product"}],"replies":[{"embeddable":true,"href":"https:\/\/mps.digital-monkey.in\/es\/wp-json\/wp\/v2\/comments?post=42698"}],"wp:featuredmedia":[{"embeddable":true,"href":"https:\/\/mps.digital-monkey.in\/es\/wp-json\/wp\/v2\/media\/42699"}],"wp:attachment":[{"href":"https:\/\/mps.digital-monkey.in\/es\/wp-json\/wp\/v2\/media?parent=42698"}],"wp:term":[{"taxonomy":"product_brand","embeddable":true,"href":"https:\/\/mps.digital-monkey.in\/es\/wp-json\/wp\/v2\/product_brand?post=42698"},{"taxonomy":"product_cat","embeddable":true,"href":"https:\/\/mps.digital-monkey.in\/es\/wp-json\/wp\/v2\/product_cat?post=42698"},{"taxonomy":"product_tag","embeddable":true,"href":"https:\/\/mps.digital-monkey.in\/es\/wp-json\/wp\/v2\/product_tag?post=42698"}],"curies":[{"name":"wp","href":"https:\/\/api.w.org\/{rel}","templated":true}]}}